{"id":11716,"date":"2025-07-14T16:44:43","date_gmt":"2025-07-14T14:44:43","guid":{"rendered":"https:\/\/30degreeshotels.com\/?page_id=11716"},"modified":"2025-07-15T15:37:05","modified_gmt":"2025-07-15T13:37:05","slug":"elige-tu-habitacion","status":"publish","type":"page","link":"https:\/\/30degreeshotels.com\/ca\/hotel-dos-playas\/elige-tu-habitacion\/","title":{"rendered":"Trieu la vostra habitaci\u00f3 \u2013 Reserva Dues Platges 30\u00e8 hotels"},"content":{"rendered":"<div data-elementor-type=\"wp-page\" data-elementor-id=\"11716\" class=\"elementor elementor-11716\" data-elementor-post-type=\"page\">\n\t\t\t\t\t\t<section class=\"elementor-section elementor-top-section elementor-element elementor-element-c0ad1df elementor-section-full_width elementor-section-stretched elementor-section-height-default elementor-section-height-default\" data-id=\"c0ad1df\" data-element_type=\"section\" data-e-type=\"section\" data-settings=\"{&quot;background_background&quot;:&quot;classic&quot;,&quot;stretch_section&quot;:&quot;section-stretched&quot;}\">\n\t\t\t\t\t\t\t<div class=\"elementor-background-overlay\"><\/div>\n\t\t\t\t\t\t\t<div class=\"elementor-container elementor-column-gap-default\">\n\t\t\t\t\t<div class=\"elementor-column elementor-col-100 elementor-top-column elementor-element elementor-element-cd7fd1d\" data-id=\"cd7fd1d\" data-element_type=\"column\" data-e-type=\"column\">\n\t\t\t<div class=\"elementor-widget-wrap elementor-element-populated\">\n\t\t\t\t\t\t<div class=\"elementor-element elementor-element-d969252 elementor-widget elementor-widget-heading\" data-id=\"d969252\" data-element_type=\"widget\" data-e-type=\"widget\" data-widget_type=\"heading.default\">\n\t\t\t\t<div class=\"elementor-widget-container\">\n\t\t\t\t\t<h2 class=\"elementor-heading-title elementor-size-default\">Trieu la vostra habitaci\u00f3<\/h2>\t\t\t\t<\/div>\n\t\t\t\t<\/div>\n\t\t\t\t\t<\/div>\n\t\t<\/div>\n\t\t\t\t\t<\/div>\n\t\t<\/section>\n\t\t\t\t<section class=\"elementor-section elementor-top-section elementor-element elementor-element-e282d42 elementor-section-boxed elementor-section-height-default elementor-section-height-default\" data-id=\"e282d42\" data-element_type=\"section\" data-e-type=\"section\">\n\t\t\t\t\t\t<div class=\"elementor-container elementor-column-gap-default\">\n\t\t\t\t\t<div class=\"elementor-column elementor-col-100 elementor-top-column elementor-element elementor-element-d1a2c13\" data-id=\"d1a2c13\" data-element_type=\"column\" data-e-type=\"column\">\n\t\t\t<div class=\"elementor-widget-wrap elementor-element-populated\">\n\t\t\t\t\t\t<div class=\"elementor-element elementor-element-edd5257 elementor-widget elementor-widget-heading\" data-id=\"edd5257\" data-element_type=\"widget\" data-e-type=\"widget\" data-widget_type=\"heading.default\">\n\t\t\t\t<div class=\"elementor-widget-container\">\n\t\t\t\t\t<h2 class=\"elementor-heading-title elementor-size-default\">Selecci\u00f3 d&#039;habitaci\u00f3 disponible<\/h2>\t\t\t\t<\/div>\n\t\t\t\t<\/div>\n\t\t\t\t<div class=\"elementor-element elementor-element-9120fcb elementor-widget elementor-widget-text-editor\" data-id=\"9120fcb\" data-element_type=\"widget\" data-e-type=\"widget\" data-widget_type=\"text-editor.default\">\n\t\t\t\t<div class=\"elementor-widget-container\">\n\t\t\t\t\t\t\t\t\t<p data-start=\"184\" data-end=\"243\"><strong data-start=\"184\" data-end=\"243\">Gaudeix d&#039;avantatges exclusius des del primer moment<\/strong><\/p><p data-start=\"245\" data-end=\"491\">A <strong data-start=\"248\" data-end=\"268\">Hotel Dos Playas<\/strong>, volem que les teves vacances comencin tal com les has imaginat. Per aix\u00f2, si reserves a trav\u00e9s de la nostra web, pots <strong data-start=\"390\" data-end=\"439\">triar la teva habitaci\u00f3 preferida abans d&#039;arribar<\/strong>, directament des del pl\u00e0nol interactiu de l&#039;hotel.<\/p><p data-start=\"493\" data-end=\"664\">Aquest servei est\u00e0 disponible tant en el moment de la reserva com un cop l&#039;hagis confirmat, fins i tot si has reservat per un altre canal diferent de <a href=\"https:\/\/30degreeshotels.com\/ca\/\">www.30degreeshotels.com<\/a><\/p><p data-start=\"666\" data-end=\"881\">Explora el pl\u00e0nol, consulta la ubicaci\u00f3, les vistes i els detalls de cada habitaci\u00f3 i tria la que m\u00e9s t&#039;agradi. Rebr\u00e0s la confirmaci\u00f3 definitiva per correu electr\u00f2nic durant els 7 dies previs a la teva arribada.<\/p><p data-start=\"883\" data-end=\"993\"><strong data-start=\"883\" data-end=\"993\">Una experi\u00e8ncia feta a la teva mida, perqu\u00e8 comencis a gaudir de la Mediterr\u00e0nia des del primer moment.<\/strong><\/p><p data-start=\"883\" data-end=\"993\"><span style=\"color: #808080;\"><em>Tingueu en compte que aquest servei est\u00e0 subjecte a la disponibilitat de l&#039;hotel en el moment del check-in. Si no et podem assignar l&#039;habitaci\u00f3 seleccionada, t&#039;oferirem una el m\u00e9s semblant possible. Consulta els Termes i Condicions per a m\u00e9s informaci\u00f3.<\/em><\/span><\/p>\t\t\t\t\t\t\t\t<\/div>\n\t\t\t\t<\/div>\n\t\t\t\t\t<\/div>\n\t\t<\/div>\n\t\t\t\t\t<\/div>\n\t\t<\/section>\n\t\t\t\t<section class=\"elementor-section elementor-top-section elementor-element elementor-element-6910104 elementor-section-boxed elementor-section-height-default elementor-section-height-default\" data-id=\"6910104\" data-element_type=\"section\" data-e-type=\"section\">\n\t\t\t\t\t\t<div class=\"elementor-container elementor-column-gap-default\">\n\t\t\t\t\t<div class=\"elementor-column elementor-col-100 elementor-top-column elementor-element elementor-element-149e507\" data-id=\"149e507\" data-element_type=\"column\" data-e-type=\"column\">\n\t\t\t<div class=\"elementor-widget-wrap elementor-element-populated\">\n\t\t\t\t\t\t<div class=\"elementor-element elementor-element-44d1bdc elementor-widget elementor-widget-heading\" data-id=\"44d1bdc\" data-element_type=\"widget\" data-e-type=\"widget\" data-widget_type=\"heading.default\">\n\t\t\t\t<div class=\"elementor-widget-container\">\n\t\t\t\t\t<h2 class=\"elementor-heading-title elementor-size-default\">Selecciona la teva habitaci\u00f3 al mapa<\/h2>\t\t\t\t<\/div>\n\t\t\t\t<\/div>\n\t\t\t\t<div class=\"elementor-element elementor-element-4db1e65 elementor-widget elementor-widget-html\" data-id=\"4db1e65\" data-element_type=\"widget\" data-e-type=\"widget\" data-widget_type=\"html.default\">\n\t\t\t\t<div class=\"elementor-widget-container\">\n\t\t\t\t\t<style>.elementor-element-4db1e65{display:none !important}<\/style>\t\t\t\t<\/div>\n\t\t\t\t<\/div>\n\t\t\t\t<div class=\"elementor-element elementor-element-d25c11e elementor-widget elementor-widget-html\" data-id=\"d25c11e\" data-element_type=\"widget\" data-e-type=\"widget\" data-widget_type=\"html.default\">\n\t\t\t\t<div class=\"elementor-widget-container\">\n\t\t\t\t\t<style>.elementor-element-d25c11e{display:none !important}<\/style>\t\t\t\t<\/div>\n\t\t\t\t<\/div>\n\t\t\t\t<div class=\"elementor-element elementor-element-7abf01a elementor-widget elementor-widget-html\" data-id=\"7abf01a\" data-element_type=\"widget\" data-e-type=\"widget\" data-widget_type=\"html.default\">\n\t\t\t\t<div class=\"elementor-widget-container\">\n\t\t\t\t\t<div style=\"max-width: 1200px; margin: 0px auto\">\n<div\nid=\"hv\"\ndata-hvhotelid=\"502\"\ndata-hvclientid=\"10\"\ndata-hvproduct=\"ChooseYourRoom\"\ndata-hvlanguage=\"ca\"\ndata-hvcurrency=\"EUR\"\ndata-hvchooseformmode=\"0\"\ndata-hvcommandsinterface=\"e30=\"\ndata-hvaccesstokenhv=\"eyJzaWduYXR1cmUiOiIwYmJmYjhlZGZlYjM0NmRhYmYzZmY5NGNkMjM0NjhkY2VmNmI5ZWVlNTE2N2YzOWRmZDUxNTM3YzU4MTAyMDA1MWNjNWViYmQzMThjMzU3MWZlNTdiYmI5ZjczMzAwNTk2NzE3YWFhNDk4YjE5YTAxZWI2ZDI1YTk1MGIxM2I4MyIsInRpbWVzdGFtcCI6MjIxMDIzNDQwMH0=\">\n<\/div>\n<script src=\"https:\/\/cdn.hotelverse.tech\/scripts\/embed.js\"><\/script>\n<script src=\"https:\/\/cdn.hotelverse.tech\/scripts\/interfaceListener.js\"><\/script>\n<\/div>\t\t\t\t<\/div>\n\t\t\t\t<\/div>\n\t\t\t\t<div class=\"elementor-element elementor-element-cda85c7 elementor-widget elementor-widget-html\" data-id=\"cda85c7\" data-element_type=\"widget\" data-e-type=\"widget\" data-widget_type=\"html.default\">\n\t\t\t\t<div class=\"elementor-widget-container\">\n\t\t\t\t\t<style>.elementor-element-cda85c7{display:none !important}<\/style>\t\t\t\t<\/div>\n\t\t\t\t<\/div>\n\t\t\t\t<div class=\"elementor-element elementor-element-740f3ce elementor-widget elementor-widget-html\" data-id=\"740f3ce\" data-element_type=\"widget\" data-e-type=\"widget\" data-widget_type=\"html.default\">\n\t\t\t\t<div class=\"elementor-widget-container\">\n\t\t\t\t\t<style>.elementor-element-740f3ce{display:none !important}<\/style>\t\t\t\t<\/div>\n\t\t\t\t<\/div>\n\t\t\t\t\t<\/div>\n\t\t<\/div>\n\t\t\t\t\t<\/div>\n\t\t<\/section>\n\t\t\t\t<section class=\"elementor-section elementor-top-section elementor-element elementor-element-9c2d9fe elementor-section-boxed elementor-section-height-default elementor-section-height-default\" data-id=\"9c2d9fe\" data-element_type=\"section\" data-e-type=\"section\">\n\t\t\t\t\t\t<div class=\"elementor-container elementor-column-gap-default\">\n\t\t\t\t\t<div class=\"elementor-column elementor-col-100 elementor-top-column elementor-element elementor-element-74dc341\" data-id=\"74dc341\" data-element_type=\"column\" data-e-type=\"column\">\n\t\t\t<div class=\"elementor-widget-wrap elementor-element-populated\">\n\t\t\t\t\t\t<div class=\"elementor-element elementor-element-0819b4f elementor-widget elementor-widget-heading\" data-id=\"0819b4f\" data-element_type=\"widget\" data-e-type=\"widget\" data-widget_type=\"heading.default\">\n\t\t\t\t<div class=\"elementor-widget-container\">\n\t\t\t\t\t<h2 class=\"elementor-heading-title elementor-size-default\">Preguntes Freq\u00fcents<\/h2>\t\t\t\t<\/div>\n\t\t\t\t<\/div>\n\t\t\t\t<div class=\"elementor-element elementor-element-8e414f9 elementor-widget elementor-widget-toggle\" data-id=\"8e414f9\" data-element_type=\"widget\" data-e-type=\"widget\" data-widget_type=\"toggle.default\">\n\t\t\t\t<div class=\"elementor-widget-container\">\n\t\t\t\t\t\t\t<div class=\"elementor-toggle\">\n\t\t\t\t\t\t\t<div class=\"elementor-toggle-item\">\n\t\t\t\t\t<div id=\"elementor-tab-title-1491\" class=\"elementor-tab-title\" data-tab=\"1\" role=\"button\" aria-controls=\"elementor-tab-content-1491\" aria-expanded=\"false\">\n\t\t\t\t\t\t\t\t\t\t\t\t<span class=\"elementor-toggle-icon elementor-toggle-icon-left\" aria-hidden=\"true\">\n\t\t\t\t\t\t\t\t\t\t\t\t\t\t\t<span class=\"elementor-toggle-icon-closed\"><i class=\"fas fa-caret-right\"><\/i><\/span>\n\t\t\t\t\t\t\t\t<span class=\"elementor-toggle-icon-opened\"><i class=\"elementor-toggle-icon-opened fas fa-caret-up\"><\/i><\/span>\n\t\t\t\t\t\t\t\t\t\t\t\t\t<\/span>\n\t\t\t\t\t\t\t\t\t\t\t\t<a class=\"elementor-toggle-title\" tabindex=\"0\">Quan puc accedir al servei de selecci\u00f3 d&#039;habitaci\u00f3?<\/a>\n\t\t\t\t\t<\/div>\n\n\t\t\t\t\t<div id=\"elementor-tab-content-1491\" class=\"elementor-tab-content elementor-clearfix\" data-tab=\"1\" role=\"region\" aria-labelledby=\"elementor-tab-title-1491\"><p>Pots sol\u00b7licitar la teva habitaci\u00f3 preferida fins <strong data-start=\"347\" data-end=\"376\">5 dies abans del check-in<\/strong>. Si intenteu accedir fora d&#039;aquest termini, no podreu completar la sol\u00b7licitud.<\/p><\/div>\n\t\t\t\t<\/div>\n\t\t\t\t\t\t\t<div class=\"elementor-toggle-item\">\n\t\t\t\t\t<div id=\"elementor-tab-title-1492\" class=\"elementor-tab-title\" data-tab=\"2\" role=\"button\" aria-controls=\"elementor-tab-content-1492\" aria-expanded=\"false\">\n\t\t\t\t\t\t\t\t\t\t\t\t<span class=\"elementor-toggle-icon elementor-toggle-icon-left\" aria-hidden=\"true\">\n\t\t\t\t\t\t\t\t\t\t\t\t\t\t\t<span class=\"elementor-toggle-icon-closed\"><i class=\"fas fa-caret-right\"><\/i><\/span>\n\t\t\t\t\t\t\t\t<span class=\"elementor-toggle-icon-opened\"><i class=\"elementor-toggle-icon-opened fas fa-caret-up\"><\/i><\/span>\n\t\t\t\t\t\t\t\t\t\t\t\t\t<\/span>\n\t\t\t\t\t\t\t\t\t\t\t\t<a class=\"elementor-toggle-title\" tabindex=\"0\">Quan rebr\u00e9 la confirmaci\u00f3 de la meva selecci\u00f3?<\/a>\n\t\t\t\t\t<\/div>\n\n\t\t\t\t\t<div id=\"elementor-tab-content-1492\" class=\"elementor-tab-content elementor-clearfix\" data-tab=\"2\" role=\"region\" aria-labelledby=\"elementor-tab-title-1492\"><p>Rebr\u00e0s la confirmaci\u00f3 per email dins dels <strong data-start=\"560\" data-end=\"591\">7 dies previs a la teva arribada<\/strong>, en la mateixa adre\u00e7a amb qu\u00e8 vas fer la reserva.<\/p><\/div>\n\t\t\t\t<\/div>\n\t\t\t\t\t\t\t<div class=\"elementor-toggle-item\">\n\t\t\t\t\t<div id=\"elementor-tab-title-1493\" class=\"elementor-tab-title\" data-tab=\"3\" role=\"button\" aria-controls=\"elementor-tab-content-1493\" aria-expanded=\"false\">\n\t\t\t\t\t\t\t\t\t\t\t\t<span class=\"elementor-toggle-icon elementor-toggle-icon-left\" aria-hidden=\"true\">\n\t\t\t\t\t\t\t\t\t\t\t\t\t\t\t<span class=\"elementor-toggle-icon-closed\"><i class=\"fas fa-caret-right\"><\/i><\/span>\n\t\t\t\t\t\t\t\t<span class=\"elementor-toggle-icon-opened\"><i class=\"elementor-toggle-icon-opened fas fa-caret-up\"><\/i><\/span>\n\t\t\t\t\t\t\t\t\t\t\t\t\t<\/span>\n\t\t\t\t\t\t\t\t\t\t\t\t<a class=\"elementor-toggle-title\" tabindex=\"0\">Tinc una reserva de diverses habitacions, puc triar m\u00e9s d&#039;una?<\/a>\n\t\t\t\t\t<\/div>\n\n\t\t\t\t\t<div id=\"elementor-tab-content-1493\" class=\"elementor-tab-content elementor-clearfix\" data-tab=\"3\" role=\"region\" aria-labelledby=\"elementor-tab-title-1493\"><p>De moment, nom\u00e9s podeu seleccionar <strong data-start=\"757\" data-end=\"789\">una habitaci\u00f3 per sol\u00b7licitud<\/strong>. Si la teva reserva inclou diverses habitacions, escriu-nos a <a href=\"mailto:hola@dosplayashotel.com\">hola@dosplayashotel.com<\/a>\u00a0perqu\u00e8 puguem ajudar-te.<\/p><\/div>\n\t\t\t\t<\/div>\n\t\t\t\t\t\t\t<div class=\"elementor-toggle-item\">\n\t\t\t\t\t<div id=\"elementor-tab-title-1494\" class=\"elementor-tab-title\" data-tab=\"4\" role=\"button\" aria-controls=\"elementor-tab-content-1494\" aria-expanded=\"false\">\n\t\t\t\t\t\t\t\t\t\t\t\t<span class=\"elementor-toggle-icon elementor-toggle-icon-left\" aria-hidden=\"true\">\n\t\t\t\t\t\t\t\t\t\t\t\t\t\t\t<span class=\"elementor-toggle-icon-closed\"><i class=\"fas fa-caret-right\"><\/i><\/span>\n\t\t\t\t\t\t\t\t<span class=\"elementor-toggle-icon-opened\"><i class=\"elementor-toggle-icon-opened fas fa-caret-up\"><\/i><\/span>\n\t\t\t\t\t\t\t\t\t\t\t\t\t<\/span>\n\t\t\t\t\t\t\t\t\t\t\t\t<a class=\"elementor-toggle-title\" tabindex=\"0\">Aquest servei t\u00e9 cap cost?<\/a>\n\t\t\t\t\t<\/div>\n\n\t\t\t\t\t<div id=\"elementor-tab-content-1494\" class=\"elementor-tab-content elementor-clearfix\" data-tab=\"4\" role=\"region\" aria-labelledby=\"elementor-tab-title-1494\"><p data-start=\"900\" data-end=\"1052\">S\u00ed, aquest servei t\u00e9 un <strong data-start=\"967\" data-end=\"991\">suplement addicional<\/strong> pot variar segons la temporada i el tipus d&#039;habitaci\u00f3.<\/p><ul data-start=\"1054\" data-end=\"1318\"><li data-start=\"1054\" data-end=\"1181\"><p data-start=\"1056\" data-end=\"1181\">Si selecciones una habitaci\u00f3 de <strong data-start=\"1089\" data-end=\"1111\">categoria superior<\/strong>, ens posarem en contacte amb tu per gestionar el pagament anticipat.<\/p><\/li><li data-start=\"1182\" data-end=\"1318\"><p data-start=\"1184\" data-end=\"1318\">Si tries un n\u00famero d&#039;habitaci\u00f3 dins de la <strong data-start=\"1231\" data-end=\"1260\">mateixa categoria reservada<\/strong>, el suplement s&#039;abonar\u00e0 al <strong data-start=\"1293\" data-end=\"1317\">moment del check-in<\/strong>.<\/p><\/li><\/ul><\/div>\n\t\t\t\t<\/div>\n\t\t\t\t\t\t\t\t<\/div>\n\t\t\t\t\t\t<\/div>\n\t\t\t\t<\/div>\n\t\t\t\t\t<\/div>\n\t\t<\/div>\n\t\t\t\t\t<\/div>\n\t\t<\/section>\n\t\t\t\t<\/div>","protected":false},"excerpt":{"rendered":"<p>Trieu la vostra habitaci\u00f3 a Hotel Dos Playas \u2013 Puerto de Mazarr\u00f3n, M\u00farcia. Seleccioneu la que m\u00e9s us agradi abans que sigui tard.<\/p>","protected":false},"author":2,"featured_media":3392,"parent":3742,"menu_order":0,"comment_status":"closed","ping_status":"closed","template":"","meta":{"footnotes":""},"class_list":["post-11716","page","type-page","status-publish","has-post-thumbnail","hentry"],"yoast_head":"<!-- This site is optimized with the Yoast SEO plugin v27.4 - https:\/\/yoast.com\/product\/yoast-seo-wordpress\/ -->\n<title>Elige tu Habitaci\u00f3n Hotel Dos Playas - 30\u00ba hotels<\/title>\n<meta name=\"description\" content=\"Elige tu habitaci\u00f3n en Hotel Dos Playas - Puerto de Mazarr\u00f3n, Murcia. Selecciona la que m\u00e1s te guste antes de que sea tarde.\" \/>\n<meta name=\"robots\" content=\"index, follow, max-snippet:-1, max-image-preview:large, max-video-preview:-1\" \/>\n<link rel=\"canonical\" href=\"https:\/\/30degreeshotels.com\/ca\/hotel-dos-playas\/elige-tu-habitacion\/\" \/>\n<meta property=\"og:locale\" content=\"ca_ES\" \/>\n<meta property=\"og:type\" content=\"article\" \/>\n<meta property=\"og:title\" content=\"Elige tu Habitaci\u00f3n Hotel Dos Playas - 30\u00ba hotels\" \/>\n<meta property=\"og:description\" content=\"Elige tu habitaci\u00f3n en Hotel Dos Playas - Puerto de Mazarr\u00f3n, Murcia. Selecciona la que m\u00e1s te guste antes de que sea tarde.\" \/>\n<meta property=\"og:url\" content=\"https:\/\/30degreeshotels.com\/ca\/hotel-dos-playas\/elige-tu-habitacion\/\" \/>\n<meta property=\"og:site_name\" content=\"30\u00ba hotels\" \/>\n<meta property=\"article:publisher\" content=\"https:\/\/www.facebook.com\/30degreeshotels\" \/>\n<meta property=\"article:modified_time\" content=\"2025-07-15T13:37:05+00:00\" \/>\n<meta property=\"og:image\" content=\"https:\/\/30degreeshotels.com\/wp-content\/uploads\/2023\/03\/Exterior_Dos-Playas-2-copia.webp\" \/>\n\t<meta property=\"og:image:width\" content=\"1000\" \/>\n\t<meta property=\"og:image:height\" content=\"667\" \/>\n\t<meta property=\"og:image:type\" content=\"image\/webp\" \/>\n<meta name=\"twitter:card\" content=\"summary_large_image\" \/>\n<meta name=\"twitter:label1\" content=\"Temps estimat de lectura\" \/>\n\t<meta name=\"twitter:data1\" content=\"2 minuts\" \/>\n<script type=\"application\/ld+json\" class=\"yoast-schema-graph\">{\"@context\":\"https:\\\/\\\/schema.org\",\"@graph\":[{\"@type\":\"WebPage\",\"@id\":\"https:\\\/\\\/30degreeshotels.com\\\/hotel-dos-playas\\\/elige-tu-habitacion\\\/\",\"url\":\"https:\\\/\\\/30degreeshotels.com\\\/hotel-dos-playas\\\/elige-tu-habitacion\\\/\",\"name\":\"Elige tu Habitaci\u00f3n Hotel Dos Playas - 30\u00ba hotels\",\"isPartOf\":{\"@id\":\"https:\\\/\\\/30degreeshotels.com\\\/#website\"},\"primaryImageOfPage\":{\"@id\":\"https:\\\/\\\/30degreeshotels.com\\\/hotel-dos-playas\\\/elige-tu-habitacion\\\/#primaryimage\"},\"image\":{\"@id\":\"https:\\\/\\\/30degreeshotels.com\\\/hotel-dos-playas\\\/elige-tu-habitacion\\\/#primaryimage\"},\"thumbnailUrl\":\"https:\\\/\\\/30degreeshotels.com\\\/wp-content\\\/uploads\\\/2023\\\/03\\\/Exterior_Dos-Playas-2-copia.webp\",\"datePublished\":\"2025-07-14T14:44:43+00:00\",\"dateModified\":\"2025-07-15T13:37:05+00:00\",\"description\":\"Elige tu habitaci\u00f3n en Hotel Dos Playas - Puerto de Mazarr\u00f3n, Murcia. Selecciona la que m\u00e1s te guste antes de que sea tarde.\",\"breadcrumb\":{\"@id\":\"https:\\\/\\\/30degreeshotels.com\\\/hotel-dos-playas\\\/elige-tu-habitacion\\\/#breadcrumb\"},\"inLanguage\":\"ca\",\"potentialAction\":[{\"@type\":\"ReadAction\",\"target\":[\"https:\\\/\\\/30degreeshotels.com\\\/hotel-dos-playas\\\/elige-tu-habitacion\\\/\"]}]},{\"@type\":\"ImageObject\",\"inLanguage\":\"ca\",\"@id\":\"https:\\\/\\\/30degreeshotels.com\\\/hotel-dos-playas\\\/elige-tu-habitacion\\\/#primaryimage\",\"url\":\"https:\\\/\\\/30degreeshotels.com\\\/wp-content\\\/uploads\\\/2023\\\/03\\\/Exterior_Dos-Playas-2-copia.webp\",\"contentUrl\":\"https:\\\/\\\/30degreeshotels.com\\\/wp-content\\\/uploads\\\/2023\\\/03\\\/Exterior_Dos-Playas-2-copia.webp\",\"width\":1000,\"height\":667},{\"@type\":\"BreadcrumbList\",\"@id\":\"https:\\\/\\\/30degreeshotels.com\\\/hotel-dos-playas\\\/elige-tu-habitacion\\\/#breadcrumb\",\"itemListElement\":[{\"@type\":\"ListItem\",\"position\":1,\"name\":\"30\u00ba hotels &amp; apartments\",\"item\":\"https:\\\/\\\/30degreeshotels.com\\\/\"},{\"@type\":\"ListItem\",\"position\":2,\"name\":\"Dos Playas &#8211; 30\u00ba hotels | Hotel en Mazarr\u00f3n, Murcia\",\"item\":\"https:\\\/\\\/30degreeshotels.com\\\/hotel-dos-playas\\\/\"},{\"@type\":\"ListItem\",\"position\":3,\"name\":\"Elige tu habitaci\u00f3n &#8211; Reserva Dos Playas 30\u00ba hotels\"}]},{\"@type\":\"WebSite\",\"@id\":\"https:\\\/\\\/30degreeshotels.com\\\/#website\",\"url\":\"https:\\\/\\\/30degreeshotels.com\\\/\",\"name\":\"30\u00ba hotels\",\"description\":\"Holidays are not optional\",\"publisher\":{\"@id\":\"https:\\\/\\\/30degreeshotels.com\\\/#organization\"},\"potentialAction\":[{\"@type\":\"SearchAction\",\"target\":{\"@type\":\"EntryPoint\",\"urlTemplate\":\"https:\\\/\\\/30degreeshotels.com\\\/?s={search_term_string}\"},\"query-input\":{\"@type\":\"PropertyValueSpecification\",\"valueRequired\":true,\"valueName\":\"search_term_string\"}}],\"inLanguage\":\"ca\"},{\"@type\":\"Organization\",\"@id\":\"https:\\\/\\\/30degreeshotels.com\\\/#organization\",\"name\":\"30\u00ba hotels\",\"url\":\"https:\\\/\\\/30degreeshotels.com\\\/\",\"logo\":{\"@type\":\"ImageObject\",\"inLanguage\":\"ca\",\"@id\":\"https:\\\/\\\/30degreeshotels.com\\\/#\\\/schema\\\/logo\\\/image\\\/\",\"url\":\"https:\\\/\\\/30degreeshotels.com\\\/wp-content\\\/uploads\\\/2023\\\/01\\\/30o-LOGO.webp\",\"contentUrl\":\"https:\\\/\\\/30degreeshotels.com\\\/wp-content\\\/uploads\\\/2023\\\/01\\\/30o-LOGO.webp\",\"width\":800,\"height\":800,\"caption\":\"30\u00ba hotels\"},\"image\":{\"@id\":\"https:\\\/\\\/30degreeshotels.com\\\/#\\\/schema\\\/logo\\\/image\\\/\"},\"sameAs\":[\"https:\\\/\\\/www.facebook.com\\\/30degreeshotels\",\"https:\\\/\\\/www.instagram.com\\\/30degreeshotels\\\/\"]}]}<\/script>\n<!-- \/ Yoast SEO plugin. -->","yoast_head_json":{"title":"Tria la teva Habitaci\u00f3 Hotel Dos Platges - 30 hotels","description":"Trieu la vostra habitaci\u00f3 a Hotel Dos Playas - Puerto de Mazarr\u00f3n, M\u00farcia. Seleccioneu la que m\u00e9s us agradi abans que sigui tard.","robots":{"index":"index","follow":"follow","max-snippet":"max-snippet:-1","max-image-preview":"max-image-preview:large","max-video-preview":"max-video-preview:-1"},"canonical":"https:\/\/30degreeshotels.com\/ca\/hotel-dos-playas\/elige-tu-habitacion\/","og_locale":"ca_ES","og_type":"article","og_title":"Elige tu Habitaci\u00f3n Hotel Dos Playas - 30\u00ba hotels","og_description":"Elige tu habitaci\u00f3n en Hotel Dos Playas - Puerto de Mazarr\u00f3n, Murcia. Selecciona la que m\u00e1s te guste antes de que sea tarde.","og_url":"https:\/\/30degreeshotels.com\/ca\/hotel-dos-playas\/elige-tu-habitacion\/","og_site_name":"30\u00ba hotels","article_publisher":"https:\/\/www.facebook.com\/30degreeshotels","article_modified_time":"2025-07-15T13:37:05+00:00","og_image":[{"width":1000,"height":667,"url":"https:\/\/30degreeshotels.com\/wp-content\/uploads\/2023\/03\/Exterior_Dos-Playas-2-copia.webp","type":"image\/webp"}],"twitter_card":"summary_large_image","twitter_misc":{"Temps estimat de lectura":"2 minuts"},"schema":{"@context":"https:\/\/schema.org","@graph":[{"@type":"WebPage","@id":"https:\/\/30degreeshotels.com\/hotel-dos-playas\/elige-tu-habitacion\/","url":"https:\/\/30degreeshotels.com\/hotel-dos-playas\/elige-tu-habitacion\/","name":"Tria la teva Habitaci\u00f3 Hotel Dos Platges - 30 hotels","isPartOf":{"@id":"https:\/\/30degreeshotels.com\/#website"},"primaryImageOfPage":{"@id":"https:\/\/30degreeshotels.com\/hotel-dos-playas\/elige-tu-habitacion\/#primaryimage"},"image":{"@id":"https:\/\/30degreeshotels.com\/hotel-dos-playas\/elige-tu-habitacion\/#primaryimage"},"thumbnailUrl":"https:\/\/30degreeshotels.com\/wp-content\/uploads\/2023\/03\/Exterior_Dos-Playas-2-copia.webp","datePublished":"2025-07-14T14:44:43+00:00","dateModified":"2025-07-15T13:37:05+00:00","description":"Trieu la vostra habitaci\u00f3 a Hotel Dos Playas - Puerto de Mazarr\u00f3n, M\u00farcia. Seleccioneu la que m\u00e9s us agradi abans que sigui tard.","breadcrumb":{"@id":"https:\/\/30degreeshotels.com\/hotel-dos-playas\/elige-tu-habitacion\/#breadcrumb"},"inLanguage":"ca","potentialAction":[{"@type":"ReadAction","target":["https:\/\/30degreeshotels.com\/hotel-dos-playas\/elige-tu-habitacion\/"]}]},{"@type":"ImageObject","inLanguage":"ca","@id":"https:\/\/30degreeshotels.com\/hotel-dos-playas\/elige-tu-habitacion\/#primaryimage","url":"https:\/\/30degreeshotels.com\/wp-content\/uploads\/2023\/03\/Exterior_Dos-Playas-2-copia.webp","contentUrl":"https:\/\/30degreeshotels.com\/wp-content\/uploads\/2023\/03\/Exterior_Dos-Playas-2-copia.webp","width":1000,"height":667},{"@type":"BreadcrumbList","@id":"https:\/\/30degreeshotels.com\/hotel-dos-playas\/elige-tu-habitacion\/#breadcrumb","itemListElement":[{"@type":"ListItem","position":1,"name":"30\u00ba hotels &amp; apartments","item":"https:\/\/30degreeshotels.com\/"},{"@type":"ListItem","position":2,"name":"Dos Playas &#8211; 30\u00ba hotels | Hotel en Mazarr\u00f3n, Murcia","item":"https:\/\/30degreeshotels.com\/hotel-dos-playas\/"},{"@type":"ListItem","position":3,"name":"Elige tu habitaci\u00f3n &#8211; Reserva Dos Playas 30\u00ba hotels"}]},{"@type":"WebSite","@id":"https:\/\/30degreeshotels.com\/#website","url":"https:\/\/30degreeshotels.com\/","name":"30\u00ba hotels","description":"Holidays are not optional","publisher":{"@id":"https:\/\/30degreeshotels.com\/#organization"},"potentialAction":[{"@type":"SearchAction","target":{"@type":"EntryPoint","urlTemplate":"https:\/\/30degreeshotels.com\/?s={search_term_string}"},"query-input":{"@type":"PropertyValueSpecification","valueRequired":true,"valueName":"search_term_string"}}],"inLanguage":"ca"},{"@type":"Organization","@id":"https:\/\/30degreeshotels.com\/#organization","name":"30\u00ba hotels","url":"https:\/\/30degreeshotels.com\/","logo":{"@type":"ImageObject","inLanguage":"ca","@id":"https:\/\/30degreeshotels.com\/#\/schema\/logo\/image\/","url":"https:\/\/30degreeshotels.com\/wp-content\/uploads\/2023\/01\/30o-LOGO.webp","contentUrl":"https:\/\/30degreeshotels.com\/wp-content\/uploads\/2023\/01\/30o-LOGO.webp","width":800,"height":800,"caption":"30\u00ba hotels"},"image":{"@id":"https:\/\/30degreeshotels.com\/#\/schema\/logo\/image\/"},"sameAs":["https:\/\/www.facebook.com\/30degreeshotels","https:\/\/www.instagram.com\/30degreeshotels\/"]}]}},"_links":{"self":[{"href":"https:\/\/30degreeshotels.com\/ca\/wp-json\/wp\/v2\/pages\/11716","targetHints":{"allow":["GET"]}}],"collection":[{"href":"https:\/\/30degreeshotels.com\/ca\/wp-json\/wp\/v2\/pages"}],"about":[{"href":"https:\/\/30degreeshotels.com\/ca\/wp-json\/wp\/v2\/types\/page"}],"author":[{"embeddable":true,"href":"https:\/\/30degreeshotels.com\/ca\/wp-json\/wp\/v2\/users\/2"}],"replies":[{"embeddable":true,"href":"https:\/\/30degreeshotels.com\/ca\/wp-json\/wp\/v2\/comments?post=11716"}],"version-history":[{"count":51,"href":"https:\/\/30degreeshotels.com\/ca\/wp-json\/wp\/v2\/pages\/11716\/revisions"}],"predecessor-version":[{"id":11807,"href":"https:\/\/30degreeshotels.com\/ca\/wp-json\/wp\/v2\/pages\/11716\/revisions\/11807"}],"up":[{"embeddable":true,"href":"https:\/\/30degreeshotels.com\/ca\/wp-json\/wp\/v2\/pages\/3742"}],"wp:featuredmedia":[{"embeddable":true,"href":"https:\/\/30degreeshotels.com\/ca\/wp-json\/wp\/v2\/media\/3392"}],"wp:attachment":[{"href":"https:\/\/30degreeshotels.com\/ca\/wp-json\/wp\/v2\/media?parent=11716"}],"curies":[{"name":"wp","href":"https:\/\/api.w.org\/{rel}","templated":true}]}}