{"id":200,"date":"2023-01-18T14:37:46","date_gmt":"2023-01-18T13:37:46","guid":{"rendered":"https:\/\/30degreeshotels.com\/?page_id=200"},"modified":"2025-12-21T21:38:57","modified_gmt":"2025-12-21T20:38:57","slug":"avis-legal","status":"publish","type":"page","link":"https:\/\/30degreeshotels.com\/ca\/aviso-legal\/","title":{"rendered":"Av\u00eds Legal"},"content":{"rendered":"<div data-elementor-type=\"wp-page\" data-elementor-id=\"200\" class=\"elementor elementor-200\" data-elementor-post-type=\"page\">\n\t\t\t\t\t\t<section class=\"elementor-section elementor-top-section elementor-element elementor-element-b2eae7d elementor-section-boxed elementor-section-height-default elementor-section-height-default\" data-id=\"b2eae7d\" data-element_type=\"section\" data-e-type=\"section\">\n\t\t\t\t\t\t\t<div class=\"elementor-background-overlay\"><\/div>\n\t\t\t\t\t\t\t<div class=\"elementor-container elementor-column-gap-default\">\n\t\t\t\t\t<div class=\"elementor-column elementor-col-100 elementor-top-column elementor-element elementor-element-98b81ee\" data-id=\"98b81ee\" data-element_type=\"column\" data-e-type=\"column\">\n\t\t\t<div class=\"elementor-widget-wrap elementor-element-populated\">\n\t\t\t\t\t\t<div class=\"elementor-element elementor-element-626b8f2 elementor-widget elementor-widget-heading\" data-id=\"626b8f2\" data-element_type=\"widget\" data-e-type=\"widget\" data-widget_type=\"heading.default\">\n\t\t\t\t<div class=\"elementor-widget-container\">\n\t\t\t\t\t<h2 class=\"elementor-heading-title elementor-size-default\">AV\u00cdS LEGAL<\/h2>\t\t\t\t<\/div>\n\t\t\t\t<\/div>\n\t\t\t\t\t<\/div>\n\t\t<\/div>\n\t\t\t\t\t<\/div>\n\t\t<\/section>\n\t\t\t\t<section class=\"elementor-section elementor-top-section elementor-element elementor-element-499b1db elementor-section-boxed elementor-section-height-default elementor-section-height-default\" data-id=\"499b1db\" data-element_type=\"section\" data-e-type=\"section\">\n\t\t\t\t\t\t<div class=\"elementor-container elementor-column-gap-default\">\n\t\t\t\t\t<div class=\"elementor-column elementor-col-100 elementor-top-column elementor-element elementor-element-8af4ab9\" data-id=\"8af4ab9\" data-element_type=\"column\" data-e-type=\"column\">\n\t\t\t<div class=\"elementor-widget-wrap elementor-element-populated\">\n\t\t\t\t\t\t<div class=\"elementor-element elementor-element-de27102 elementor-widget elementor-widget-text-editor\" data-id=\"de27102\" data-element_type=\"widget\" data-e-type=\"widget\" data-widget_type=\"text-editor.default\">\n\t\t\t\t<div class=\"elementor-widget-container\">\n\t\t\t\t\t\t\t\t\t<h2 data-start=\"283\" data-end=\"308\">1. INFORMACI\u00d3 GENERAL<\/h2>\n<p data-start=\"310\" data-end=\"729\">En compliment amb el deure informaci\u00f3 recollit a l&#039;article 10 de la <strong data-start=\"387\" data-end=\"501\">Llei 34\/2002, d&#039;11 de juliol, de serveis de la societat de la informaci\u00f3 i de comer\u00e7 electr\u00f2nic (LSSI-CE)<\/strong>, s&#039;informa que el present lloc web <strong data-start=\"540\" data-end=\"575\"><a class=\"decorated-link\" href=\"https:\/\/30degreeshotels.com\/ca\/\" target=\"_new\" rel=\"noopener\" data-start=\"542\" data-end=\"573\">https:\/\/www.30degreeshotels.com<\/a><\/strong> (d&#039;ara endavant, el <em data-start=\"593\" data-end=\"604\">lloc web<\/em>) \u00e9s una plataforma corporativa d&#039;informaci\u00f3 i comercialitzaci\u00f3 de serveis tur\u00edstics sota la marca <strong data-start=\"708\" data-end=\"728\">30degrees Hotels<\/strong>.<\/p>\n<p data-start=\"310\" data-end=\"729\"><br><\/p>\n<h2 data-start=\"736\" data-end=\"767\">2. TITULARITAT DEL LLOC WEB<\/h2>\n<p data-start=\"769\" data-end=\"1029\">El lloc web <strong data-start=\"782\" data-end=\"805\">30degreeshotels.com<\/strong> actua com a plataforma de comercialitzaci\u00f3 conjunta dels diferents establiments que operen sota la marca <strong data-start=\"916\" data-end=\"936\">30degrees Hotels<\/strong>, sent els titulars i\/o gestors dels serveis d&#039;allotjament les entitats seg\u00fcents:<\/p>\n<ul data-start=\"1031\" data-end=\"1451\">\n<li data-start=\"1031\" data-end=\"1165\">\n<p data-start=\"1033\" data-end=\"1165\"><strong data-start=\"1033\" data-end=\"1067\">GESTIHOTELS COSTA C\u00c0LIDA, SL.<\/strong><br data-start=\"1067\" data-end=\"1070\">NIF: <strong data-start=\"1080\" data-end=\"1093\">B66570441<\/strong><br data-start=\"1093\" data-end=\"1096\">Establiments: Hotel Dos Playas, Hotel Playa Sol i Hotel Bah\u00eda<\/p>\n<\/li>\n<li data-start=\"1167\" data-end=\"1277\">\n<p data-start=\"1169\" data-end=\"1277\"><strong data-start=\"1169\" data-end=\"1201\">EHOGA GESTI\u00d3 HOTELERA, SL.<\/strong><br data-start=\"1201\" data-end=\"1204\">NIF: <strong data-start=\"1214\" data-end=\"1227\">B67508606<\/strong><br data-start=\"1227\" data-end=\"1230\">Establiment: Apartaments Binivell Park<\/p>\n<\/li>\n<li data-start=\"1279\" data-end=\"1360\">\n<p data-start=\"1281\" data-end=\"1360\"><strong data-start=\"1281\" data-end=\"1297\">OLIHER, SL.<\/strong><br data-start=\"1297\" data-end=\"1300\">NIF: <strong data-start=\"1310\" data-end=\"1323\">B58465857<\/strong><br data-start=\"1323\" data-end=\"1326\">Establiment: Hotel Espanya<\/p>\n<\/li>\n<li data-start=\"1362\" data-end=\"1451\">\n<p data-start=\"1364\" data-end=\"1451\"><strong data-start=\"1364\" data-end=\"1382\">FRINGIAN, SL.<\/strong><br data-start=\"1382\" data-end=\"1385\">NIF: <strong data-start=\"1395\" data-end=\"1408\">B66451402<\/strong><br data-start=\"1408\" data-end=\"1411\">Establiment: Apartaments Beatrix<\/p>\n<\/li>\n<\/ul>\n<p data-start=\"1453\" data-end=\"1613\">D&#039;ara endavant, totes elles anomenades conjuntament com el <strong data-start=\"1512\" data-end=\"1523\">titular<\/strong> o <strong data-start=\"1526\" data-end=\"1552\">prestador de serveis<\/strong>, en funci\u00f3 de l&#039;establiment seleccionat per l&#039;usuari.<\/p>\n<p data-start=\"1453\" data-end=\"1613\"><br><\/p>\n<h2 data-start=\"1620\" data-end=\"1646\">3. CONDICI\u00d3 D&#039;USUARI<\/h2>\n<p data-start=\"1648\" data-end=\"1892\">L&#039;acc\u00e9s, navegaci\u00f3 i \u00fas del lloc web atribueix la condici\u00f3 de <strong data-start=\"1715\" data-end=\"1726\">usuari<\/strong>, implicant l&#039;acceptaci\u00f3 plena i sense reserves de totes les disposicions incloses al present Av\u00eds Legal, aix\u00ed com a la resta de textos legals del lloc web.<\/p>\n<p data-start=\"1648\" data-end=\"1892\"><br><\/p>\n<h2 data-start=\"1899\" data-end=\"1922\">4. \u00daS DEL LLOC WEB<\/h2>\n<p data-start=\"1924\" data-end=\"2118\">L&#039;usuari es compromet a fer un \u00fas adequat dels continguts, serveis i funcionalitats del lloc web, de conformitat amb la llei, la bona fe, l&#039;ordre p\u00fablic i aquest Av\u00eds Legal.<\/p>\n<p data-start=\"2120\" data-end=\"2312\">Queda expressament prohibit l\u00fas del lloc web amb fins il\u00b7l\u00edcits, lesius de drets o interessos de tercers, o que de qualsevol manera puguin danyar, inutilitzar o sobrecarregar el lloc web.<\/p>\n<h2 data-start=\"2319\" data-end=\"2359\"><br><\/h2>\n<h2 data-start=\"2319\" data-end=\"2359\">5. PROPIETAT INTEL\u00b7LECTUAL I INDUSTRIAL<\/h2>\n<p data-start=\"2361\" data-end=\"2745\">Tots els continguts del lloc web, incloent-hi, a t\u00edtol enunciatiu i no limitatiu, textos, imatges, fotografies, logotips, marques, noms comercials, dissenys, codi font i altres elements, s\u00f3n titularitat del prestador de serveis o de tercers que n&#039;han autoritzat l&#039;\u00fas, i estan protegits per la normativa vigent en mat\u00e8ria de propietat intel\u00b7lectual i industrial.<\/p>\n<p data-start=\"2747\" data-end=\"2909\">Queda prohibida la reproducci\u00f3, distribuci\u00f3, comunicaci\u00f3 p\u00fablica o transformaci\u00f3 dels continguts esmentats sense l&#039;autoritzaci\u00f3 expressa del titular dels drets.<\/p>\n<h2 data-start=\"2916\" data-end=\"2937\"><br><\/h2><h2 data-start=\"2916\" data-end=\"2937\">6. RESPONSABILITAT<\/h2>\n<p data-start=\"2939\" data-end=\"3040\">El prestador de serveis no es fa responsable dels danys o perjudicis que es puguin derivar de:<\/p>\n<ul data-start=\"3042\" data-end=\"3251\">\n<li data-start=\"3042\" data-end=\"3093\">\n<p data-start=\"3044\" data-end=\"3093\">Interrupcions del servei o errors t\u00e8cnics.<\/p>\n<\/li>\n<li data-start=\"3094\" data-end=\"3143\">\n<p data-start=\"3096\" data-end=\"3143\">Virus o altres elements inform\u00e0tics nocius.<\/p>\n<\/li>\n<li data-start=\"3144\" data-end=\"3197\">\n<p data-start=\"3146\" data-end=\"3197\">\u00das indegut del lloc web per part de lusuari.<\/p>\n<\/li>\n<li data-start=\"3198\" data-end=\"3251\">\n<p data-start=\"3200\" data-end=\"3251\">Continguts de tercers accessibles mitjan\u00e7ant enlla\u00e7os.<\/p>\n<\/li>\n<\/ul>\n<h2 data-start=\"3258\" data-end=\"3281\"><br><\/h2><h2 data-start=\"3258\" data-end=\"3281\">7. MOTOR DE RESERVES<\/h2>\n<p data-start=\"3283\" data-end=\"3473\">El proc\u00e9s de reserva i contractaci\u00f3 dels serveis d&#039;allotjament es fa a trav\u00e9s d&#039;un <strong data-start=\"3378\" data-end=\"3472\">motor de reserves online gestionat tecnol\u00f2gicament per un prove\u00efdor extern (WITBOOKING)<\/strong>.<\/p>\n<p data-start=\"3475\" data-end=\"3681\">WITBOOKING actua exclusivament com a <strong data-start=\"3512\" data-end=\"3537\">prove\u00efdor tecnol\u00f2gic<\/strong>, no sent responsable de la prestaci\u00f3 dels serveis d&#039;allotjament, que correspon en tot cas al titular de l&#039;establiment reservat.<\/p>\n<h2 data-start=\"3688\" data-end=\"3712\"><br><\/h2><h2 data-start=\"3688\" data-end=\"3712\">8. ENLLA\u00c7OS A TERCERS<\/h2>\n<p data-start=\"3714\" data-end=\"3892\">El lloc web pot contenir enlla\u00e7os a llocs web de tercers. El prestador no assumeix cap responsabilitat sobre els continguts, les pol\u00edtiques o les pr\u00e0ctiques d&#039;aquests llocs externs.<\/p><p data-start=\"3714\" data-end=\"3892\"><br><\/p>\n<h2 data-start=\"3899\" data-end=\"3924\">9. PROTECCI\u00d3 DE DADES<\/h2>\n<p data-start=\"3926\" data-end=\"4119\">El tractament de les dades personals de l&#039;usuari es regir\u00e0 pel que disposa la <strong data-start=\"4010\" data-end=\"4036\">Pol\u00edtica de Privacitat<\/strong>, disponible al lloc web, que l&#039;usuari ha de consultar de manera independent.<\/p>\n<h2 data-start=\"4126\" data-end=\"4147\"><br><\/h2><h2 data-start=\"4126\" data-end=\"4147\">10. MODIFICACIONS<\/h2>\n<p data-start=\"4149\" data-end=\"4316\">El prestador es reserva el dret a modificar en qualsevol moment el contingut del present Av\u00eds Legal, i \u00e9s responsabilitat de l&#039;usuari revisar-lo peri\u00f2dicament.<\/p>\n<h2 data-start=\"4323\" data-end=\"4366\"><br><\/h2><h2 data-start=\"4323\" data-end=\"4366\">11. LEGISLACI\u00d3 APLICABLE I JURISDICCI\u00d3<\/h2>\n<p data-start=\"4368\" data-end=\"4670\">Aquest Av\u00eds Legal es regeix per la <strong data-start=\"4407\" data-end=\"4439\">legislaci\u00f3 espanyola vigent<\/strong>.<br data-start=\"4440\" data-end=\"4443\">Per a la resoluci\u00f3 de qualsevol controv\u00e8rsia que pogu\u00e9s derivar-se de l&#039;acc\u00e9s o \u00fas del lloc web, les parts se sotmeten als <strong data-start=\"4570\" data-end=\"4616\">Jutjats i Tribunals de Barcelona capital<\/strong>, llevat que la normativa aplicable disposi una altra cosa.<\/p>\t\t\t\t\t\t\t\t<\/div>\n\t\t\t\t<\/div>\n\t\t\t\t\t<\/div>\n\t\t<\/div>\n\t\t\t\t\t<\/div>\n\t\t<\/section>\n\t\t\t\t<\/div>","protected":false},"excerpt":{"rendered":"<p>AVISO LEGAL 1. INFORMACI\u00d3N GENERAL En cumplimiento con el deber de informaci\u00f3n recogido en el art\u00edculo 10 de la Ley 34\/2002, de 11 de julio, de Servicios de la Sociedad de la Informaci\u00f3n y de Comercio Electr\u00f3nico (LSSI-CE), se informa que el presente sitio web https:\/\/www.30degreeshotels.com (en adelante, el sitio web) es una plataforma corporativa [&hellip;]<\/p>\n","protected":false},"author":2,"featured_media":0,"parent":0,"menu_order":0,"comment_status":"closed","ping_status":"closed","template":"","meta":{"footnotes":""},"class_list":["post-200","page","type-page","status-publish","hentry"],"yoast_head":"<!-- This site is optimized with the Yoast SEO plugin v27.3 - https:\/\/yoast.com\/product\/yoast-seo-wordpress\/ -->\n<title>Aviso Legal - 30\u00ba hotels<\/title>\n<meta name=\"robots\" content=\"index, follow, max-snippet:-1, max-image-preview:large, max-video-preview:-1\" \/>\n<link rel=\"canonical\" href=\"https:\/\/30degreeshotels.com\/ca\/avis-legal\/\" \/>\n<meta property=\"og:locale\" content=\"ca_ES\" \/>\n<meta property=\"og:type\" content=\"article\" \/>\n<meta property=\"og:title\" content=\"Aviso Legal - 30\u00ba hotels\" \/>\n<meta property=\"og:description\" content=\"AVISO LEGAL 1. INFORMACI\u00d3N GENERAL En cumplimiento con el deber de informaci\u00f3n recogido en el art\u00edculo 10 de la Ley 34\/2002, de 11 de julio, de Servicios de la Sociedad de la Informaci\u00f3n y de Comercio Electr\u00f3nico (LSSI-CE), se informa que el presente sitio web https:\/\/www.30degreeshotels.com (en adelante, el sitio web) es una plataforma corporativa [&hellip;]\" \/>\n<meta property=\"og:url\" content=\"https:\/\/30degreeshotels.com\/ca\/avis-legal\/\" \/>\n<meta property=\"og:site_name\" content=\"30\u00ba hotels\" \/>\n<meta property=\"article:publisher\" content=\"https:\/\/www.facebook.com\/30degreeshotels\" \/>\n<meta property=\"article:modified_time\" content=\"2025-12-21T20:38:57+00:00\" \/>\n<meta name=\"twitter:card\" content=\"summary_large_image\" \/>\n<meta name=\"twitter:label1\" content=\"Temps estimat de lectura\" \/>\n\t<meta name=\"twitter:data1\" content=\"3 minuts\" \/>\n<script type=\"application\/ld+json\" class=\"yoast-schema-graph\">{\"@context\":\"https:\\\/\\\/schema.org\",\"@graph\":[{\"@type\":\"WebPage\",\"@id\":\"https:\\\/\\\/30degreeshotels.com\\\/aviso-legal\\\/\",\"url\":\"https:\\\/\\\/30degreeshotels.com\\\/aviso-legal\\\/\",\"name\":\"Aviso Legal - 30\u00ba hotels\",\"isPartOf\":{\"@id\":\"https:\\\/\\\/30degreeshotels.com\\\/#website\"},\"datePublished\":\"2023-01-18T13:37:46+00:00\",\"dateModified\":\"2025-12-21T20:38:57+00:00\",\"breadcrumb\":{\"@id\":\"https:\\\/\\\/30degreeshotels.com\\\/aviso-legal\\\/#breadcrumb\"},\"inLanguage\":\"ca\",\"potentialAction\":[{\"@type\":\"ReadAction\",\"target\":[\"https:\\\/\\\/30degreeshotels.com\\\/aviso-legal\\\/\"]}]},{\"@type\":\"BreadcrumbList\",\"@id\":\"https:\\\/\\\/30degreeshotels.com\\\/aviso-legal\\\/#breadcrumb\",\"itemListElement\":[{\"@type\":\"ListItem\",\"position\":1,\"name\":\"30\u00ba hotels &amp; apartments\",\"item\":\"https:\\\/\\\/30degreeshotels.com\\\/\"},{\"@type\":\"ListItem\",\"position\":2,\"name\":\"Aviso Legal\"}]},{\"@type\":\"WebSite\",\"@id\":\"https:\\\/\\\/30degreeshotels.com\\\/#website\",\"url\":\"https:\\\/\\\/30degreeshotels.com\\\/\",\"name\":\"30\u00ba hotels\",\"description\":\"Holidays are not optional\",\"publisher\":{\"@id\":\"https:\\\/\\\/30degreeshotels.com\\\/#organization\"},\"potentialAction\":[{\"@type\":\"SearchAction\",\"target\":{\"@type\":\"EntryPoint\",\"urlTemplate\":\"https:\\\/\\\/30degreeshotels.com\\\/?s={search_term_string}\"},\"query-input\":{\"@type\":\"PropertyValueSpecification\",\"valueRequired\":true,\"valueName\":\"search_term_string\"}}],\"inLanguage\":\"ca\"},{\"@type\":\"Organization\",\"@id\":\"https:\\\/\\\/30degreeshotels.com\\\/#organization\",\"name\":\"30\u00ba hotels\",\"url\":\"https:\\\/\\\/30degreeshotels.com\\\/\",\"logo\":{\"@type\":\"ImageObject\",\"inLanguage\":\"ca\",\"@id\":\"https:\\\/\\\/30degreeshotels.com\\\/#\\\/schema\\\/logo\\\/image\\\/\",\"url\":\"https:\\\/\\\/30degreeshotels.com\\\/wp-content\\\/uploads\\\/2023\\\/01\\\/30o-LOGO.webp\",\"contentUrl\":\"https:\\\/\\\/30degreeshotels.com\\\/wp-content\\\/uploads\\\/2023\\\/01\\\/30o-LOGO.webp\",\"width\":800,\"height\":800,\"caption\":\"30\u00ba hotels\"},\"image\":{\"@id\":\"https:\\\/\\\/30degreeshotels.com\\\/#\\\/schema\\\/logo\\\/image\\\/\"},\"sameAs\":[\"https:\\\/\\\/www.facebook.com\\\/30degreeshotels\",\"https:\\\/\\\/www.instagram.com\\\/30degreeshotels\\\/\"]}]}<\/script>\n<!-- \/ Yoast SEO plugin. -->","yoast_head_json":{"title":"Av\u00eds Legal - 30 hotels","robots":{"index":"index","follow":"follow","max-snippet":"max-snippet:-1","max-image-preview":"max-image-preview:large","max-video-preview":"max-video-preview:-1"},"canonical":"https:\/\/30degreeshotels.com\/ca\/avis-legal\/","og_locale":"ca_ES","og_type":"article","og_title":"Aviso Legal - 30\u00ba hotels","og_description":"AVISO LEGAL 1. INFORMACI\u00d3N GENERAL En cumplimiento con el deber de informaci\u00f3n recogido en el art\u00edculo 10 de la Ley 34\/2002, de 11 de julio, de Servicios de la Sociedad de la Informaci\u00f3n y de Comercio Electr\u00f3nico (LSSI-CE), se informa que el presente sitio web https:\/\/www.30degreeshotels.com (en adelante, el sitio web) es una plataforma corporativa [&hellip;]","og_url":"https:\/\/30degreeshotels.com\/ca\/avis-legal\/","og_site_name":"30\u00ba hotels","article_publisher":"https:\/\/www.facebook.com\/30degreeshotels","article_modified_time":"2025-12-21T20:38:57+00:00","twitter_card":"summary_large_image","twitter_misc":{"Temps estimat de lectura":"3 minuts"},"schema":{"@context":"https:\/\/schema.org","@graph":[{"@type":"WebPage","@id":"https:\/\/30degreeshotels.com\/aviso-legal\/","url":"https:\/\/30degreeshotels.com\/aviso-legal\/","name":"Av\u00eds Legal - 30 hotels","isPartOf":{"@id":"https:\/\/30degreeshotels.com\/#website"},"datePublished":"2023-01-18T13:37:46+00:00","dateModified":"2025-12-21T20:38:57+00:00","breadcrumb":{"@id":"https:\/\/30degreeshotels.com\/aviso-legal\/#breadcrumb"},"inLanguage":"ca","potentialAction":[{"@type":"ReadAction","target":["https:\/\/30degreeshotels.com\/aviso-legal\/"]}]},{"@type":"BreadcrumbList","@id":"https:\/\/30degreeshotels.com\/aviso-legal\/#breadcrumb","itemListElement":[{"@type":"ListItem","position":1,"name":"30\u00ba hotels &amp; apartments","item":"https:\/\/30degreeshotels.com\/"},{"@type":"ListItem","position":2,"name":"Aviso Legal"}]},{"@type":"WebSite","@id":"https:\/\/30degreeshotels.com\/#website","url":"https:\/\/30degreeshotels.com\/","name":"30\u00ba hotels","description":"Holidays are not optional","publisher":{"@id":"https:\/\/30degreeshotels.com\/#organization"},"potentialAction":[{"@type":"SearchAction","target":{"@type":"EntryPoint","urlTemplate":"https:\/\/30degreeshotels.com\/?s={search_term_string}"},"query-input":{"@type":"PropertyValueSpecification","valueRequired":true,"valueName":"search_term_string"}}],"inLanguage":"ca"},{"@type":"Organization","@id":"https:\/\/30degreeshotels.com\/#organization","name":"30\u00ba hotels","url":"https:\/\/30degreeshotels.com\/","logo":{"@type":"ImageObject","inLanguage":"ca","@id":"https:\/\/30degreeshotels.com\/#\/schema\/logo\/image\/","url":"https:\/\/30degreeshotels.com\/wp-content\/uploads\/2023\/01\/30o-LOGO.webp","contentUrl":"https:\/\/30degreeshotels.com\/wp-content\/uploads\/2023\/01\/30o-LOGO.webp","width":800,"height":800,"caption":"30\u00ba hotels"},"image":{"@id":"https:\/\/30degreeshotels.com\/#\/schema\/logo\/image\/"},"sameAs":["https:\/\/www.facebook.com\/30degreeshotels","https:\/\/www.instagram.com\/30degreeshotels\/"]}]}},"_links":{"self":[{"href":"https:\/\/30degreeshotels.com\/ca\/wp-json\/wp\/v2\/pages\/200","targetHints":{"allow":["GET"]}}],"collection":[{"href":"https:\/\/30degreeshotels.com\/ca\/wp-json\/wp\/v2\/pages"}],"about":[{"href":"https:\/\/30degreeshotels.com\/ca\/wp-json\/wp\/v2\/types\/page"}],"author":[{"embeddable":true,"href":"https:\/\/30degreeshotels.com\/ca\/wp-json\/wp\/v2\/users\/2"}],"replies":[{"embeddable":true,"href":"https:\/\/30degreeshotels.com\/ca\/wp-json\/wp\/v2\/comments?post=200"}],"version-history":[{"count":13,"href":"https:\/\/30degreeshotels.com\/ca\/wp-json\/wp\/v2\/pages\/200\/revisions"}],"predecessor-version":[{"id":12302,"href":"https:\/\/30degreeshotels.com\/ca\/wp-json\/wp\/v2\/pages\/200\/revisions\/12302"}],"wp:attachment":[{"href":"https:\/\/30degreeshotels.com\/ca\/wp-json\/wp\/v2\/media?parent=200"}],"curies":[{"name":"wp","href":"https:\/\/api.w.org\/{rel}","templated":true}]}}