{"id":207,"date":"2023-01-18T14:39:33","date_gmt":"2023-01-18T13:39:33","guid":{"rendered":"https:\/\/30degreeshotels.com\/?page_id=207"},"modified":"2023-03-09T16:20:11","modified_gmt":"2023-03-09T15:20:11","slug":"politica-de-cookies","status":"publish","type":"page","link":"https:\/\/30degreeshotels.com\/ca\/politica-de-cookies\/","title":{"rendered":"Pol\u00edtica de Cookies"},"content":{"rendered":"<div data-elementor-type=\"wp-page\" data-elementor-id=\"207\" class=\"elementor elementor-207\" data-elementor-post-type=\"page\">\n\t\t\t\t\t\t<section class=\"elementor-section elementor-top-section elementor-element elementor-element-b2eae7d elementor-section-boxed elementor-section-height-default elementor-section-height-default\" data-id=\"b2eae7d\" data-element_type=\"section\" data-e-type=\"section\">\n\t\t\t\t\t\t\t<div class=\"elementor-background-overlay\"><\/div>\n\t\t\t\t\t\t\t<div class=\"elementor-container elementor-column-gap-default\">\n\t\t\t\t\t<div class=\"elementor-column elementor-col-100 elementor-top-column elementor-element elementor-element-98b81ee\" data-id=\"98b81ee\" data-element_type=\"column\" data-e-type=\"column\">\n\t\t\t<div class=\"elementor-widget-wrap elementor-element-populated\">\n\t\t\t\t\t\t<div class=\"elementor-element elementor-element-626b8f2 elementor-widget elementor-widget-heading\" data-id=\"626b8f2\" data-element_type=\"widget\" data-e-type=\"widget\" data-widget_type=\"heading.default\">\n\t\t\t\t<div class=\"elementor-widget-container\">\n\t\t\t\t\t<h2 class=\"elementor-heading-title elementor-size-default\">POL\u00cdTICA DE COOKIES<\/h2>\t\t\t\t<\/div>\n\t\t\t\t<\/div>\n\t\t\t\t\t<\/div>\n\t\t<\/div>\n\t\t\t\t\t<\/div>\n\t\t<\/section>\n\t\t\t\t<section class=\"elementor-section elementor-top-section elementor-element elementor-element-499b1db elementor-section-boxed elementor-section-height-default elementor-section-height-default\" data-id=\"499b1db\" data-element_type=\"section\" data-e-type=\"section\">\n\t\t\t\t\t\t<div class=\"elementor-container elementor-column-gap-default\">\n\t\t\t\t\t<div class=\"elementor-column elementor-col-100 elementor-top-column elementor-element elementor-element-8af4ab9\" data-id=\"8af4ab9\" data-element_type=\"column\" data-e-type=\"column\">\n\t\t\t<div class=\"elementor-widget-wrap elementor-element-populated\">\n\t\t\t\t\t\t<div class=\"elementor-element elementor-element-de27102 elementor-widget elementor-widget-text-editor\" data-id=\"de27102\" data-element_type=\"widget\" data-e-type=\"widget\" data-widget_type=\"text-editor.default\">\n\t\t\t\t<div class=\"elementor-widget-container\">\n\t\t\t\t\t\t\t\t\t<p><strong>Pol\u00edtica de Cookies<\/strong><\/p><p>L'acc\u00e9s a la Web pot implicar l'\u00fas de cookies, encara que la p\u00e0gina pot funcionar sense utilitzar-lo. Les cookies s\u00f3n arxius petits que emmagatzemen informaci\u00f3 al navegador de cada usuari de manera que el servidor pugui recon\u00e8ixer certa informaci\u00f3 que nom\u00e9s el servidor pugui llegir. Les galetes duren un temps limitat. Cap galeta no permet revelar qualsevol tel\u00e8fon, correu electr\u00f2nic o altres detalls d'identificaci\u00f3. Les galetes no poden extreure cap informaci\u00f3 del disc dur de l'usuari o obtenir informaci\u00f3 personal sobre aquest. L'\u00fanica manera que la informaci\u00f3 personal d'un usuari pot formar part d'un fitxer de la galeta \u00e9s si l'usuari personalment dona aquesta informaci\u00f3 al servidor. Encara que les galetes ens ajuden a optimitzar el vostre proc\u00e9s de reserva, els usuaris que no vulguin rebre les galetes o que no vulguin que s'informi de la vostra visita, poden configurar el vostre navegador a aquest efecte. Tots els navegadors d'Internet tenen opcions disponibles en la configuraci\u00f3 que permeten bloquejar o permetre les galetes de llocs web concrets.<\/p><table><tbody><tr><td colspan=\"3\"><p><strong>Les nostres Cookies<\/strong><\/p><\/td><\/tr><tr><td><p><strong>Categoria \/ Tipus<\/strong><\/p><\/td><td><p><strong>Nom de la cookie<\/strong><\/p><\/td><td><p><strong>Prop\u00f2sit<\/strong><\/p><\/td><\/tr><tr><td><p>Funcionament de la web<\/p><\/td><td><p>DispoParams<\/p><\/td><td><p>Emmagatzema informaci\u00f3 necess\u00e0ria per a la cerca de disponibilitat.<\/p><\/td><\/tr><tr><td><p>Funcionament de la web<\/p><\/td><td><p>no_mostrar_banernew<\/p><\/td><td><p>Evita que torni a apar\u00e8ixer el banner d'informaci\u00f3.<\/p><\/td><\/tr><tr><td><p>Seguretat<\/p><\/td><td><p>crsftoken<\/p><\/td><td><p>Evita que tercers puguin realitzar accions als llocs que hem iniciat sessi\u00f3 sense el nostre coneixement.<\/p><\/td><\/tr><tr><td colspan=\"3\"><p><strong>Cookies de Tercers<\/strong><\/p><\/td><\/tr><tr><td><p><strong>Categoria \/ Tipus<\/strong><\/p><\/td><td><p><strong>Tercer<\/strong><\/p><\/td><td><p><strong>Prop\u00f2sit \/ Informaci\u00f3 addicional<\/strong><\/p><\/td><\/tr><tr><td><p>An\u00e0lisi del lloc<\/p><\/td><td><p>Google<\/p><\/td><td><p>Monitorar la navegaci\u00f3 de l'usuari a la web amb la finalitat d'analitzar l'\u00fas que se'n fa, detectar incid\u00e8ncies i millorar-ne la usabilitat.<\/p><\/td><\/tr><tr><td><p>Gesti\u00f3 de favorits i enlla\u00e7os<\/p><\/td><td><p>AddThis, Facebook, Google+, Twitter<\/p><\/td><td><p>Permeten compartir enlla\u00e7os a les xarxes socials i llocs web m\u00e9s coneguts.<\/p><\/td><\/tr><tr><td colspan=\"3\"><p><strong>Cookies de Tercers destinades a m\u00e0rqueting<\/strong><\/p><\/td><\/tr><tr><td><p><strong>Categoria \/ Tipus<\/strong><\/p><\/td><td><p><strong>Tercer<\/strong><\/p><\/td><td><p><strong>Prop\u00f2sit \/ Informaci\u00f3 addicional<\/strong><\/p><\/td><\/tr><tr><td><p>M\u00e0rqueting \u2013 Retargeting.<\/p><\/td><td><p>Zanox, Veu Interactive, TripAdvisor<\/p><\/td><td><p>Gesti\u00f3 d'anuncis publicitaris amb les millors ofertes segons les localitats on has estat buscant anteriorment.<\/p><\/td><\/tr><tr><td><p>M\u00e0rqueting \u2013 Retargeting.<\/p><\/td><td><p>Affilinet, Google Adwords. Sociomantic, TripAdvisor<\/p><\/td><td><p>Monitorar l'efectivitat de les campanyes publicit\u00e0ries per mostrar missatges que siguin rellevants.<\/p><\/td><\/tr><\/tbody><\/table><p class=\"translation-block\"><br>La nostra p\u00e0gina i e-mails amb format HTML poden utilitzar balises i\/o galetes per realitzar estad\u00edstiques sobre l'\u00fas de la nostra p\u00e0gina web. Una balisa web \u00e9s una imatge col\u00b7locada al missatge per informar-nos de la visualitzaci\u00f3 del missatge, amb l'\u00fanic objectiu de realitzar estad\u00edstiques d'\u00fas. Per a m\u00e9s informaci\u00f3 sobre com bloquejar l'\u00fas de les galetes a trav\u00e9s del navegador Chrome feu clic \u00a0<a href=\"https:\/\/support.google.com\/chrome\/answer\/95647?hl=es&amp;co=GENIE.Platform=Desktop\" target=\"_self\">aqu\u00ed<\/a>\u00a0Per a m\u00e9s informaci\u00f3 sobre com bloquejar l'\u00fas de les cookies a trav\u00e9s del navegador Explorer premi <a href=\"https:\/\/support.microsoft.com\/ca-ca\/help\/17442\/windows -internet-explorer-delete-manage-cookies\" target=\"_self\">aqu\u00ed<\/a>\u00a0Per a m\u00e9s informaci\u00f3 sobre com bloquejar l'\u00fas de les cookies a trav\u00e9s del navegador Firefox feu clic <a href=\"https:\/\/support. mozilla.org\/ca\/kb\/habilitar-y-deshabilitar-cookies-llocs-web-rastrear-preferencias?redirectlocale=ca&amp;redirectslug=habilitar-y-deshabilitar-cookies-que-los-llocs-we\" target=\"_self\"> aqu\u00ed<\/a>\u00a0Per a m\u00e9s informaci\u00f3 sobre com bloquejar l'\u00fas de les cookies a trav\u00e9s del navegador Safari premi <a href=\"https:\/\/support.apple.com\/kb\/ph5042?locale=ca_LA\" target=\"_self\">aqu\u00ed<\/a><\/p><p>\u00a0<\/p><p>\u00a0<\/p>\t\t\t\t\t\t\t\t<\/div>\n\t\t\t\t<\/div>\n\t\t\t\t\t<\/div>\n\t\t<\/div>\n\t\t\t\t\t<\/div>\n\t\t<\/section>\n\t\t\t\t<\/div>","protected":false},"excerpt":{"rendered":"<p>POL\u00cdTICA DE COOKIES Pol\u00edtica de Cookies El acceso a la Web puede implicar el uso de cookies, aunque la p\u00e1gina puede funcionar sin su uso. Las cookies son archivos peque\u00f1os que almacenan informaci\u00f3n en el navegador de cada usuario de modo que el servidor pueda reconocer cierta informaci\u00f3n que solamente el servidor pueda leer. Las [&hellip;]<\/p>\n","protected":false},"author":2,"featured_media":0,"parent":0,"menu_order":0,"comment_status":"closed","ping_status":"closed","template":"","meta":{"footnotes":""},"class_list":["post-207","page","type-page","status-publish","hentry"],"yoast_head":"<!-- This site is optimized with the Yoast SEO plugin v27.4 - https:\/\/yoast.com\/product\/yoast-seo-wordpress\/ -->\n<title>Pol\u00edtica de Cookies - 30\u00ba hotels<\/title>\n<meta name=\"robots\" content=\"index, follow, max-snippet:-1, max-image-preview:large, max-video-preview:-1\" \/>\n<link rel=\"canonical\" href=\"https:\/\/30degreeshotels.com\/ca\/politica-de-cookies\/\" \/>\n<meta property=\"og:locale\" content=\"ca_ES\" \/>\n<meta property=\"og:type\" content=\"article\" \/>\n<meta property=\"og:title\" content=\"Pol\u00edtica de Cookies - 30\u00ba hotels\" \/>\n<meta property=\"og:description\" content=\"POL\u00cdTICA DE COOKIES Pol\u00edtica de Cookies El acceso a la Web puede implicar el uso de cookies, aunque la p\u00e1gina puede funcionar sin su uso. Las cookies son archivos peque\u00f1os que almacenan informaci\u00f3n en el navegador de cada usuario de modo que el servidor pueda reconocer cierta informaci\u00f3n que solamente el servidor pueda leer. Las [&hellip;]\" \/>\n<meta property=\"og:url\" content=\"https:\/\/30degreeshotels.com\/ca\/politica-de-cookies\/\" \/>\n<meta property=\"og:site_name\" content=\"30\u00ba hotels\" \/>\n<meta property=\"article:publisher\" content=\"https:\/\/www.facebook.com\/30degreeshotels\" \/>\n<meta property=\"article:modified_time\" content=\"2023-03-09T15:20:11+00:00\" \/>\n<meta name=\"twitter:card\" content=\"summary_large_image\" \/>\n<meta name=\"twitter:label1\" content=\"Temps estimat de lectura\" \/>\n\t<meta name=\"twitter:data1\" content=\"3 minuts\" \/>\n<script type=\"application\/ld+json\" class=\"yoast-schema-graph\">{\"@context\":\"https:\\\/\\\/schema.org\",\"@graph\":[{\"@type\":\"WebPage\",\"@id\":\"https:\\\/\\\/30degreeshotels.com\\\/politica-de-cookies\\\/\",\"url\":\"https:\\\/\\\/30degreeshotels.com\\\/politica-de-cookies\\\/\",\"name\":\"Pol\u00edtica de Cookies - 30\u00ba hotels\",\"isPartOf\":{\"@id\":\"https:\\\/\\\/30degreeshotels.com\\\/#website\"},\"datePublished\":\"2023-01-18T13:39:33+00:00\",\"dateModified\":\"2023-03-09T15:20:11+00:00\",\"breadcrumb\":{\"@id\":\"https:\\\/\\\/30degreeshotels.com\\\/politica-de-cookies\\\/#breadcrumb\"},\"inLanguage\":\"ca\",\"potentialAction\":[{\"@type\":\"ReadAction\",\"target\":[\"https:\\\/\\\/30degreeshotels.com\\\/politica-de-cookies\\\/\"]}]},{\"@type\":\"BreadcrumbList\",\"@id\":\"https:\\\/\\\/30degreeshotels.com\\\/politica-de-cookies\\\/#breadcrumb\",\"itemListElement\":[{\"@type\":\"ListItem\",\"position\":1,\"name\":\"30\u00ba hotels &amp; apartments\",\"item\":\"https:\\\/\\\/30degreeshotels.com\\\/\"},{\"@type\":\"ListItem\",\"position\":2,\"name\":\"Pol\u00edtica de Cookies\"}]},{\"@type\":\"WebSite\",\"@id\":\"https:\\\/\\\/30degreeshotels.com\\\/#website\",\"url\":\"https:\\\/\\\/30degreeshotels.com\\\/\",\"name\":\"30\u00ba hotels\",\"description\":\"Holidays are not optional\",\"publisher\":{\"@id\":\"https:\\\/\\\/30degreeshotels.com\\\/#organization\"},\"potentialAction\":[{\"@type\":\"SearchAction\",\"target\":{\"@type\":\"EntryPoint\",\"urlTemplate\":\"https:\\\/\\\/30degreeshotels.com\\\/?s={search_term_string}\"},\"query-input\":{\"@type\":\"PropertyValueSpecification\",\"valueRequired\":true,\"valueName\":\"search_term_string\"}}],\"inLanguage\":\"ca\"},{\"@type\":\"Organization\",\"@id\":\"https:\\\/\\\/30degreeshotels.com\\\/#organization\",\"name\":\"30\u00ba hotels\",\"url\":\"https:\\\/\\\/30degreeshotels.com\\\/\",\"logo\":{\"@type\":\"ImageObject\",\"inLanguage\":\"ca\",\"@id\":\"https:\\\/\\\/30degreeshotels.com\\\/#\\\/schema\\\/logo\\\/image\\\/\",\"url\":\"https:\\\/\\\/30degreeshotels.com\\\/wp-content\\\/uploads\\\/2023\\\/01\\\/30o-LOGO.webp\",\"contentUrl\":\"https:\\\/\\\/30degreeshotels.com\\\/wp-content\\\/uploads\\\/2023\\\/01\\\/30o-LOGO.webp\",\"width\":800,\"height\":800,\"caption\":\"30\u00ba hotels\"},\"image\":{\"@id\":\"https:\\\/\\\/30degreeshotels.com\\\/#\\\/schema\\\/logo\\\/image\\\/\"},\"sameAs\":[\"https:\\\/\\\/www.facebook.com\\\/30degreeshotels\",\"https:\\\/\\\/www.instagram.com\\\/30degreeshotels\\\/\"]}]}<\/script>\n<!-- \/ Yoast SEO plugin. -->","yoast_head_json":{"title":"Pol\u00edtica de Cookies - 30 hotels","robots":{"index":"index","follow":"follow","max-snippet":"max-snippet:-1","max-image-preview":"max-image-preview:large","max-video-preview":"max-video-preview:-1"},"canonical":"https:\/\/30degreeshotels.com\/ca\/politica-de-cookies\/","og_locale":"ca_ES","og_type":"article","og_title":"Pol\u00edtica de Cookies - 30\u00ba hotels","og_description":"POL\u00cdTICA DE COOKIES Pol\u00edtica de Cookies El acceso a la Web puede implicar el uso de cookies, aunque la p\u00e1gina puede funcionar sin su uso. Las cookies son archivos peque\u00f1os que almacenan informaci\u00f3n en el navegador de cada usuario de modo que el servidor pueda reconocer cierta informaci\u00f3n que solamente el servidor pueda leer. Las [&hellip;]","og_url":"https:\/\/30degreeshotels.com\/ca\/politica-de-cookies\/","og_site_name":"30\u00ba hotels","article_publisher":"https:\/\/www.facebook.com\/30degreeshotels","article_modified_time":"2023-03-09T15:20:11+00:00","twitter_card":"summary_large_image","twitter_misc":{"Temps estimat de lectura":"3 minuts"},"schema":{"@context":"https:\/\/schema.org","@graph":[{"@type":"WebPage","@id":"https:\/\/30degreeshotels.com\/politica-de-cookies\/","url":"https:\/\/30degreeshotels.com\/politica-de-cookies\/","name":"Pol\u00edtica de Cookies - 30 hotels","isPartOf":{"@id":"https:\/\/30degreeshotels.com\/#website"},"datePublished":"2023-01-18T13:39:33+00:00","dateModified":"2023-03-09T15:20:11+00:00","breadcrumb":{"@id":"https:\/\/30degreeshotels.com\/politica-de-cookies\/#breadcrumb"},"inLanguage":"ca","potentialAction":[{"@type":"ReadAction","target":["https:\/\/30degreeshotels.com\/politica-de-cookies\/"]}]},{"@type":"BreadcrumbList","@id":"https:\/\/30degreeshotels.com\/politica-de-cookies\/#breadcrumb","itemListElement":[{"@type":"ListItem","position":1,"name":"30\u00ba hotels &amp; apartments","item":"https:\/\/30degreeshotels.com\/"},{"@type":"ListItem","position":2,"name":"Pol\u00edtica de Cookies"}]},{"@type":"WebSite","@id":"https:\/\/30degreeshotels.com\/#website","url":"https:\/\/30degreeshotels.com\/","name":"30\u00ba hotels","description":"Holidays are not optional","publisher":{"@id":"https:\/\/30degreeshotels.com\/#organization"},"potentialAction":[{"@type":"SearchAction","target":{"@type":"EntryPoint","urlTemplate":"https:\/\/30degreeshotels.com\/?s={search_term_string}"},"query-input":{"@type":"PropertyValueSpecification","valueRequired":true,"valueName":"search_term_string"}}],"inLanguage":"ca"},{"@type":"Organization","@id":"https:\/\/30degreeshotels.com\/#organization","name":"30\u00ba hotels","url":"https:\/\/30degreeshotels.com\/","logo":{"@type":"ImageObject","inLanguage":"ca","@id":"https:\/\/30degreeshotels.com\/#\/schema\/logo\/image\/","url":"https:\/\/30degreeshotels.com\/wp-content\/uploads\/2023\/01\/30o-LOGO.webp","contentUrl":"https:\/\/30degreeshotels.com\/wp-content\/uploads\/2023\/01\/30o-LOGO.webp","width":800,"height":800,"caption":"30\u00ba hotels"},"image":{"@id":"https:\/\/30degreeshotels.com\/#\/schema\/logo\/image\/"},"sameAs":["https:\/\/www.facebook.com\/30degreeshotels","https:\/\/www.instagram.com\/30degreeshotels\/"]}]}},"_links":{"self":[{"href":"https:\/\/30degreeshotels.com\/ca\/wp-json\/wp\/v2\/pages\/207","targetHints":{"allow":["GET"]}}],"collection":[{"href":"https:\/\/30degreeshotels.com\/ca\/wp-json\/wp\/v2\/pages"}],"about":[{"href":"https:\/\/30degreeshotels.com\/ca\/wp-json\/wp\/v2\/types\/page"}],"author":[{"embeddable":true,"href":"https:\/\/30degreeshotels.com\/ca\/wp-json\/wp\/v2\/users\/2"}],"replies":[{"embeddable":true,"href":"https:\/\/30degreeshotels.com\/ca\/wp-json\/wp\/v2\/comments?post=207"}],"version-history":[{"count":4,"href":"https:\/\/30degreeshotels.com\/ca\/wp-json\/wp\/v2\/pages\/207\/revisions"}],"predecessor-version":[{"id":3178,"href":"https:\/\/30degreeshotels.com\/ca\/wp-json\/wp\/v2\/pages\/207\/revisions\/3178"}],"wp:attachment":[{"href":"https:\/\/30degreeshotels.com\/ca\/wp-json\/wp\/v2\/media?parent=207"}],"curies":[{"name":"wp","href":"https:\/\/api.w.org\/{rel}","templated":true}]}}