{"id":64,"date":"2023-01-18T01:03:16","date_gmt":"2023-01-18T00:03:16","guid":{"rendered":"https:\/\/30dh.30degreeshotels.com\/?page_id=64"},"modified":"2023-05-10T11:20:00","modified_gmt":"2023-05-10T09:20:00","slug":"politica-de-privacidad","status":"publish","type":"page","link":"https:\/\/30degreeshotels.com\/ca\/politica-de-privacidad\/","title":{"rendered":"Pol\u00edtica de Privacitat"},"content":{"rendered":"<div data-elementor-type=\"wp-page\" data-elementor-id=\"64\" class=\"elementor elementor-64\" data-elementor-post-type=\"page\">\n\t\t\t\t\t\t<section class=\"elementor-section elementor-top-section elementor-element elementor-element-b2eae7d elementor-section-boxed elementor-section-height-default elementor-section-height-default\" data-id=\"b2eae7d\" data-element_type=\"section\" data-e-type=\"section\">\n\t\t\t\t\t\t\t<div class=\"elementor-background-overlay\"><\/div>\n\t\t\t\t\t\t\t<div class=\"elementor-container elementor-column-gap-default\">\n\t\t\t\t\t<div class=\"elementor-column elementor-col-100 elementor-top-column elementor-element elementor-element-98b81ee\" data-id=\"98b81ee\" data-element_type=\"column\" data-e-type=\"column\">\n\t\t\t<div class=\"elementor-widget-wrap elementor-element-populated\">\n\t\t\t\t\t\t<div class=\"elementor-element elementor-element-626b8f2 elementor-widget elementor-widget-heading\" data-id=\"626b8f2\" data-element_type=\"widget\" data-e-type=\"widget\" data-widget_type=\"heading.default\">\n\t\t\t\t<div class=\"elementor-widget-container\">\n\t\t\t\t\t<h2 class=\"elementor-heading-title elementor-size-default\">POL\u00cdTICA DE PRIVACITAT<\/h2>\t\t\t\t<\/div>\n\t\t\t\t<\/div>\n\t\t\t\t\t<\/div>\n\t\t<\/div>\n\t\t\t\t\t<\/div>\n\t\t<\/section>\n\t\t\t\t<section class=\"elementor-section elementor-top-section elementor-element elementor-element-499b1db elementor-section-boxed elementor-section-height-default elementor-section-height-default\" data-id=\"499b1db\" data-element_type=\"section\" data-e-type=\"section\">\n\t\t\t\t\t\t<div class=\"elementor-container elementor-column-gap-default\">\n\t\t\t\t\t<div class=\"elementor-column elementor-col-100 elementor-top-column elementor-element elementor-element-8af4ab9\" data-id=\"8af4ab9\" data-element_type=\"column\" data-e-type=\"column\">\n\t\t\t<div class=\"elementor-widget-wrap elementor-element-populated\">\n\t\t\t\t\t\t<div class=\"elementor-element elementor-element-de27102 elementor-widget elementor-widget-text-editor\" data-id=\"de27102\" data-element_type=\"widget\" data-e-type=\"widget\" data-widget_type=\"text-editor.default\">\n\t\t\t\t<div class=\"elementor-widget-container\">\n\t\t\t\t\t\t\t\t\t<p class=\"translation-block\">EHO GRUP TURISTIC, SL. \u00e9s el\u00a0<strong>Responsable del tractament\u00a0<\/strong>de les dades personals de l'interessat o la interessada i ho informa que aquestes dades seran tractades d'acord amb el que disposen les normatives vigents en protecci\u00f3 de dades personals, el reglament (UE) 2016\/ 679 del 27 d'abril del 2016 (GDPR) i la Llei Org\u00e0nica 3\/2018 del 5 de desembre (LOPDGDD), pel qual se li facilita la informaci\u00f3 seg\u00fcent del tractament:<\/p><p class=\"translation-block\"><strong>Finalitat del tractament<\/strong>: fer part\u00edcip l'interessat o la interessada en els processos de selecci\u00f3 de personal, duent a terme una an\u00e0lisi del perfil de l'o de la sol\u00b7licitant amb l'objectiu de seleccionar el millor candidat per al lloc vacant de les empreses col\u00b7laboradors del Responsable.<\/p><p class=\"translation-block\"><strong>Legitimaci\u00f3<\/strong>: El tractament del CV i les dades personals estan basades en el consentiment que ha prestat l'interessat o la interessada a l'hora d'enviar les vostres dades al nostre correu electr\u00f2nic. En tot moment, linteressat o interessada, podr\u00e0 retirar el seu consentiment.<\/p><p class=\"translation-block\"><strong>Criteris de conservaci\u00f3 de les dades<\/strong>: Es conservaran les dades durant un termini m\u00e0xim de 2 anys, transcorregut el qual es procedir\u00e0 a la supressi\u00f3 de les dades garantint un total respecte a la confidencialitat tant amb el tractament com amb posterior destrucci\u00f3. En aquest sentit, transcorregut el termini esmentat, i si voleu continuar participant en els processos de selecci\u00f3 del Responsable, us demanem que ens envieu de nou el vostre curr\u00edculum.<\/p><p class=\"translation-block\"><strong>Actualitzaci\u00f3 de les dades<\/strong>: En cas de produir-se alguna modificaci\u00f3 en les vostres dades, us demanem que ens ho comuniqueu per escrit el m\u00e9s aviat possible per mantenir les vostres dades degudament organitzades.<\/p><p class=\"translation-block\"><strong>Comunicaci\u00f3 de les dades<\/strong>: es podran tractar i\/o comunicar a les empreses col\u00b7laboradores, durant el temps de conservaci\u00f3 del seu curr\u00edculum i per a les finalitats informades anteriorment.<\/p><p>Drets de l'interessat o la interessada:<\/p><ul><li>Dret a retirar el consentiment en qualsevol moment<\/li><li>Dret d'acc\u00e9s, rectificaci\u00f3, portabilitat i supressi\u00f3 de les vostres dades i a la limitaci\u00f3 i\/o oposici\u00f3 al tractament d'aquestes<\/li><li class=\"translation-block\">Dret a presentar una reclamaci\u00f3 davant l'Autoritat de control (<a href=\"http:\/\/www.aepd.es\/\" target=\"_self\">www.aepd.es<\/a>) si considera que el tractament no s'ajusta a la normativa vigent.<\/li><li>Dret a sol\u00b7licitar l'acc\u00e9s a les dades personals relatives a l'interessat: \u00e9s el dret a obtenir confirmaci\u00f3 positiva o negativa sobre si s'estan tractant dades personals que el concerneixen.<\/li><li>Dret a sol\u00b7licitar la rectificaci\u00f3 o supressi\u00f3 de les dades: \u00e9s el dret a rectificar els inexactes o incomplets, o a sol\u00b7licitar-ne la supressi\u00f3 en determinades circumst\u00e0ncies.<\/li><li>Dret a sol\u00b7licitar la limitaci\u00f3 del tractament: \u00e9s el dret pel qual els interessats, en determinades circumst\u00e0ncies, puguin sol\u00b7licitar la limitaci\u00f3 del tractament, i en aquest cas el prestador nom\u00e9s els conservar\u00e0 per a l'exercici o defensa de reclamacions.<\/li><li>Dret a oposar-se al tractament de les dades: \u00e9s el dret que assisteix l'interessat per, en determinats sup\u00f2sits, oposar-se al tractament de les dades.<\/li><li>Dret a la portabilitat de les dades: \u00e9s el dret a rebre les dades personals que l'incumbeixin per part d'un responsable del tractament, en un format estructurat, d'\u00fas com\u00fa i lectura mec\u00e0nica, per tal de transmetre-les a un altre responsable del tractament, en determinades circumst\u00e0ncies i sense que ho impedeixi el responsable a qui els hagi facilitat, aix\u00ed com el dret a sol\u00b7licitar que es transmetin entre ells quan sigui t\u00e8cnicament possible.<\/li><li>Dret a no ser objecte de decisions individuals automatitzades: \u00e9s el dret a no ser objecte d'una decisi\u00f3 basada \u00fanicament en el tractament automatitzat, inclosa l'elaboraci\u00f3 de perfils, que hi produeixi efectes jur\u00eddics o l'afecti significativament de manera similar. Els interessats podran exercir els seus drets mitjan\u00e7ant alguna de les adreces postal i de correu electr\u00f2nic.<\/li><\/ul><p>\u00a0<\/p><p>Dades de contacte per exercir els vostres drets: EHO GRUP TURISTIC SL.<\/p><p>NIF: B55343222 Domicili: Carrer Barcelona, 18, 08370 Calella, Barcelona<\/p><p>Email:\u00a0<a href=\"mailto:info@30degreeshotels.com\">info@30degreeshotels.com<\/a><\/p>\t\t\t\t\t\t\t\t<\/div>\n\t\t\t\t<\/div>\n\t\t\t\t\t<\/div>\n\t\t<\/div>\n\t\t\t\t\t<\/div>\n\t\t<\/section>\n\t\t\t\t<\/div>","protected":false},"excerpt":{"rendered":"<p>POL\u00cdTICA DE PRIVACIDAD EHO GRUP TURISTIC, SL. es el\u00a0Responsable del tratamiento\u00a0de los datos personales del interesado o la interesada y lo informa que estos datos ser\u00e1n tratados conforme con lo dispuesto en las normativas vigentes en protecci\u00f3n de datos personales, el reglamento (UE) 2016\/679 del 27 de abril de 2016 (GDPR) y la Ley Org\u00e1nica [&hellip;]<\/p>\n","protected":false},"author":2,"featured_media":0,"parent":0,"menu_order":0,"comment_status":"closed","ping_status":"closed","template":"","meta":{"footnotes":""},"class_list":["post-64","page","type-page","status-publish","hentry"],"yoast_head":"<!-- This site is optimized with the Yoast SEO plugin v27.4 - https:\/\/yoast.com\/product\/yoast-seo-wordpress\/ -->\n<title>Pol\u00edtica de Privacidad - 30\u00ba hotels<\/title>\n<meta name=\"robots\" content=\"index, follow, max-snippet:-1, max-image-preview:large, max-video-preview:-1\" \/>\n<link rel=\"canonical\" href=\"https:\/\/30degreeshotels.com\/ca\/politica-de-privacidad\/\" \/>\n<meta property=\"og:locale\" content=\"ca_ES\" \/>\n<meta property=\"og:type\" content=\"article\" \/>\n<meta property=\"og:title\" content=\"Pol\u00edtica de Privacidad - 30\u00ba hotels\" \/>\n<meta property=\"og:description\" content=\"POL\u00cdTICA DE PRIVACIDAD EHO GRUP TURISTIC, SL. es el\u00a0Responsable del tratamiento\u00a0de los datos personales del interesado o la interesada y lo informa que estos datos ser\u00e1n tratados conforme con lo dispuesto en las normativas vigentes en protecci\u00f3n de datos personales, el reglamento (UE) 2016\/679 del 27 de abril de 2016 (GDPR) y la Ley Org\u00e1nica [&hellip;]\" \/>\n<meta property=\"og:url\" content=\"https:\/\/30degreeshotels.com\/ca\/politica-de-privacidad\/\" \/>\n<meta property=\"og:site_name\" content=\"30\u00ba hotels\" \/>\n<meta property=\"article:publisher\" content=\"https:\/\/www.facebook.com\/30degreeshotels\" \/>\n<meta property=\"article:modified_time\" content=\"2023-05-10T09:20:00+00:00\" \/>\n<meta name=\"twitter:card\" content=\"summary_large_image\" \/>\n<meta name=\"twitter:label1\" content=\"Temps estimat de lectura\" \/>\n\t<meta name=\"twitter:data1\" content=\"3 minuts\" \/>\n<script type=\"application\/ld+json\" class=\"yoast-schema-graph\">{\"@context\":\"https:\\\/\\\/schema.org\",\"@graph\":[{\"@type\":\"WebPage\",\"@id\":\"https:\\\/\\\/30degreeshotels.com\\\/politica-de-privacidad\\\/\",\"url\":\"https:\\\/\\\/30degreeshotels.com\\\/politica-de-privacidad\\\/\",\"name\":\"Pol\u00edtica de Privacidad - 30\u00ba hotels\",\"isPartOf\":{\"@id\":\"https:\\\/\\\/30degreeshotels.com\\\/#website\"},\"datePublished\":\"2023-01-18T00:03:16+00:00\",\"dateModified\":\"2023-05-10T09:20:00+00:00\",\"breadcrumb\":{\"@id\":\"https:\\\/\\\/30degreeshotels.com\\\/politica-de-privacidad\\\/#breadcrumb\"},\"inLanguage\":\"ca\",\"potentialAction\":[{\"@type\":\"ReadAction\",\"target\":[\"https:\\\/\\\/30degreeshotels.com\\\/politica-de-privacidad\\\/\"]}]},{\"@type\":\"BreadcrumbList\",\"@id\":\"https:\\\/\\\/30degreeshotels.com\\\/politica-de-privacidad\\\/#breadcrumb\",\"itemListElement\":[{\"@type\":\"ListItem\",\"position\":1,\"name\":\"30\u00ba hotels &amp; apartments\",\"item\":\"https:\\\/\\\/30degreeshotels.com\\\/\"},{\"@type\":\"ListItem\",\"position\":2,\"name\":\"Pol\u00edtica de Privacidad\"}]},{\"@type\":\"WebSite\",\"@id\":\"https:\\\/\\\/30degreeshotels.com\\\/#website\",\"url\":\"https:\\\/\\\/30degreeshotels.com\\\/\",\"name\":\"30\u00ba hotels\",\"description\":\"Holidays are not optional\",\"publisher\":{\"@id\":\"https:\\\/\\\/30degreeshotels.com\\\/#organization\"},\"potentialAction\":[{\"@type\":\"SearchAction\",\"target\":{\"@type\":\"EntryPoint\",\"urlTemplate\":\"https:\\\/\\\/30degreeshotels.com\\\/?s={search_term_string}\"},\"query-input\":{\"@type\":\"PropertyValueSpecification\",\"valueRequired\":true,\"valueName\":\"search_term_string\"}}],\"inLanguage\":\"ca\"},{\"@type\":\"Organization\",\"@id\":\"https:\\\/\\\/30degreeshotels.com\\\/#organization\",\"name\":\"30\u00ba hotels\",\"url\":\"https:\\\/\\\/30degreeshotels.com\\\/\",\"logo\":{\"@type\":\"ImageObject\",\"inLanguage\":\"ca\",\"@id\":\"https:\\\/\\\/30degreeshotels.com\\\/#\\\/schema\\\/logo\\\/image\\\/\",\"url\":\"https:\\\/\\\/30degreeshotels.com\\\/wp-content\\\/uploads\\\/2023\\\/01\\\/30o-LOGO.webp\",\"contentUrl\":\"https:\\\/\\\/30degreeshotels.com\\\/wp-content\\\/uploads\\\/2023\\\/01\\\/30o-LOGO.webp\",\"width\":800,\"height\":800,\"caption\":\"30\u00ba hotels\"},\"image\":{\"@id\":\"https:\\\/\\\/30degreeshotels.com\\\/#\\\/schema\\\/logo\\\/image\\\/\"},\"sameAs\":[\"https:\\\/\\\/www.facebook.com\\\/30degreeshotels\",\"https:\\\/\\\/www.instagram.com\\\/30degreeshotels\\\/\"]}]}<\/script>\n<!-- \/ Yoast SEO plugin. -->","yoast_head_json":{"title":"Pol\u00edtica de Privadesa - 30\u00e8 hotels","robots":{"index":"index","follow":"follow","max-snippet":"max-snippet:-1","max-image-preview":"max-image-preview:large","max-video-preview":"max-video-preview:-1"},"canonical":"https:\/\/30degreeshotels.com\/ca\/politica-de-privacidad\/","og_locale":"ca_ES","og_type":"article","og_title":"Pol\u00edtica de Privacidad - 30\u00ba hotels","og_description":"POL\u00cdTICA DE PRIVACIDAD EHO GRUP TURISTIC, SL. es el\u00a0Responsable del tratamiento\u00a0de los datos personales del interesado o la interesada y lo informa que estos datos ser\u00e1n tratados conforme con lo dispuesto en las normativas vigentes en protecci\u00f3n de datos personales, el reglamento (UE) 2016\/679 del 27 de abril de 2016 (GDPR) y la Ley Org\u00e1nica [&hellip;]","og_url":"https:\/\/30degreeshotels.com\/ca\/politica-de-privacidad\/","og_site_name":"30\u00ba hotels","article_publisher":"https:\/\/www.facebook.com\/30degreeshotels","article_modified_time":"2023-05-10T09:20:00+00:00","twitter_card":"summary_large_image","twitter_misc":{"Temps estimat de lectura":"3 minuts"},"schema":{"@context":"https:\/\/schema.org","@graph":[{"@type":"WebPage","@id":"https:\/\/30degreeshotels.com\/politica-de-privacidad\/","url":"https:\/\/30degreeshotels.com\/politica-de-privacidad\/","name":"Pol\u00edtica de Privadesa - 30\u00e8 hotels","isPartOf":{"@id":"https:\/\/30degreeshotels.com\/#website"},"datePublished":"2023-01-18T00:03:16+00:00","dateModified":"2023-05-10T09:20:00+00:00","breadcrumb":{"@id":"https:\/\/30degreeshotels.com\/politica-de-privacidad\/#breadcrumb"},"inLanguage":"ca","potentialAction":[{"@type":"ReadAction","target":["https:\/\/30degreeshotels.com\/politica-de-privacidad\/"]}]},{"@type":"BreadcrumbList","@id":"https:\/\/30degreeshotels.com\/politica-de-privacidad\/#breadcrumb","itemListElement":[{"@type":"ListItem","position":1,"name":"30\u00ba hotels &amp; apartments","item":"https:\/\/30degreeshotels.com\/"},{"@type":"ListItem","position":2,"name":"Pol\u00edtica de Privacidad"}]},{"@type":"WebSite","@id":"https:\/\/30degreeshotels.com\/#website","url":"https:\/\/30degreeshotels.com\/","name":"30\u00ba hotels","description":"Holidays are not optional","publisher":{"@id":"https:\/\/30degreeshotels.com\/#organization"},"potentialAction":[{"@type":"SearchAction","target":{"@type":"EntryPoint","urlTemplate":"https:\/\/30degreeshotels.com\/?s={search_term_string}"},"query-input":{"@type":"PropertyValueSpecification","valueRequired":true,"valueName":"search_term_string"}}],"inLanguage":"ca"},{"@type":"Organization","@id":"https:\/\/30degreeshotels.com\/#organization","name":"30\u00ba hotels","url":"https:\/\/30degreeshotels.com\/","logo":{"@type":"ImageObject","inLanguage":"ca","@id":"https:\/\/30degreeshotels.com\/#\/schema\/logo\/image\/","url":"https:\/\/30degreeshotels.com\/wp-content\/uploads\/2023\/01\/30o-LOGO.webp","contentUrl":"https:\/\/30degreeshotels.com\/wp-content\/uploads\/2023\/01\/30o-LOGO.webp","width":800,"height":800,"caption":"30\u00ba hotels"},"image":{"@id":"https:\/\/30degreeshotels.com\/#\/schema\/logo\/image\/"},"sameAs":["https:\/\/www.facebook.com\/30degreeshotels","https:\/\/www.instagram.com\/30degreeshotels\/"]}]}},"_links":{"self":[{"href":"https:\/\/30degreeshotels.com\/ca\/wp-json\/wp\/v2\/pages\/64","targetHints":{"allow":["GET"]}}],"collection":[{"href":"https:\/\/30degreeshotels.com\/ca\/wp-json\/wp\/v2\/pages"}],"about":[{"href":"https:\/\/30degreeshotels.com\/ca\/wp-json\/wp\/v2\/types\/page"}],"author":[{"embeddable":true,"href":"https:\/\/30degreeshotels.com\/ca\/wp-json\/wp\/v2\/users\/2"}],"replies":[{"embeddable":true,"href":"https:\/\/30degreeshotels.com\/ca\/wp-json\/wp\/v2\/comments?post=64"}],"version-history":[{"count":10,"href":"https:\/\/30degreeshotels.com\/ca\/wp-json\/wp\/v2\/pages\/64\/revisions"}],"predecessor-version":[{"id":5080,"href":"https:\/\/30degreeshotels.com\/ca\/wp-json\/wp\/v2\/pages\/64\/revisions\/5080"}],"wp:attachment":[{"href":"https:\/\/30degreeshotels.com\/ca\/wp-json\/wp\/v2\/media?parent=64"}],"curies":[{"name":"wp","href":"https:\/\/api.w.org\/{rel}","templated":true}]}}