{"id":9836,"date":"2024-05-30T11:45:11","date_gmt":"2024-05-30T09:45:11","guid":{"rendered":"https:\/\/30degreeshotels.com\/?page_id=9836"},"modified":"2026-03-25T19:53:04","modified_gmt":"2026-03-25T18:53:04","slug":"restaurante-y-bar","status":"publish","type":"page","link":"https:\/\/30degreeshotels.com\/ca\/hotel-bahia\/menu-restaurant\/restaurante-y-bar\/","title":{"rendered":"Restaurant i Bar"},"content":{"rendered":"<div data-elementor-type=\"wp-page\" data-elementor-id=\"9836\" class=\"elementor elementor-9836\" data-elementor-post-type=\"page\">\n\t\t\t\t\t\t<section class=\"elementor-section elementor-top-section elementor-element elementor-element-f9bcd99 elementor-section-full_width elementor-section-stretched elementor-section-height-default elementor-section-height-default\" data-id=\"f9bcd99\" data-element_type=\"section\" data-e-type=\"section\" data-settings=\"{&quot;stretch_section&quot;:&quot;section-stretched&quot;,&quot;background_background&quot;:&quot;classic&quot;}\">\n\t\t\t\t\t\t<div class=\"elementor-container elementor-column-gap-default\">\n\t\t\t\t\t<div class=\"elementor-column elementor-col-50 elementor-top-column elementor-element elementor-element-1875b80\" data-id=\"1875b80\" data-element_type=\"column\" data-e-type=\"column\">\n\t\t\t<div class=\"elementor-widget-wrap elementor-element-populated\">\n\t\t\t\t\t\t<div class=\"elementor-element elementor-element-5549736 elementor-view-default elementor-widget elementor-widget-icon\" data-id=\"5549736\" data-element_type=\"widget\" data-e-type=\"widget\" data-widget_type=\"icon.default\">\n\t\t\t\t<div class=\"elementor-widget-container\">\n\t\t\t\t\t\t\t<div class=\"elementor-icon-wrapper\">\n\t\t\t<a class=\"elementor-icon\" href=\"https:\/\/30degreeshotels.com\/ca\/hotel-bahia\/menu-restaurant\/\">\n\t\t\t<i aria-hidden=\"true\" class=\"fas fa-home\"><\/i>\t\t\t<\/a>\n\t\t<\/div>\n\t\t\t\t\t\t<\/div>\n\t\t\t\t<\/div>\n\t\t\t\t\t<\/div>\n\t\t<\/div>\n\t\t\t\t<div class=\"elementor-column elementor-col-50 elementor-top-column elementor-element elementor-element-3d6bcce\" data-id=\"3d6bcce\" data-element_type=\"column\" data-e-type=\"column\">\n\t\t\t<div class=\"elementor-widget-wrap elementor-element-populated\">\n\t\t\t\t\t\t<div class=\"elementor-element elementor-element-3e06d80 elementor-widget-mobile__width-initial elementor-widget elementor-widget-heading\" data-id=\"3e06d80\" data-element_type=\"widget\" data-e-type=\"widget\" data-widget_type=\"heading.default\">\n\t\t\t\t<div class=\"elementor-widget-container\">\n\t\t\t\t\t<h2 class=\"elementor-heading-title elementor-size-default\">RESTAURANT I BAR<\/h2>\t\t\t\t<\/div>\n\t\t\t\t<\/div>\n\t\t\t\t\t<\/div>\n\t\t<\/div>\n\t\t\t\t\t<\/div>\n\t\t<\/section>\n\t\t\t\t<section class=\"elementor-section elementor-top-section elementor-element elementor-element-118fc09 elementor-section-boxed elementor-section-height-default elementor-section-height-default\" data-id=\"118fc09\" data-element_type=\"section\" data-e-type=\"section\">\n\t\t\t\t\t\t<div class=\"elementor-container elementor-column-gap-default\">\n\t\t\t\t\t<div class=\"elementor-column elementor-col-100 elementor-top-column elementor-element elementor-element-ea7b20a\" data-id=\"ea7b20a\" data-element_type=\"column\" data-e-type=\"column\">\n\t\t\t<div class=\"elementor-widget-wrap elementor-element-populated\">\n\t\t\t\t\t\t\t<\/div>\n\t\t<\/div>\n\t\t\t\t\t<\/div>\n\t\t<\/section>\n\t\t\t\t<section class=\"elementor-section elementor-top-section elementor-element elementor-element-a34fd8c elementor-section-full_width elementor-section-stretched elementor-section-height-default elementor-section-height-default\" data-id=\"a34fd8c\" data-element_type=\"section\" data-e-type=\"section\" data-settings=\"{&quot;stretch_section&quot;:&quot;section-stretched&quot;}\">\n\t\t\t\t\t\t<div class=\"elementor-container elementor-column-gap-default\">\n\t\t\t\t\t<div class=\"elementor-column elementor-col-100 elementor-top-column elementor-element elementor-element-f324b68\" data-id=\"f324b68\" data-element_type=\"column\" data-e-type=\"column\">\n\t\t\t<div class=\"elementor-widget-wrap elementor-element-populated\">\n\t\t\t\t\t\t<section class=\"elementor-section elementor-inner-section elementor-element elementor-element-06b9b86 elementor-section-full_width elementor-section-height-default elementor-section-height-default\" data-id=\"06b9b86\" data-element_type=\"section\" data-e-type=\"section\">\n\t\t\t\t\t\t<div class=\"elementor-container elementor-column-gap-default\">\n\t\t\t\t\t<div class=\"elementor-column elementor-col-33 elementor-inner-column elementor-element elementor-element-19466ea\" data-id=\"19466ea\" data-element_type=\"column\" data-e-type=\"column\" data-settings=\"{&quot;background_background&quot;:&quot;classic&quot;}\">\n\t\t\t<div class=\"elementor-widget-wrap elementor-element-populated\">\n\t\t\t\t\t\t<div class=\"elementor-element elementor-element-4d5c624 elementor-view-default elementor-widget elementor-widget-icon\" data-id=\"4d5c624\" data-element_type=\"widget\" data-e-type=\"widget\" data-widget_type=\"icon.default\">\n\t\t\t\t<div class=\"elementor-widget-container\">\n\t\t\t\t\t\t\t<div class=\"elementor-icon-wrapper\">\n\t\t\t<a class=\"elementor-icon\" href=\"https:\/\/30degreeshotels.com\/wp-content\/uploads\/2026\/03\/Bahia-Carta-Bar-10.03.26-3.pdf\">\n\t\t\t<svg xmlns=\"http:\/\/www.w3.org\/2000\/svg\" id=\"Capa_2\" data-name=\"Capa 2\" viewbox=\"0 0 1316.56 952.12\"><defs><style>      .cls-1 {        fill: #349bb2;        stroke-width: 0px;      }    <\/style><\/defs><g id=\"Capa_1-2\" data-name=\"Capa 1\"><path class=\"cls-1\" d=\"m1313.71,823.29C1039.99,453.05,867.45,223.45,796.08,134.5,727.8,48.5,684.27,3.85,665.48.55c0,0,0,0,0,0-.39-.08-.77-.14-1.14-.19-.09-.01-.18-.02-.27-.03-.36-.04-.72-.06-1.06-.06,0,0,0,0,0,0h-.26s-.24.01-.24.01l-.23.05c-.77-.1-1.7-.18-2.78-.23-1.04-.05-2.22-.08-3.54-.08h-.24s-.47,0-.47,0c-.17-.02-.34-.03-.52-.03-.4,0-.81.05-1.23.13-.18.03-.36.06-.54.1,0,0,0,0,0,0-.76.15-1.54.4-2.38.78h-.02s-4.24,1.03-4.24,1.03c-28.35,14.66-79.58,70.69-153.71,168.1C449.12,223.45,285.87,441.17,2.85,823.29c-5.86,6.14-2.69,22.16,9.52,48.05,29.87,53.85,48.54,80.79,56.02,80.79.72,0,1.34-.26,1.86-.76,14.26-20.93,28.19-41.36,41.79-61.3,275.06-403.33,414.99-605.41,419.81-606.22,54.62-78.98,96.55-121,125.79-126.06h-.02s.12,0,.12,0h.02c.07.34.14.51.2.51.06,0,.12-.17.17-.52h-.02l.86-.02h.02c30.92,6.95,73.05,49.17,126.39,126.65,49.31,64.68,188.06,266.19,416.23,604.48,12.75,18.91,25.77,38.22,39.08,57.98,2.33,3.13,4.57,4.7,6.72,4.7.16,0,.31-.01.47-.03,12.61-6.27,31.39-33.01,56.33-80.2,12.21-25.89,15.38-41.91,9.52-48.05Z\"><\/path><path class=\"cls-1\" d=\"m669.23,477.05c-.58,0-1.22.16-1.92.46h0s-2.08.51-2.08.51c-13.88,7.18-38.97,34.62-75.28,82.33-21.3,26.11-101.25,132.74-239.85,319.88-2.88,3.01-1.32,10.85,4.66,23.54,14.63,26.38,23.78,39.56,27.44,39.56.35,0,.66-.13.91-.37,148.24-217.53,223.59-326.51,226.07-326.92,26.75-38.68,47.29-59.26,61.6-61.74h-.01.07c.04.17.07.24.1.24.03,0,.06-.08.08-.25h0,.42s.01-.01.01-.01c15.14,3.41,35.78,24.08,61.9,62.03,25.49,33.44,99.83,141.59,222.98,324.44,1.15,1.53,2.24,2.3,3.29,2.3.08,0,.16,0,.23-.01,6.18-3.07,15.38-16.16,27.59-39.28,5.98-12.68,7.53-20.53,4.66-23.54-134.06-181.32-218.56-293.77-253.51-337.33-34.78-43.8-56.45-65.7-65.01-65.7h-.26s-.13.03-.13.03c-.8-.11-1.9-.16-3.31-.16h-.37c-.09,0-.18-.01-.27-.01Z\"><\/path><\/g><\/svg>\t\t\t<\/a>\n\t\t<\/div>\n\t\t\t\t\t\t<\/div>\n\t\t\t\t<\/div>\n\t\t\t\t<div class=\"elementor-element elementor-element-6225e86 elementor-widget elementor-widget-heading\" data-id=\"6225e86\" data-element_type=\"widget\" data-e-type=\"widget\" data-widget_type=\"heading.default\">\n\t\t\t\t<div class=\"elementor-widget-container\">\n\t\t\t\t\t<h2 class=\"elementor-heading-title elementor-size-default\"><a href=\"https:\/\/30degreeshotels.com\/wp-content\/uploads\/2026\/03\/Bahia-Carta-Bar-10.03.26-3.pdf\">KABANYA MEDITERRANEAN FOOD BEGUDES<\/a><\/h2>\t\t\t\t<\/div>\n\t\t\t\t<\/div>\n\t\t\t\t\t<\/div>\n\t\t<\/div>\n\t\t\t\t<div class=\"elementor-column elementor-col-33 elementor-inner-column elementor-element elementor-element-e7ad3a7\" data-id=\"e7ad3a7\" data-element_type=\"column\" data-e-type=\"column\" data-settings=\"{&quot;background_background&quot;:&quot;classic&quot;}\">\n\t\t\t<div class=\"elementor-widget-wrap elementor-element-populated\">\n\t\t\t\t\t\t<div class=\"elementor-element elementor-element-a3a2323 elementor-view-default elementor-widget elementor-widget-icon\" data-id=\"a3a2323\" data-element_type=\"widget\" data-e-type=\"widget\" data-widget_type=\"icon.default\">\n\t\t\t\t<div class=\"elementor-widget-container\">\n\t\t\t\t\t\t\t<div class=\"elementor-icon-wrapper\">\n\t\t\t<a class=\"elementor-icon\" href=\"https:\/\/30degreeshotels.com\/wp-content\/uploads\/2026\/03\/CARTA-KB-RTE-13.03.2026.pdf\">\n\t\t\t<svg xmlns=\"http:\/\/www.w3.org\/2000\/svg\" id=\"Capa_2\" data-name=\"Capa 2\" viewbox=\"0 0 1316.56 952.12\"><defs><style>      .cls-1 {        fill: #349bb2;        stroke-width: 0px;      }    <\/style><\/defs><g id=\"Capa_1-2\" data-name=\"Capa 1\"><path class=\"cls-1\" d=\"m1313.71,823.29C1039.99,453.05,867.45,223.45,796.08,134.5,727.8,48.5,684.27,3.85,665.48.55c0,0,0,0,0,0-.39-.08-.77-.14-1.14-.19-.09-.01-.18-.02-.27-.03-.36-.04-.72-.06-1.06-.06,0,0,0,0,0,0h-.26s-.24.01-.24.01l-.23.05c-.77-.1-1.7-.18-2.78-.23-1.04-.05-2.22-.08-3.54-.08h-.24s-.47,0-.47,0c-.17-.02-.34-.03-.52-.03-.4,0-.81.05-1.23.13-.18.03-.36.06-.54.1,0,0,0,0,0,0-.76.15-1.54.4-2.38.78h-.02s-4.24,1.03-4.24,1.03c-28.35,14.66-79.58,70.69-153.71,168.1C449.12,223.45,285.87,441.17,2.85,823.29c-5.86,6.14-2.69,22.16,9.52,48.05,29.87,53.85,48.54,80.79,56.02,80.79.72,0,1.34-.26,1.86-.76,14.26-20.93,28.19-41.36,41.79-61.3,275.06-403.33,414.99-605.41,419.81-606.22,54.62-78.98,96.55-121,125.79-126.06h-.02s.12,0,.12,0h.02c.07.34.14.51.2.51.06,0,.12-.17.17-.52h-.02l.86-.02h.02c30.92,6.95,73.05,49.17,126.39,126.65,49.31,64.68,188.06,266.19,416.23,604.48,12.75,18.91,25.77,38.22,39.08,57.98,2.33,3.13,4.57,4.7,6.72,4.7.16,0,.31-.01.47-.03,12.61-6.27,31.39-33.01,56.33-80.2,12.21-25.89,15.38-41.91,9.52-48.05Z\"><\/path><path class=\"cls-1\" d=\"m669.23,477.05c-.58,0-1.22.16-1.92.46h0s-2.08.51-2.08.51c-13.88,7.18-38.97,34.62-75.28,82.33-21.3,26.11-101.25,132.74-239.85,319.88-2.88,3.01-1.32,10.85,4.66,23.54,14.63,26.38,23.78,39.56,27.44,39.56.35,0,.66-.13.91-.37,148.24-217.53,223.59-326.51,226.07-326.92,26.75-38.68,47.29-59.26,61.6-61.74h-.01.07c.04.17.07.24.1.24.03,0,.06-.08.08-.25h0,.42s.01-.01.01-.01c15.14,3.41,35.78,24.08,61.9,62.03,25.49,33.44,99.83,141.59,222.98,324.44,1.15,1.53,2.24,2.3,3.29,2.3.08,0,.16,0,.23-.01,6.18-3.07,15.38-16.16,27.59-39.28,5.98-12.68,7.53-20.53,4.66-23.54-134.06-181.32-218.56-293.77-253.51-337.33-34.78-43.8-56.45-65.7-65.01-65.7h-.26s-.13.03-.13.03c-.8-.11-1.9-.16-3.31-.16h-.37c-.09,0-.18-.01-.27-.01Z\"><\/path><\/g><\/svg>\t\t\t<\/a>\n\t\t<\/div>\n\t\t\t\t\t\t<\/div>\n\t\t\t\t<\/div>\n\t\t\t\t<div class=\"elementor-element elementor-element-c7c4fa5 elementor-widget elementor-widget-heading\" data-id=\"c7c4fa5\" data-element_type=\"widget\" data-e-type=\"widget\" data-widget_type=\"heading.default\">\n\t\t\t\t<div class=\"elementor-widget-container\">\n\t\t\t\t\t<h2 class=\"elementor-heading-title elementor-size-default\"><a href=\"https:\/\/30degreeshotels.com\/wp-content\/uploads\/2026\/03\/CARTA-KB-RTE-13.03.2026.pdf\">KABANYA MEDITERRANEAN FOOD ESPANYOL<\/a><\/h2>\t\t\t\t<\/div>\n\t\t\t\t<\/div>\n\t\t\t\t\t<\/div>\n\t\t<\/div>\n\t\t\t\t<div class=\"elementor-column elementor-col-33 elementor-inner-column elementor-element elementor-element-cb1804a\" data-id=\"cb1804a\" data-element_type=\"column\" data-e-type=\"column\" data-settings=\"{&quot;background_background&quot;:&quot;classic&quot;}\">\n\t\t\t<div class=\"elementor-widget-wrap elementor-element-populated\">\n\t\t\t\t\t\t<div class=\"elementor-element elementor-element-ed98249 elementor-view-default elementor-widget elementor-widget-icon\" data-id=\"ed98249\" data-element_type=\"widget\" data-e-type=\"widget\" data-widget_type=\"icon.default\">\n\t\t\t\t<div class=\"elementor-widget-container\">\n\t\t\t\t\t\t\t<div class=\"elementor-icon-wrapper\">\n\t\t\t<a class=\"elementor-icon\" href=\"https:\/\/30degreeshotels.com\/wp-content\/uploads\/2026\/03\/EN-Menu-KB-RTE-17.03.2026.pdf\">\n\t\t\t<svg xmlns=\"http:\/\/www.w3.org\/2000\/svg\" id=\"Capa_2\" data-name=\"Capa 2\" viewbox=\"0 0 1316.56 952.12\"><defs><style>      .cls-1 {        fill: #349bb2;        stroke-width: 0px;      }    <\/style><\/defs><g id=\"Capa_1-2\" data-name=\"Capa 1\"><path class=\"cls-1\" d=\"m1313.71,823.29C1039.99,453.05,867.45,223.45,796.08,134.5,727.8,48.5,684.27,3.85,665.48.55c0,0,0,0,0,0-.39-.08-.77-.14-1.14-.19-.09-.01-.18-.02-.27-.03-.36-.04-.72-.06-1.06-.06,0,0,0,0,0,0h-.26s-.24.01-.24.01l-.23.05c-.77-.1-1.7-.18-2.78-.23-1.04-.05-2.22-.08-3.54-.08h-.24s-.47,0-.47,0c-.17-.02-.34-.03-.52-.03-.4,0-.81.05-1.23.13-.18.03-.36.06-.54.1,0,0,0,0,0,0-.76.15-1.54.4-2.38.78h-.02s-4.24,1.03-4.24,1.03c-28.35,14.66-79.58,70.69-153.71,168.1C449.12,223.45,285.87,441.17,2.85,823.29c-5.86,6.14-2.69,22.16,9.52,48.05,29.87,53.85,48.54,80.79,56.02,80.79.72,0,1.34-.26,1.86-.76,14.26-20.93,28.19-41.36,41.79-61.3,275.06-403.33,414.99-605.41,419.81-606.22,54.62-78.98,96.55-121,125.79-126.06h-.02s.12,0,.12,0h.02c.07.34.14.51.2.51.06,0,.12-.17.17-.52h-.02l.86-.02h.02c30.92,6.95,73.05,49.17,126.39,126.65,49.31,64.68,188.06,266.19,416.23,604.48,12.75,18.91,25.77,38.22,39.08,57.98,2.33,3.13,4.57,4.7,6.72,4.7.16,0,.31-.01.47-.03,12.61-6.27,31.39-33.01,56.33-80.2,12.21-25.89,15.38-41.91,9.52-48.05Z\"><\/path><path class=\"cls-1\" d=\"m669.23,477.05c-.58,0-1.22.16-1.92.46h0s-2.08.51-2.08.51c-13.88,7.18-38.97,34.62-75.28,82.33-21.3,26.11-101.25,132.74-239.85,319.88-2.88,3.01-1.32,10.85,4.66,23.54,14.63,26.38,23.78,39.56,27.44,39.56.35,0,.66-.13.91-.37,148.24-217.53,223.59-326.51,226.07-326.92,26.75-38.68,47.29-59.26,61.6-61.74h-.01.07c.04.17.07.24.1.24.03,0,.06-.08.08-.25h0,.42s.01-.01.01-.01c15.14,3.41,35.78,24.08,61.9,62.03,25.49,33.44,99.83,141.59,222.98,324.44,1.15,1.53,2.24,2.3,3.29,2.3.08,0,.16,0,.23-.01,6.18-3.07,15.38-16.16,27.59-39.28,5.98-12.68,7.53-20.53,4.66-23.54-134.06-181.32-218.56-293.77-253.51-337.33-34.78-43.8-56.45-65.7-65.01-65.7h-.26s-.13.03-.13.03c-.8-.11-1.9-.16-3.31-.16h-.37c-.09,0-.18-.01-.27-.01Z\"><\/path><\/g><\/svg>\t\t\t<\/a>\n\t\t<\/div>\n\t\t\t\t\t\t<\/div>\n\t\t\t\t<\/div>\n\t\t\t\t<div class=\"elementor-element elementor-element-bb361f0 elementor-widget elementor-widget-heading\" data-id=\"bb361f0\" data-element_type=\"widget\" data-e-type=\"widget\" data-widget_type=\"heading.default\">\n\t\t\t\t<div class=\"elementor-widget-container\">\n\t\t\t\t\t<h2 class=\"elementor-heading-title elementor-size-default\"><a href=\"https:\/\/30degreeshotels.com\/wp-content\/uploads\/2026\/03\/EN-Menu-KB-RTE-17.03.2026.pdf\">KABANYA MEDITERRANEAN FOOD ENGLISH<\/a><\/h2>\t\t\t\t<\/div>\n\t\t\t\t<\/div>\n\t\t\t\t\t<\/div>\n\t\t<\/div>\n\t\t\t\t\t<\/div>\n\t\t<\/section>\n\t\t\t\t\t<\/div>\n\t\t<\/div>\n\t\t\t\t\t<\/div>\n\t\t<\/section>\n\t\t\t\t<\/div>","protected":false},"excerpt":{"rendered":"<p>RESTAURANTE Y BAR KABA\u00d1A MEDITERRANEAN FOOD BEBIDAS KABA\u00d1A MEDITERRANEAN FOOD ESPA\u00d1OL KABA\u00d1A MEDITERRANEAN FOOD ENGLISH<\/p>","protected":false},"author":2,"featured_media":0,"parent":9329,"menu_order":0,"comment_status":"closed","ping_status":"closed","template":"elementor_canvas","meta":{"footnotes":""},"class_list":["post-9836","page","type-page","status-publish","hentry"],"yoast_head":"<!-- This site is optimized with the Yoast SEO plugin v27.4 - https:\/\/yoast.com\/product\/yoast-seo-wordpress\/ -->\n<title>Restaurante y Bar - 30\u00ba hotels<\/title>\n<meta name=\"robots\" content=\"noindex, nofollow\" \/>\n<meta property=\"og:locale\" content=\"ca_ES\" \/>\n<meta property=\"og:type\" content=\"article\" \/>\n<meta property=\"og:title\" content=\"Restaurante y Bar - 30\u00ba hotels\" \/>\n<meta property=\"og:description\" content=\"RESTAURANTE Y BAR KABA\u00d1A MEDITERRANEAN FOOD BEBIDAS KABA\u00d1A MEDITERRANEAN FOOD ESPA\u00d1OL KABA\u00d1A MEDITERRANEAN FOOD ENGLISH\" \/>\n<meta property=\"og:url\" content=\"https:\/\/30degreeshotels.com\/ca\/hotel-bahia\/menu-restaurant\/restaurante-y-bar\/\" \/>\n<meta property=\"og:site_name\" content=\"30\u00ba hotels\" \/>\n<meta property=\"article:publisher\" content=\"https:\/\/www.facebook.com\/30degreeshotels\" \/>\n<meta property=\"article:modified_time\" content=\"2026-03-25T18:53:04+00:00\" \/>\n<meta name=\"twitter:card\" content=\"summary_large_image\" \/>\n<meta name=\"twitter:label1\" content=\"Temps estimat de lectura\" \/>\n\t<meta name=\"twitter:data1\" content=\"1 minut\" \/>\n<script type=\"application\/ld+json\" class=\"yoast-schema-graph\">{\"@context\":\"https:\\\/\\\/schema.org\",\"@graph\":[{\"@type\":\"WebPage\",\"@id\":\"https:\\\/\\\/30degreeshotels.com\\\/hotel-bahia\\\/menu-restaurant\\\/restaurante-y-bar\\\/\",\"url\":\"https:\\\/\\\/30degreeshotels.com\\\/hotel-bahia\\\/menu-restaurant\\\/restaurante-y-bar\\\/\",\"name\":\"Restaurante y Bar - 30\u00ba hotels\",\"isPartOf\":{\"@id\":\"https:\\\/\\\/30degreeshotels.com\\\/#website\"},\"datePublished\":\"2024-05-30T09:45:11+00:00\",\"dateModified\":\"2026-03-25T18:53:04+00:00\",\"breadcrumb\":{\"@id\":\"https:\\\/\\\/30degreeshotels.com\\\/hotel-bahia\\\/menu-restaurant\\\/restaurante-y-bar\\\/#breadcrumb\"},\"inLanguage\":\"ca\",\"potentialAction\":[{\"@type\":\"ReadAction\",\"target\":[\"https:\\\/\\\/30degreeshotels.com\\\/hotel-bahia\\\/menu-restaurant\\\/restaurante-y-bar\\\/\"]}]},{\"@type\":\"BreadcrumbList\",\"@id\":\"https:\\\/\\\/30degreeshotels.com\\\/hotel-bahia\\\/menu-restaurant\\\/restaurante-y-bar\\\/#breadcrumb\",\"itemListElement\":[{\"@type\":\"ListItem\",\"position\":1,\"name\":\"30\u00ba hotels &amp; apartments\",\"item\":\"https:\\\/\\\/30degreeshotels.com\\\/\"},{\"@type\":\"ListItem\",\"position\":2,\"name\":\"Hotel Bah\u00eda &#8211; 30\u00ba hotels | Hotel en Mazarr\u00f3n, Murcia\",\"item\":\"https:\\\/\\\/30degreeshotels.com\\\/hotel-bahia\\\/\"},{\"@type\":\"ListItem\",\"position\":3,\"name\":\"QR Menu Restaurant Bah\u00eda\",\"item\":\"https:\\\/\\\/30degreeshotels.com\\\/hotel-bahia\\\/menu-restaurant\\\/\"},{\"@type\":\"ListItem\",\"position\":4,\"name\":\"Restaurante y Bar\"}]},{\"@type\":\"WebSite\",\"@id\":\"https:\\\/\\\/30degreeshotels.com\\\/#website\",\"url\":\"https:\\\/\\\/30degreeshotels.com\\\/\",\"name\":\"30\u00ba hotels\",\"description\":\"Holidays are not optional\",\"publisher\":{\"@id\":\"https:\\\/\\\/30degreeshotels.com\\\/#organization\"},\"potentialAction\":[{\"@type\":\"SearchAction\",\"target\":{\"@type\":\"EntryPoint\",\"urlTemplate\":\"https:\\\/\\\/30degreeshotels.com\\\/?s={search_term_string}\"},\"query-input\":{\"@type\":\"PropertyValueSpecification\",\"valueRequired\":true,\"valueName\":\"search_term_string\"}}],\"inLanguage\":\"ca\"},{\"@type\":\"Organization\",\"@id\":\"https:\\\/\\\/30degreeshotels.com\\\/#organization\",\"name\":\"30\u00ba hotels\",\"url\":\"https:\\\/\\\/30degreeshotels.com\\\/\",\"logo\":{\"@type\":\"ImageObject\",\"inLanguage\":\"ca\",\"@id\":\"https:\\\/\\\/30degreeshotels.com\\\/#\\\/schema\\\/logo\\\/image\\\/\",\"url\":\"https:\\\/\\\/30degreeshotels.com\\\/wp-content\\\/uploads\\\/2023\\\/01\\\/30o-LOGO.webp\",\"contentUrl\":\"https:\\\/\\\/30degreeshotels.com\\\/wp-content\\\/uploads\\\/2023\\\/01\\\/30o-LOGO.webp\",\"width\":800,\"height\":800,\"caption\":\"30\u00ba hotels\"},\"image\":{\"@id\":\"https:\\\/\\\/30degreeshotels.com\\\/#\\\/schema\\\/logo\\\/image\\\/\"},\"sameAs\":[\"https:\\\/\\\/www.facebook.com\\\/30degreeshotels\",\"https:\\\/\\\/www.instagram.com\\\/30degreeshotels\\\/\"]}]}<\/script>\n<!-- \/ Yoast SEO plugin. -->","yoast_head_json":{"title":"Restaurant i Bar - 30 hotels","robots":{"index":"noindex","follow":"nofollow"},"og_locale":"ca_ES","og_type":"article","og_title":"Restaurante y Bar - 30\u00ba hotels","og_description":"RESTAURANTE Y BAR KABA\u00d1A MEDITERRANEAN FOOD BEBIDAS KABA\u00d1A MEDITERRANEAN FOOD ESPA\u00d1OL KABA\u00d1A MEDITERRANEAN FOOD ENGLISH","og_url":"https:\/\/30degreeshotels.com\/ca\/hotel-bahia\/menu-restaurant\/restaurante-y-bar\/","og_site_name":"30\u00ba hotels","article_publisher":"https:\/\/www.facebook.com\/30degreeshotels","article_modified_time":"2026-03-25T18:53:04+00:00","twitter_card":"summary_large_image","twitter_misc":{"Temps estimat de lectura":"1 minut"},"schema":{"@context":"https:\/\/schema.org","@graph":[{"@type":"WebPage","@id":"https:\/\/30degreeshotels.com\/hotel-bahia\/menu-restaurant\/restaurante-y-bar\/","url":"https:\/\/30degreeshotels.com\/hotel-bahia\/menu-restaurant\/restaurante-y-bar\/","name":"Restaurant i Bar - 30 hotels","isPartOf":{"@id":"https:\/\/30degreeshotels.com\/#website"},"datePublished":"2024-05-30T09:45:11+00:00","dateModified":"2026-03-25T18:53:04+00:00","breadcrumb":{"@id":"https:\/\/30degreeshotels.com\/hotel-bahia\/menu-restaurant\/restaurante-y-bar\/#breadcrumb"},"inLanguage":"ca","potentialAction":[{"@type":"ReadAction","target":["https:\/\/30degreeshotels.com\/hotel-bahia\/menu-restaurant\/restaurante-y-bar\/"]}]},{"@type":"BreadcrumbList","@id":"https:\/\/30degreeshotels.com\/hotel-bahia\/menu-restaurant\/restaurante-y-bar\/#breadcrumb","itemListElement":[{"@type":"ListItem","position":1,"name":"30\u00ba hotels &amp; apartments","item":"https:\/\/30degreeshotels.com\/"},{"@type":"ListItem","position":2,"name":"Hotel Bah\u00eda &#8211; 30\u00ba hotels | Hotel en Mazarr\u00f3n, Murcia","item":"https:\/\/30degreeshotels.com\/hotel-bahia\/"},{"@type":"ListItem","position":3,"name":"QR Menu Restaurant Bah\u00eda","item":"https:\/\/30degreeshotels.com\/hotel-bahia\/menu-restaurant\/"},{"@type":"ListItem","position":4,"name":"Restaurante y Bar"}]},{"@type":"WebSite","@id":"https:\/\/30degreeshotels.com\/#website","url":"https:\/\/30degreeshotels.com\/","name":"30\u00ba hotels","description":"Holidays are not optional","publisher":{"@id":"https:\/\/30degreeshotels.com\/#organization"},"potentialAction":[{"@type":"SearchAction","target":{"@type":"EntryPoint","urlTemplate":"https:\/\/30degreeshotels.com\/?s={search_term_string}"},"query-input":{"@type":"PropertyValueSpecification","valueRequired":true,"valueName":"search_term_string"}}],"inLanguage":"ca"},{"@type":"Organization","@id":"https:\/\/30degreeshotels.com\/#organization","name":"30\u00ba hotels","url":"https:\/\/30degreeshotels.com\/","logo":{"@type":"ImageObject","inLanguage":"ca","@id":"https:\/\/30degreeshotels.com\/#\/schema\/logo\/image\/","url":"https:\/\/30degreeshotels.com\/wp-content\/uploads\/2023\/01\/30o-LOGO.webp","contentUrl":"https:\/\/30degreeshotels.com\/wp-content\/uploads\/2023\/01\/30o-LOGO.webp","width":800,"height":800,"caption":"30\u00ba hotels"},"image":{"@id":"https:\/\/30degreeshotels.com\/#\/schema\/logo\/image\/"},"sameAs":["https:\/\/www.facebook.com\/30degreeshotels","https:\/\/www.instagram.com\/30degreeshotels\/"]}]}},"_links":{"self":[{"href":"https:\/\/30degreeshotels.com\/ca\/wp-json\/wp\/v2\/pages\/9836","targetHints":{"allow":["GET"]}}],"collection":[{"href":"https:\/\/30degreeshotels.com\/ca\/wp-json\/wp\/v2\/pages"}],"about":[{"href":"https:\/\/30degreeshotels.com\/ca\/wp-json\/wp\/v2\/types\/page"}],"author":[{"embeddable":true,"href":"https:\/\/30degreeshotels.com\/ca\/wp-json\/wp\/v2\/users\/2"}],"replies":[{"embeddable":true,"href":"https:\/\/30degreeshotels.com\/ca\/wp-json\/wp\/v2\/comments?post=9836"}],"version-history":[{"count":91,"href":"https:\/\/30degreeshotels.com\/ca\/wp-json\/wp\/v2\/pages\/9836\/revisions"}],"predecessor-version":[{"id":12600,"href":"https:\/\/30degreeshotels.com\/ca\/wp-json\/wp\/v2\/pages\/9836\/revisions\/12600"}],"up":[{"embeddable":true,"href":"https:\/\/30degreeshotels.com\/ca\/wp-json\/wp\/v2\/pages\/9329"}],"wp:attachment":[{"href":"https:\/\/30degreeshotels.com\/ca\/wp-json\/wp\/v2\/media?parent=9836"}],"curies":[{"name":"wp","href":"https:\/\/api.w.org\/{rel}","templated":true}]}}