{"id":11716,"date":"2025-07-14T16:44:43","date_gmt":"2025-07-14T14:44:43","guid":{"rendered":"https:\/\/30degreeshotels.com\/?page_id=11716"},"modified":"2025-07-15T15:37:05","modified_gmt":"2025-07-15T13:37:05","slug":"elige-tu-habitacion","status":"publish","type":"page","link":"https:\/\/30degreeshotels.com\/en\/hotel-dos-playas\/elige-tu-habitacion\/","title":{"rendered":"Choose your room \u2013 Book Dos Playas 30\u00ba hotels"},"content":{"rendered":"<div data-elementor-type=\"wp-page\" data-elementor-id=\"11716\" class=\"elementor elementor-11716\" data-elementor-post-type=\"page\">\n\t\t\t\t\t\t<section class=\"elementor-section elementor-top-section elementor-element elementor-element-c0ad1df elementor-section-full_width elementor-section-stretched elementor-section-height-default elementor-section-height-default\" data-id=\"c0ad1df\" data-element_type=\"section\" data-e-type=\"section\" data-settings=\"{&quot;background_background&quot;:&quot;classic&quot;,&quot;stretch_section&quot;:&quot;section-stretched&quot;}\">\n\t\t\t\t\t\t\t<div class=\"elementor-background-overlay\"><\/div>\n\t\t\t\t\t\t\t<div class=\"elementor-container elementor-column-gap-default\">\n\t\t\t\t\t<div class=\"elementor-column elementor-col-100 elementor-top-column elementor-element elementor-element-cd7fd1d\" data-id=\"cd7fd1d\" data-element_type=\"column\" data-e-type=\"column\">\n\t\t\t<div class=\"elementor-widget-wrap elementor-element-populated\">\n\t\t\t\t\t\t<div class=\"elementor-element elementor-element-d969252 elementor-widget elementor-widget-heading\" data-id=\"d969252\" data-element_type=\"widget\" data-e-type=\"widget\" data-widget_type=\"heading.default\">\n\t\t\t\t<div class=\"elementor-widget-container\">\n\t\t\t\t\t<h2 class=\"elementor-heading-title elementor-size-default\">Choose your room<\/h2>\t\t\t\t<\/div>\n\t\t\t\t<\/div>\n\t\t\t\t\t<\/div>\n\t\t<\/div>\n\t\t\t\t\t<\/div>\n\t\t<\/section>\n\t\t\t\t<section class=\"elementor-section elementor-top-section elementor-element elementor-element-e282d42 elementor-section-boxed elementor-section-height-default elementor-section-height-default\" data-id=\"e282d42\" data-element_type=\"section\" data-e-type=\"section\">\n\t\t\t\t\t\t<div class=\"elementor-container elementor-column-gap-default\">\n\t\t\t\t\t<div class=\"elementor-column elementor-col-100 elementor-top-column elementor-element elementor-element-d1a2c13\" data-id=\"d1a2c13\" data-element_type=\"column\" data-e-type=\"column\">\n\t\t\t<div class=\"elementor-widget-wrap elementor-element-populated\">\n\t\t\t\t\t\t<div class=\"elementor-element elementor-element-edd5257 elementor-widget elementor-widget-heading\" data-id=\"edd5257\" data-element_type=\"widget\" data-e-type=\"widget\" data-widget_type=\"heading.default\">\n\t\t\t\t<div class=\"elementor-widget-container\">\n\t\t\t\t\t<h2 class=\"elementor-heading-title elementor-size-default\">Available room selection<\/h2>\t\t\t\t<\/div>\n\t\t\t\t<\/div>\n\t\t\t\t<div class=\"elementor-element elementor-element-9120fcb elementor-widget elementor-widget-text-editor\" data-id=\"9120fcb\" data-element_type=\"widget\" data-e-type=\"widget\" data-widget_type=\"text-editor.default\">\n\t\t\t\t<div class=\"elementor-widget-container\">\n\t\t\t\t\t\t\t\t\t<p data-start=\"184\" data-end=\"243\"><strong data-start=\"184\" data-end=\"243\">Enjoy exclusive benefits from the very first moment<\/strong><\/p><p data-start=\"245\" data-end=\"491\">In <strong data-start=\"248\" data-end=\"268\">Hotel Dos Playas<\/strong>We want your vacation to start just as you imagined. That&#039;s why, if you book through our website, you can <strong data-start=\"390\" data-end=\"439\">choose your favorite room before arriving<\/strong>, directly from the hotel&#039;s interactive map.<\/p><p data-start=\"493\" data-end=\"664\">This service is available both at the time of booking and once you have confirmed it, even if you have booked through a channel other than <a href=\"https:\/\/30degreeshotels.com\/en\/\">www.30degreeshotels.com<\/a><\/p><p data-start=\"666\" data-end=\"881\">Explore the floor plan, check out the location, views, and details of each room, and choose the one you like best. You&#039;ll receive a final confirmation by email within 7 days of your arrival.<\/p><p data-start=\"883\" data-end=\"993\"><strong data-start=\"883\" data-end=\"993\">A tailor-made experience, so you can start enjoying the Mediterranean from the very first moment.<\/strong><\/p><p data-start=\"883\" data-end=\"993\"><span style=\"color: #808080;\"><em>Please note that this service is subject to hotel availability at the time of check-in. If we can&#039;t assign you the selected room, we&#039;ll offer you one as similar as possible. See the Terms and Conditions for more information.<\/em><\/span><\/p>\t\t\t\t\t\t\t\t<\/div>\n\t\t\t\t<\/div>\n\t\t\t\t\t<\/div>\n\t\t<\/div>\n\t\t\t\t\t<\/div>\n\t\t<\/section>\n\t\t\t\t<section class=\"elementor-section elementor-top-section elementor-element elementor-element-6910104 elementor-section-boxed elementor-section-height-default elementor-section-height-default\" data-id=\"6910104\" data-element_type=\"section\" data-e-type=\"section\">\n\t\t\t\t\t\t<div class=\"elementor-container elementor-column-gap-default\">\n\t\t\t\t\t<div class=\"elementor-column elementor-col-100 elementor-top-column elementor-element elementor-element-149e507\" data-id=\"149e507\" data-element_type=\"column\" data-e-type=\"column\">\n\t\t\t<div class=\"elementor-widget-wrap elementor-element-populated\">\n\t\t\t\t\t\t<div class=\"elementor-element elementor-element-44d1bdc elementor-widget elementor-widget-heading\" data-id=\"44d1bdc\" data-element_type=\"widget\" data-e-type=\"widget\" data-widget_type=\"heading.default\">\n\t\t\t\t<div class=\"elementor-widget-container\">\n\t\t\t\t\t<h2 class=\"elementor-heading-title elementor-size-default\">Select your room on the map<\/h2>\t\t\t\t<\/div>\n\t\t\t\t<\/div>\n\t\t\t\t<div class=\"elementor-element elementor-element-4db1e65 elementor-widget elementor-widget-html\" data-id=\"4db1e65\" data-element_type=\"widget\" data-e-type=\"widget\" data-widget_type=\"html.default\">\n\t\t\t\t<div class=\"elementor-widget-container\">\n\t\t\t\t\t<style>.elementor-element-4db1e65{display:none !important}<\/style>\t\t\t\t<\/div>\n\t\t\t\t<\/div>\n\t\t\t\t<div class=\"elementor-element elementor-element-d25c11e elementor-widget elementor-widget-html\" data-id=\"d25c11e\" data-element_type=\"widget\" data-e-type=\"widget\" data-widget_type=\"html.default\">\n\t\t\t\t<div class=\"elementor-widget-container\">\n\t\t\t\t\t<div style=\"max-width: 1200px; margin: 0px auto\">\n<div\nid=\"hv\"\ndata-hvhotelid=\"502\"\ndata-hvclientid=\"10\"\ndata-hvproduct=\"ChooseYourRoom\"\ndata-hvlanguage=\"en\"\ndata-hvcurrency=\"EUR\"\ndata-hvchooseformmode=\"0\"\ndata-hvcommandsinterface=\"e30=\"\ndata-hvaccesstokenhv=\"eyJzaWduYXR1cmUiOiIwYmJmYjhlZGZlYjM0NmRhYmYzZmY5NGNkMjM0NjhkY2VmNmI5ZWVlNTE2N2YzOWRmZDUxNTM3YzU4MTAyMDA1MWNjNWViYmQzMThjMzU3MWZlNTdiYmI5ZjczMzAwNTk2NzE3YWFhNDk4YjE5YTAxZWI2ZDI1YTk1MGIxM2I4MyIsInRpbWVzdGFtcCI6MjIxMDIzNDQwMH0=\">\n<\/div>\n<script src=\"https:\/\/cdn.hotelverse.tech\/scripts\/embed.js\"><\/script>\n<script src=\"https:\/\/cdn.hotelverse.tech\/scripts\/interfaceListener.js\"><\/script>\n<\/div>\t\t\t\t<\/div>\n\t\t\t\t<\/div>\n\t\t\t\t<div class=\"elementor-element elementor-element-7abf01a elementor-widget elementor-widget-html\" data-id=\"7abf01a\" data-element_type=\"widget\" data-e-type=\"widget\" data-widget_type=\"html.default\">\n\t\t\t\t<div class=\"elementor-widget-container\">\n\t\t\t\t\t<style>.elementor-element-7abf01a{display:none !important}<\/style>\t\t\t\t<\/div>\n\t\t\t\t<\/div>\n\t\t\t\t<div class=\"elementor-element elementor-element-cda85c7 elementor-widget elementor-widget-html\" data-id=\"cda85c7\" data-element_type=\"widget\" data-e-type=\"widget\" data-widget_type=\"html.default\">\n\t\t\t\t<div class=\"elementor-widget-container\">\n\t\t\t\t\t<style>.elementor-element-cda85c7{display:none !important}<\/style>\t\t\t\t<\/div>\n\t\t\t\t<\/div>\n\t\t\t\t<div class=\"elementor-element elementor-element-740f3ce elementor-widget elementor-widget-html\" data-id=\"740f3ce\" data-element_type=\"widget\" data-e-type=\"widget\" data-widget_type=\"html.default\">\n\t\t\t\t<div class=\"elementor-widget-container\">\n\t\t\t\t\t<style>.elementor-element-740f3ce{display:none !important}<\/style>\t\t\t\t<\/div>\n\t\t\t\t<\/div>\n\t\t\t\t\t<\/div>\n\t\t<\/div>\n\t\t\t\t\t<\/div>\n\t\t<\/section>\n\t\t\t\t<section class=\"elementor-section elementor-top-section elementor-element elementor-element-9c2d9fe elementor-section-boxed elementor-section-height-default elementor-section-height-default\" data-id=\"9c2d9fe\" data-element_type=\"section\" data-e-type=\"section\">\n\t\t\t\t\t\t<div class=\"elementor-container elementor-column-gap-default\">\n\t\t\t\t\t<div class=\"elementor-column elementor-col-100 elementor-top-column elementor-element elementor-element-74dc341\" data-id=\"74dc341\" data-element_type=\"column\" data-e-type=\"column\">\n\t\t\t<div class=\"elementor-widget-wrap elementor-element-populated\">\n\t\t\t\t\t\t<div class=\"elementor-element elementor-element-0819b4f elementor-widget elementor-widget-heading\" data-id=\"0819b4f\" data-element_type=\"widget\" data-e-type=\"widget\" data-widget_type=\"heading.default\">\n\t\t\t\t<div class=\"elementor-widget-container\">\n\t\t\t\t\t<h2 class=\"elementor-heading-title elementor-size-default\">Frequently Asked Questions<\/h2>\t\t\t\t<\/div>\n\t\t\t\t<\/div>\n\t\t\t\t<div class=\"elementor-element elementor-element-8e414f9 elementor-widget elementor-widget-toggle\" data-id=\"8e414f9\" data-element_type=\"widget\" data-e-type=\"widget\" data-widget_type=\"toggle.default\">\n\t\t\t\t<div class=\"elementor-widget-container\">\n\t\t\t\t\t\t\t<div class=\"elementor-toggle\">\n\t\t\t\t\t\t\t<div class=\"elementor-toggle-item\">\n\t\t\t\t\t<div id=\"elementor-tab-title-1491\" class=\"elementor-tab-title\" data-tab=\"1\" role=\"button\" aria-controls=\"elementor-tab-content-1491\" aria-expanded=\"false\">\n\t\t\t\t\t\t\t\t\t\t\t\t<span class=\"elementor-toggle-icon elementor-toggle-icon-left\" aria-hidden=\"true\">\n\t\t\t\t\t\t\t\t\t\t\t\t\t\t\t<span class=\"elementor-toggle-icon-closed\"><i class=\"fas fa-caret-right\"><\/i><\/span>\n\t\t\t\t\t\t\t\t<span class=\"elementor-toggle-icon-opened\"><i class=\"elementor-toggle-icon-opened fas fa-caret-up\"><\/i><\/span>\n\t\t\t\t\t\t\t\t\t\t\t\t\t<\/span>\n\t\t\t\t\t\t\t\t\t\t\t\t<a class=\"elementor-toggle-title\" tabindex=\"0\">When can I access the room selection service?<\/a>\n\t\t\t\t\t<\/div>\n\n\t\t\t\t\t<div id=\"elementor-tab-content-1491\" class=\"elementor-tab-content elementor-clearfix\" data-tab=\"1\" role=\"region\" aria-labelledby=\"elementor-tab-title-1491\"><p>You can request your favorite room up to <strong data-start=\"347\" data-end=\"376\">5 days before check-in<\/strong>If you attempt to access the application outside of this timeframe, you will not be able to complete the application.<\/p><\/div>\n\t\t\t\t<\/div>\n\t\t\t\t\t\t\t<div class=\"elementor-toggle-item\">\n\t\t\t\t\t<div id=\"elementor-tab-title-1492\" class=\"elementor-tab-title\" data-tab=\"2\" role=\"button\" aria-controls=\"elementor-tab-content-1492\" aria-expanded=\"false\">\n\t\t\t\t\t\t\t\t\t\t\t\t<span class=\"elementor-toggle-icon elementor-toggle-icon-left\" aria-hidden=\"true\">\n\t\t\t\t\t\t\t\t\t\t\t\t\t\t\t<span class=\"elementor-toggle-icon-closed\"><i class=\"fas fa-caret-right\"><\/i><\/span>\n\t\t\t\t\t\t\t\t<span class=\"elementor-toggle-icon-opened\"><i class=\"elementor-toggle-icon-opened fas fa-caret-up\"><\/i><\/span>\n\t\t\t\t\t\t\t\t\t\t\t\t\t<\/span>\n\t\t\t\t\t\t\t\t\t\t\t\t<a class=\"elementor-toggle-title\" tabindex=\"0\">When will I receive confirmation of my selection?<\/a>\n\t\t\t\t\t<\/div>\n\n\t\t\t\t\t<div id=\"elementor-tab-content-1492\" class=\"elementor-tab-content elementor-clearfix\" data-tab=\"2\" role=\"region\" aria-labelledby=\"elementor-tab-title-1492\"><p>You will receive confirmation by email within <strong data-start=\"560\" data-end=\"591\">7 days prior to your arrival<\/strong>, at the same address with which you made the reservation.<\/p><\/div>\n\t\t\t\t<\/div>\n\t\t\t\t\t\t\t<div class=\"elementor-toggle-item\">\n\t\t\t\t\t<div id=\"elementor-tab-title-1493\" class=\"elementor-tab-title\" data-tab=\"3\" role=\"button\" aria-controls=\"elementor-tab-content-1493\" aria-expanded=\"false\">\n\t\t\t\t\t\t\t\t\t\t\t\t<span class=\"elementor-toggle-icon elementor-toggle-icon-left\" aria-hidden=\"true\">\n\t\t\t\t\t\t\t\t\t\t\t\t\t\t\t<span class=\"elementor-toggle-icon-closed\"><i class=\"fas fa-caret-right\"><\/i><\/span>\n\t\t\t\t\t\t\t\t<span class=\"elementor-toggle-icon-opened\"><i class=\"elementor-toggle-icon-opened fas fa-caret-up\"><\/i><\/span>\n\t\t\t\t\t\t\t\t\t\t\t\t\t<\/span>\n\t\t\t\t\t\t\t\t\t\t\t\t<a class=\"elementor-toggle-title\" tabindex=\"0\">I have a reservation for several rooms, can I choose more than one?<\/a>\n\t\t\t\t\t<\/div>\n\n\t\t\t\t\t<div id=\"elementor-tab-content-1493\" class=\"elementor-tab-content elementor-clearfix\" data-tab=\"3\" role=\"region\" aria-labelledby=\"elementor-tab-title-1493\"><p>At the moment, you can only select <strong data-start=\"757\" data-end=\"789\">one room per request<\/strong>If your reservation includes multiple rooms, please write to us at <a href=\"mailto:hola@dosplayashotel.com\">hola@dosplayashotel.com<\/a>\u00a0so we can help you.<\/p><\/div>\n\t\t\t\t<\/div>\n\t\t\t\t\t\t\t<div class=\"elementor-toggle-item\">\n\t\t\t\t\t<div id=\"elementor-tab-title-1494\" class=\"elementor-tab-title\" data-tab=\"4\" role=\"button\" aria-controls=\"elementor-tab-content-1494\" aria-expanded=\"false\">\n\t\t\t\t\t\t\t\t\t\t\t\t<span class=\"elementor-toggle-icon elementor-toggle-icon-left\" aria-hidden=\"true\">\n\t\t\t\t\t\t\t\t\t\t\t\t\t\t\t<span class=\"elementor-toggle-icon-closed\"><i class=\"fas fa-caret-right\"><\/i><\/span>\n\t\t\t\t\t\t\t\t<span class=\"elementor-toggle-icon-opened\"><i class=\"elementor-toggle-icon-opened fas fa-caret-up\"><\/i><\/span>\n\t\t\t\t\t\t\t\t\t\t\t\t\t<\/span>\n\t\t\t\t\t\t\t\t\t\t\t\t<a class=\"elementor-toggle-title\" tabindex=\"0\">Does this service have any cost?<\/a>\n\t\t\t\t\t<\/div>\n\n\t\t\t\t\t<div id=\"elementor-tab-content-1494\" class=\"elementor-tab-content elementor-clearfix\" data-tab=\"4\" role=\"region\" aria-labelledby=\"elementor-tab-title-1494\"><p data-start=\"900\" data-end=\"1052\">Yes, this service has a <strong data-start=\"967\" data-end=\"991\">additional supplement<\/strong> which may vary depending on the season and room type.<\/p><ul data-start=\"1054\" data-end=\"1318\"><li data-start=\"1054\" data-end=\"1181\"><p data-start=\"1056\" data-end=\"1181\">If you select a room of <strong data-start=\"1089\" data-end=\"1111\">higher category<\/strong>, we will contact you to arrange the advance payment.<\/p><\/li><li data-start=\"1182\" data-end=\"1318\"><p data-start=\"1184\" data-end=\"1318\">If you choose a room number within the <strong data-start=\"1231\" data-end=\"1260\">same reserved category<\/strong>, the supplement will be paid in the <strong data-start=\"1293\" data-end=\"1317\">check-in time<\/strong>.<\/p><\/li><\/ul><\/div>\n\t\t\t\t<\/div>\n\t\t\t\t\t\t\t\t<\/div>\n\t\t\t\t\t\t<\/div>\n\t\t\t\t<\/div>\n\t\t\t\t\t<\/div>\n\t\t<\/div>\n\t\t\t\t\t<\/div>\n\t\t<\/section>\n\t\t\t\t<\/div>","protected":false},"excerpt":{"rendered":"<p>Choose your room at Hotel Dos Playas \u2013 Puerto de Mazarr\u00f3n, Murcia. Select the one you like best before it&#039;s too late.<\/p>","protected":false},"author":2,"featured_media":3392,"parent":3742,"menu_order":0,"comment_status":"closed","ping_status":"closed","template":"","meta":{"footnotes":""},"class_list":["post-11716","page","type-page","status-publish","has-post-thumbnail","hentry"],"yoast_head":"<!-- This site is optimized with the Yoast SEO plugin v27.4 - https:\/\/yoast.com\/product\/yoast-seo-wordpress\/ -->\n<title>Elige tu Habitaci\u00f3n Hotel Dos Playas - 30\u00ba hotels<\/title>\n<meta name=\"description\" content=\"Elige tu habitaci\u00f3n en Hotel Dos Playas - Puerto de Mazarr\u00f3n, Murcia. Selecciona la que m\u00e1s te guste antes de que sea tarde.\" \/>\n<meta name=\"robots\" content=\"index, follow, max-snippet:-1, max-image-preview:large, max-video-preview:-1\" \/>\n<link rel=\"canonical\" href=\"https:\/\/30degreeshotels.com\/en\/hotel-dos-playas\/elige-tu-habitacion\/\" \/>\n<meta property=\"og:locale\" content=\"en_US\" \/>\n<meta property=\"og:type\" content=\"article\" \/>\n<meta property=\"og:title\" content=\"Elige tu Habitaci\u00f3n Hotel Dos Playas - 30\u00ba hotels\" \/>\n<meta property=\"og:description\" content=\"Elige tu habitaci\u00f3n en Hotel Dos Playas - Puerto de Mazarr\u00f3n, Murcia. Selecciona la que m\u00e1s te guste antes de que sea tarde.\" \/>\n<meta property=\"og:url\" content=\"https:\/\/30degreeshotels.com\/en\/hotel-dos-playas\/elige-tu-habitacion\/\" \/>\n<meta property=\"og:site_name\" content=\"30\u00ba hotels\" \/>\n<meta property=\"article:publisher\" content=\"https:\/\/www.facebook.com\/30degreeshotels\" \/>\n<meta property=\"article:modified_time\" content=\"2025-07-15T13:37:05+00:00\" \/>\n<meta property=\"og:image\" content=\"https:\/\/30degreeshotels.com\/wp-content\/uploads\/2023\/03\/Exterior_Dos-Playas-2-copia.webp\" \/>\n\t<meta property=\"og:image:width\" content=\"1000\" \/>\n\t<meta property=\"og:image:height\" content=\"667\" \/>\n\t<meta property=\"og:image:type\" content=\"image\/webp\" \/>\n<meta name=\"twitter:card\" content=\"summary_large_image\" \/>\n<meta name=\"twitter:label1\" content=\"Est. reading time\" \/>\n\t<meta name=\"twitter:data1\" content=\"2 minutes\" \/>\n<script type=\"application\/ld+json\" class=\"yoast-schema-graph\">{\"@context\":\"https:\\\/\\\/schema.org\",\"@graph\":[{\"@type\":\"WebPage\",\"@id\":\"https:\\\/\\\/30degreeshotels.com\\\/hotel-dos-playas\\\/elige-tu-habitacion\\\/\",\"url\":\"https:\\\/\\\/30degreeshotels.com\\\/hotel-dos-playas\\\/elige-tu-habitacion\\\/\",\"name\":\"Elige tu Habitaci\u00f3n Hotel Dos Playas - 30\u00ba hotels\",\"isPartOf\":{\"@id\":\"https:\\\/\\\/30degreeshotels.com\\\/#website\"},\"primaryImageOfPage\":{\"@id\":\"https:\\\/\\\/30degreeshotels.com\\\/hotel-dos-playas\\\/elige-tu-habitacion\\\/#primaryimage\"},\"image\":{\"@id\":\"https:\\\/\\\/30degreeshotels.com\\\/hotel-dos-playas\\\/elige-tu-habitacion\\\/#primaryimage\"},\"thumbnailUrl\":\"https:\\\/\\\/30degreeshotels.com\\\/wp-content\\\/uploads\\\/2023\\\/03\\\/Exterior_Dos-Playas-2-copia.webp\",\"datePublished\":\"2025-07-14T14:44:43+00:00\",\"dateModified\":\"2025-07-15T13:37:05+00:00\",\"description\":\"Elige tu habitaci\u00f3n en Hotel Dos Playas - Puerto de Mazarr\u00f3n, Murcia. Selecciona la que m\u00e1s te guste antes de que sea tarde.\",\"breadcrumb\":{\"@id\":\"https:\\\/\\\/30degreeshotels.com\\\/hotel-dos-playas\\\/elige-tu-habitacion\\\/#breadcrumb\"},\"inLanguage\":\"en-US\",\"potentialAction\":[{\"@type\":\"ReadAction\",\"target\":[\"https:\\\/\\\/30degreeshotels.com\\\/hotel-dos-playas\\\/elige-tu-habitacion\\\/\"]}]},{\"@type\":\"ImageObject\",\"inLanguage\":\"en-US\",\"@id\":\"https:\\\/\\\/30degreeshotels.com\\\/hotel-dos-playas\\\/elige-tu-habitacion\\\/#primaryimage\",\"url\":\"https:\\\/\\\/30degreeshotels.com\\\/wp-content\\\/uploads\\\/2023\\\/03\\\/Exterior_Dos-Playas-2-copia.webp\",\"contentUrl\":\"https:\\\/\\\/30degreeshotels.com\\\/wp-content\\\/uploads\\\/2023\\\/03\\\/Exterior_Dos-Playas-2-copia.webp\",\"width\":1000,\"height\":667},{\"@type\":\"BreadcrumbList\",\"@id\":\"https:\\\/\\\/30degreeshotels.com\\\/hotel-dos-playas\\\/elige-tu-habitacion\\\/#breadcrumb\",\"itemListElement\":[{\"@type\":\"ListItem\",\"position\":1,\"name\":\"30\u00ba hotels &amp; apartments\",\"item\":\"https:\\\/\\\/30degreeshotels.com\\\/\"},{\"@type\":\"ListItem\",\"position\":2,\"name\":\"Dos Playas &#8211; 30\u00ba hotels | Hotel en Mazarr\u00f3n, Murcia\",\"item\":\"https:\\\/\\\/30degreeshotels.com\\\/hotel-dos-playas\\\/\"},{\"@type\":\"ListItem\",\"position\":3,\"name\":\"Elige tu habitaci\u00f3n &#8211; Reserva Dos Playas 30\u00ba hotels\"}]},{\"@type\":\"WebSite\",\"@id\":\"https:\\\/\\\/30degreeshotels.com\\\/#website\",\"url\":\"https:\\\/\\\/30degreeshotels.com\\\/\",\"name\":\"30\u00ba hotels\",\"description\":\"Holidays are not optional\",\"publisher\":{\"@id\":\"https:\\\/\\\/30degreeshotels.com\\\/#organization\"},\"potentialAction\":[{\"@type\":\"SearchAction\",\"target\":{\"@type\":\"EntryPoint\",\"urlTemplate\":\"https:\\\/\\\/30degreeshotels.com\\\/?s={search_term_string}\"},\"query-input\":{\"@type\":\"PropertyValueSpecification\",\"valueRequired\":true,\"valueName\":\"search_term_string\"}}],\"inLanguage\":\"en-US\"},{\"@type\":\"Organization\",\"@id\":\"https:\\\/\\\/30degreeshotels.com\\\/#organization\",\"name\":\"30\u00ba hotels\",\"url\":\"https:\\\/\\\/30degreeshotels.com\\\/\",\"logo\":{\"@type\":\"ImageObject\",\"inLanguage\":\"en-US\",\"@id\":\"https:\\\/\\\/30degreeshotels.com\\\/#\\\/schema\\\/logo\\\/image\\\/\",\"url\":\"https:\\\/\\\/30degreeshotels.com\\\/wp-content\\\/uploads\\\/2023\\\/01\\\/30o-LOGO.webp\",\"contentUrl\":\"https:\\\/\\\/30degreeshotels.com\\\/wp-content\\\/uploads\\\/2023\\\/01\\\/30o-LOGO.webp\",\"width\":800,\"height\":800,\"caption\":\"30\u00ba hotels\"},\"image\":{\"@id\":\"https:\\\/\\\/30degreeshotels.com\\\/#\\\/schema\\\/logo\\\/image\\\/\"},\"sameAs\":[\"https:\\\/\\\/www.facebook.com\\\/30degreeshotels\",\"https:\\\/\\\/www.instagram.com\\\/30degreeshotels\\\/\"]}]}<\/script>\n<!-- \/ Yoast SEO plugin. -->","yoast_head_json":{"title":"Choose your room at Hotel Dos Playas - 30\u00ba hotels","description":"Choose your room at Hotel Dos Playas - Puerto de Mazarr\u00f3n, Murcia. Select the one you like best before it&#039;s too late.","robots":{"index":"index","follow":"follow","max-snippet":"max-snippet:-1","max-image-preview":"max-image-preview:large","max-video-preview":"max-video-preview:-1"},"canonical":"https:\/\/30degreeshotels.com\/en\/hotel-dos-playas\/elige-tu-habitacion\/","og_locale":"en_US","og_type":"article","og_title":"Elige tu Habitaci\u00f3n Hotel Dos Playas - 30\u00ba hotels","og_description":"Elige tu habitaci\u00f3n en Hotel Dos Playas - Puerto de Mazarr\u00f3n, Murcia. Selecciona la que m\u00e1s te guste antes de que sea tarde.","og_url":"https:\/\/30degreeshotels.com\/en\/hotel-dos-playas\/elige-tu-habitacion\/","og_site_name":"30\u00ba hotels","article_publisher":"https:\/\/www.facebook.com\/30degreeshotels","article_modified_time":"2025-07-15T13:37:05+00:00","og_image":[{"width":1000,"height":667,"url":"https:\/\/30degreeshotels.com\/wp-content\/uploads\/2023\/03\/Exterior_Dos-Playas-2-copia.webp","type":"image\/webp"}],"twitter_card":"summary_large_image","twitter_misc":{"Est. reading time":"2 minutes"},"schema":{"@context":"https:\/\/schema.org","@graph":[{"@type":"WebPage","@id":"https:\/\/30degreeshotels.com\/hotel-dos-playas\/elige-tu-habitacion\/","url":"https:\/\/30degreeshotels.com\/hotel-dos-playas\/elige-tu-habitacion\/","name":"Choose your room at Hotel Dos Playas - 30\u00ba hotels","isPartOf":{"@id":"https:\/\/30degreeshotels.com\/#website"},"primaryImageOfPage":{"@id":"https:\/\/30degreeshotels.com\/hotel-dos-playas\/elige-tu-habitacion\/#primaryimage"},"image":{"@id":"https:\/\/30degreeshotels.com\/hotel-dos-playas\/elige-tu-habitacion\/#primaryimage"},"thumbnailUrl":"https:\/\/30degreeshotels.com\/wp-content\/uploads\/2023\/03\/Exterior_Dos-Playas-2-copia.webp","datePublished":"2025-07-14T14:44:43+00:00","dateModified":"2025-07-15T13:37:05+00:00","description":"Choose your room at Hotel Dos Playas - Puerto de Mazarr\u00f3n, Murcia. Select the one you like best before it&#039;s too late.","breadcrumb":{"@id":"https:\/\/30degreeshotels.com\/hotel-dos-playas\/elige-tu-habitacion\/#breadcrumb"},"inLanguage":"en-US","potentialAction":[{"@type":"ReadAction","target":["https:\/\/30degreeshotels.com\/hotel-dos-playas\/elige-tu-habitacion\/"]}]},{"@type":"ImageObject","inLanguage":"en-US","@id":"https:\/\/30degreeshotels.com\/hotel-dos-playas\/elige-tu-habitacion\/#primaryimage","url":"https:\/\/30degreeshotels.com\/wp-content\/uploads\/2023\/03\/Exterior_Dos-Playas-2-copia.webp","contentUrl":"https:\/\/30degreeshotels.com\/wp-content\/uploads\/2023\/03\/Exterior_Dos-Playas-2-copia.webp","width":1000,"height":667},{"@type":"BreadcrumbList","@id":"https:\/\/30degreeshotels.com\/hotel-dos-playas\/elige-tu-habitacion\/#breadcrumb","itemListElement":[{"@type":"ListItem","position":1,"name":"30\u00ba hotels &amp; apartments","item":"https:\/\/30degreeshotels.com\/"},{"@type":"ListItem","position":2,"name":"Dos Playas &#8211; 30\u00ba hotels | Hotel en Mazarr\u00f3n, Murcia","item":"https:\/\/30degreeshotels.com\/hotel-dos-playas\/"},{"@type":"ListItem","position":3,"name":"Elige tu habitaci\u00f3n &#8211; Reserva Dos Playas 30\u00ba hotels"}]},{"@type":"WebSite","@id":"https:\/\/30degreeshotels.com\/#website","url":"https:\/\/30degreeshotels.com\/","name":"30\u00ba hotels","description":"Holidays are not optional","publisher":{"@id":"https:\/\/30degreeshotels.com\/#organization"},"potentialAction":[{"@type":"SearchAction","target":{"@type":"EntryPoint","urlTemplate":"https:\/\/30degreeshotels.com\/?s={search_term_string}"},"query-input":{"@type":"PropertyValueSpecification","valueRequired":true,"valueName":"search_term_string"}}],"inLanguage":"en-US"},{"@type":"Organization","@id":"https:\/\/30degreeshotels.com\/#organization","name":"30\u00ba hotels","url":"https:\/\/30degreeshotels.com\/","logo":{"@type":"ImageObject","inLanguage":"en-US","@id":"https:\/\/30degreeshotels.com\/#\/schema\/logo\/image\/","url":"https:\/\/30degreeshotels.com\/wp-content\/uploads\/2023\/01\/30o-LOGO.webp","contentUrl":"https:\/\/30degreeshotels.com\/wp-content\/uploads\/2023\/01\/30o-LOGO.webp","width":800,"height":800,"caption":"30\u00ba hotels"},"image":{"@id":"https:\/\/30degreeshotels.com\/#\/schema\/logo\/image\/"},"sameAs":["https:\/\/www.facebook.com\/30degreeshotels","https:\/\/www.instagram.com\/30degreeshotels\/"]}]}},"_links":{"self":[{"href":"https:\/\/30degreeshotels.com\/en\/wp-json\/wp\/v2\/pages\/11716","targetHints":{"allow":["GET"]}}],"collection":[{"href":"https:\/\/30degreeshotels.com\/en\/wp-json\/wp\/v2\/pages"}],"about":[{"href":"https:\/\/30degreeshotels.com\/en\/wp-json\/wp\/v2\/types\/page"}],"author":[{"embeddable":true,"href":"https:\/\/30degreeshotels.com\/en\/wp-json\/wp\/v2\/users\/2"}],"replies":[{"embeddable":true,"href":"https:\/\/30degreeshotels.com\/en\/wp-json\/wp\/v2\/comments?post=11716"}],"version-history":[{"count":51,"href":"https:\/\/30degreeshotels.com\/en\/wp-json\/wp\/v2\/pages\/11716\/revisions"}],"predecessor-version":[{"id":11807,"href":"https:\/\/30degreeshotels.com\/en\/wp-json\/wp\/v2\/pages\/11716\/revisions\/11807"}],"up":[{"embeddable":true,"href":"https:\/\/30degreeshotels.com\/en\/wp-json\/wp\/v2\/pages\/3742"}],"wp:featuredmedia":[{"embeddable":true,"href":"https:\/\/30degreeshotels.com\/en\/wp-json\/wp\/v2\/media\/3392"}],"wp:attachment":[{"href":"https:\/\/30degreeshotels.com\/en\/wp-json\/wp\/v2\/media?parent=11716"}],"curies":[{"name":"wp","href":"https:\/\/api.w.org\/{rel}","templated":true}]}}