{"id":1959,"date":"2023-02-23T23:50:08","date_gmt":"2023-02-23T22:50:08","guid":{"rendered":"https:\/\/30degreeshotels.com\/?page_id=1959"},"modified":"2025-12-21T21:37:57","modified_gmt":"2025-12-21T20:37:57","slug":"conditions-generales","status":"publish","type":"page","link":"https:\/\/30degreeshotels.com\/fr\/condiciones-generales\/","title":{"rendered":"Conditions g\u00e9n\u00e9rales"},"content":{"rendered":"<div data-elementor-type=\"wp-page\" data-elementor-id=\"1959\" class=\"elementor elementor-1959\" data-elementor-post-type=\"page\">\n\t\t\t\t\t\t<section class=\"elementor-section elementor-top-section elementor-element elementor-element-9b8e26e elementor-section-boxed elementor-section-height-default elementor-section-height-default\" data-id=\"9b8e26e\" data-element_type=\"section\" data-e-type=\"section\">\n\t\t\t\t\t\t<div class=\"elementor-container elementor-column-gap-default\">\n\t\t\t\t\t<div class=\"elementor-column elementor-col-100 elementor-top-column elementor-element elementor-element-6b3bde5\" data-id=\"6b3bde5\" data-element_type=\"column\" data-e-type=\"column\">\n\t\t\t<div class=\"elementor-widget-wrap elementor-element-populated\">\n\t\t\t\t\t\t<div class=\"elementor-element elementor-element-6bf689c elementor-widget__width-initial elementor-widget elementor-widget-text-editor\" data-id=\"6bf689c\" data-element_type=\"widget\" data-e-type=\"widget\" data-widget_type=\"text-editor.default\">\n\t\t\t\t<div class=\"elementor-widget-container\">\n\t\t\t\t\t\t\t\t\t<h3 data-start=\"469\" data-end=\"504\">1. INFORMATIONS DESTIN\u00c9ES AUX UTILISATEURS<\/h3>\n<p data-start=\"505\" data-end=\"1005\">Ce document r\u00e9git les conditions g\u00e9n\u00e9rales applicables \u00e0 l&#039;achat de services touristiques et aux r\u00e9servations d&#039;h\u00f4tel effectu\u00e9es via le site web <strong data-start=\"683\" data-end=\"718\"><a class=\"decorated-link\" href=\"https:\/\/30degreeshotels.com\/fr\/\" target=\"_new\" rel=\"noopener\" data-start=\"685\" data-end=\"716\">https:\/\/www.30degreeshotels.com<\/a><\/strong>, conform\u00e9ment aux dispositions de la loi 34\/2002 relative aux services de la soci\u00e9t\u00e9 de l\u2019information et au commerce \u00e9lectronique, et de la loi 3\/2014 modifiant le texte consolid\u00e9 de la loi g\u00e9n\u00e9rale pour la d\u00e9fense des consommateurs et des utilisateurs (d\u00e9cret royal l\u00e9gislatif 1\/2007).<\/p>\n<p data-start=\"1007\" data-end=\"1136\">Le recours \u00e0 l&#039;un quelconque des services propos\u00e9s implique l&#039;acceptation pleine et enti\u00e8re des pr\u00e9sentes conditions.<\/p><p data-start=\"1007\" data-end=\"1136\"><br><\/p>\n<h3 data-start=\"1143\" data-end=\"1181\">2. ACCEPTATION DES CONDITIONS<\/h3>\n<p data-start=\"1182\" data-end=\"1237\">L\u2019acceptation de ce document implique que le client\u00a0:<\/p>\n<p data-start=\"1239\" data-end=\"1430\">a) Il\/Elle a lu, compris et assimil\u00e9 son contenu.<br data-start=\"1286\" data-end=\"1289\">b) Il\/Elle est une personne ayant la capacit\u00e9 juridique suffisante pour conclure un contrat.<br data-start=\"1353\" data-end=\"1356\">c) Il\/Elle assume et accepte express\u00e9ment toutes les obligations qui en d\u00e9coulent.<\/p>\n<p data-start=\"1432\" data-end=\"1719\">Ces conditions auront <strong data-start=\"1466\" data-end=\"1489\">validit\u00e9 ind\u00e9finie<\/strong> Les pr\u00e9sentes conditions g\u00e9n\u00e9rales s&#039;appliquent \u00e0 toutes les r\u00e9servations effectu\u00e9es via le site web. Le prestataire se r\u00e9serve le droit de les modifier unilat\u00e9ralement, sans que cela n&#039;affecte les r\u00e9servations effectu\u00e9es avant la modification.<\/p>\n<h3 data-start=\"1726\" data-end=\"1758\"><br><\/h3><h3 data-start=\"1726\" data-end=\"1758\">3. IDENTIT\u00c9 DES PARTIES<\/h3>\n<p data-start=\"972\" data-end=\"1462\">Conform\u00e9ment aux dispositions de la l\u00e9gislation en vigueur, et notamment aux dispositions de la <strong data-start=\"1071\" data-end=\"1176\">Loi 34\/2002 du 11 juillet relative aux services de la soci\u00e9t\u00e9 de l&#039;information et au commerce \u00e9lectronique<\/strong>, les services de r\u00e9servation d&#039;h\u00e9bergement et d&#039;h\u00f4tel propos\u00e9s via le site web <strong data-start=\"1259\" data-end=\"1294\"><a class=\"decorated-link\" href=\"https:\/\/30degreeshotels.com\/fr\/\" target=\"_new\" rel=\"noopener\" data-start=\"1261\" data-end=\"1292\">https:\/\/www.30degreeshotels.com<\/a><\/strong> Elles sont fournies par les entit\u00e9s qui poss\u00e8dent ou g\u00e8rent les \u00e9tablissements qui op\u00e8rent sous la marque. <strong data-start=\"1407\" data-end=\"1427\">H\u00f4tels 30degrees<\/strong>, et qui sont d\u00e9taill\u00e9s ci-dessous\u00a0:<\/p>\n<ul data-start=\"1467\" data-end=\"1929\">\n<li data-start=\"1467\" data-end=\"1616\">\n<p data-start=\"1469\" data-end=\"1616\"><strong data-start=\"1469\" data-end=\"1503\">GESTIHOTELS COSTA C\u00c1LIDA, SL.<\/strong>, avec <strong data-start=\"1509\" data-end=\"1529\">NIF B66570441<\/strong>, propri\u00e9taire et\/ou g\u00e9rant de <strong data-start=\"1554\" data-end=\"1574\">H\u00f4tel Dos Playas<\/strong>, <strong data-start=\"1576\" data-end=\"1595\">H\u00f4tel Playa Sol<\/strong> et <strong data-start=\"1598\" data-end=\"1613\">H\u00f4tel Bah\u00eda<\/strong>.<\/p>\n<\/li>\n<li data-start=\"1619\" data-end=\"1737\">\n<p data-start=\"1621\" data-end=\"1737\"><strong data-start=\"1621\" data-end=\"1653\">GESTION DE L&#039;H\u00d4TEL EHOGA, SL.<\/strong>, avec <strong data-start=\"1659\" data-end=\"1679\">NIF B67508606<\/strong>, propri\u00e9taire et\/ou g\u00e9rant de <strong data-start=\"1704\" data-end=\"1734\">Appartements Binivell Park<\/strong>.<\/p>\n<\/li>\n<li data-start=\"1740\" data-end=\"1829\">\n<p data-start=\"1742\" data-end=\"1829\"><strong data-start=\"1742\" data-end=\"1758\">OLIHER, SL.<\/strong>, avec <strong data-start=\"1764\" data-end=\"1784\">NIF B58465857<\/strong>, propri\u00e9taire et\/ou g\u00e9rant de <strong data-start=\"1809\" data-end=\"1826\">H\u00f4tel Espagne<\/strong>.<\/p>\n<\/li>\n<li data-start=\"1832\" data-end=\"1927\">\n<p data-start=\"1834\" data-end=\"1927\"><strong data-start=\"1834\" data-end=\"1852\">FRINGIAN, SL.<\/strong>, avec <strong data-start=\"1858\" data-end=\"1878\">NIF B66451402<\/strong>, propri\u00e9taire et\/ou g\u00e9rant de <strong data-start=\"1903\" data-end=\"1926\">Appartements Beatrix<\/strong>.<\/p>\n<\/li>\n<\/ul>\n<p data-start=\"1932\" data-end=\"2018\">D\u00e9sormais, on les d\u00e9signera collectivement comme les <strong data-start=\"1991\" data-end=\"2017\">prestataire de services<\/strong>.<\/p>\n<p data-start=\"2023\" data-end=\"2357\">Le processus de r\u00e9servation et de contractualisation s&#039;effectue via un <strong data-start=\"2086\" data-end=\"2175\">moteur de r\u00e9servation en ligne fourni par un prestataire technologique externe (WITBOOKING)<\/strong>, qui agit exclusivement comme <strong data-start=\"2207\" data-end=\"2247\">plateforme d&#039;interm\u00e9diation technique<\/strong>, sans intervenir dans la fourniture du service d&#039;h\u00e9bergement ni assumer aucune responsabilit\u00e9 \u00e0 cet \u00e9gard.<\/p>\n<p data-start=\"2023\" data-end=\"2357\"><br><\/p>\n<h3 data-start=\"2980\" data-end=\"3008\">4. OBJET DU CONTRAT<\/h3>\n<p data-start=\"3009\" data-end=\"3280\">Ces conditions r\u00e9gissent la relation contractuelle entre le prestataire et le client \u00e0 partir du moment o\u00f9 ce dernier accepte les conditions lors du processus de r\u00e9servation en ligne, le contrat \u00e9tant parfait conform\u00e9ment aux articles 1.258 et 1.262 du Code civil.<\/p>\n<p data-start=\"3009\" data-end=\"3280\"><br><\/p>\n<h3 data-start=\"3287\" data-end=\"3315\">5. SERVICES OFFERTS<\/h3>\n<p data-start=\"3316\" data-end=\"3489\">Le fournisseur propose <strong data-start=\"3336\" data-end=\"3395\">services d&#039;h\u00e9bergement touristique et r\u00e9servations d&#039;h\u00f4tel<\/strong>, y compris tous les services suppl\u00e9mentaires qui pourraient \u00eatre ajout\u00e9s au cours du processus de contractualisation.<\/p>\n<h3 data-start=\"3496\" data-end=\"3512\"><br><\/h3>\n<h3 data-start=\"3496\" data-end=\"3512\">6. PRIX<\/h3>\n<p data-start=\"3513\" data-end=\"3720\">Les prix affich\u00e9s sur le site web sont <strong data-start=\"3555\" data-end=\"3574\">prix finaux<\/strong>, taxes comprises, \u00e0 l&#039;exception des erreurs typographiques.<br data-start=\"3625\" data-end=\"3628\">La <strong data-start=\"3631\" data-end=\"3666\">Taxe de s\u00e9jour non incluse<\/strong> et doit \u00eatre pay\u00e9e directement \u00e0 l&#039;\u00e9tablissement.<\/p>\n<p data-start=\"3722\" data-end=\"3875\">Pour les r\u00e9servations effectu\u00e9es depuis l&#039;\u00e9tranger, les frais bancaires suppl\u00e9mentaires sont \u00e0 la charge du client. Le prestataire d\u00e9cline toute responsabilit\u00e9 \u00e0 cet \u00e9gard.<\/p>\n<p data-start=\"3877\" data-end=\"3980\">Les prix peuvent varier en temps r\u00e9el et seront toujours affich\u00e9s avant la confirmation de la r\u00e9servation.<\/p>\n<p data-start=\"3877\" data-end=\"3980\"><br><\/p>\n<h3 data-start=\"3987\" data-end=\"4002\">7. LANGUE<\/h3>\n<p data-start=\"4003\" data-end=\"4074\">Le processus d&#039;embauche peut \u00eatre r\u00e9alis\u00e9 dans <strong data-start=\"4050\" data-end=\"4073\">Espagnol, anglais ou les langues disponibles sur la plateforme Witbooking<\/strong>.<\/p>\n<h3 data-start=\"4081\" data-end=\"4113\"><br><\/h3>\n<h3 data-start=\"4081\" data-end=\"4113\">8. PROCESSUS DE CONTRAT<\/h3>\n<p data-start=\"4114\" data-end=\"4177\">La proc\u00e9dure de r\u00e9servation se fait enti\u00e8rement en ligne et comprend\u00a0:<\/p>\n<ol data-start=\"4179\" data-end=\"4464\">\n<li data-start=\"4179\" data-end=\"4213\">\n<p data-start=\"4182\" data-end=\"4213\">Choix de l&#039;h\u00f4tel et dates.<\/p>\n<\/li>\n<li data-start=\"4214\" data-end=\"4252\">\n<p data-start=\"4217\" data-end=\"4252\">Choix du type d&#039;h\u00e9bergement.<\/p>\n<\/li>\n<li data-start=\"4253\" data-end=\"4306\">\n<p data-start=\"4256\" data-end=\"4306\">S\u00e9lection de services suppl\u00e9mentaires (le cas \u00e9ch\u00e9ant).<\/p>\n<\/li>\n<li data-start=\"4307\" data-end=\"4350\">\n<p data-start=\"4310\" data-end=\"4350\">Saisie des donn\u00e9es des clients.<\/p>\n<\/li>\n<li data-start=\"4351\" data-end=\"4376\">\n<p data-start=\"4354\" data-end=\"4376\">Confirmation et paiement.<\/p>\n<\/li>\n<li data-start=\"4377\" data-end=\"4464\">\n<p data-start=\"4380\" data-end=\"4464\">Envoi automatique du <strong data-start=\"4403\" data-end=\"4430\">Confirmation de r\u00e9servation<\/strong> \u00e0 l&#039;adresse \u00e9lectronique fournie.<\/p>\n<\/li>\n<\/ol>\n<p>Le processus d&#039;embauche se d\u00e9roule par le biais d&#039;un <strong data-start=\"2527\" data-end=\"2598\">Moteur de r\u00e9servation en ligne g\u00e9r\u00e9 technologiquement par WITBOOKING<\/strong>, L&#039;utilisateur est redirig\u00e9 vers cette plateforme lors du processus de r\u00e9servation. L&#039;utilisation de cette plateforme ne modifie en rien la relation contractuelle, qui est \u00e9tablie exclusivement entre le client et le prestataire du service d&#039;h\u00e9bergement correspondant.<\/p>\n<p><br><\/p>\n<h3 data-start=\"4471\" data-end=\"4494\">9. MODES DE PAIEMENT<\/h3>\n<p data-start=\"4495\" data-end=\"4599\">Le paiement sera effectu\u00e9 par le biais de <strong data-start=\"4525\" data-end=\"4556\">carte de cr\u00e9dit ou de d\u00e9bit<\/strong> via une plateforme de paiement s\u00e9curis\u00e9e.<\/p>\n<p data-start=\"4601\" data-end=\"4705\">Le fournisseur n&#039;est pas responsable des erreurs r\u00e9sultant de donn\u00e9es incorrectes saisies par le client.<\/p>\n<h3 data-start=\"4712\" data-end=\"4743\"><br><\/h3>\n<h3 data-start=\"4712\" data-end=\"4743\">10. ANNULATION ET ABSENCE<\/h3>\n<p data-start=\"4745\" data-end=\"4812\">La politique d&#039;annulation d\u00e9pendra de <strong data-start=\"4788\" data-end=\"4811\">taux s\u00e9lectionn\u00e9<\/strong>:<\/p>\n<h4 data-start=\"4814\" data-end=\"4837\">Tarifs standard<\/h4>\n<ul data-start=\"4838\" data-end=\"5057\">\n<li data-start=\"4838\" data-end=\"4911\">\n<p data-start=\"4840\" data-end=\"4911\">Annulation gratuite jusqu&#039;\u00e0 <strong data-start=\"4867\" data-end=\"4885\">24 heures avant<\/strong> de la date d&#039;arriv\u00e9e.<\/p>\n<\/li>\n<li data-start=\"4912\" data-end=\"5057\">\n<p data-start=\"4914\" data-end=\"5057\">Annulation hors d\u00e9lai ou non-pr\u00e9sentation\u00a0: <strong data-start=\"4970\" data-end=\"5025\">100% du prix de la premi\u00e8re nuit ou de la r\u00e9servation<\/strong>, selon des conditions sp\u00e9cifiques.<\/p>\n<\/li>\n<\/ul>\n<h4 data-start=\"5059\" data-end=\"5100\">Tarifs pr\u00e9pay\u00e9s \/ non remboursables<\/h4>\n<ul data-start=\"5101\" data-end=\"5270\">\n<li data-start=\"5101\" data-end=\"5183\">\n<p data-start=\"5103\" data-end=\"5183\">Le montant total peut \u00eatre d\u00e9bit\u00e9 \u00e0 tout moment apr\u00e8s la r\u00e9servation.<\/p>\n<\/li>\n<li data-start=\"5184\" data-end=\"5224\">\n<p data-start=\"5186\" data-end=\"5224\">Elle n&#039;autorise ni annulation ni remboursement.<\/p>\n<\/li>\n<li data-start=\"5225\" data-end=\"5270\">\n<p data-start=\"5227\" data-end=\"5270\">ABSENCE : <strong data-start=\"5236\" data-end=\"5269\">Frais de r\u00e9servation \u00e0 100%<\/strong>.<\/p>\n<\/li>\n<\/ul>\n<p data-start=\"5272\" data-end=\"5342\">TVA incluse.<br data-start=\"5285\" data-end=\"5288\">La taxe de s\u00e9jour sera \u00e0 r\u00e9gler directement \u00e0 l&#039;h\u00f4tel.<\/p>\n<h3 data-start=\"5349\" data-end=\"5383\"><br><\/h3>\n<h3 data-start=\"5349\" data-end=\"5383\">11. DROIT DE R\u00c9TRACTATION<\/h3>\n<p data-start=\"5384\" data-end=\"5585\">Conform\u00e9ment \u00e0 la r\u00e9glementation en vigueur, le droit de r\u00e9tractation ne s&#039;applique pas aux prestations d&#039;h\u00e9bergement pour des dates pr\u00e9cises, sans pr\u00e9judice des dispositions de la confirmation de r\u00e9servation.<\/p>\n<h3 data-start=\"5592\" data-end=\"5615\"><br><\/h3><h3 data-start=\"5592\" data-end=\"5615\">12. R\u00c9CLAMATIONS<\/h3>\n<p data-start=\"5616\" data-end=\"5776\">Les clients peuvent d\u00e9poser une r\u00e9clamation en contactant directement l&#039;\u00e9tablissement concern\u00e9 par courriel, par t\u00e9l\u00e9phone ou en personne.<\/p><p data-start=\"5616\" data-end=\"5776\"><br><\/p>\n<h3 data-start=\"5783\" data-end=\"5805\">13. JURIDICTION<\/h3>\n<p data-start=\"5806\" data-end=\"5935\">Les parties se soumettent express\u00e9ment \u00e0 <strong data-start=\"5847\" data-end=\"5893\">Tribunaux et tribunaux de la capitale de Barcelone<\/strong>, sauf disposition contraire de la loi.<\/p>\n<h3 data-start=\"5942\" data-end=\"5973\"><br><\/h3><h3 data-start=\"5942\" data-end=\"5973\">14. L\u00c9GISLATION APPLICABLE<\/h3>\n<p data-start=\"5974\" data-end=\"6041\">Ces conditions sont r\u00e9gies par le <strong data-start=\"6008\" data-end=\"6040\">l\u00e9gislation espagnole actuelle.<\/strong><\/p>\t\t\t\t\t\t\t\t<\/div>\n\t\t\t\t<\/div>\n\t\t\t\t\t<\/div>\n\t\t<\/div>\n\t\t\t\t\t<\/div>\n\t\t<\/section>\n\t\t\t\t<\/div>","protected":false},"excerpt":{"rendered":"<p>1. INFORMACI\u00d3N A LOS USUARIOS El presente documento regula las condiciones generales de contrataci\u00f3n aplicables a la adquisici\u00f3n de servicios tur\u00edsticos y reservas hoteleras realizadas a trav\u00e9s del sitio web https:\/\/www.30degreeshotels.com, de conformidad con lo dispuesto en la Ley 34\/2002, de Servicios de la Sociedad de la Informaci\u00f3n y de Comercio Electr\u00f3nico, y en la [&hellip;]<\/p>\n","protected":false},"author":2,"featured_media":0,"parent":0,"menu_order":0,"comment_status":"closed","ping_status":"closed","template":"","meta":{"footnotes":""},"class_list":["post-1959","page","type-page","status-publish","hentry"],"yoast_head":"<!-- This site is optimized with the Yoast SEO plugin v27.3 - https:\/\/yoast.com\/product\/yoast-seo-wordpress\/ -->\n<title>Condiciones Generales - 30\u00ba hotels<\/title>\n<meta name=\"robots\" content=\"index, follow, max-snippet:-1, max-image-preview:large, max-video-preview:-1\" \/>\n<link rel=\"canonical\" href=\"https:\/\/30degreeshotels.com\/fr\/conditions-generales\/\" \/>\n<meta property=\"og:locale\" content=\"fr_FR\" \/>\n<meta property=\"og:type\" content=\"article\" \/>\n<meta property=\"og:title\" content=\"Condiciones Generales - 30\u00ba hotels\" \/>\n<meta property=\"og:description\" content=\"1. INFORMACI\u00d3N A LOS USUARIOS El presente documento regula las condiciones generales de contrataci\u00f3n aplicables a la adquisici\u00f3n de servicios tur\u00edsticos y reservas hoteleras realizadas a trav\u00e9s del sitio web https:\/\/www.30degreeshotels.com, de conformidad con lo dispuesto en la Ley 34\/2002, de Servicios de la Sociedad de la Informaci\u00f3n y de Comercio Electr\u00f3nico, y en la [&hellip;]\" \/>\n<meta property=\"og:url\" content=\"https:\/\/30degreeshotels.com\/fr\/conditions-generales\/\" \/>\n<meta property=\"og:site_name\" content=\"30\u00ba hotels\" \/>\n<meta property=\"article:publisher\" content=\"https:\/\/www.facebook.com\/30degreeshotels\" \/>\n<meta property=\"article:modified_time\" content=\"2025-12-21T20:37:57+00:00\" \/>\n<meta name=\"twitter:card\" content=\"summary_large_image\" \/>\n<meta name=\"twitter:label1\" content=\"Dur\u00e9e de lecture estim\u00e9e\" \/>\n\t<meta name=\"twitter:data1\" content=\"4 minutes\" \/>\n<script type=\"application\/ld+json\" class=\"yoast-schema-graph\">{\"@context\":\"https:\\\/\\\/schema.org\",\"@graph\":[{\"@type\":\"WebPage\",\"@id\":\"https:\\\/\\\/30degreeshotels.com\\\/condiciones-generales\\\/\",\"url\":\"https:\\\/\\\/30degreeshotels.com\\\/condiciones-generales\\\/\",\"name\":\"Condiciones Generales - 30\u00ba hotels\",\"isPartOf\":{\"@id\":\"https:\\\/\\\/30degreeshotels.com\\\/#website\"},\"datePublished\":\"2023-02-23T22:50:08+00:00\",\"dateModified\":\"2025-12-21T20:37:57+00:00\",\"breadcrumb\":{\"@id\":\"https:\\\/\\\/30degreeshotels.com\\\/condiciones-generales\\\/#breadcrumb\"},\"inLanguage\":\"fr-FR\",\"potentialAction\":[{\"@type\":\"ReadAction\",\"target\":[\"https:\\\/\\\/30degreeshotels.com\\\/condiciones-generales\\\/\"]}]},{\"@type\":\"BreadcrumbList\",\"@id\":\"https:\\\/\\\/30degreeshotels.com\\\/condiciones-generales\\\/#breadcrumb\",\"itemListElement\":[{\"@type\":\"ListItem\",\"position\":1,\"name\":\"30\u00ba hotels &amp; apartments\",\"item\":\"https:\\\/\\\/30degreeshotels.com\\\/\"},{\"@type\":\"ListItem\",\"position\":2,\"name\":\"Condiciones Generales\"}]},{\"@type\":\"WebSite\",\"@id\":\"https:\\\/\\\/30degreeshotels.com\\\/#website\",\"url\":\"https:\\\/\\\/30degreeshotels.com\\\/\",\"name\":\"30\u00ba hotels\",\"description\":\"Holidays are not optional\",\"publisher\":{\"@id\":\"https:\\\/\\\/30degreeshotels.com\\\/#organization\"},\"potentialAction\":[{\"@type\":\"SearchAction\",\"target\":{\"@type\":\"EntryPoint\",\"urlTemplate\":\"https:\\\/\\\/30degreeshotels.com\\\/?s={search_term_string}\"},\"query-input\":{\"@type\":\"PropertyValueSpecification\",\"valueRequired\":true,\"valueName\":\"search_term_string\"}}],\"inLanguage\":\"fr-FR\"},{\"@type\":\"Organization\",\"@id\":\"https:\\\/\\\/30degreeshotels.com\\\/#organization\",\"name\":\"30\u00ba hotels\",\"url\":\"https:\\\/\\\/30degreeshotels.com\\\/\",\"logo\":{\"@type\":\"ImageObject\",\"inLanguage\":\"fr-FR\",\"@id\":\"https:\\\/\\\/30degreeshotels.com\\\/#\\\/schema\\\/logo\\\/image\\\/\",\"url\":\"https:\\\/\\\/30degreeshotels.com\\\/wp-content\\\/uploads\\\/2023\\\/01\\\/30o-LOGO.webp\",\"contentUrl\":\"https:\\\/\\\/30degreeshotels.com\\\/wp-content\\\/uploads\\\/2023\\\/01\\\/30o-LOGO.webp\",\"width\":800,\"height\":800,\"caption\":\"30\u00ba hotels\"},\"image\":{\"@id\":\"https:\\\/\\\/30degreeshotels.com\\\/#\\\/schema\\\/logo\\\/image\\\/\"},\"sameAs\":[\"https:\\\/\\\/www.facebook.com\\\/30degreeshotels\",\"https:\\\/\\\/www.instagram.com\\\/30degreeshotels\\\/\"]}]}<\/script>\n<!-- \/ Yoast SEO plugin. -->","yoast_head_json":{"title":"Conditions g\u00e9n\u00e9rales - H\u00f4tels 30\u00ba","robots":{"index":"index","follow":"follow","max-snippet":"max-snippet:-1","max-image-preview":"max-image-preview:large","max-video-preview":"max-video-preview:-1"},"canonical":"https:\/\/30degreeshotels.com\/fr\/conditions-generales\/","og_locale":"fr_FR","og_type":"article","og_title":"Condiciones Generales - 30\u00ba hotels","og_description":"1. INFORMACI\u00d3N A LOS USUARIOS El presente documento regula las condiciones generales de contrataci\u00f3n aplicables a la adquisici\u00f3n de servicios tur\u00edsticos y reservas hoteleras realizadas a trav\u00e9s del sitio web https:\/\/www.30degreeshotels.com, de conformidad con lo dispuesto en la Ley 34\/2002, de Servicios de la Sociedad de la Informaci\u00f3n y de Comercio Electr\u00f3nico, y en la [&hellip;]","og_url":"https:\/\/30degreeshotels.com\/fr\/conditions-generales\/","og_site_name":"30\u00ba hotels","article_publisher":"https:\/\/www.facebook.com\/30degreeshotels","article_modified_time":"2025-12-21T20:37:57+00:00","twitter_card":"summary_large_image","twitter_misc":{"Dur\u00e9e de lecture estim\u00e9e":"4 minutes"},"schema":{"@context":"https:\/\/schema.org","@graph":[{"@type":"WebPage","@id":"https:\/\/30degreeshotels.com\/condiciones-generales\/","url":"https:\/\/30degreeshotels.com\/condiciones-generales\/","name":"Conditions g\u00e9n\u00e9rales - H\u00f4tels 30\u00ba","isPartOf":{"@id":"https:\/\/30degreeshotels.com\/#website"},"datePublished":"2023-02-23T22:50:08+00:00","dateModified":"2025-12-21T20:37:57+00:00","breadcrumb":{"@id":"https:\/\/30degreeshotels.com\/condiciones-generales\/#breadcrumb"},"inLanguage":"fr-FR","potentialAction":[{"@type":"ReadAction","target":["https:\/\/30degreeshotels.com\/condiciones-generales\/"]}]},{"@type":"BreadcrumbList","@id":"https:\/\/30degreeshotels.com\/condiciones-generales\/#breadcrumb","itemListElement":[{"@type":"ListItem","position":1,"name":"30\u00ba hotels &amp; apartments","item":"https:\/\/30degreeshotels.com\/"},{"@type":"ListItem","position":2,"name":"Condiciones Generales"}]},{"@type":"WebSite","@id":"https:\/\/30degreeshotels.com\/#website","url":"https:\/\/30degreeshotels.com\/","name":"30\u00ba hotels","description":"Les vacances ne sont pas facultatives","publisher":{"@id":"https:\/\/30degreeshotels.com\/#organization"},"potentialAction":[{"@type":"SearchAction","target":{"@type":"EntryPoint","urlTemplate":"https:\/\/30degreeshotels.com\/?s={search_term_string}"},"query-input":{"@type":"PropertyValueSpecification","valueRequired":true,"valueName":"search_term_string"}}],"inLanguage":"fr-FR"},{"@type":"Organization","@id":"https:\/\/30degreeshotels.com\/#organization","name":"30\u00ba hotels","url":"https:\/\/30degreeshotels.com\/","logo":{"@type":"ImageObject","inLanguage":"fr-FR","@id":"https:\/\/30degreeshotels.com\/#\/schema\/logo\/image\/","url":"https:\/\/30degreeshotels.com\/wp-content\/uploads\/2023\/01\/30o-LOGO.webp","contentUrl":"https:\/\/30degreeshotels.com\/wp-content\/uploads\/2023\/01\/30o-LOGO.webp","width":800,"height":800,"caption":"30\u00ba hotels"},"image":{"@id":"https:\/\/30degreeshotels.com\/#\/schema\/logo\/image\/"},"sameAs":["https:\/\/www.facebook.com\/30degreeshotels","https:\/\/www.instagram.com\/30degreeshotels\/"]}]}},"_links":{"self":[{"href":"https:\/\/30degreeshotels.com\/fr\/wp-json\/wp\/v2\/pages\/1959","targetHints":{"allow":["GET"]}}],"collection":[{"href":"https:\/\/30degreeshotels.com\/fr\/wp-json\/wp\/v2\/pages"}],"about":[{"href":"https:\/\/30degreeshotels.com\/fr\/wp-json\/wp\/v2\/types\/page"}],"author":[{"embeddable":true,"href":"https:\/\/30degreeshotels.com\/fr\/wp-json\/wp\/v2\/users\/2"}],"replies":[{"embeddable":true,"href":"https:\/\/30degreeshotels.com\/fr\/wp-json\/wp\/v2\/comments?post=1959"}],"version-history":[{"count":26,"href":"https:\/\/30degreeshotels.com\/fr\/wp-json\/wp\/v2\/pages\/1959\/revisions"}],"predecessor-version":[{"id":12299,"href":"https:\/\/30degreeshotels.com\/fr\/wp-json\/wp\/v2\/pages\/1959\/revisions\/12299"}],"wp:attachment":[{"href":"https:\/\/30degreeshotels.com\/fr\/wp-json\/wp\/v2\/media?parent=1959"}],"curies":[{"name":"wp","href":"https:\/\/api.w.org\/{rel}","templated":true}]}}