{"id":200,"date":"2023-01-18T14:37:46","date_gmt":"2023-01-18T13:37:46","guid":{"rendered":"https:\/\/30degreeshotels.com\/?page_id=200"},"modified":"2025-12-21T21:38:57","modified_gmt":"2025-12-21T20:38:57","slug":"avis-juridique","status":"publish","type":"page","link":"https:\/\/30degreeshotels.com\/fr\/aviso-legal\/","title":{"rendered":"Avis juridique"},"content":{"rendered":"<div data-elementor-type=\"wp-page\" data-elementor-id=\"200\" class=\"elementor elementor-200\" data-elementor-post-type=\"page\">\n\t\t\t\t\t\t<section class=\"elementor-section elementor-top-section elementor-element elementor-element-b2eae7d elementor-section-boxed elementor-section-height-default elementor-section-height-default\" data-id=\"b2eae7d\" data-element_type=\"section\" data-e-type=\"section\">\n\t\t\t\t\t\t\t<div class=\"elementor-background-overlay\"><\/div>\n\t\t\t\t\t\t\t<div class=\"elementor-container elementor-column-gap-default\">\n\t\t\t\t\t<div class=\"elementor-column elementor-col-100 elementor-top-column elementor-element elementor-element-98b81ee\" data-id=\"98b81ee\" data-element_type=\"column\" data-e-type=\"column\">\n\t\t\t<div class=\"elementor-widget-wrap elementor-element-populated\">\n\t\t\t\t\t\t<div class=\"elementor-element elementor-element-626b8f2 elementor-widget elementor-widget-heading\" data-id=\"626b8f2\" data-element_type=\"widget\" data-e-type=\"widget\" data-widget_type=\"heading.default\">\n\t\t\t\t<div class=\"elementor-widget-container\">\n\t\t\t\t\t<h2 class=\"elementor-heading-title elementor-size-default\">AVIS JURIDIQUE<\/h2>\t\t\t\t<\/div>\n\t\t\t\t<\/div>\n\t\t\t\t\t<\/div>\n\t\t<\/div>\n\t\t\t\t\t<\/div>\n\t\t<\/section>\n\t\t\t\t<section class=\"elementor-section elementor-top-section elementor-element elementor-element-499b1db elementor-section-boxed elementor-section-height-default elementor-section-height-default\" data-id=\"499b1db\" data-element_type=\"section\" data-e-type=\"section\">\n\t\t\t\t\t\t<div class=\"elementor-container elementor-column-gap-default\">\n\t\t\t\t\t<div class=\"elementor-column elementor-col-100 elementor-top-column elementor-element elementor-element-8af4ab9\" data-id=\"8af4ab9\" data-element_type=\"column\" data-e-type=\"column\">\n\t\t\t<div class=\"elementor-widget-wrap elementor-element-populated\">\n\t\t\t\t\t\t<div class=\"elementor-element elementor-element-de27102 elementor-widget elementor-widget-text-editor\" data-id=\"de27102\" data-element_type=\"widget\" data-e-type=\"widget\" data-widget_type=\"text-editor.default\">\n\t\t\t\t<div class=\"elementor-widget-container\">\n\t\t\t\t\t\t\t\t\t<h2 data-start=\"283\" data-end=\"308\">1. INFORMATIONS G\u00c9N\u00c9RALES<\/h2>\n<p data-start=\"310\" data-end=\"729\">Conform\u00e9ment \u00e0 l&#039;obligation d&#039;information pr\u00e9vue \u00e0 l&#039;article 10 de la <strong data-start=\"387\" data-end=\"501\">Loi 34\/2002 du 11 juillet relative aux services de la soci\u00e9t\u00e9 de l&#039;information et au commerce \u00e9lectronique (LSSI-CE)<\/strong>, Ce site web vous informe que <strong data-start=\"540\" data-end=\"575\"><a class=\"decorated-link\" href=\"https:\/\/30degreeshotels.com\/fr\/\" target=\"_new\" rel=\"noopener\" data-start=\"542\" data-end=\"573\">https:\/\/www.30degreeshotels.com<\/a><\/strong> (ci-apr\u00e8s, le <em data-start=\"593\" data-end=\"604\">site web<\/em>) est une plateforme d&#039;entreprise pour l&#039;information et le marketing des services touristiques sous la marque <strong data-start=\"708\" data-end=\"728\">H\u00f4tels 30degrees<\/strong>.<\/p>\n<p data-start=\"310\" data-end=\"729\"><br><\/p>\n<h2 data-start=\"736\" data-end=\"767\">2. PROPRI\u00c9T\u00c9 DU SITE WEB<\/h2>\n<p data-start=\"769\" data-end=\"1029\">Le site web <strong data-start=\"782\" data-end=\"805\">30degreeshotels.com<\/strong> Elle sert de plateforme de marketing commune pour les diff\u00e9rents \u00e9tablissements op\u00e9rant sous la marque. <strong data-start=\"916\" data-end=\"936\">H\u00f4tels 30degrees<\/strong>, Les entit\u00e9s suivantes sont propri\u00e9taires et\/ou gestionnaires des services d&#039;h\u00e9bergement\u00a0:<\/p>\n<ul data-start=\"1031\" data-end=\"1451\">\n<li data-start=\"1031\" data-end=\"1165\">\n<p data-start=\"1033\" data-end=\"1165\"><strong data-start=\"1033\" data-end=\"1067\">GESTIHOTELS COSTA C\u00c1LIDA, SL.<\/strong><br data-start=\"1067\" data-end=\"1070\">NIF\u00a0: <strong data-start=\"1080\" data-end=\"1093\">B66570441<\/strong><br data-start=\"1093\" data-end=\"1096\">\u00c9tablissements : H\u00f4tel Dos Playas, H\u00f4tel Playa Sol et H\u00f4tel Bah\u00eda<\/p>\n<\/li>\n<li data-start=\"1167\" data-end=\"1277\">\n<p data-start=\"1169\" data-end=\"1277\"><strong data-start=\"1169\" data-end=\"1201\">GESTION DE L&#039;H\u00d4TEL EHOGA, SL.<\/strong><br data-start=\"1201\" data-end=\"1204\">NIF\u00a0: <strong data-start=\"1214\" data-end=\"1227\">B67508606<\/strong><br data-start=\"1227\" data-end=\"1230\">\u00c9tablissement : Appartements Binivell Park<\/p>\n<\/li>\n<li data-start=\"1279\" data-end=\"1360\">\n<p data-start=\"1281\" data-end=\"1360\"><strong data-start=\"1281\" data-end=\"1297\">OLIHER, SL.<\/strong><br data-start=\"1297\" data-end=\"1300\">NIF\u00a0: <strong data-start=\"1310\" data-end=\"1323\">B58465857<\/strong><br data-start=\"1323\" data-end=\"1326\">\u00c9tablissement : H\u00f4tel Espanya<\/p>\n<\/li>\n<li data-start=\"1362\" data-end=\"1451\">\n<p data-start=\"1364\" data-end=\"1451\"><strong data-start=\"1364\" data-end=\"1382\">FRINGIAN, SL.<\/strong><br data-start=\"1382\" data-end=\"1385\">NIF\u00a0: <strong data-start=\"1395\" data-end=\"1408\">B66451402<\/strong><br data-start=\"1408\" data-end=\"1411\">\u00c9tablissement : Appartements Beatrix<\/p>\n<\/li>\n<\/ul>\n<p data-start=\"1453\" data-end=\"1613\">D\u00e9sormais, on les d\u00e9signera collectivement comme les <strong data-start=\"1512\" data-end=\"1523\">titulaire<\/strong> o <strong data-start=\"1526\" data-end=\"1552\">prestataire de services<\/strong>, selon l&#039;\u00e9tablissement s\u00e9lectionn\u00e9 par l&#039;utilisateur.<\/p>\n<p data-start=\"1453\" data-end=\"1613\"><br><\/p>\n<h2 data-start=\"1620\" data-end=\"1646\">3. STATUT DE L&#039;UTILISATEUR<\/h2>\n<p data-start=\"1648\" data-end=\"1892\">L&#039;acc\u00e8s, la navigation et l&#039;utilisation du site web conf\u00e8rent le statut de <strong data-start=\"1715\" data-end=\"1726\">utilisateur<\/strong>, impliquant l&#039;acceptation pleine et enti\u00e8re de toutes les dispositions incluses dans les pr\u00e9sentes mentions l\u00e9gales, ainsi que dans le reste des textes juridiques du site web.<\/p>\n<p data-start=\"1648\" data-end=\"1892\"><br><\/p>\n<h2 data-start=\"1899\" data-end=\"1922\">4. UTILISATION DU SITE WEB<\/h2>\n<p data-start=\"1924\" data-end=\"2118\">L\u2019utilisateur s\u2019engage \u00e0 faire un usage appropri\u00e9 du contenu, des services et des fonctionnalit\u00e9s du site web, conform\u00e9ment \u00e0 la loi, \u00e0 la bonne foi, \u00e0 l\u2019ordre public et aux pr\u00e9sentes mentions l\u00e9gales.<\/p>\n<p data-start=\"2120\" data-end=\"2312\">Toute utilisation du site web \u00e0 des fins illicites, pr\u00e9judiciables aux droits ou aux int\u00e9r\u00eats de tiers, ou susceptibles d&#039;endommager, de d\u00e9sactiver ou de surcharger le site web est express\u00e9ment interdite.<\/p>\n<h2 data-start=\"2319\" data-end=\"2359\"><br><\/h2>\n<h2 data-start=\"2319\" data-end=\"2359\">5. PROPRI\u00c9T\u00c9 INTELLECTUELLE ET INDUSTRIELLE<\/h2>\n<p data-start=\"2361\" data-end=\"2745\">L&#039;ensemble du contenu du site Web, y compris, mais sans s&#039;y limiter, les textes, images, photographies, logos, marques de commerce, noms commerciaux, dessins, codes sources et autres \u00e9l\u00e9ments, appartient au fournisseur de services ou \u00e0 des tiers qui ont autoris\u00e9 leur utilisation, et est prot\u00e9g\u00e9 par la r\u00e9glementation en vigueur en mati\u00e8re de propri\u00e9t\u00e9 intellectuelle et industrielle.<\/p>\n<p data-start=\"2747\" data-end=\"2909\">La reproduction, la distribution, la communication publique ou la transformation desdits contenus sont interdites sans l&#039;autorisation expresse du titulaire des droits.<\/p>\n<h2 data-start=\"2916\" data-end=\"2937\"><br><\/h2><h2 data-start=\"2916\" data-end=\"2937\">6. RESPONSABILIT\u00c9<\/h2>\n<p data-start=\"2939\" data-end=\"3040\">Le prestataire de services n&#039;est pas responsable des dommages ou pertes pouvant r\u00e9sulter de\u00a0:<\/p>\n<ul data-start=\"3042\" data-end=\"3251\">\n<li data-start=\"3042\" data-end=\"3093\">\n<p data-start=\"3044\" data-end=\"3093\">Interruptions de service ou erreurs techniques.<\/p>\n<\/li>\n<li data-start=\"3094\" data-end=\"3143\">\n<p data-start=\"3096\" data-end=\"3143\">Virus ou autres \u00e9l\u00e9ments informatiques nuisibles.<\/p>\n<\/li>\n<li data-start=\"3144\" data-end=\"3197\">\n<p data-start=\"3146\" data-end=\"3197\">Utilisation abusive du site web par l&#039;utilisateur.<\/p>\n<\/li>\n<li data-start=\"3198\" data-end=\"3251\">\n<p data-start=\"3200\" data-end=\"3251\">Contenu tiers accessible via des liens.<\/p>\n<\/li>\n<\/ul>\n<h2 data-start=\"3258\" data-end=\"3281\"><br><\/h2><h2 data-start=\"3258\" data-end=\"3281\">7. MOTEUR DE R\u00c9SERVATION<\/h2>\n<p data-start=\"3283\" data-end=\"3473\">Le processus de r\u00e9servation et de contractualisation des services d&#039;h\u00e9bergement s&#039;effectue via un <strong data-start=\"3378\" data-end=\"3472\">Moteur de r\u00e9servation en ligne g\u00e9r\u00e9 technologiquement par un prestataire externe (WITBOOKING)<\/strong>.<\/p>\n<p data-start=\"3475\" data-end=\"3681\">WITBOOKING agit exclusivement en tant que <strong data-start=\"3512\" data-end=\"3537\">fournisseur de technologie<\/strong>, n&#039;\u00e9tant pas responsable de la fourniture des services d&#039;h\u00e9bergement, qui rel\u00e8vent en tout \u00e9tat de cause du propri\u00e9taire de l&#039;\u00e9tablissement r\u00e9serv\u00e9.<\/p>\n<h2 data-start=\"3688\" data-end=\"3712\"><br><\/h2><h2 data-start=\"3688\" data-end=\"3712\">8. LIENS VERS DES TIERS<\/h2>\n<p data-start=\"3714\" data-end=\"3892\">Le site web peut contenir des liens vers des sites web tiers. Le fournisseur d\u00e9cline toute responsabilit\u00e9 quant au contenu, aux politiques ou aux pratiques de ces sites externes.<\/p><p data-start=\"3714\" data-end=\"3892\"><br><\/p>\n<h2 data-start=\"3899\" data-end=\"3924\">9. PROTECTION DES DONN\u00c9ES<\/h2>\n<p data-start=\"3926\" data-end=\"4119\">Le traitement des donn\u00e9es personnelles de l&#039;utilisateur sera r\u00e9gi par les dispositions de la <strong data-start=\"4010\" data-end=\"4036\">Politique de confidentialit\u00e9<\/strong>, disponible sur le site web, que l&#039;utilisateur doit consulter ind\u00e9pendamment.<\/p>\n<h2 data-start=\"4126\" data-end=\"4147\"><br><\/h2><h2 data-start=\"4126\" data-end=\"4147\">10. MODIFICATIONS<\/h2>\n<p data-start=\"4149\" data-end=\"4316\">Le fournisseur se r\u00e9serve le droit de modifier \u00e0 tout moment le contenu de cette notice l\u00e9gale, et il appartient \u00e0 l&#039;utilisateur de la consulter r\u00e9guli\u00e8rement.<\/p>\n<h2 data-start=\"4323\" data-end=\"4366\"><br><\/h2><h2 data-start=\"4323\" data-end=\"4366\">11. DROIT APPLICABLE ET JURIDICTION<\/h2>\n<p data-start=\"4368\" data-end=\"4670\">Le pr\u00e9sent avis juridique est r\u00e9gi par le droit applicable. <strong data-start=\"4407\" data-end=\"4439\">l\u00e9gislation espagnole actuelle<\/strong>.<br data-start=\"4440\" data-end=\"4443\">Pour le r\u00e8glement de tout litige pouvant d\u00e9couler de l&#039;acc\u00e8s au site web ou de son utilisation, les parties se soumettent \u00e0 la juridiction comp\u00e9tente. <strong data-start=\"4570\" data-end=\"4616\">Tribunaux et tribunaux de la capitale de Barcelone<\/strong>, sauf disposition contraire des r\u00e9glementations applicables.<\/p>\t\t\t\t\t\t\t\t<\/div>\n\t\t\t\t<\/div>\n\t\t\t\t\t<\/div>\n\t\t<\/div>\n\t\t\t\t\t<\/div>\n\t\t<\/section>\n\t\t\t\t<\/div>","protected":false},"excerpt":{"rendered":"<p>AVISO LEGAL 1. INFORMACI\u00d3N GENERAL En cumplimiento con el deber de informaci\u00f3n recogido en el art\u00edculo 10 de la Ley 34\/2002, de 11 de julio, de Servicios de la Sociedad de la Informaci\u00f3n y de Comercio Electr\u00f3nico (LSSI-CE), se informa que el presente sitio web https:\/\/www.30degreeshotels.com (en adelante, el sitio web) es una plataforma corporativa [&hellip;]<\/p>\n","protected":false},"author":2,"featured_media":0,"parent":0,"menu_order":0,"comment_status":"closed","ping_status":"closed","template":"","meta":{"footnotes":""},"class_list":["post-200","page","type-page","status-publish","hentry"],"yoast_head":"<!-- This site is optimized with the Yoast SEO plugin v27.3 - https:\/\/yoast.com\/product\/yoast-seo-wordpress\/ -->\n<title>Aviso Legal - 30\u00ba hotels<\/title>\n<meta name=\"robots\" content=\"index, follow, max-snippet:-1, max-image-preview:large, max-video-preview:-1\" \/>\n<link rel=\"canonical\" href=\"https:\/\/30degreeshotels.com\/fr\/avis-juridique\/\" \/>\n<meta property=\"og:locale\" content=\"fr_FR\" \/>\n<meta property=\"og:type\" content=\"article\" \/>\n<meta property=\"og:title\" content=\"Aviso Legal - 30\u00ba hotels\" \/>\n<meta property=\"og:description\" content=\"AVISO LEGAL 1. INFORMACI\u00d3N GENERAL En cumplimiento con el deber de informaci\u00f3n recogido en el art\u00edculo 10 de la Ley 34\/2002, de 11 de julio, de Servicios de la Sociedad de la Informaci\u00f3n y de Comercio Electr\u00f3nico (LSSI-CE), se informa que el presente sitio web https:\/\/www.30degreeshotels.com (en adelante, el sitio web) es una plataforma corporativa [&hellip;]\" \/>\n<meta property=\"og:url\" content=\"https:\/\/30degreeshotels.com\/fr\/avis-juridique\/\" \/>\n<meta property=\"og:site_name\" content=\"30\u00ba hotels\" \/>\n<meta property=\"article:publisher\" content=\"https:\/\/www.facebook.com\/30degreeshotels\" \/>\n<meta property=\"article:modified_time\" content=\"2025-12-21T20:38:57+00:00\" \/>\n<meta name=\"twitter:card\" content=\"summary_large_image\" \/>\n<meta name=\"twitter:label1\" content=\"Dur\u00e9e de lecture estim\u00e9e\" \/>\n\t<meta name=\"twitter:data1\" content=\"3 minutes\" \/>\n<script type=\"application\/ld+json\" class=\"yoast-schema-graph\">{\"@context\":\"https:\\\/\\\/schema.org\",\"@graph\":[{\"@type\":\"WebPage\",\"@id\":\"https:\\\/\\\/30degreeshotels.com\\\/aviso-legal\\\/\",\"url\":\"https:\\\/\\\/30degreeshotels.com\\\/aviso-legal\\\/\",\"name\":\"Aviso Legal - 30\u00ba hotels\",\"isPartOf\":{\"@id\":\"https:\\\/\\\/30degreeshotels.com\\\/#website\"},\"datePublished\":\"2023-01-18T13:37:46+00:00\",\"dateModified\":\"2025-12-21T20:38:57+00:00\",\"breadcrumb\":{\"@id\":\"https:\\\/\\\/30degreeshotels.com\\\/aviso-legal\\\/#breadcrumb\"},\"inLanguage\":\"fr-FR\",\"potentialAction\":[{\"@type\":\"ReadAction\",\"target\":[\"https:\\\/\\\/30degreeshotels.com\\\/aviso-legal\\\/\"]}]},{\"@type\":\"BreadcrumbList\",\"@id\":\"https:\\\/\\\/30degreeshotels.com\\\/aviso-legal\\\/#breadcrumb\",\"itemListElement\":[{\"@type\":\"ListItem\",\"position\":1,\"name\":\"30\u00ba hotels &amp; apartments\",\"item\":\"https:\\\/\\\/30degreeshotels.com\\\/\"},{\"@type\":\"ListItem\",\"position\":2,\"name\":\"Aviso Legal\"}]},{\"@type\":\"WebSite\",\"@id\":\"https:\\\/\\\/30degreeshotels.com\\\/#website\",\"url\":\"https:\\\/\\\/30degreeshotels.com\\\/\",\"name\":\"30\u00ba hotels\",\"description\":\"Holidays are not optional\",\"publisher\":{\"@id\":\"https:\\\/\\\/30degreeshotels.com\\\/#organization\"},\"potentialAction\":[{\"@type\":\"SearchAction\",\"target\":{\"@type\":\"EntryPoint\",\"urlTemplate\":\"https:\\\/\\\/30degreeshotels.com\\\/?s={search_term_string}\"},\"query-input\":{\"@type\":\"PropertyValueSpecification\",\"valueRequired\":true,\"valueName\":\"search_term_string\"}}],\"inLanguage\":\"fr-FR\"},{\"@type\":\"Organization\",\"@id\":\"https:\\\/\\\/30degreeshotels.com\\\/#organization\",\"name\":\"30\u00ba hotels\",\"url\":\"https:\\\/\\\/30degreeshotels.com\\\/\",\"logo\":{\"@type\":\"ImageObject\",\"inLanguage\":\"fr-FR\",\"@id\":\"https:\\\/\\\/30degreeshotels.com\\\/#\\\/schema\\\/logo\\\/image\\\/\",\"url\":\"https:\\\/\\\/30degreeshotels.com\\\/wp-content\\\/uploads\\\/2023\\\/01\\\/30o-LOGO.webp\",\"contentUrl\":\"https:\\\/\\\/30degreeshotels.com\\\/wp-content\\\/uploads\\\/2023\\\/01\\\/30o-LOGO.webp\",\"width\":800,\"height\":800,\"caption\":\"30\u00ba hotels\"},\"image\":{\"@id\":\"https:\\\/\\\/30degreeshotels.com\\\/#\\\/schema\\\/logo\\\/image\\\/\"},\"sameAs\":[\"https:\\\/\\\/www.facebook.com\\\/30degreeshotels\",\"https:\\\/\\\/www.instagram.com\\\/30degreeshotels\\\/\"]}]}<\/script>\n<!-- \/ Yoast SEO plugin. -->","yoast_head_json":{"title":"Mentions L\u00e9gales - 30\u00ba h\u00f4tels","robots":{"index":"index","follow":"follow","max-snippet":"max-snippet:-1","max-image-preview":"max-image-preview:large","max-video-preview":"max-video-preview:-1"},"canonical":"https:\/\/30degreeshotels.com\/fr\/avis-juridique\/","og_locale":"fr_FR","og_type":"article","og_title":"Aviso Legal - 30\u00ba hotels","og_description":"AVISO LEGAL 1. INFORMACI\u00d3N GENERAL En cumplimiento con el deber de informaci\u00f3n recogido en el art\u00edculo 10 de la Ley 34\/2002, de 11 de julio, de Servicios de la Sociedad de la Informaci\u00f3n y de Comercio Electr\u00f3nico (LSSI-CE), se informa que el presente sitio web https:\/\/www.30degreeshotels.com (en adelante, el sitio web) es una plataforma corporativa [&hellip;]","og_url":"https:\/\/30degreeshotels.com\/fr\/avis-juridique\/","og_site_name":"30\u00ba hotels","article_publisher":"https:\/\/www.facebook.com\/30degreeshotels","article_modified_time":"2025-12-21T20:38:57+00:00","twitter_card":"summary_large_image","twitter_misc":{"Dur\u00e9e de lecture estim\u00e9e":"3 minutes"},"schema":{"@context":"https:\/\/schema.org","@graph":[{"@type":"WebPage","@id":"https:\/\/30degreeshotels.com\/aviso-legal\/","url":"https:\/\/30degreeshotels.com\/aviso-legal\/","name":"Mentions L\u00e9gales - 30\u00ba h\u00f4tels","isPartOf":{"@id":"https:\/\/30degreeshotels.com\/#website"},"datePublished":"2023-01-18T13:37:46+00:00","dateModified":"2025-12-21T20:38:57+00:00","breadcrumb":{"@id":"https:\/\/30degreeshotels.com\/aviso-legal\/#breadcrumb"},"inLanguage":"fr-FR","potentialAction":[{"@type":"ReadAction","target":["https:\/\/30degreeshotels.com\/aviso-legal\/"]}]},{"@type":"BreadcrumbList","@id":"https:\/\/30degreeshotels.com\/aviso-legal\/#breadcrumb","itemListElement":[{"@type":"ListItem","position":1,"name":"30\u00ba hotels &amp; apartments","item":"https:\/\/30degreeshotels.com\/"},{"@type":"ListItem","position":2,"name":"Aviso Legal"}]},{"@type":"WebSite","@id":"https:\/\/30degreeshotels.com\/#website","url":"https:\/\/30degreeshotels.com\/","name":"30\u00ba hotels","description":"Les vacances ne sont pas facultatives","publisher":{"@id":"https:\/\/30degreeshotels.com\/#organization"},"potentialAction":[{"@type":"SearchAction","target":{"@type":"EntryPoint","urlTemplate":"https:\/\/30degreeshotels.com\/?s={search_term_string}"},"query-input":{"@type":"PropertyValueSpecification","valueRequired":true,"valueName":"search_term_string"}}],"inLanguage":"fr-FR"},{"@type":"Organization","@id":"https:\/\/30degreeshotels.com\/#organization","name":"30\u00ba hotels","url":"https:\/\/30degreeshotels.com\/","logo":{"@type":"ImageObject","inLanguage":"fr-FR","@id":"https:\/\/30degreeshotels.com\/#\/schema\/logo\/image\/","url":"https:\/\/30degreeshotels.com\/wp-content\/uploads\/2023\/01\/30o-LOGO.webp","contentUrl":"https:\/\/30degreeshotels.com\/wp-content\/uploads\/2023\/01\/30o-LOGO.webp","width":800,"height":800,"caption":"30\u00ba hotels"},"image":{"@id":"https:\/\/30degreeshotels.com\/#\/schema\/logo\/image\/"},"sameAs":["https:\/\/www.facebook.com\/30degreeshotels","https:\/\/www.instagram.com\/30degreeshotels\/"]}]}},"_links":{"self":[{"href":"https:\/\/30degreeshotels.com\/fr\/wp-json\/wp\/v2\/pages\/200","targetHints":{"allow":["GET"]}}],"collection":[{"href":"https:\/\/30degreeshotels.com\/fr\/wp-json\/wp\/v2\/pages"}],"about":[{"href":"https:\/\/30degreeshotels.com\/fr\/wp-json\/wp\/v2\/types\/page"}],"author":[{"embeddable":true,"href":"https:\/\/30degreeshotels.com\/fr\/wp-json\/wp\/v2\/users\/2"}],"replies":[{"embeddable":true,"href":"https:\/\/30degreeshotels.com\/fr\/wp-json\/wp\/v2\/comments?post=200"}],"version-history":[{"count":13,"href":"https:\/\/30degreeshotels.com\/fr\/wp-json\/wp\/v2\/pages\/200\/revisions"}],"predecessor-version":[{"id":12302,"href":"https:\/\/30degreeshotels.com\/fr\/wp-json\/wp\/v2\/pages\/200\/revisions\/12302"}],"wp:attachment":[{"href":"https:\/\/30degreeshotels.com\/fr\/wp-json\/wp\/v2\/media?parent=200"}],"curies":[{"name":"wp","href":"https:\/\/api.w.org\/{rel}","templated":true}]}}