{"id":207,"date":"2023-01-18T14:39:33","date_gmt":"2023-01-18T13:39:33","guid":{"rendered":"https:\/\/30degreeshotels.com\/?page_id=207"},"modified":"2023-03-09T16:20:11","modified_gmt":"2023-03-09T15:20:11","slug":"politique-de-cookies","status":"publish","type":"page","link":"https:\/\/30degreeshotels.com\/fr\/politica-de-cookies\/","title":{"rendered":"Politique de Cookies"},"content":{"rendered":"<div data-elementor-type=\"wp-page\" data-elementor-id=\"207\" class=\"elementor elementor-207\" data-elementor-post-type=\"page\">\n\t\t\t\t\t\t<section class=\"elementor-section elementor-top-section elementor-element elementor-element-b2eae7d elementor-section-boxed elementor-section-height-default elementor-section-height-default\" data-id=\"b2eae7d\" data-element_type=\"section\" data-e-type=\"section\">\n\t\t\t\t\t\t\t<div class=\"elementor-background-overlay\"><\/div>\n\t\t\t\t\t\t\t<div class=\"elementor-container elementor-column-gap-default\">\n\t\t\t\t\t<div class=\"elementor-column elementor-col-100 elementor-top-column elementor-element elementor-element-98b81ee\" data-id=\"98b81ee\" data-element_type=\"column\" data-e-type=\"column\">\n\t\t\t<div class=\"elementor-widget-wrap elementor-element-populated\">\n\t\t\t\t\t\t<div class=\"elementor-element elementor-element-626b8f2 elementor-widget elementor-widget-heading\" data-id=\"626b8f2\" data-element_type=\"widget\" data-e-type=\"widget\" data-widget_type=\"heading.default\">\n\t\t\t\t<div class=\"elementor-widget-container\">\n\t\t\t\t\t<h2 class=\"elementor-heading-title elementor-size-default\">POLITIQUE DE COOKIES<\/h2>\t\t\t\t<\/div>\n\t\t\t\t<\/div>\n\t\t\t\t\t<\/div>\n\t\t<\/div>\n\t\t\t\t\t<\/div>\n\t\t<\/section>\n\t\t\t\t<section class=\"elementor-section elementor-top-section elementor-element elementor-element-499b1db elementor-section-boxed elementor-section-height-default elementor-section-height-default\" data-id=\"499b1db\" data-element_type=\"section\" data-e-type=\"section\">\n\t\t\t\t\t\t<div class=\"elementor-container elementor-column-gap-default\">\n\t\t\t\t\t<div class=\"elementor-column elementor-col-100 elementor-top-column elementor-element elementor-element-8af4ab9\" data-id=\"8af4ab9\" data-element_type=\"column\" data-e-type=\"column\">\n\t\t\t<div class=\"elementor-widget-wrap elementor-element-populated\">\n\t\t\t\t\t\t<div class=\"elementor-element elementor-element-de27102 elementor-widget elementor-widget-text-editor\" data-id=\"de27102\" data-element_type=\"widget\" data-e-type=\"widget\" data-widget_type=\"text-editor.default\">\n\t\t\t\t<div class=\"elementor-widget-container\">\n\t\t\t\t\t\t\t\t\t<p><strong>Politique de Cookies<\/strong><\/p><p>L&#039;acc\u00e8s au site Web peut impliquer l&#039;utilisation de cookies, bien que la page puisse fonctionner sans leur utilisation. Les cookies sont de petits fichiers qui stockent des informations dans le navigateur de chaque utilisateur afin que le serveur puisse reconna\u00eetre certaines informations que seul le serveur peut lire. Les cookies ont une dur\u00e9e de vie limit\u00e9e. Aucun cookie ne vous permet de r\u00e9v\u00e9ler des informations t\u00e9l\u00e9phoniques, email ou autres informations d&#039;identification. Les cookies ne peuvent extraire aucune information du disque dur de l&#039;utilisateur ni obtenir des informations personnelles le concernant. La seule fa\u00e7on pour les informations personnelles d&#039;un utilisateur de faire partie d&#039;un fichier cookie est si l&#039;utilisateur fournit personnellement ces informations au serveur. Bien que les cookies nous aident \u00e0 optimiser votre processus de r\u00e9servation, les utilisateurs qui ne souhaitent pas recevoir de cookies ou qui ne souhaitent pas \u00eatre inform\u00e9s de leur visite peuvent configurer leur navigateur \u00e0 cet effet. Tous les navigateurs Internet disposent d&#039;options disponibles dans leurs param\u00e8tres qui vous permettent de bloquer ou d&#039;autoriser les cookies de sites Web sp\u00e9cifiques.<\/p><table><tbody><tr><td colspan=\"3\"><p><strong>Nos cookies<\/strong><\/p><\/td><\/tr><tr><td><p><strong>Cat\u00e9gorie\/Type<\/strong><\/p><\/td><td><p><strong>Nom du cookie<\/strong><\/p><\/td><td><p><strong>But<\/strong><\/p><\/td><\/tr><tr><td><p>Fonctionnement du site Web<\/p><\/td><td><p>DispoParams<\/p><\/td><td><p>Stocke les informations n\u00e9cessaires \u00e0 la recherche de disponibilit\u00e9.<\/p><\/td><\/tr><tr><td><p>Fonctionnement du site Web<\/p><\/td><td><p>no_show_banernew<\/p><\/td><td><p>Emp\u00eache la banni\u00e8re d&#039;information de r\u00e9appara\u00eetre.<\/p><\/td><\/tr><tr><td><p>S\u00e9curit\u00e9<\/p><\/td><td><p>jeton crsf<\/p><\/td><td><p>Emp\u00eache des tiers d&#039;effectuer des actions sur les sites auxquels nous nous sommes connect\u00e9s \u00e0 notre insu.<\/p><\/td><\/tr><tr><td colspan=\"3\"><p><strong>Cookies tiers<\/strong><\/p><\/td><\/tr><tr><td><p><strong>Cat\u00e9gorie\/Type<\/strong><\/p><\/td><td><p><strong>Troisi\u00e8me<\/strong><\/p><\/td><td><p><strong>Objectif\/Informations suppl\u00e9mentaires<\/strong><\/p><\/td><\/tr><tr><td><p>Analyse du site<\/p><\/td><td><p>Google<\/p><\/td><td><p>Surveiller la navigation des utilisateurs sur le site Internet afin d&#039;analyser son utilisation, d\u00e9tecter les incidents et am\u00e9liorer la convivialit\u00e9.<\/p><\/td><\/tr><tr><td><p>Gestion des favoris et des liens<\/p><\/td><td><p>AddThis, Facebook, Google+, Twitter<\/p><\/td><td><p>Ils permettent de partager des liens sur les r\u00e9seaux sociaux et sites internet les plus populaires.<\/p><\/td><\/tr><tr><td colspan=\"3\"><p><strong>Cookies tiers \u00e0 des fins de marketing<\/strong><\/p><\/td><\/tr><tr><td><p><strong>Cat\u00e9gorie\/Type<\/strong><\/p><\/td><td><p><strong>Troisi\u00e8me<\/strong><\/p><\/td><td><p><strong>Objectif\/Informations suppl\u00e9mentaires<\/strong><\/p><\/td><\/tr><tr><td><p>Marketing \u2013 Reciblage.<\/p><\/td><td><p>Zanox, Ve Interactive, TripAdvisor<\/p><\/td><td><p>Gestion des annonces avec les meilleures offres en fonction des localit\u00e9s dans lesquelles vous avez effectu\u00e9 une recherche pr\u00e9alable.<\/p><\/td><\/tr><tr><td><p>Marketing \u2013 Reciblage.<\/p><\/td><td><p>Affilinet, Google Adwords. Sociomantique, TripAdvisor<\/p><\/td><td><p>Surveiller l&#039;efficacit\u00e9 des campagnes publicitaires, pour afficher des messages pertinents.<\/p><\/td><\/tr><\/tbody><\/table><p class=\"translation-block\"><br>Notre page et nos e-mails au format HTML peuvent utiliser des balises et\/ou des cookies pour compiler des statistiques sur l&#039;utilisation de notre site Internet. Une balise web est une image plac\u00e9e dans le message pour nous informer de l&#039;affichage dudit message, dans le seul objectif de collecter des statistiques d&#039;utilisation. Pour plus d&#039;informations sur la fa\u00e7on de bloquer l&#039;utilisation de cookies via le navigateur Chrome, cliquez <a href=\"https:\/\/support.google.com\/chrome\/answer\/95647?hl=es&amp;co=GENIE.Platform=Desktop\" target=\"_self\">ici<\/a> Pour plus d&#039;informations sur la fa\u00e7on de bloquer l&#039;utilisation de cookies via le navigateur Explorer, cliquez <a href=\"https:\/\/support.microsoft.com\/es-es\/help\/17442\/windows-internet-explorer-delete-manage-cookies\" target=\"_self\">ici<\/a> Pour plus d&#039;informations sur la fa\u00e7on de bloquer l&#039;utilisation de cookies via le navigateur Firefox, cliquez ici <a href=\"https:\/\/support.mozilla.org\/es\/kb\/habilitar-y-deshabilitar-cookies-sitios-web-rastrear-preferencias?redirectlocale=es&amp;redirectslug=habilitar-y-deshabilitar-cookies-que-los-sitios-we\" target=\"_self\">ici<\/a> Pour plus d&#039;informations sur la fa\u00e7on de bloquer l&#039;utilisation de cookies via le navigateur Safari, cliquez <a href=\"https:\/\/support.apple.com\/kb\/ph5042?locale=es_LA\" target=\"_self\">ici<\/a><\/p><p>\u00a0<\/p><p>\u00a0<\/p>\t\t\t\t\t\t\t\t<\/div>\n\t\t\t\t<\/div>\n\t\t\t\t\t<\/div>\n\t\t<\/div>\n\t\t\t\t\t<\/div>\n\t\t<\/section>\n\t\t\t\t<\/div>","protected":false},"excerpt":{"rendered":"<p>POL\u00cdTICA DE COOKIES Pol\u00edtica de Cookies El acceso a la Web puede implicar el uso de cookies, aunque la p\u00e1gina puede funcionar sin su uso. Las cookies son archivos peque\u00f1os que almacenan informaci\u00f3n en el navegador de cada usuario de modo que el servidor pueda reconocer cierta informaci\u00f3n que solamente el servidor pueda leer. Las [&hellip;]<\/p>\n","protected":false},"author":2,"featured_media":0,"parent":0,"menu_order":0,"comment_status":"closed","ping_status":"closed","template":"","meta":{"footnotes":""},"class_list":["post-207","page","type-page","status-publish","hentry"],"yoast_head":"<!-- This site is optimized with the Yoast SEO plugin v27.4 - https:\/\/yoast.com\/product\/yoast-seo-wordpress\/ -->\n<title>Pol\u00edtica de Cookies - 30\u00ba hotels<\/title>\n<meta name=\"robots\" content=\"index, follow, max-snippet:-1, max-image-preview:large, max-video-preview:-1\" \/>\n<link rel=\"canonical\" href=\"https:\/\/30degreeshotels.com\/fr\/politique-de-cookies\/\" \/>\n<meta property=\"og:locale\" content=\"fr_FR\" \/>\n<meta property=\"og:type\" content=\"article\" \/>\n<meta property=\"og:title\" content=\"Pol\u00edtica de Cookies - 30\u00ba hotels\" \/>\n<meta property=\"og:description\" content=\"POL\u00cdTICA DE COOKIES Pol\u00edtica de Cookies El acceso a la Web puede implicar el uso de cookies, aunque la p\u00e1gina puede funcionar sin su uso. Las cookies son archivos peque\u00f1os que almacenan informaci\u00f3n en el navegador de cada usuario de modo que el servidor pueda reconocer cierta informaci\u00f3n que solamente el servidor pueda leer. Las [&hellip;]\" \/>\n<meta property=\"og:url\" content=\"https:\/\/30degreeshotels.com\/fr\/politique-de-cookies\/\" \/>\n<meta property=\"og:site_name\" content=\"30\u00ba hotels\" \/>\n<meta property=\"article:publisher\" content=\"https:\/\/www.facebook.com\/30degreeshotels\" \/>\n<meta property=\"article:modified_time\" content=\"2023-03-09T15:20:11+00:00\" \/>\n<meta name=\"twitter:card\" content=\"summary_large_image\" \/>\n<meta name=\"twitter:label1\" content=\"Dur\u00e9e de lecture estim\u00e9e\" \/>\n\t<meta name=\"twitter:data1\" content=\"3 minutes\" \/>\n<script type=\"application\/ld+json\" class=\"yoast-schema-graph\">{\"@context\":\"https:\\\/\\\/schema.org\",\"@graph\":[{\"@type\":\"WebPage\",\"@id\":\"https:\\\/\\\/30degreeshotels.com\\\/politica-de-cookies\\\/\",\"url\":\"https:\\\/\\\/30degreeshotels.com\\\/politica-de-cookies\\\/\",\"name\":\"Pol\u00edtica de Cookies - 30\u00ba hotels\",\"isPartOf\":{\"@id\":\"https:\\\/\\\/30degreeshotels.com\\\/#website\"},\"datePublished\":\"2023-01-18T13:39:33+00:00\",\"dateModified\":\"2023-03-09T15:20:11+00:00\",\"breadcrumb\":{\"@id\":\"https:\\\/\\\/30degreeshotels.com\\\/politica-de-cookies\\\/#breadcrumb\"},\"inLanguage\":\"fr-FR\",\"potentialAction\":[{\"@type\":\"ReadAction\",\"target\":[\"https:\\\/\\\/30degreeshotels.com\\\/politica-de-cookies\\\/\"]}]},{\"@type\":\"BreadcrumbList\",\"@id\":\"https:\\\/\\\/30degreeshotels.com\\\/politica-de-cookies\\\/#breadcrumb\",\"itemListElement\":[{\"@type\":\"ListItem\",\"position\":1,\"name\":\"30\u00ba hotels &amp; apartments\",\"item\":\"https:\\\/\\\/30degreeshotels.com\\\/\"},{\"@type\":\"ListItem\",\"position\":2,\"name\":\"Pol\u00edtica de Cookies\"}]},{\"@type\":\"WebSite\",\"@id\":\"https:\\\/\\\/30degreeshotels.com\\\/#website\",\"url\":\"https:\\\/\\\/30degreeshotels.com\\\/\",\"name\":\"30\u00ba hotels\",\"description\":\"Holidays are not optional\",\"publisher\":{\"@id\":\"https:\\\/\\\/30degreeshotels.com\\\/#organization\"},\"potentialAction\":[{\"@type\":\"SearchAction\",\"target\":{\"@type\":\"EntryPoint\",\"urlTemplate\":\"https:\\\/\\\/30degreeshotels.com\\\/?s={search_term_string}\"},\"query-input\":{\"@type\":\"PropertyValueSpecification\",\"valueRequired\":true,\"valueName\":\"search_term_string\"}}],\"inLanguage\":\"fr-FR\"},{\"@type\":\"Organization\",\"@id\":\"https:\\\/\\\/30degreeshotels.com\\\/#organization\",\"name\":\"30\u00ba hotels\",\"url\":\"https:\\\/\\\/30degreeshotels.com\\\/\",\"logo\":{\"@type\":\"ImageObject\",\"inLanguage\":\"fr-FR\",\"@id\":\"https:\\\/\\\/30degreeshotels.com\\\/#\\\/schema\\\/logo\\\/image\\\/\",\"url\":\"https:\\\/\\\/30degreeshotels.com\\\/wp-content\\\/uploads\\\/2023\\\/01\\\/30o-LOGO.webp\",\"contentUrl\":\"https:\\\/\\\/30degreeshotels.com\\\/wp-content\\\/uploads\\\/2023\\\/01\\\/30o-LOGO.webp\",\"width\":800,\"height\":800,\"caption\":\"30\u00ba hotels\"},\"image\":{\"@id\":\"https:\\\/\\\/30degreeshotels.com\\\/#\\\/schema\\\/logo\\\/image\\\/\"},\"sameAs\":[\"https:\\\/\\\/www.facebook.com\\\/30degreeshotels\",\"https:\\\/\\\/www.instagram.com\\\/30degreeshotels\\\/\"]}]}<\/script>\n<!-- \/ Yoast SEO plugin. -->","yoast_head_json":{"title":"Politique de cookies - 30\u00ba h\u00f4tels","robots":{"index":"index","follow":"follow","max-snippet":"max-snippet:-1","max-image-preview":"max-image-preview:large","max-video-preview":"max-video-preview:-1"},"canonical":"https:\/\/30degreeshotels.com\/fr\/politique-de-cookies\/","og_locale":"fr_FR","og_type":"article","og_title":"Pol\u00edtica de Cookies - 30\u00ba hotels","og_description":"POL\u00cdTICA DE COOKIES Pol\u00edtica de Cookies El acceso a la Web puede implicar el uso de cookies, aunque la p\u00e1gina puede funcionar sin su uso. Las cookies son archivos peque\u00f1os que almacenan informaci\u00f3n en el navegador de cada usuario de modo que el servidor pueda reconocer cierta informaci\u00f3n que solamente el servidor pueda leer. Las [&hellip;]","og_url":"https:\/\/30degreeshotels.com\/fr\/politique-de-cookies\/","og_site_name":"30\u00ba hotels","article_publisher":"https:\/\/www.facebook.com\/30degreeshotels","article_modified_time":"2023-03-09T15:20:11+00:00","twitter_card":"summary_large_image","twitter_misc":{"Dur\u00e9e de lecture estim\u00e9e":"3 minutes"},"schema":{"@context":"https:\/\/schema.org","@graph":[{"@type":"WebPage","@id":"https:\/\/30degreeshotels.com\/politica-de-cookies\/","url":"https:\/\/30degreeshotels.com\/politica-de-cookies\/","name":"Politique de cookies - 30\u00ba h\u00f4tels","isPartOf":{"@id":"https:\/\/30degreeshotels.com\/#website"},"datePublished":"2023-01-18T13:39:33+00:00","dateModified":"2023-03-09T15:20:11+00:00","breadcrumb":{"@id":"https:\/\/30degreeshotels.com\/politica-de-cookies\/#breadcrumb"},"inLanguage":"fr-FR","potentialAction":[{"@type":"ReadAction","target":["https:\/\/30degreeshotels.com\/politica-de-cookies\/"]}]},{"@type":"BreadcrumbList","@id":"https:\/\/30degreeshotels.com\/politica-de-cookies\/#breadcrumb","itemListElement":[{"@type":"ListItem","position":1,"name":"30\u00ba hotels &amp; apartments","item":"https:\/\/30degreeshotels.com\/"},{"@type":"ListItem","position":2,"name":"Pol\u00edtica de Cookies"}]},{"@type":"WebSite","@id":"https:\/\/30degreeshotels.com\/#website","url":"https:\/\/30degreeshotels.com\/","name":"30\u00ba hotels","description":"Les vacances ne sont pas facultatives","publisher":{"@id":"https:\/\/30degreeshotels.com\/#organization"},"potentialAction":[{"@type":"SearchAction","target":{"@type":"EntryPoint","urlTemplate":"https:\/\/30degreeshotels.com\/?s={search_term_string}"},"query-input":{"@type":"PropertyValueSpecification","valueRequired":true,"valueName":"search_term_string"}}],"inLanguage":"fr-FR"},{"@type":"Organization","@id":"https:\/\/30degreeshotels.com\/#organization","name":"30\u00ba hotels","url":"https:\/\/30degreeshotels.com\/","logo":{"@type":"ImageObject","inLanguage":"fr-FR","@id":"https:\/\/30degreeshotels.com\/#\/schema\/logo\/image\/","url":"https:\/\/30degreeshotels.com\/wp-content\/uploads\/2023\/01\/30o-LOGO.webp","contentUrl":"https:\/\/30degreeshotels.com\/wp-content\/uploads\/2023\/01\/30o-LOGO.webp","width":800,"height":800,"caption":"30\u00ba hotels"},"image":{"@id":"https:\/\/30degreeshotels.com\/#\/schema\/logo\/image\/"},"sameAs":["https:\/\/www.facebook.com\/30degreeshotels","https:\/\/www.instagram.com\/30degreeshotels\/"]}]}},"_links":{"self":[{"href":"https:\/\/30degreeshotels.com\/fr\/wp-json\/wp\/v2\/pages\/207","targetHints":{"allow":["GET"]}}],"collection":[{"href":"https:\/\/30degreeshotels.com\/fr\/wp-json\/wp\/v2\/pages"}],"about":[{"href":"https:\/\/30degreeshotels.com\/fr\/wp-json\/wp\/v2\/types\/page"}],"author":[{"embeddable":true,"href":"https:\/\/30degreeshotels.com\/fr\/wp-json\/wp\/v2\/users\/2"}],"replies":[{"embeddable":true,"href":"https:\/\/30degreeshotels.com\/fr\/wp-json\/wp\/v2\/comments?post=207"}],"version-history":[{"count":4,"href":"https:\/\/30degreeshotels.com\/fr\/wp-json\/wp\/v2\/pages\/207\/revisions"}],"predecessor-version":[{"id":3178,"href":"https:\/\/30degreeshotels.com\/fr\/wp-json\/wp\/v2\/pages\/207\/revisions\/3178"}],"wp:attachment":[{"href":"https:\/\/30degreeshotels.com\/fr\/wp-json\/wp\/v2\/media?parent=207"}],"curies":[{"name":"wp","href":"https:\/\/api.w.org\/{rel}","templated":true}]}}