{"id":64,"date":"2023-01-18T01:03:16","date_gmt":"2023-01-18T00:03:16","guid":{"rendered":"https:\/\/30dh.30degreeshotels.com\/?page_id=64"},"modified":"2023-05-10T11:20:00","modified_gmt":"2023-05-10T09:20:00","slug":"politique-de-confidentialite","status":"publish","type":"page","link":"https:\/\/30degreeshotels.com\/fr\/politica-de-privacidad\/","title":{"rendered":"Politique de confidentialit\u00e9"},"content":{"rendered":"<div data-elementor-type=\"wp-page\" data-elementor-id=\"64\" class=\"elementor elementor-64\" data-elementor-post-type=\"page\">\n\t\t\t\t\t\t<section class=\"elementor-section elementor-top-section elementor-element elementor-element-b2eae7d elementor-section-boxed elementor-section-height-default elementor-section-height-default\" data-id=\"b2eae7d\" data-element_type=\"section\" data-e-type=\"section\">\n\t\t\t\t\t\t\t<div class=\"elementor-background-overlay\"><\/div>\n\t\t\t\t\t\t\t<div class=\"elementor-container elementor-column-gap-default\">\n\t\t\t\t\t<div class=\"elementor-column elementor-col-100 elementor-top-column elementor-element elementor-element-98b81ee\" data-id=\"98b81ee\" data-element_type=\"column\" data-e-type=\"column\">\n\t\t\t<div class=\"elementor-widget-wrap elementor-element-populated\">\n\t\t\t\t\t\t<div class=\"elementor-element elementor-element-626b8f2 elementor-widget elementor-widget-heading\" data-id=\"626b8f2\" data-element_type=\"widget\" data-e-type=\"widget\" data-widget_type=\"heading.default\">\n\t\t\t\t<div class=\"elementor-widget-container\">\n\t\t\t\t\t<h2 class=\"elementor-heading-title elementor-size-default\">POLITIQUE DE CONFIDENTIALIT\u00c9<\/h2>\t\t\t\t<\/div>\n\t\t\t\t<\/div>\n\t\t\t\t\t<\/div>\n\t\t<\/div>\n\t\t\t\t\t<\/div>\n\t\t<\/section>\n\t\t\t\t<section class=\"elementor-section elementor-top-section elementor-element elementor-element-499b1db elementor-section-boxed elementor-section-height-default elementor-section-height-default\" data-id=\"499b1db\" data-element_type=\"section\" data-e-type=\"section\">\n\t\t\t\t\t\t<div class=\"elementor-container elementor-column-gap-default\">\n\t\t\t\t\t<div class=\"elementor-column elementor-col-100 elementor-top-column elementor-element elementor-element-8af4ab9\" data-id=\"8af4ab9\" data-element_type=\"column\" data-e-type=\"column\">\n\t\t\t<div class=\"elementor-widget-wrap elementor-element-populated\">\n\t\t\t\t\t\t<div class=\"elementor-element elementor-element-de27102 elementor-widget elementor-widget-text-editor\" data-id=\"de27102\" data-element_type=\"widget\" data-e-type=\"widget\" data-widget_type=\"text-editor.default\">\n\t\t\t\t<div class=\"elementor-widget-container\">\n\t\t\t\t\t\t\t\t\t<p class=\"translation-block\">EHO GRUP TURISTIQUE, SL. est <strong>responsable du traitement<\/strong> des donn\u00e9es personnelles de l&#039;int\u00e9ress\u00e9 et vous informe que ces donn\u00e9es seront trait\u00e9es conform\u00e9ment aux dispositions de la r\u00e9glementation en vigueur sur la protection des donn\u00e9es personnelles, r\u00e8glement (UE) 2016\/679 du 27 avril 2016. (RGPD) et Loi Organique 3\/2018 du 5 d\u00e9cembre (LOPDGDD), qui met \u00e0 votre disposition les informations de traitement suivantes :<\/p><p class=\"translation-block\"><strong>Finalit\u00e9 du traitement<\/strong> : impliquer l&#039;int\u00e9ress\u00e9 dans les processus de s\u00e9lection du personnel, en r\u00e9alisant une analyse du profil du candidat dans le but de s\u00e9lectionner le meilleur candidat pour le poste vacant dans les entreprises collaborant avec le Responsable du traitement.<\/p><p class=\"translation-block\"><strong>L\u00e9gitimation<\/strong> : Le traitement du CV et des donn\u00e9es personnelles repose sur le consentement donn\u00e9 par l&#039;int\u00e9ress\u00e9 au moment de l&#039;envoi de ses donn\u00e9es \u00e0 notre email. A tout moment, l&#039;int\u00e9ress\u00e9 peut retirer son consentement.<\/p><p class=\"translation-block\"><strong>Crit\u00e8res de conservation des donn\u00e9es<\/strong> : Les donn\u00e9es seront conserv\u00e9es pendant une dur\u00e9e maximale de 2 ans, apr\u00e8s quoi les donn\u00e9es seront supprim\u00e9es, garantissant une totale confidentialit\u00e9 tant du traitement que de leur destruction ult\u00e9rieure. En ce sens, une fois pass\u00e9 le d\u00e9lai susmentionn\u00e9, et si vous souhaitez continuer \u00e0 participer aux processus de s\u00e9lection du Contr\u00f4leur, nous vous demandons de nous renvoyer votre curriculum vitae.<\/p><p class=\"translation-block\"><strong>Mise \u00e0 jour des donn\u00e9es<\/strong> : En cas de modification de vos donn\u00e9es, nous vous demandons de nous en informer par \u00e9crit dans les plus brefs d\u00e9lais afin de conserver vos donn\u00e9es correctement organis\u00e9es.<\/p><p class=\"translation-block\"><strong>Communication des donn\u00e9es<\/strong> : elles pourront \u00eatre trait\u00e9es et\/ou communiqu\u00e9es aux soci\u00e9t\u00e9s collaboratrices, pendant la dur\u00e9e de conservation de votre CV et pour les finalit\u00e9s pr\u00e9c\u00e9demment signal\u00e9es.<\/p><p>Droits de l&#039;int\u00e9ress\u00e9 :<\/p><ul><li>Droit de retirer son consentement \u00e0 tout moment<\/li><li>Droit d&#039;acc\u00e8s, de rectification, de portabilit\u00e9 et de suppression de vos donn\u00e9es et de limitation et\/ou d&#039;opposition au traitement de celles-ci<\/li><li class=\"translation-block\">Droit de d\u00e9poser une r\u00e9clamation aupr\u00e8s de l&#039;Autorit\u00e9 de Contr\u00f4le ( <a href=\"http:\/\/www.aepd.es\/\" target=\"_self\">www.aepd.es<\/a> ) si vous estimez que le traitement n&#039;est pas conforme \u00e0 la r\u00e9glementation en vigueur.<\/li><li>Droit de demander l&#039;acc\u00e8s aux donn\u00e9es personnelles relatives \u00e0 l&#039;int\u00e9ress\u00e9 : il s&#039;agit du droit d&#039;obtenir une confirmation positive ou n\u00e9gative du fait que les donn\u00e9es personnelles vous concernant sont en cours de traitement.<\/li><li>Droit de demander la rectification ou la suppression des donn\u00e9es : il s&#039;agit du droit de rectifier des donn\u00e9es inexactes ou incompl\u00e8tes, ou de demander leur suppression dans certaines circonstances.<\/li><li>Droit de demander la limitation de votre traitement : c&#039;est le droit par lequel les parties int\u00e9ress\u00e9es, dans certaines circonstances, peuvent demander la limitation du traitement, auquel cas le prestataire ne les conservera que pour l&#039;exercice ou la d\u00e9fense de r\u00e9clamations.<\/li><li>Droit d&#039;opposition au traitement des donn\u00e9es : il s&#039;agit du droit de l&#039;int\u00e9ress\u00e9 de s&#039;opposer, dans certains cas, au traitement des donn\u00e9es.<\/li><li>Droit \u00e0 la portabilit\u00e9 des donn\u00e9es : c&#039;est le droit de recevoir les donn\u00e9es personnelles qui vous concernent d&#039;un responsable du traitement, dans un format structur\u00e9, couramment utilis\u00e9 et lisible par machine, afin de les transmettre \u00e0 un autre responsable du traitement, dans certaines circonstances et sans \u00eatre emp\u00each\u00e9s par le responsable \u00e0 qui ils ont \u00e9t\u00e9 fournis, ainsi que le droit de demander qu&#039;ils soient transmis entre eux lorsque cela est techniquement possible.<\/li><li>Droit de ne pas \u00eatre soumis \u00e0 des d\u00e9cisions individuelles automatis\u00e9es\u00a0: il s&#039;agit du droit de ne pas \u00eatre soumis \u00e0 une d\u00e9cision bas\u00e9e uniquement sur un traitement automatis\u00e9, y compris le profilage, qui produit des effets juridiques sur vous ou vous affecte de mani\u00e8re significative de mani\u00e8re similaire. Les parties int\u00e9ress\u00e9es peuvent exercer leurs droits \u00e0 l&#039;une des adresses postales et \u00e9lectroniques.<\/li><\/ul><p>\u00a0<\/p><p>Coordonn\u00e9es pour exercer vos droits : EHO GRUP TURISTIC SL.<\/p><p>NIF : B55343222 Adresse : Carrer Barcelona, 18, 08370 Calella, Barcelone<\/p><p>E-mail:\u00a0<a href=\"mailto:info@30degreeshotels.com\">info@30degreeshotels.com<\/a><\/p>\t\t\t\t\t\t\t\t<\/div>\n\t\t\t\t<\/div>\n\t\t\t\t\t<\/div>\n\t\t<\/div>\n\t\t\t\t\t<\/div>\n\t\t<\/section>\n\t\t\t\t<\/div>","protected":false},"excerpt":{"rendered":"<p>POL\u00cdTICA DE PRIVACIDAD EHO GRUP TURISTIC, SL. es el\u00a0Responsable del tratamiento\u00a0de los datos personales del interesado o la interesada y lo informa que estos datos ser\u00e1n tratados conforme con lo dispuesto en las normativas vigentes en protecci\u00f3n de datos personales, el reglamento (UE) 2016\/679 del 27 de abril de 2016 (GDPR) y la Ley Org\u00e1nica [&hellip;]<\/p>\n","protected":false},"author":2,"featured_media":0,"parent":0,"menu_order":0,"comment_status":"closed","ping_status":"closed","template":"","meta":{"footnotes":""},"class_list":["post-64","page","type-page","status-publish","hentry"],"yoast_head":"<!-- This site is optimized with the Yoast SEO plugin v27.4 - https:\/\/yoast.com\/product\/yoast-seo-wordpress\/ -->\n<title>Pol\u00edtica de Privacidad - 30\u00ba hotels<\/title>\n<meta name=\"robots\" content=\"index, follow, max-snippet:-1, max-image-preview:large, max-video-preview:-1\" \/>\n<link rel=\"canonical\" href=\"https:\/\/30degreeshotels.com\/fr\/politique-de-confidentialite\/\" \/>\n<meta property=\"og:locale\" content=\"fr_FR\" \/>\n<meta property=\"og:type\" content=\"article\" \/>\n<meta property=\"og:title\" content=\"Pol\u00edtica de Privacidad - 30\u00ba hotels\" \/>\n<meta property=\"og:description\" content=\"POL\u00cdTICA DE PRIVACIDAD EHO GRUP TURISTIC, SL. es el\u00a0Responsable del tratamiento\u00a0de los datos personales del interesado o la interesada y lo informa que estos datos ser\u00e1n tratados conforme con lo dispuesto en las normativas vigentes en protecci\u00f3n de datos personales, el reglamento (UE) 2016\/679 del 27 de abril de 2016 (GDPR) y la Ley Org\u00e1nica [&hellip;]\" \/>\n<meta property=\"og:url\" content=\"https:\/\/30degreeshotels.com\/fr\/politique-de-confidentialite\/\" \/>\n<meta property=\"og:site_name\" content=\"30\u00ba hotels\" \/>\n<meta property=\"article:publisher\" content=\"https:\/\/www.facebook.com\/30degreeshotels\" \/>\n<meta property=\"article:modified_time\" content=\"2023-05-10T09:20:00+00:00\" \/>\n<meta name=\"twitter:card\" content=\"summary_large_image\" \/>\n<meta name=\"twitter:label1\" content=\"Dur\u00e9e de lecture estim\u00e9e\" \/>\n\t<meta name=\"twitter:data1\" content=\"3 minutes\" \/>\n<script type=\"application\/ld+json\" class=\"yoast-schema-graph\">{\"@context\":\"https:\\\/\\\/schema.org\",\"@graph\":[{\"@type\":\"WebPage\",\"@id\":\"https:\\\/\\\/30degreeshotels.com\\\/politica-de-privacidad\\\/\",\"url\":\"https:\\\/\\\/30degreeshotels.com\\\/politica-de-privacidad\\\/\",\"name\":\"Pol\u00edtica de Privacidad - 30\u00ba hotels\",\"isPartOf\":{\"@id\":\"https:\\\/\\\/30degreeshotels.com\\\/#website\"},\"datePublished\":\"2023-01-18T00:03:16+00:00\",\"dateModified\":\"2023-05-10T09:20:00+00:00\",\"breadcrumb\":{\"@id\":\"https:\\\/\\\/30degreeshotels.com\\\/politica-de-privacidad\\\/#breadcrumb\"},\"inLanguage\":\"fr-FR\",\"potentialAction\":[{\"@type\":\"ReadAction\",\"target\":[\"https:\\\/\\\/30degreeshotels.com\\\/politica-de-privacidad\\\/\"]}]},{\"@type\":\"BreadcrumbList\",\"@id\":\"https:\\\/\\\/30degreeshotels.com\\\/politica-de-privacidad\\\/#breadcrumb\",\"itemListElement\":[{\"@type\":\"ListItem\",\"position\":1,\"name\":\"30\u00ba hotels &amp; apartments\",\"item\":\"https:\\\/\\\/30degreeshotels.com\\\/\"},{\"@type\":\"ListItem\",\"position\":2,\"name\":\"Pol\u00edtica de Privacidad\"}]},{\"@type\":\"WebSite\",\"@id\":\"https:\\\/\\\/30degreeshotels.com\\\/#website\",\"url\":\"https:\\\/\\\/30degreeshotels.com\\\/\",\"name\":\"30\u00ba hotels\",\"description\":\"Holidays are not optional\",\"publisher\":{\"@id\":\"https:\\\/\\\/30degreeshotels.com\\\/#organization\"},\"potentialAction\":[{\"@type\":\"SearchAction\",\"target\":{\"@type\":\"EntryPoint\",\"urlTemplate\":\"https:\\\/\\\/30degreeshotels.com\\\/?s={search_term_string}\"},\"query-input\":{\"@type\":\"PropertyValueSpecification\",\"valueRequired\":true,\"valueName\":\"search_term_string\"}}],\"inLanguage\":\"fr-FR\"},{\"@type\":\"Organization\",\"@id\":\"https:\\\/\\\/30degreeshotels.com\\\/#organization\",\"name\":\"30\u00ba hotels\",\"url\":\"https:\\\/\\\/30degreeshotels.com\\\/\",\"logo\":{\"@type\":\"ImageObject\",\"inLanguage\":\"fr-FR\",\"@id\":\"https:\\\/\\\/30degreeshotels.com\\\/#\\\/schema\\\/logo\\\/image\\\/\",\"url\":\"https:\\\/\\\/30degreeshotels.com\\\/wp-content\\\/uploads\\\/2023\\\/01\\\/30o-LOGO.webp\",\"contentUrl\":\"https:\\\/\\\/30degreeshotels.com\\\/wp-content\\\/uploads\\\/2023\\\/01\\\/30o-LOGO.webp\",\"width\":800,\"height\":800,\"caption\":\"30\u00ba hotels\"},\"image\":{\"@id\":\"https:\\\/\\\/30degreeshotels.com\\\/#\\\/schema\\\/logo\\\/image\\\/\"},\"sameAs\":[\"https:\\\/\\\/www.facebook.com\\\/30degreeshotels\",\"https:\\\/\\\/www.instagram.com\\\/30degreeshotels\\\/\"]}]}<\/script>\n<!-- \/ Yoast SEO plugin. -->","yoast_head_json":{"title":"Politique de confidentialit\u00e9 - 30\u00ba h\u00f4tels","robots":{"index":"index","follow":"follow","max-snippet":"max-snippet:-1","max-image-preview":"max-image-preview:large","max-video-preview":"max-video-preview:-1"},"canonical":"https:\/\/30degreeshotels.com\/fr\/politique-de-confidentialite\/","og_locale":"fr_FR","og_type":"article","og_title":"Pol\u00edtica de Privacidad - 30\u00ba hotels","og_description":"POL\u00cdTICA DE PRIVACIDAD EHO GRUP TURISTIC, SL. es el\u00a0Responsable del tratamiento\u00a0de los datos personales del interesado o la interesada y lo informa que estos datos ser\u00e1n tratados conforme con lo dispuesto en las normativas vigentes en protecci\u00f3n de datos personales, el reglamento (UE) 2016\/679 del 27 de abril de 2016 (GDPR) y la Ley Org\u00e1nica [&hellip;]","og_url":"https:\/\/30degreeshotels.com\/fr\/politique-de-confidentialite\/","og_site_name":"30\u00ba hotels","article_publisher":"https:\/\/www.facebook.com\/30degreeshotels","article_modified_time":"2023-05-10T09:20:00+00:00","twitter_card":"summary_large_image","twitter_misc":{"Dur\u00e9e de lecture estim\u00e9e":"3 minutes"},"schema":{"@context":"https:\/\/schema.org","@graph":[{"@type":"WebPage","@id":"https:\/\/30degreeshotels.com\/politica-de-privacidad\/","url":"https:\/\/30degreeshotels.com\/politica-de-privacidad\/","name":"Politique de confidentialit\u00e9 - 30\u00ba h\u00f4tels","isPartOf":{"@id":"https:\/\/30degreeshotels.com\/#website"},"datePublished":"2023-01-18T00:03:16+00:00","dateModified":"2023-05-10T09:20:00+00:00","breadcrumb":{"@id":"https:\/\/30degreeshotels.com\/politica-de-privacidad\/#breadcrumb"},"inLanguage":"fr-FR","potentialAction":[{"@type":"ReadAction","target":["https:\/\/30degreeshotels.com\/politica-de-privacidad\/"]}]},{"@type":"BreadcrumbList","@id":"https:\/\/30degreeshotels.com\/politica-de-privacidad\/#breadcrumb","itemListElement":[{"@type":"ListItem","position":1,"name":"30\u00ba hotels &amp; apartments","item":"https:\/\/30degreeshotels.com\/"},{"@type":"ListItem","position":2,"name":"Pol\u00edtica de Privacidad"}]},{"@type":"WebSite","@id":"https:\/\/30degreeshotels.com\/#website","url":"https:\/\/30degreeshotels.com\/","name":"30\u00ba hotels","description":"Les vacances ne sont pas facultatives","publisher":{"@id":"https:\/\/30degreeshotels.com\/#organization"},"potentialAction":[{"@type":"SearchAction","target":{"@type":"EntryPoint","urlTemplate":"https:\/\/30degreeshotels.com\/?s={search_term_string}"},"query-input":{"@type":"PropertyValueSpecification","valueRequired":true,"valueName":"search_term_string"}}],"inLanguage":"fr-FR"},{"@type":"Organization","@id":"https:\/\/30degreeshotels.com\/#organization","name":"30\u00ba hotels","url":"https:\/\/30degreeshotels.com\/","logo":{"@type":"ImageObject","inLanguage":"fr-FR","@id":"https:\/\/30degreeshotels.com\/#\/schema\/logo\/image\/","url":"https:\/\/30degreeshotels.com\/wp-content\/uploads\/2023\/01\/30o-LOGO.webp","contentUrl":"https:\/\/30degreeshotels.com\/wp-content\/uploads\/2023\/01\/30o-LOGO.webp","width":800,"height":800,"caption":"30\u00ba hotels"},"image":{"@id":"https:\/\/30degreeshotels.com\/#\/schema\/logo\/image\/"},"sameAs":["https:\/\/www.facebook.com\/30degreeshotels","https:\/\/www.instagram.com\/30degreeshotels\/"]}]}},"_links":{"self":[{"href":"https:\/\/30degreeshotels.com\/fr\/wp-json\/wp\/v2\/pages\/64","targetHints":{"allow":["GET"]}}],"collection":[{"href":"https:\/\/30degreeshotels.com\/fr\/wp-json\/wp\/v2\/pages"}],"about":[{"href":"https:\/\/30degreeshotels.com\/fr\/wp-json\/wp\/v2\/types\/page"}],"author":[{"embeddable":true,"href":"https:\/\/30degreeshotels.com\/fr\/wp-json\/wp\/v2\/users\/2"}],"replies":[{"embeddable":true,"href":"https:\/\/30degreeshotels.com\/fr\/wp-json\/wp\/v2\/comments?post=64"}],"version-history":[{"count":10,"href":"https:\/\/30degreeshotels.com\/fr\/wp-json\/wp\/v2\/pages\/64\/revisions"}],"predecessor-version":[{"id":5080,"href":"https:\/\/30degreeshotels.com\/fr\/wp-json\/wp\/v2\/pages\/64\/revisions\/5080"}],"wp:attachment":[{"href":"https:\/\/30degreeshotels.com\/fr\/wp-json\/wp\/v2\/media?parent=64"}],"curies":[{"name":"wp","href":"https:\/\/api.w.org\/{rel}","templated":true}]}}