{"id":8128,"date":"2024-02-09T11:34:35","date_gmt":"2024-02-09T10:34:35","guid":{"rendered":"https:\/\/30degreeshotels.com\/?page_id=8128"},"modified":"2024-02-09T11:37:04","modified_gmt":"2024-02-09T10:37:04","slug":"bike-station","status":"publish","type":"page","link":"https:\/\/30degreeshotels.com\/fr\/hotel-bahia\/bike-station\/","title":{"rendered":"Bike Station"},"content":{"rendered":"<div data-elementor-type=\"wp-page\" data-elementor-id=\"8128\" class=\"elementor elementor-8128\" data-elementor-post-type=\"page\">\n\t\t\t\t\t\t<section class=\"elementor-section elementor-top-section elementor-element elementor-element-c4f42c1 elementor-section-boxed elementor-section-height-default elementor-section-height-default\" data-id=\"c4f42c1\" data-element_type=\"section\" data-e-type=\"section\">\n\t\t\t\t\t\t<div class=\"elementor-container elementor-column-gap-default\">\n\t\t\t\t\t<div class=\"elementor-column elementor-col-100 elementor-top-column elementor-element elementor-element-dce3e54\" data-id=\"dce3e54\" data-element_type=\"column\" data-e-type=\"column\">\n\t\t\t<div class=\"elementor-widget-wrap elementor-element-populated\">\n\t\t\t\t\t\t<div class=\"elementor-element elementor-element-4115c8e elementor-widget elementor-widget-image\" data-id=\"4115c8e\" data-element_type=\"widget\" data-e-type=\"widget\" data-widget_type=\"image.default\">\n\t\t\t\t<div class=\"elementor-widget-container\">\n\t\t\t\t\t\t\t\t\t\t\t\t\t\t\t<img fetchpriority=\"high\" decoding=\"async\" width=\"679\" height=\"400\" src=\"https:\/\/30degreeshotels.com\/wp-content\/uploads\/2024\/02\/cycling-friendly.jpg\" class=\"attachment-large size-large wp-image-8131\" alt=\"\" srcset=\"https:\/\/30degreeshotels.com\/wp-content\/uploads\/2024\/02\/cycling-friendly.jpg 679w, https:\/\/30degreeshotels.com\/wp-content\/uploads\/2024\/02\/cycling-friendly-300x177.jpg 300w, https:\/\/30degreeshotels.com\/wp-content\/uploads\/2024\/02\/cycling-friendly-18x12.jpg 18w\" sizes=\"(max-width: 679px) 100vw, 679px\" \/>\t\t\t\t\t\t\t\t\t\t\t\t\t\t\t<\/div>\n\t\t\t\t<\/div>\n\t\t\t\t\t<\/div>\n\t\t<\/div>\n\t\t\t\t\t<\/div>\n\t\t<\/section>\n\t\t\t\t<section class=\"elementor-section elementor-top-section elementor-element elementor-element-d1ce0f2 elementor-section-full_width elementor-section-stretched elementor-section-height-default elementor-section-height-default\" data-id=\"d1ce0f2\" data-element_type=\"section\" data-e-type=\"section\" data-settings=\"{&quot;stretch_section&quot;:&quot;section-stretched&quot;}\">\n\t\t\t\t\t\t\t<div class=\"elementor-background-overlay\"><\/div>\n\t\t\t\t\t\t\t<div class=\"elementor-container elementor-column-gap-default\">\n\t\t\t\t\t<div class=\"elementor-column elementor-col-100 elementor-top-column elementor-element elementor-element-f814dbb\" data-id=\"f814dbb\" data-element_type=\"column\" data-e-type=\"column\" data-settings=\"{&quot;background_background&quot;:&quot;classic&quot;}\">\n\t\t\t<div class=\"elementor-widget-wrap elementor-element-populated\">\n\t\t\t\t\t\t<div class=\"elementor-element elementor-element-1bc59cc elementor-widget elementor-widget-heading\" data-id=\"1bc59cc\" data-element_type=\"widget\" data-e-type=\"widget\" data-widget_type=\"heading.default\">\n\t\t\t\t<div class=\"elementor-widget-container\">\n\t\t\t\t\t<h2 class=\"elementor-heading-title elementor-size-default\">Station de v\u00e9lo Bahia - 30\u00ba h\u00f4tels<\/h2>\t\t\t\t<\/div>\n\t\t\t\t<\/div>\n\t\t\t\t<div class=\"elementor-element elementor-element-553359b elementor-widget elementor-widget-text-editor\" data-id=\"553359b\" data-element_type=\"widget\" data-e-type=\"widget\" data-widget_type=\"text-editor.default\">\n\t\t\t\t<div class=\"elementor-widget-container\">\n\t\t\t\t\t\t\t\t\t<p>L'h\u00f4tel Bah\u00eda est passionn\u00e9 de sport, c'est pourquoi il propose \u00e0 ses clients un salon\/atelier de services de r\u00e9paration et d'entretien de v\u00e9los, o\u00f9 des professionnels du deux-roues vous guideront sur les meilleurs itin\u00e9raires pour d\u00e9couvrir Puerto de Mazarr\u00f3n.<\/p>\t\t\t\t\t\t\t\t<\/div>\n\t\t\t\t<\/div>\n\t\t\t\t\t<\/div>\n\t\t<\/div>\n\t\t\t\t\t<\/div>\n\t\t<\/section>\n\t\t\t\t<section class=\"elementor-section elementor-top-section elementor-element elementor-element-8cc4c7d elementor-section-boxed elementor-section-height-default elementor-section-height-default\" data-id=\"8cc4c7d\" data-element_type=\"section\" data-e-type=\"section\">\n\t\t\t\t\t\t<div class=\"elementor-container elementor-column-gap-default\">\n\t\t\t\t\t<div class=\"elementor-column elementor-col-100 elementor-top-column elementor-element elementor-element-300e697\" data-id=\"300e697\" data-element_type=\"column\" data-e-type=\"column\">\n\t\t\t<div class=\"elementor-widget-wrap elementor-element-populated\">\n\t\t\t\t\t\t<div class=\"elementor-element elementor-element-1a557d1 elementor-widget elementor-widget-spacer\" data-id=\"1a557d1\" data-element_type=\"widget\" data-e-type=\"widget\" data-widget_type=\"spacer.default\">\n\t\t\t\t<div class=\"elementor-widget-container\">\n\t\t\t\t\t\t\t<div class=\"elementor-spacer\">\n\t\t\t<div class=\"elementor-spacer-inner\"><\/div>\n\t\t<\/div>\n\t\t\t\t\t\t<\/div>\n\t\t\t\t<\/div>\n\t\t\t\t\t<\/div>\n\t\t<\/div>\n\t\t\t\t\t<\/div>\n\t\t<\/section>\n\t\t\t\t<\/div>","protected":false},"excerpt":{"rendered":"<p>L'h\u00f4tel Bah\u00eda est passionn\u00e9 de sport, c'est pourquoi il propose \u00e0 ses clients un salon\/atelier de services de r\u00e9paration et d'entretien de v\u00e9los, o\u00f9 des professionnels du deux-roues vous guideront sur les meilleurs itin\u00e9raires pour d\u00e9couvrir Puerto de Mazarr\u00f3n.<\/p>","protected":false},"author":2,"featured_media":7303,"parent":7832,"menu_order":0,"comment_status":"closed","ping_status":"closed","template":"","meta":{"footnotes":""},"class_list":["post-8128","page","type-page","status-publish","has-post-thumbnail","hentry"],"yoast_head":"<!-- This site is optimized with the Yoast SEO plugin v27.3 - https:\/\/yoast.com\/product\/yoast-seo-wordpress\/ -->\n<title>Bike Station - 30\u00ba hotels<\/title>\n<meta name=\"description\" content=\"El hotel Bah\u00eda siente pasi\u00f3n por el deporte, por ello pone a disposici\u00f3n de sus hu\u00e9spedes una Sala\/Taller para el servicio de reparaci\u00f3n y ...\" \/>\n<meta name=\"robots\" content=\"index, follow, max-snippet:-1, max-image-preview:large, max-video-preview:-1\" \/>\n<link rel=\"canonical\" href=\"https:\/\/30degreeshotels.com\/fr\/hotel-bahia\/bike-station\/\" \/>\n<meta property=\"og:locale\" content=\"fr_FR\" \/>\n<meta property=\"og:type\" content=\"article\" \/>\n<meta property=\"og:title\" content=\"Bike Station - 30\u00ba hotels\" \/>\n<meta property=\"og:description\" content=\"El hotel Bah\u00eda siente pasi\u00f3n por el deporte, por ello pone a disposici\u00f3n de sus hu\u00e9spedes una Sala\/Taller para el servicio de reparaci\u00f3n y ...\" \/>\n<meta property=\"og:url\" content=\"https:\/\/30degreeshotels.com\/fr\/hotel-bahia\/bike-station\/\" \/>\n<meta property=\"og:site_name\" content=\"30\u00ba hotels\" \/>\n<meta property=\"article:publisher\" content=\"https:\/\/www.facebook.com\/30degreeshotels\" \/>\n<meta property=\"article:modified_time\" content=\"2024-02-09T10:37:04+00:00\" \/>\n<meta property=\"og:image\" content=\"https:\/\/30degreeshotels.com\/wp-content\/uploads\/2023\/10\/640-silhouette-of-sportsman-and-mountain-bike-at-sunset.jpg\" \/>\n\t<meta property=\"og:image:width\" content=\"640\" \/>\n\t<meta property=\"og:image:height\" content=\"427\" \/>\n\t<meta property=\"og:image:type\" content=\"image\/jpeg\" \/>\n<meta name=\"twitter:card\" content=\"summary_large_image\" \/>\n<meta name=\"twitter:label1\" content=\"Dur\u00e9e de lecture estim\u00e9e\" \/>\n\t<meta name=\"twitter:data1\" content=\"1 minute\" \/>\n<script type=\"application\/ld+json\" class=\"yoast-schema-graph\">{\"@context\":\"https:\\\/\\\/schema.org\",\"@graph\":[{\"@type\":\"WebPage\",\"@id\":\"https:\\\/\\\/30degreeshotels.com\\\/hotel-bahia\\\/bike-station\\\/\",\"url\":\"https:\\\/\\\/30degreeshotels.com\\\/hotel-bahia\\\/bike-station\\\/\",\"name\":\"Bike Station - 30\u00ba hotels\",\"isPartOf\":{\"@id\":\"https:\\\/\\\/30degreeshotels.com\\\/#website\"},\"primaryImageOfPage\":{\"@id\":\"https:\\\/\\\/30degreeshotels.com\\\/hotel-bahia\\\/bike-station\\\/#primaryimage\"},\"image\":{\"@id\":\"https:\\\/\\\/30degreeshotels.com\\\/hotel-bahia\\\/bike-station\\\/#primaryimage\"},\"thumbnailUrl\":\"https:\\\/\\\/30degreeshotels.com\\\/wp-content\\\/uploads\\\/2023\\\/10\\\/640-silhouette-of-sportsman-and-mountain-bike-at-sunset.jpg\",\"datePublished\":\"2024-02-09T10:34:35+00:00\",\"dateModified\":\"2024-02-09T10:37:04+00:00\",\"description\":\"El hotel Bah\u00eda siente pasi\u00f3n por el deporte, por ello pone a disposici\u00f3n de sus hu\u00e9spedes una Sala\\\/Taller para el servicio de reparaci\u00f3n y ...\",\"breadcrumb\":{\"@id\":\"https:\\\/\\\/30degreeshotels.com\\\/hotel-bahia\\\/bike-station\\\/#breadcrumb\"},\"inLanguage\":\"fr-FR\",\"potentialAction\":[{\"@type\":\"ReadAction\",\"target\":[\"https:\\\/\\\/30degreeshotels.com\\\/hotel-bahia\\\/bike-station\\\/\"]}]},{\"@type\":\"ImageObject\",\"inLanguage\":\"fr-FR\",\"@id\":\"https:\\\/\\\/30degreeshotels.com\\\/hotel-bahia\\\/bike-station\\\/#primaryimage\",\"url\":\"https:\\\/\\\/30degreeshotels.com\\\/wp-content\\\/uploads\\\/2023\\\/10\\\/640-silhouette-of-sportsman-and-mountain-bike-at-sunset.jpg\",\"contentUrl\":\"https:\\\/\\\/30degreeshotels.com\\\/wp-content\\\/uploads\\\/2023\\\/10\\\/640-silhouette-of-sportsman-and-mountain-bike-at-sunset.jpg\",\"width\":640,\"height\":427,\"caption\":\"silhouette of young and active sportsman and his mountain bike standing on the railing near the ocean and looking far away at the sunset\"},{\"@type\":\"BreadcrumbList\",\"@id\":\"https:\\\/\\\/30degreeshotels.com\\\/hotel-bahia\\\/bike-station\\\/#breadcrumb\",\"itemListElement\":[{\"@type\":\"ListItem\",\"position\":1,\"name\":\"30\u00ba hotels &amp; apartments\",\"item\":\"https:\\\/\\\/30degreeshotels.com\\\/\"},{\"@type\":\"ListItem\",\"position\":2,\"name\":\"Hotel Bah\u00eda &#8211; 30\u00ba hotels | Hotel en Mazarr\u00f3n, Murcia\",\"item\":\"https:\\\/\\\/30degreeshotels.com\\\/hotel-bahia\\\/\"},{\"@type\":\"ListItem\",\"position\":3,\"name\":\"Bike Station\"}]},{\"@type\":\"WebSite\",\"@id\":\"https:\\\/\\\/30degreeshotels.com\\\/#website\",\"url\":\"https:\\\/\\\/30degreeshotels.com\\\/\",\"name\":\"30\u00ba hotels\",\"description\":\"Holidays are not optional\",\"publisher\":{\"@id\":\"https:\\\/\\\/30degreeshotels.com\\\/#organization\"},\"potentialAction\":[{\"@type\":\"SearchAction\",\"target\":{\"@type\":\"EntryPoint\",\"urlTemplate\":\"https:\\\/\\\/30degreeshotels.com\\\/?s={search_term_string}\"},\"query-input\":{\"@type\":\"PropertyValueSpecification\",\"valueRequired\":true,\"valueName\":\"search_term_string\"}}],\"inLanguage\":\"fr-FR\"},{\"@type\":\"Organization\",\"@id\":\"https:\\\/\\\/30degreeshotels.com\\\/#organization\",\"name\":\"30\u00ba hotels\",\"url\":\"https:\\\/\\\/30degreeshotels.com\\\/\",\"logo\":{\"@type\":\"ImageObject\",\"inLanguage\":\"fr-FR\",\"@id\":\"https:\\\/\\\/30degreeshotels.com\\\/#\\\/schema\\\/logo\\\/image\\\/\",\"url\":\"https:\\\/\\\/30degreeshotels.com\\\/wp-content\\\/uploads\\\/2023\\\/01\\\/30o-LOGO.webp\",\"contentUrl\":\"https:\\\/\\\/30degreeshotels.com\\\/wp-content\\\/uploads\\\/2023\\\/01\\\/30o-LOGO.webp\",\"width\":800,\"height\":800,\"caption\":\"30\u00ba hotels\"},\"image\":{\"@id\":\"https:\\\/\\\/30degreeshotels.com\\\/#\\\/schema\\\/logo\\\/image\\\/\"},\"sameAs\":[\"https:\\\/\\\/www.facebook.com\\\/30degreeshotels\",\"https:\\\/\\\/www.instagram.com\\\/30degreeshotels\\\/\"]}]}<\/script>\n<!-- \/ Yoast SEO plugin. -->","yoast_head_json":{"title":"Station V\u00e9lo - 30\u00ba h\u00f4tels","description":"L&#039;h\u00f4tel Bah\u00eda est un passionn\u00e9 de sport, c&#039;est pourquoi il propose \u00e0 ses clients une salle\/atelier de r\u00e9paration et...","robots":{"index":"index","follow":"follow","max-snippet":"max-snippet:-1","max-image-preview":"max-image-preview:large","max-video-preview":"max-video-preview:-1"},"canonical":"https:\/\/30degreeshotels.com\/fr\/hotel-bahia\/bike-station\/","og_locale":"fr_FR","og_type":"article","og_title":"Bike Station - 30\u00ba hotels","og_description":"El hotel Bah\u00eda siente pasi\u00f3n por el deporte, por ello pone a disposici\u00f3n de sus hu\u00e9spedes una Sala\/Taller para el servicio de reparaci\u00f3n y ...","og_url":"https:\/\/30degreeshotels.com\/fr\/hotel-bahia\/bike-station\/","og_site_name":"30\u00ba hotels","article_publisher":"https:\/\/www.facebook.com\/30degreeshotels","article_modified_time":"2024-02-09T10:37:04+00:00","og_image":[{"width":640,"height":427,"url":"https:\/\/30degreeshotels.com\/wp-content\/uploads\/2023\/10\/640-silhouette-of-sportsman-and-mountain-bike-at-sunset.jpg","type":"image\/jpeg"}],"twitter_card":"summary_large_image","twitter_misc":{"Dur\u00e9e de lecture estim\u00e9e":"1 minute"},"schema":{"@context":"https:\/\/schema.org","@graph":[{"@type":"WebPage","@id":"https:\/\/30degreeshotels.com\/hotel-bahia\/bike-station\/","url":"https:\/\/30degreeshotels.com\/hotel-bahia\/bike-station\/","name":"Station V\u00e9lo - 30\u00ba h\u00f4tels","isPartOf":{"@id":"https:\/\/30degreeshotels.com\/#website"},"primaryImageOfPage":{"@id":"https:\/\/30degreeshotels.com\/hotel-bahia\/bike-station\/#primaryimage"},"image":{"@id":"https:\/\/30degreeshotels.com\/hotel-bahia\/bike-station\/#primaryimage"},"thumbnailUrl":"https:\/\/30degreeshotels.com\/wp-content\/uploads\/2023\/10\/640-silhouette-of-sportsman-and-mountain-bike-at-sunset.jpg","datePublished":"2024-02-09T10:34:35+00:00","dateModified":"2024-02-09T10:37:04+00:00","description":"L&#039;h\u00f4tel Bah\u00eda est un passionn\u00e9 de sport, c&#039;est pourquoi il propose \u00e0 ses clients une salle\/atelier de r\u00e9paration et...","breadcrumb":{"@id":"https:\/\/30degreeshotels.com\/hotel-bahia\/bike-station\/#breadcrumb"},"inLanguage":"fr-FR","potentialAction":[{"@type":"ReadAction","target":["https:\/\/30degreeshotels.com\/hotel-bahia\/bike-station\/"]}]},{"@type":"ImageObject","inLanguage":"fr-FR","@id":"https:\/\/30degreeshotels.com\/hotel-bahia\/bike-station\/#primaryimage","url":"https:\/\/30degreeshotels.com\/wp-content\/uploads\/2023\/10\/640-silhouette-of-sportsman-and-mountain-bike-at-sunset.jpg","contentUrl":"https:\/\/30degreeshotels.com\/wp-content\/uploads\/2023\/10\/640-silhouette-of-sportsman-and-mountain-bike-at-sunset.jpg","width":640,"height":427,"caption":"silhouette of young and active sportsman and his mountain bike standing on the railing near the ocean and looking far away at the sunset"},{"@type":"BreadcrumbList","@id":"https:\/\/30degreeshotels.com\/hotel-bahia\/bike-station\/#breadcrumb","itemListElement":[{"@type":"ListItem","position":1,"name":"30\u00ba hotels &amp; apartments","item":"https:\/\/30degreeshotels.com\/"},{"@type":"ListItem","position":2,"name":"Hotel Bah\u00eda &#8211; 30\u00ba hotels | Hotel en Mazarr\u00f3n, Murcia","item":"https:\/\/30degreeshotels.com\/hotel-bahia\/"},{"@type":"ListItem","position":3,"name":"Bike Station"}]},{"@type":"WebSite","@id":"https:\/\/30degreeshotels.com\/#website","url":"https:\/\/30degreeshotels.com\/","name":"30\u00ba hotels","description":"Les vacances ne sont pas facultatives","publisher":{"@id":"https:\/\/30degreeshotels.com\/#organization"},"potentialAction":[{"@type":"SearchAction","target":{"@type":"EntryPoint","urlTemplate":"https:\/\/30degreeshotels.com\/?s={search_term_string}"},"query-input":{"@type":"PropertyValueSpecification","valueRequired":true,"valueName":"search_term_string"}}],"inLanguage":"fr-FR"},{"@type":"Organization","@id":"https:\/\/30degreeshotels.com\/#organization","name":"30\u00ba hotels","url":"https:\/\/30degreeshotels.com\/","logo":{"@type":"ImageObject","inLanguage":"fr-FR","@id":"https:\/\/30degreeshotels.com\/#\/schema\/logo\/image\/","url":"https:\/\/30degreeshotels.com\/wp-content\/uploads\/2023\/01\/30o-LOGO.webp","contentUrl":"https:\/\/30degreeshotels.com\/wp-content\/uploads\/2023\/01\/30o-LOGO.webp","width":800,"height":800,"caption":"30\u00ba hotels"},"image":{"@id":"https:\/\/30degreeshotels.com\/#\/schema\/logo\/image\/"},"sameAs":["https:\/\/www.facebook.com\/30degreeshotels","https:\/\/www.instagram.com\/30degreeshotels\/"]}]}},"_links":{"self":[{"href":"https:\/\/30degreeshotels.com\/fr\/wp-json\/wp\/v2\/pages\/8128","targetHints":{"allow":["GET"]}}],"collection":[{"href":"https:\/\/30degreeshotels.com\/fr\/wp-json\/wp\/v2\/pages"}],"about":[{"href":"https:\/\/30degreeshotels.com\/fr\/wp-json\/wp\/v2\/types\/page"}],"author":[{"embeddable":true,"href":"https:\/\/30degreeshotels.com\/fr\/wp-json\/wp\/v2\/users\/2"}],"replies":[{"embeddable":true,"href":"https:\/\/30degreeshotels.com\/fr\/wp-json\/wp\/v2\/comments?post=8128"}],"version-history":[{"count":5,"href":"https:\/\/30degreeshotels.com\/fr\/wp-json\/wp\/v2\/pages\/8128\/revisions"}],"predecessor-version":[{"id":8134,"href":"https:\/\/30degreeshotels.com\/fr\/wp-json\/wp\/v2\/pages\/8128\/revisions\/8134"}],"up":[{"embeddable":true,"href":"https:\/\/30degreeshotels.com\/fr\/wp-json\/wp\/v2\/pages\/7832"}],"wp:featuredmedia":[{"embeddable":true,"href":"https:\/\/30degreeshotels.com\/fr\/wp-json\/wp\/v2\/media\/7303"}],"wp:attachment":[{"href":"https:\/\/30degreeshotels.com\/fr\/wp-json\/wp\/v2\/media?parent=8128"}],"curies":[{"name":"wp","href":"https:\/\/api.w.org\/{rel}","templated":true}]}}