{"id":1959,"date":"2023-02-23T23:50:08","date_gmt":"2023-02-23T22:50:08","guid":{"rendered":"https:\/\/30degreeshotels.com\/?page_id=1959"},"modified":"2025-12-21T21:37:57","modified_gmt":"2025-12-21T20:37:57","slug":"condiciones-generales","status":"publish","type":"page","link":"https:\/\/30degreeshotels.com\/it\/condiciones-generales\/","title":{"rendered":"Condizioni Generali"},"content":{"rendered":"<div data-elementor-type=\"wp-page\" data-elementor-id=\"1959\" class=\"elementor elementor-1959\" data-elementor-post-type=\"page\">\n\t\t\t\t\t\t<section class=\"elementor-section elementor-top-section elementor-element elementor-element-9b8e26e elementor-section-boxed elementor-section-height-default elementor-section-height-default\" data-id=\"9b8e26e\" data-element_type=\"section\" data-e-type=\"section\">\n\t\t\t\t\t\t<div class=\"elementor-container elementor-column-gap-default\">\n\t\t\t\t\t<div class=\"elementor-column elementor-col-100 elementor-top-column elementor-element elementor-element-6b3bde5\" data-id=\"6b3bde5\" data-element_type=\"column\" data-e-type=\"column\">\n\t\t\t<div class=\"elementor-widget-wrap elementor-element-populated\">\n\t\t\t\t\t\t<div class=\"elementor-element elementor-element-6bf689c elementor-widget__width-initial elementor-widget elementor-widget-text-editor\" data-id=\"6bf689c\" data-element_type=\"widget\" data-e-type=\"widget\" data-widget_type=\"text-editor.default\">\n\t\t\t\t<div class=\"elementor-widget-container\">\n\t\t\t\t\t\t\t\t\t<h3 data-start=\"469\" data-end=\"504\">1. INFORMAZIONI PER GLI UTENTI<\/h3>\n<p data-start=\"505\" data-end=\"1005\">Il presente documento regola i termini e le condizioni generali applicabili all&#039;acquisto di servizi turistici e alle prenotazioni alberghiere effettuate tramite il sito web <strong data-start=\"683\" data-end=\"718\"><a class=\"decorated-link\" href=\"https:\/\/30degreeshotels.com\/it\/\" target=\"_new\" rel=\"noopener\" data-start=\"685\" data-end=\"716\">https:\/\/www.30degreeshotels.com<\/a><\/strong>, in conformit\u00e0 con quanto disposto dalla Legge 34\/2002, sui Servizi della Societ\u00e0 dell&#039;Informazione e il Commercio Elettronico, e dalla Legge 3\/2014, che modifica il Testo Unico della Legge Generale per la Difesa dei Consumatori e degli Utenti (Regio Decreto Legislativo 1\/2007).<\/p>\n<p data-start=\"1007\" data-end=\"1136\">La sottoscrizione di uno qualsiasi dei servizi offerti implica l&#039;accettazione piena e senza riserve delle presenti condizioni.<\/p><p data-start=\"1007\" data-end=\"1136\"><br><\/p>\n<h3 data-start=\"1143\" data-end=\"1181\">2. ACCETTAZIONE DELLE CONDIZIONI<\/h3>\n<p data-start=\"1182\" data-end=\"1237\">L&#039;accettazione del presente documento implica che il cliente:<\/p>\n<p data-start=\"1239\" data-end=\"1430\">a) Ne ha letto, compreso e compreso il contenuto.<br data-start=\"1286\" data-end=\"1289\">b) \u00c8 una persona dotata di capacit\u00e0 giuridica sufficiente per stipulare un contratto.<br data-start=\"1353\" data-end=\"1356\">c) Egli\/Ella assume ed accetta espressamente tutti gli obblighi che ne derivano.<\/p>\n<p data-start=\"1432\" data-end=\"1719\">Queste condizioni avranno <strong data-start=\"1466\" data-end=\"1489\">validit\u00e0 indefinita<\/strong> I presenti termini e condizioni si applicano a tutte le prenotazioni effettuate tramite il sito web. Il fornitore si riserva il diritto di modificarli unilateralmente, senza pregiudicare le prenotazioni effettuate prima della modifica.<\/p>\n<h3 data-start=\"1726\" data-end=\"1758\"><br><\/h3><h3 data-start=\"1726\" data-end=\"1758\">3. IDENTIT\u00c0 DELLE PARTI<\/h3>\n<p data-start=\"972\" data-end=\"1462\">In conformit\u00e0 a quanto previsto dalla normativa vigente, ed in particolare a quanto previsto dal D.Lgs. n. <strong data-start=\"1071\" data-end=\"1176\">Legge 34\/2002, dell&#039;11 luglio, sui servizi della societ\u00e0 dell&#039;informazione e sul commercio elettronico<\/strong>, i servizi di alloggio e prenotazione alberghiera offerti tramite il sito web <strong data-start=\"1259\" data-end=\"1294\"><a class=\"decorated-link\" href=\"https:\/\/30degreeshotels.com\/it\/\" target=\"_new\" rel=\"noopener\" data-start=\"1261\" data-end=\"1292\">https:\/\/www.30degreeshotels.com<\/a><\/strong> Sono forniti dalle entit\u00e0 che possiedono o gestiscono gli stabilimenti che operano sotto il marchio <strong data-start=\"1407\" data-end=\"1427\">Hotel 30 gradi<\/strong>, e che sono dettagliati di seguito:<\/p>\n<ul data-start=\"1467\" data-end=\"1929\">\n<li data-start=\"1467\" data-end=\"1616\">\n<p data-start=\"1469\" data-end=\"1616\"><strong data-start=\"1469\" data-end=\"1503\">GESTIHOTELS COSTA C\u00c1LIDA, SL.<\/strong>, con <strong data-start=\"1509\" data-end=\"1529\">Numero di identificazione del mittente B66570441<\/strong>, proprietario e\/o gestore di <strong data-start=\"1554\" data-end=\"1574\">Hotel Dos Playas<\/strong>, <strong data-start=\"1576\" data-end=\"1595\">Hotel Playa Sol<\/strong> E <strong data-start=\"1598\" data-end=\"1613\">Hotel Bah\u00eda<\/strong>.<\/p>\n<\/li>\n<li data-start=\"1619\" data-end=\"1737\">\n<p data-start=\"1621\" data-end=\"1737\"><strong data-start=\"1621\" data-end=\"1653\">EHOGA HOTEL MANAGEMENT, SL.<\/strong>, con <strong data-start=\"1659\" data-end=\"1679\">Numero di identificazione del mittente B67508606<\/strong>, proprietario e\/o gestore di <strong data-start=\"1704\" data-end=\"1734\">Appartamenti Binivell Park<\/strong>.<\/p>\n<\/li>\n<li data-start=\"1740\" data-end=\"1829\">\n<p data-start=\"1742\" data-end=\"1829\"><strong data-start=\"1742\" data-end=\"1758\">OLIHER, SL.<\/strong>, con <strong data-start=\"1764\" data-end=\"1784\">Numero di identificazione del mittente B58465857<\/strong>, proprietario e\/o gestore di <strong data-start=\"1809\" data-end=\"1826\">Hotel Espanya<\/strong>.<\/p>\n<\/li>\n<li data-start=\"1832\" data-end=\"1927\">\n<p data-start=\"1834\" data-end=\"1927\"><strong data-start=\"1834\" data-end=\"1852\">FRINGIAN, SL.<\/strong>, con <strong data-start=\"1858\" data-end=\"1878\">Numero di identificazione del mittente B66451402<\/strong>, proprietario e\/o gestore di <strong data-start=\"1903\" data-end=\"1926\">Appartamenti Beatrix<\/strong>.<\/p>\n<\/li>\n<\/ul>\n<p data-start=\"1932\" data-end=\"2018\">D&#039;ora in poi, tutti quanti saranno collettivamente denominati <strong data-start=\"1991\" data-end=\"2017\">fornitore di servizi<\/strong>.<\/p>\n<p data-start=\"2023\" data-end=\"2357\">Il processo di prenotazione e contrattazione viene effettuato tramite un <strong data-start=\"2086\" data-end=\"2175\">motore di prenotazione online fornito da un fornitore di tecnologia esterno (WITBOOKING)<\/strong>, che agisce esclusivamente come <strong data-start=\"2207\" data-end=\"2247\">piattaforma di intermediazione tecnica<\/strong>, senza intervenire nella prestazione del servizio di alloggio n\u00e9 assumerne alcuna responsabilit\u00e0.<\/p>\n<p data-start=\"2023\" data-end=\"2357\"><br><\/p>\n<h3 data-start=\"2980\" data-end=\"3008\">4. OGGETTO DEL CONTRATTO<\/h3>\n<p data-start=\"3009\" data-end=\"3280\">Le presenti condizioni regolano il rapporto contrattuale tra il fornitore e il cliente a partire dal momento in cui quest&#039;ultimo accetta le condizioni durante il processo di prenotazione online, perfezionandosi il contratto ai sensi degli articoli 1.258 e 1.262 del Codice Civile.<\/p>\n<p data-start=\"3009\" data-end=\"3280\"><br><\/p>\n<h3 data-start=\"3287\" data-end=\"3315\">5. SERVIZI OFFERTI<\/h3>\n<p data-start=\"3316\" data-end=\"3489\">Il fornitore offre <strong data-start=\"3336\" data-end=\"3395\">servizi di accoglienza turistica e prenotazioni alberghiere<\/strong>, compresi eventuali servizi aggiuntivi che potrebbero essere aggiunti durante la procedura di stipula del contratto.<\/p>\n<h3 data-start=\"3496\" data-end=\"3512\"><br><\/h3>\n<h3 data-start=\"3496\" data-end=\"3512\">6. PREZZI<\/h3>\n<p data-start=\"3513\" data-end=\"3720\">I prezzi indicati sul sito sono <strong data-start=\"3555\" data-end=\"3574\">prezzi finali<\/strong>, tasse incluse, salvo errori tipografici.<br data-start=\"3625\" data-end=\"3628\">IL <strong data-start=\"3631\" data-end=\"3666\">Tassa di soggiorno non inclusa<\/strong> e dovr\u00e0 essere pagato direttamente presso la struttura.<\/p>\n<p data-start=\"3722\" data-end=\"3875\">Per le prenotazioni effettuate dall&#039;estero, eventuali commissioni bancarie aggiuntive saranno a carico del cliente. Il fornitore non \u00e8 responsabile di tali costi.<\/p>\n<p data-start=\"3877\" data-end=\"3980\">I prezzi possono variare in tempo reale e saranno sempre visualizzati prima della conferma della prenotazione.<\/p>\n<p data-start=\"3877\" data-end=\"3980\"><br><\/p>\n<h3 data-start=\"3987\" data-end=\"4002\">7. LINGUA<\/h3>\n<p data-start=\"4003\" data-end=\"4074\">Il processo di assunzione pu\u00f2 essere effettuato in <strong data-start=\"4050\" data-end=\"4073\">Spagnolo, inglese o le lingue disponibili sulla piattaforma Witbooking<\/strong>.<\/p>\n<h3 data-start=\"4081\" data-end=\"4113\"><br><\/h3>\n<h3 data-start=\"4081\" data-end=\"4113\">8. PROCESSO DI CONTRATTAZIONE<\/h3>\n<p data-start=\"4114\" data-end=\"4177\">La procedura di prenotazione avviene interamente online e comprende:<\/p>\n<ol data-start=\"4179\" data-end=\"4464\">\n<li data-start=\"4179\" data-end=\"4213\">\n<p data-start=\"4182\" data-end=\"4213\">Selezione dell&#039;hotel e date.<\/p>\n<\/li>\n<li data-start=\"4214\" data-end=\"4252\">\n<p data-start=\"4217\" data-end=\"4252\">Scelta del tipo di alloggio.<\/p>\n<\/li>\n<li data-start=\"4253\" data-end=\"4306\">\n<p data-start=\"4256\" data-end=\"4306\">Selezione di servizi aggiuntivi (se applicabile).<\/p>\n<\/li>\n<li data-start=\"4307\" data-end=\"4350\">\n<p data-start=\"4310\" data-end=\"4350\">Inserimento dati ospiti.<\/p>\n<\/li>\n<li data-start=\"4351\" data-end=\"4376\">\n<p data-start=\"4354\" data-end=\"4376\">Conferma e pagamento.<\/p>\n<\/li>\n<li data-start=\"4377\" data-end=\"4464\">\n<p data-start=\"4380\" data-end=\"4464\">Invio automatico del <strong data-start=\"4403\" data-end=\"4430\">Conferma della prenotazione<\/strong> all&#039;indirizzo email fornito.<\/p>\n<\/li>\n<\/ol>\n<p>Il processo di assunzione avviene tramite un <strong data-start=\"2527\" data-end=\"2598\">motore di prenotazione online gestito tecnologicamente da WITBOOKING<\/strong>, L&#039;utente viene reindirizzato a questa piattaforma durante il processo di prenotazione. L&#039;utilizzo di questa piattaforma non modifica il rapporto contrattuale, che si instaura esclusivamente tra il cliente e il fornitore del servizio di alloggio corrispondente.<\/p>\n<p><br><\/p>\n<h3 data-start=\"4471\" data-end=\"4494\">9. METODI DI PAGAMENTO<\/h3>\n<p data-start=\"4495\" data-end=\"4599\">Il pagamento verr\u00e0 effettuato tramite <strong data-start=\"4525\" data-end=\"4556\">carta di credito o di debito<\/strong> tramite una piattaforma di pagamento sicura.<\/p>\n<p data-start=\"4601\" data-end=\"4705\">Il fornitore non \u00e8 responsabile per errori derivanti dall&#039;inserimento di dati errati da parte del cliente.<\/p>\n<h3 data-start=\"4712\" data-end=\"4743\"><br><\/h3>\n<h3 data-start=\"4712\" data-end=\"4743\">10. ANNULLAMENTO E MANCATA PRESENTAZIONE<\/h3>\n<p data-start=\"4745\" data-end=\"4812\">La politica di cancellazione dipender\u00e0 dal <strong data-start=\"4788\" data-end=\"4811\">tariffa selezionata<\/strong>:<\/p>\n<h4 data-start=\"4814\" data-end=\"4837\">Tariffe standard<\/h4>\n<ul data-start=\"4838\" data-end=\"5057\">\n<li data-start=\"4838\" data-end=\"4911\">\n<p data-start=\"4840\" data-end=\"4911\">Cancellazione gratuita fino al <strong data-start=\"4867\" data-end=\"4885\">24 ore prima<\/strong> della data di arrivo.<\/p>\n<\/li>\n<li data-start=\"4912\" data-end=\"5057\">\n<p data-start=\"4914\" data-end=\"5057\">Cancellazione oltre il termine o mancata presentazione: <strong data-start=\"4970\" data-end=\"5025\">Addebito del 100% della prima notte o prenotazione<\/strong>, secondo condizioni specifiche.<\/p>\n<\/li>\n<\/ul>\n<h4 data-start=\"5059\" data-end=\"5100\">Tariffe prepagate\/non rimborsabili<\/h4>\n<ul data-start=\"5101\" data-end=\"5270\">\n<li data-start=\"5101\" data-end=\"5183\">\n<p data-start=\"5103\" data-end=\"5183\">L&#039;importo totale potr\u00e0 essere addebitato in qualsiasi momento dopo aver effettuato la prenotazione.<\/p>\n<\/li>\n<li data-start=\"5184\" data-end=\"5224\">\n<p data-start=\"5186\" data-end=\"5224\">Non \u00e8 possibile annullare o rimborsare.<\/p>\n<\/li>\n<li data-start=\"5225\" data-end=\"5270\">\n<p data-start=\"5227\" data-end=\"5270\">NO SHOW: <strong data-start=\"5236\" data-end=\"5269\">Addebito del 100% della prenotazione<\/strong>.<\/p>\n<\/li>\n<\/ul>\n<p data-start=\"5272\" data-end=\"5342\">IVA inclusa.<br data-start=\"5285\" data-end=\"5288\">La tassa di soggiorno verr\u00e0 pagata direttamente in hotel.<\/p>\n<h3 data-start=\"5349\" data-end=\"5383\"><br><\/h3>\n<h3 data-start=\"5349\" data-end=\"5383\">11. DIRITTO DI RECESSO<\/h3>\n<p data-start=\"5384\" data-end=\"5585\">Ai sensi della normativa vigente, il diritto di recesso non si applica ai servizi di alloggio per date specifiche, fatto salvo quanto previsto nella conferma di prenotazione.<\/p>\n<h3 data-start=\"5592\" data-end=\"5615\"><br><\/h3><h3 data-start=\"5592\" data-end=\"5615\">12. RECLAMI<\/h3>\n<p data-start=\"5616\" data-end=\"5776\">I clienti possono presentare reclami contattando direttamente la struttura interessata via e-mail, telefono o di persona.<\/p><p data-start=\"5616\" data-end=\"5776\"><br><\/p>\n<h3 data-start=\"5783\" data-end=\"5805\">13. GIURISDIZIONE<\/h3>\n<p data-start=\"5806\" data-end=\"5935\">Le parti si sottopongono espressamente alla <strong data-start=\"5847\" data-end=\"5893\">Corti e Tribunali di Barcellona capitale<\/strong>, salvo diversa disposizione di legge.<\/p>\n<h3 data-start=\"5942\" data-end=\"5973\"><br><\/h3><h3 data-start=\"5942\" data-end=\"5973\">14. LEGISLAZIONE APPLICABILE<\/h3>\n<p data-start=\"5974\" data-end=\"6041\">Queste condizioni sono regolate dal <strong data-start=\"6008\" data-end=\"6040\">legislazione spagnola vigente.<\/strong><\/p>\t\t\t\t\t\t\t\t<\/div>\n\t\t\t\t<\/div>\n\t\t\t\t\t<\/div>\n\t\t<\/div>\n\t\t\t\t\t<\/div>\n\t\t<\/section>\n\t\t\t\t<\/div>","protected":false},"excerpt":{"rendered":"<p>1. INFORMACI\u00d3N A LOS USUARIOS El presente documento regula las condiciones generales de contrataci\u00f3n aplicables a la adquisici\u00f3n de servicios tur\u00edsticos y reservas hoteleras realizadas a trav\u00e9s del sitio web https:\/\/www.30degreeshotels.com, de conformidad con lo dispuesto en la Ley 34\/2002, de Servicios de la Sociedad de la Informaci\u00f3n y de Comercio Electr\u00f3nico, y en la [&hellip;]<\/p>\n","protected":false},"author":2,"featured_media":0,"parent":0,"menu_order":0,"comment_status":"closed","ping_status":"closed","template":"","meta":{"footnotes":""},"class_list":["post-1959","page","type-page","status-publish","hentry"],"yoast_head":"<!-- This site is optimized with the Yoast SEO plugin v27.3 - https:\/\/yoast.com\/product\/yoast-seo-wordpress\/ -->\n<title>Condiciones Generales - 30\u00ba hotels<\/title>\n<meta name=\"robots\" content=\"index, follow, max-snippet:-1, max-image-preview:large, max-video-preview:-1\" \/>\n<link rel=\"canonical\" href=\"https:\/\/30degreeshotels.com\/it\/condiciones-generales\/\" \/>\n<meta property=\"og:locale\" content=\"it_IT\" \/>\n<meta property=\"og:type\" content=\"article\" \/>\n<meta property=\"og:title\" content=\"Condiciones Generales - 30\u00ba hotels\" \/>\n<meta property=\"og:description\" content=\"1. INFORMACI\u00d3N A LOS USUARIOS El presente documento regula las condiciones generales de contrataci\u00f3n aplicables a la adquisici\u00f3n de servicios tur\u00edsticos y reservas hoteleras realizadas a trav\u00e9s del sitio web https:\/\/www.30degreeshotels.com, de conformidad con lo dispuesto en la Ley 34\/2002, de Servicios de la Sociedad de la Informaci\u00f3n y de Comercio Electr\u00f3nico, y en la [&hellip;]\" \/>\n<meta property=\"og:url\" content=\"https:\/\/30degreeshotels.com\/it\/condiciones-generales\/\" \/>\n<meta property=\"og:site_name\" content=\"30\u00ba hotels\" \/>\n<meta property=\"article:publisher\" content=\"https:\/\/www.facebook.com\/30degreeshotels\" \/>\n<meta property=\"article:modified_time\" content=\"2025-12-21T20:37:57+00:00\" \/>\n<meta name=\"twitter:card\" content=\"summary_large_image\" \/>\n<meta name=\"twitter:label1\" content=\"Tempo di lettura stimato\" \/>\n\t<meta name=\"twitter:data1\" content=\"4 minuti\" \/>\n<script type=\"application\/ld+json\" class=\"yoast-schema-graph\">{\"@context\":\"https:\\\/\\\/schema.org\",\"@graph\":[{\"@type\":\"WebPage\",\"@id\":\"https:\\\/\\\/30degreeshotels.com\\\/condiciones-generales\\\/\",\"url\":\"https:\\\/\\\/30degreeshotels.com\\\/condiciones-generales\\\/\",\"name\":\"Condiciones Generales - 30\u00ba hotels\",\"isPartOf\":{\"@id\":\"https:\\\/\\\/30degreeshotels.com\\\/#website\"},\"datePublished\":\"2023-02-23T22:50:08+00:00\",\"dateModified\":\"2025-12-21T20:37:57+00:00\",\"breadcrumb\":{\"@id\":\"https:\\\/\\\/30degreeshotels.com\\\/condiciones-generales\\\/#breadcrumb\"},\"inLanguage\":\"it-IT\",\"potentialAction\":[{\"@type\":\"ReadAction\",\"target\":[\"https:\\\/\\\/30degreeshotels.com\\\/condiciones-generales\\\/\"]}]},{\"@type\":\"BreadcrumbList\",\"@id\":\"https:\\\/\\\/30degreeshotels.com\\\/condiciones-generales\\\/#breadcrumb\",\"itemListElement\":[{\"@type\":\"ListItem\",\"position\":1,\"name\":\"30\u00ba hotels &amp; apartments\",\"item\":\"https:\\\/\\\/30degreeshotels.com\\\/\"},{\"@type\":\"ListItem\",\"position\":2,\"name\":\"Condiciones Generales\"}]},{\"@type\":\"WebSite\",\"@id\":\"https:\\\/\\\/30degreeshotels.com\\\/#website\",\"url\":\"https:\\\/\\\/30degreeshotels.com\\\/\",\"name\":\"30\u00ba hotels\",\"description\":\"Holidays are not optional\",\"publisher\":{\"@id\":\"https:\\\/\\\/30degreeshotels.com\\\/#organization\"},\"potentialAction\":[{\"@type\":\"SearchAction\",\"target\":{\"@type\":\"EntryPoint\",\"urlTemplate\":\"https:\\\/\\\/30degreeshotels.com\\\/?s={search_term_string}\"},\"query-input\":{\"@type\":\"PropertyValueSpecification\",\"valueRequired\":true,\"valueName\":\"search_term_string\"}}],\"inLanguage\":\"it-IT\"},{\"@type\":\"Organization\",\"@id\":\"https:\\\/\\\/30degreeshotels.com\\\/#organization\",\"name\":\"30\u00ba hotels\",\"url\":\"https:\\\/\\\/30degreeshotels.com\\\/\",\"logo\":{\"@type\":\"ImageObject\",\"inLanguage\":\"it-IT\",\"@id\":\"https:\\\/\\\/30degreeshotels.com\\\/#\\\/schema\\\/logo\\\/image\\\/\",\"url\":\"https:\\\/\\\/30degreeshotels.com\\\/wp-content\\\/uploads\\\/2023\\\/01\\\/30o-LOGO.webp\",\"contentUrl\":\"https:\\\/\\\/30degreeshotels.com\\\/wp-content\\\/uploads\\\/2023\\\/01\\\/30o-LOGO.webp\",\"width\":800,\"height\":800,\"caption\":\"30\u00ba hotels\"},\"image\":{\"@id\":\"https:\\\/\\\/30degreeshotels.com\\\/#\\\/schema\\\/logo\\\/image\\\/\"},\"sameAs\":[\"https:\\\/\\\/www.facebook.com\\\/30degreeshotels\",\"https:\\\/\\\/www.instagram.com\\\/30degreeshotels\\\/\"]}]}<\/script>\n<!-- \/ Yoast SEO plugin. -->","yoast_head_json":{"title":"Condizioni Generali - Hotel 30\u00ba","robots":{"index":"index","follow":"follow","max-snippet":"max-snippet:-1","max-image-preview":"max-image-preview:large","max-video-preview":"max-video-preview:-1"},"canonical":"https:\/\/30degreeshotels.com\/it\/condiciones-generales\/","og_locale":"it_IT","og_type":"article","og_title":"Condiciones Generales - 30\u00ba hotels","og_description":"1. INFORMACI\u00d3N A LOS USUARIOS El presente documento regula las condiciones generales de contrataci\u00f3n aplicables a la adquisici\u00f3n de servicios tur\u00edsticos y reservas hoteleras realizadas a trav\u00e9s del sitio web https:\/\/www.30degreeshotels.com, de conformidad con lo dispuesto en la Ley 34\/2002, de Servicios de la Sociedad de la Informaci\u00f3n y de Comercio Electr\u00f3nico, y en la [&hellip;]","og_url":"https:\/\/30degreeshotels.com\/it\/condiciones-generales\/","og_site_name":"30\u00ba hotels","article_publisher":"https:\/\/www.facebook.com\/30degreeshotels","article_modified_time":"2025-12-21T20:37:57+00:00","twitter_card":"summary_large_image","twitter_misc":{"Tempo di lettura stimato":"4 minuti"},"schema":{"@context":"https:\/\/schema.org","@graph":[{"@type":"WebPage","@id":"https:\/\/30degreeshotels.com\/condiciones-generales\/","url":"https:\/\/30degreeshotels.com\/condiciones-generales\/","name":"Condizioni Generali - Hotel 30\u00ba","isPartOf":{"@id":"https:\/\/30degreeshotels.com\/#website"},"datePublished":"2023-02-23T22:50:08+00:00","dateModified":"2025-12-21T20:37:57+00:00","breadcrumb":{"@id":"https:\/\/30degreeshotels.com\/condiciones-generales\/#breadcrumb"},"inLanguage":"it-IT","potentialAction":[{"@type":"ReadAction","target":["https:\/\/30degreeshotels.com\/condiciones-generales\/"]}]},{"@type":"BreadcrumbList","@id":"https:\/\/30degreeshotels.com\/condiciones-generales\/#breadcrumb","itemListElement":[{"@type":"ListItem","position":1,"name":"30\u00ba hotels &amp; apartments","item":"https:\/\/30degreeshotels.com\/"},{"@type":"ListItem","position":2,"name":"Condiciones Generales"}]},{"@type":"WebSite","@id":"https:\/\/30degreeshotels.com\/#website","url":"https:\/\/30degreeshotels.com\/","name":"30\u00ba hotels","description":"Le vacanze non sono facoltative","publisher":{"@id":"https:\/\/30degreeshotels.com\/#organization"},"potentialAction":[{"@type":"SearchAction","target":{"@type":"EntryPoint","urlTemplate":"https:\/\/30degreeshotels.com\/?s={search_term_string}"},"query-input":{"@type":"PropertyValueSpecification","valueRequired":true,"valueName":"search_term_string"}}],"inLanguage":"it-IT"},{"@type":"Organization","@id":"https:\/\/30degreeshotels.com\/#organization","name":"30\u00ba hotels","url":"https:\/\/30degreeshotels.com\/","logo":{"@type":"ImageObject","inLanguage":"it-IT","@id":"https:\/\/30degreeshotels.com\/#\/schema\/logo\/image\/","url":"https:\/\/30degreeshotels.com\/wp-content\/uploads\/2023\/01\/30o-LOGO.webp","contentUrl":"https:\/\/30degreeshotels.com\/wp-content\/uploads\/2023\/01\/30o-LOGO.webp","width":800,"height":800,"caption":"30\u00ba hotels"},"image":{"@id":"https:\/\/30degreeshotels.com\/#\/schema\/logo\/image\/"},"sameAs":["https:\/\/www.facebook.com\/30degreeshotels","https:\/\/www.instagram.com\/30degreeshotels\/"]}]}},"_links":{"self":[{"href":"https:\/\/30degreeshotels.com\/it\/wp-json\/wp\/v2\/pages\/1959","targetHints":{"allow":["GET"]}}],"collection":[{"href":"https:\/\/30degreeshotels.com\/it\/wp-json\/wp\/v2\/pages"}],"about":[{"href":"https:\/\/30degreeshotels.com\/it\/wp-json\/wp\/v2\/types\/page"}],"author":[{"embeddable":true,"href":"https:\/\/30degreeshotels.com\/it\/wp-json\/wp\/v2\/users\/2"}],"replies":[{"embeddable":true,"href":"https:\/\/30degreeshotels.com\/it\/wp-json\/wp\/v2\/comments?post=1959"}],"version-history":[{"count":26,"href":"https:\/\/30degreeshotels.com\/it\/wp-json\/wp\/v2\/pages\/1959\/revisions"}],"predecessor-version":[{"id":12299,"href":"https:\/\/30degreeshotels.com\/it\/wp-json\/wp\/v2\/pages\/1959\/revisions\/12299"}],"wp:attachment":[{"href":"https:\/\/30degreeshotels.com\/it\/wp-json\/wp\/v2\/media?parent=1959"}],"curies":[{"name":"parola chiave","href":"https:\/\/api.w.org\/{rel}","templated":true}]}}