{"id":200,"date":"2023-01-18T14:37:46","date_gmt":"2023-01-18T13:37:46","guid":{"rendered":"https:\/\/30degreeshotels.com\/?page_id=200"},"modified":"2025-12-21T21:38:57","modified_gmt":"2025-12-21T20:38:57","slug":"aviso-legal","status":"publish","type":"page","link":"https:\/\/30degreeshotels.com\/it\/aviso-legal\/","title":{"rendered":"Avviso legale"},"content":{"rendered":"<div data-elementor-type=\"wp-page\" data-elementor-id=\"200\" class=\"elementor elementor-200\" data-elementor-post-type=\"page\">\n\t\t\t\t\t\t<section class=\"elementor-section elementor-top-section elementor-element elementor-element-b2eae7d elementor-section-boxed elementor-section-height-default elementor-section-height-default\" data-id=\"b2eae7d\" data-element_type=\"section\" data-e-type=\"section\">\n\t\t\t\t\t\t\t<div class=\"elementor-background-overlay\"><\/div>\n\t\t\t\t\t\t\t<div class=\"elementor-container elementor-column-gap-default\">\n\t\t\t\t\t<div class=\"elementor-column elementor-col-100 elementor-top-column elementor-element elementor-element-98b81ee\" data-id=\"98b81ee\" data-element_type=\"column\" data-e-type=\"column\">\n\t\t\t<div class=\"elementor-widget-wrap elementor-element-populated\">\n\t\t\t\t\t\t<div class=\"elementor-element elementor-element-626b8f2 elementor-widget elementor-widget-heading\" data-id=\"626b8f2\" data-element_type=\"widget\" data-e-type=\"widget\" data-widget_type=\"heading.default\">\n\t\t\t\t<div class=\"elementor-widget-container\">\n\t\t\t\t\t<h2 class=\"elementor-heading-title elementor-size-default\">AVVISO LEGALE<\/h2>\t\t\t\t<\/div>\n\t\t\t\t<\/div>\n\t\t\t\t\t<\/div>\n\t\t<\/div>\n\t\t\t\t\t<\/div>\n\t\t<\/section>\n\t\t\t\t<section class=\"elementor-section elementor-top-section elementor-element elementor-element-499b1db elementor-section-boxed elementor-section-height-default elementor-section-height-default\" data-id=\"499b1db\" data-element_type=\"section\" data-e-type=\"section\">\n\t\t\t\t\t\t<div class=\"elementor-container elementor-column-gap-default\">\n\t\t\t\t\t<div class=\"elementor-column elementor-col-100 elementor-top-column elementor-element elementor-element-8af4ab9\" data-id=\"8af4ab9\" data-element_type=\"column\" data-e-type=\"column\">\n\t\t\t<div class=\"elementor-widget-wrap elementor-element-populated\">\n\t\t\t\t\t\t<div class=\"elementor-element elementor-element-de27102 elementor-widget elementor-widget-text-editor\" data-id=\"de27102\" data-element_type=\"widget\" data-e-type=\"widget\" data-widget_type=\"text-editor.default\">\n\t\t\t\t<div class=\"elementor-widget-container\">\n\t\t\t\t\t\t\t\t\t<h2 data-start=\"283\" data-end=\"308\">1. INFORMAZIONI GENERALI<\/h2>\n<p data-start=\"310\" data-end=\"729\">In ottemperanza all&#039;obbligo di informazione previsto dall&#039;articolo 10 del D.Lgs. n. <strong data-start=\"387\" data-end=\"501\">Legge 34\/2002, dell&#039;11 luglio, sui servizi della societ\u00e0 dell&#039;informazione e il commercio elettronico (LSSI-CE)<\/strong>, Questo sito web ti informa che <strong data-start=\"540\" data-end=\"575\"><a class=\"decorated-link\" href=\"https:\/\/30degreeshotels.com\/it\/\" target=\"_new\" rel=\"noopener\" data-start=\"542\" data-end=\"573\">https:\/\/www.30degreeshotels.com<\/a><\/strong> (di seguito, il <em data-start=\"593\" data-end=\"604\">sito web<\/em>) \u00e8 una piattaforma aziendale per l&#039;informazione e la commercializzazione dei servizi turistici sotto il marchio <strong data-start=\"708\" data-end=\"728\">Hotel 30 gradi<\/strong>.<\/p>\n<p data-start=\"310\" data-end=\"729\"><br><\/p>\n<h2 data-start=\"736\" data-end=\"767\">2. PROPRIET\u00c0 DEL SITO WEB<\/h2>\n<p data-start=\"769\" data-end=\"1029\">Il sito web <strong data-start=\"782\" data-end=\"805\">30degreeshotels.com<\/strong> Funge da piattaforma di marketing congiunta per i vari stabilimenti che operano con il marchio. <strong data-start=\"916\" data-end=\"936\">Hotel 30 gradi<\/strong>, I seguenti soggetti sono i proprietari e\/o gestori dei servizi di alloggio:<\/p>\n<ul data-start=\"1031\" data-end=\"1451\">\n<li data-start=\"1031\" data-end=\"1165\">\n<p data-start=\"1033\" data-end=\"1165\"><strong data-start=\"1033\" data-end=\"1067\">GESTIHOTELS COSTA C\u00c1LIDA, SL.<\/strong><br data-start=\"1067\" data-end=\"1070\">NIF: <strong data-start=\"1080\" data-end=\"1093\">B66570441<\/strong><br data-start=\"1093\" data-end=\"1096\">Stabilimenti: Hotel Dos Playas, Hotel Playa Sol e Hotel Bah\u00eda<\/p>\n<\/li>\n<li data-start=\"1167\" data-end=\"1277\">\n<p data-start=\"1169\" data-end=\"1277\"><strong data-start=\"1169\" data-end=\"1201\">EHOGA HOTEL MANAGEMENT, SL.<\/strong><br data-start=\"1201\" data-end=\"1204\">NIF: <strong data-start=\"1214\" data-end=\"1227\">B67508606<\/strong><br data-start=\"1227\" data-end=\"1230\">Struttura: Binivell Park Apartments<\/p>\n<\/li>\n<li data-start=\"1279\" data-end=\"1360\">\n<p data-start=\"1281\" data-end=\"1360\"><strong data-start=\"1281\" data-end=\"1297\">OLIHER, SL.<\/strong><br data-start=\"1297\" data-end=\"1300\">NIF: <strong data-start=\"1310\" data-end=\"1323\">B58465857<\/strong><br data-start=\"1323\" data-end=\"1326\">Struttura: Hotel Espanya<\/p>\n<\/li>\n<li data-start=\"1362\" data-end=\"1451\">\n<p data-start=\"1364\" data-end=\"1451\"><strong data-start=\"1364\" data-end=\"1382\">FRINGIAN, SL.<\/strong><br data-start=\"1382\" data-end=\"1385\">NIF: <strong data-start=\"1395\" data-end=\"1408\">B66451402<\/strong><br data-start=\"1408\" data-end=\"1411\">Struttura: Appartamenti Beatrix<\/p>\n<\/li>\n<\/ul>\n<p data-start=\"1453\" data-end=\"1613\">D&#039;ora in poi, tutti quanti saranno collettivamente denominati <strong data-start=\"1512\" data-end=\"1523\">titolare<\/strong> o <strong data-start=\"1526\" data-end=\"1552\">fornitore di servizi<\/strong>, a seconda della struttura selezionata dall&#039;utente.<\/p>\n<p data-start=\"1453\" data-end=\"1613\"><br><\/p>\n<h2 data-start=\"1620\" data-end=\"1646\">3. STATO UTENTE<\/h2>\n<p data-start=\"1648\" data-end=\"1892\">L&#039;accesso, la navigazione e l&#039;utilizzo del sito web conferiscono lo status di <strong data-start=\"1715\" data-end=\"1726\">utente<\/strong>, implicando l&#039;accettazione piena e senza riserve di tutte le disposizioni contenute nel presente Avviso Legale, nonch\u00e9 nel resto dei testi legali del sito web.<\/p>\n<p data-start=\"1648\" data-end=\"1892\"><br><\/p>\n<h2 data-start=\"1899\" data-end=\"1922\">4. UTILIZZO DEL SITO WEB<\/h2>\n<p data-start=\"1924\" data-end=\"2118\">L&#039;utente si impegna a fare un uso appropriato dei contenuti, dei servizi e delle funzionalit\u00e0 del sito web, nel rispetto della legge, della buona fede, dell&#039;ordine pubblico e del presente Avviso Legale.<\/p>\n<p data-start=\"2120\" data-end=\"2312\">\u00c8 espressamente vietato l&#039;utilizzo del sito web per scopi illeciti, lesivi dei diritti o degli interessi di terzi o che possano in qualsiasi modo danneggiare, disabilitare o sovraccaricare il sito web.<\/p>\n<h2 data-start=\"2319\" data-end=\"2359\"><br><\/h2>\n<h2 data-start=\"2319\" data-end=\"2359\">5. PROPRIET\u00c0 INTELLETTUALE E INDUSTRIALE<\/h2>\n<p data-start=\"2361\" data-end=\"2745\">Tutti i contenuti del sito web, inclusi, a titolo esemplificativo ma non esaustivo, testi, immagini, fotografie, loghi, marchi, nomi commerciali, design, codice sorgente e altri elementi, sono di propriet\u00e0 del fornitore del servizio o di terze parti che ne hanno autorizzato l&#039;uso e sono protetti dalle vigenti normative sulla propriet\u00e0 intellettuale e industriale.<\/p>\n<p data-start=\"2747\" data-end=\"2909\">\u00c8 vietata la riproduzione, la distribuzione, la comunicazione pubblica o la trasformazione di tali contenuti senza l&#039;espressa autorizzazione del titolare dei diritti.<\/p>\n<h2 data-start=\"2916\" data-end=\"2937\"><br><\/h2><h2 data-start=\"2916\" data-end=\"2937\">6. RESPONSABILIT\u00c0<\/h2>\n<p data-start=\"2939\" data-end=\"3040\">Il fornitore del servizio non \u00e8 responsabile per eventuali danni o perdite che possano derivare da:<\/p>\n<ul data-start=\"3042\" data-end=\"3251\">\n<li data-start=\"3042\" data-end=\"3093\">\n<p data-start=\"3044\" data-end=\"3093\">Interruzioni del servizio o errori tecnici.<\/p>\n<\/li>\n<li data-start=\"3094\" data-end=\"3143\">\n<p data-start=\"3096\" data-end=\"3143\">Virus o altri elementi informatici dannosi.<\/p>\n<\/li>\n<li data-start=\"3144\" data-end=\"3197\">\n<p data-start=\"3146\" data-end=\"3197\">Uso improprio del sito web da parte dell&#039;utente.<\/p>\n<\/li>\n<li data-start=\"3198\" data-end=\"3251\">\n<p data-start=\"3200\" data-end=\"3251\">Contenuti di terze parti accessibili tramite link.<\/p>\n<\/li>\n<\/ul>\n<h2 data-start=\"3258\" data-end=\"3281\"><br><\/h2><h2 data-start=\"3258\" data-end=\"3281\">7. MOTORE DI PRENOTAZIONE<\/h2>\n<p data-start=\"3283\" data-end=\"3473\">Il processo di prenotazione e contrattualizzazione dei servizi di alloggio viene effettuato tramite un <strong data-start=\"3378\" data-end=\"3472\">motore di prenotazione online gestito tecnologicamente da un fornitore esterno (WITBOOKING)<\/strong>.<\/p>\n<p data-start=\"3475\" data-end=\"3681\">WITBOOKING agisce esclusivamente come <strong data-start=\"3512\" data-end=\"3537\">fornitore di tecnologia<\/strong>, non essendo responsabile della prestazione dei servizi di alloggio, che in ogni caso spetta al proprietario della struttura prenotata.<\/p>\n<h2 data-start=\"3688\" data-end=\"3712\"><br><\/h2><h2 data-start=\"3688\" data-end=\"3712\">8. LINK A TERZE PARTI<\/h2>\n<p data-start=\"3714\" data-end=\"3892\">Il sito web pu\u00f2 contenere link a siti web di terze parti. Il fornitore non si assume alcuna responsabilit\u00e0 per il contenuto, le politiche o le pratiche di questi siti esterni.<\/p><p data-start=\"3714\" data-end=\"3892\"><br><\/p>\n<h2 data-start=\"3899\" data-end=\"3924\">9. PROTEZIONE DEI DATI<\/h2>\n<p data-start=\"3926\" data-end=\"4119\">Il trattamento dei dati personali dell&#039;utente sar\u00e0 regolato dalle disposizioni del <strong data-start=\"4010\" data-end=\"4036\">politica sulla riservatezza<\/strong>, disponibile sul sito web, che l&#039;utente dovr\u00e0 consultare autonomamente.<\/p>\n<h2 data-start=\"4126\" data-end=\"4147\"><br><\/h2><h2 data-start=\"4126\" data-end=\"4147\">10. MODIFICHE<\/h2>\n<p data-start=\"4149\" data-end=\"4316\">Il fornitore si riserva il diritto di modificare in qualsiasi momento il contenuto del presente Avviso Legale, ed \u00e8 responsabilit\u00e0 dell&#039;utente prenderne visione periodicamente.<\/p>\n<h2 data-start=\"4323\" data-end=\"4366\"><br><\/h2><h2 data-start=\"4323\" data-end=\"4366\">11. LEGGE APPLICABILE E GIURISDIZIONE<\/h2>\n<p data-start=\"4368\" data-end=\"4670\">Il presente Avviso Legale \u00e8 regolato dal <strong data-start=\"4407\" data-end=\"4439\">legislazione spagnola vigente<\/strong>.<br data-start=\"4440\" data-end=\"4443\">Per la risoluzione di qualsiasi controversia che dovesse sorgere dall&#039;accesso o dall&#039;utilizzo del sito web, le parti si sottopongono alla <strong data-start=\"4570\" data-end=\"4616\">Corti e Tribunali di Barcellona capitale<\/strong>, salvo quanto diversamente previsto dalla normativa vigente.<\/p>\t\t\t\t\t\t\t\t<\/div>\n\t\t\t\t<\/div>\n\t\t\t\t\t<\/div>\n\t\t<\/div>\n\t\t\t\t\t<\/div>\n\t\t<\/section>\n\t\t\t\t<\/div>","protected":false},"excerpt":{"rendered":"<p>AVISO LEGAL 1. INFORMACI\u00d3N GENERAL En cumplimiento con el deber de informaci\u00f3n recogido en el art\u00edculo 10 de la Ley 34\/2002, de 11 de julio, de Servicios de la Sociedad de la Informaci\u00f3n y de Comercio Electr\u00f3nico (LSSI-CE), se informa que el presente sitio web https:\/\/www.30degreeshotels.com (en adelante, el sitio web) es una plataforma corporativa [&hellip;]<\/p>\n","protected":false},"author":2,"featured_media":0,"parent":0,"menu_order":0,"comment_status":"closed","ping_status":"closed","template":"","meta":{"footnotes":""},"class_list":["post-200","page","type-page","status-publish","hentry"],"yoast_head":"<!-- This site is optimized with the Yoast SEO plugin v27.3 - https:\/\/yoast.com\/product\/yoast-seo-wordpress\/ -->\n<title>Aviso Legal - 30\u00ba hotels<\/title>\n<meta name=\"robots\" content=\"index, follow, max-snippet:-1, max-image-preview:large, max-video-preview:-1\" \/>\n<link rel=\"canonical\" href=\"https:\/\/30degreeshotels.com\/it\/aviso-legal\/\" \/>\n<meta property=\"og:locale\" content=\"it_IT\" \/>\n<meta property=\"og:type\" content=\"article\" \/>\n<meta property=\"og:title\" content=\"Aviso Legal - 30\u00ba hotels\" \/>\n<meta property=\"og:description\" content=\"AVISO LEGAL 1. INFORMACI\u00d3N GENERAL En cumplimiento con el deber de informaci\u00f3n recogido en el art\u00edculo 10 de la Ley 34\/2002, de 11 de julio, de Servicios de la Sociedad de la Informaci\u00f3n y de Comercio Electr\u00f3nico (LSSI-CE), se informa que el presente sitio web https:\/\/www.30degreeshotels.com (en adelante, el sitio web) es una plataforma corporativa [&hellip;]\" \/>\n<meta property=\"og:url\" content=\"https:\/\/30degreeshotels.com\/it\/aviso-legal\/\" \/>\n<meta property=\"og:site_name\" content=\"30\u00ba hotels\" \/>\n<meta property=\"article:publisher\" content=\"https:\/\/www.facebook.com\/30degreeshotels\" \/>\n<meta property=\"article:modified_time\" content=\"2025-12-21T20:38:57+00:00\" \/>\n<meta name=\"twitter:card\" content=\"summary_large_image\" \/>\n<meta name=\"twitter:label1\" content=\"Tempo di lettura stimato\" \/>\n\t<meta name=\"twitter:data1\" content=\"3 minuti\" \/>\n<script type=\"application\/ld+json\" class=\"yoast-schema-graph\">{\"@context\":\"https:\\\/\\\/schema.org\",\"@graph\":[{\"@type\":\"WebPage\",\"@id\":\"https:\\\/\\\/30degreeshotels.com\\\/aviso-legal\\\/\",\"url\":\"https:\\\/\\\/30degreeshotels.com\\\/aviso-legal\\\/\",\"name\":\"Aviso Legal - 30\u00ba hotels\",\"isPartOf\":{\"@id\":\"https:\\\/\\\/30degreeshotels.com\\\/#website\"},\"datePublished\":\"2023-01-18T13:37:46+00:00\",\"dateModified\":\"2025-12-21T20:38:57+00:00\",\"breadcrumb\":{\"@id\":\"https:\\\/\\\/30degreeshotels.com\\\/aviso-legal\\\/#breadcrumb\"},\"inLanguage\":\"it-IT\",\"potentialAction\":[{\"@type\":\"ReadAction\",\"target\":[\"https:\\\/\\\/30degreeshotels.com\\\/aviso-legal\\\/\"]}]},{\"@type\":\"BreadcrumbList\",\"@id\":\"https:\\\/\\\/30degreeshotels.com\\\/aviso-legal\\\/#breadcrumb\",\"itemListElement\":[{\"@type\":\"ListItem\",\"position\":1,\"name\":\"30\u00ba hotels &amp; apartments\",\"item\":\"https:\\\/\\\/30degreeshotels.com\\\/\"},{\"@type\":\"ListItem\",\"position\":2,\"name\":\"Aviso Legal\"}]},{\"@type\":\"WebSite\",\"@id\":\"https:\\\/\\\/30degreeshotels.com\\\/#website\",\"url\":\"https:\\\/\\\/30degreeshotels.com\\\/\",\"name\":\"30\u00ba hotels\",\"description\":\"Holidays are not optional\",\"publisher\":{\"@id\":\"https:\\\/\\\/30degreeshotels.com\\\/#organization\"},\"potentialAction\":[{\"@type\":\"SearchAction\",\"target\":{\"@type\":\"EntryPoint\",\"urlTemplate\":\"https:\\\/\\\/30degreeshotels.com\\\/?s={search_term_string}\"},\"query-input\":{\"@type\":\"PropertyValueSpecification\",\"valueRequired\":true,\"valueName\":\"search_term_string\"}}],\"inLanguage\":\"it-IT\"},{\"@type\":\"Organization\",\"@id\":\"https:\\\/\\\/30degreeshotels.com\\\/#organization\",\"name\":\"30\u00ba hotels\",\"url\":\"https:\\\/\\\/30degreeshotels.com\\\/\",\"logo\":{\"@type\":\"ImageObject\",\"inLanguage\":\"it-IT\",\"@id\":\"https:\\\/\\\/30degreeshotels.com\\\/#\\\/schema\\\/logo\\\/image\\\/\",\"url\":\"https:\\\/\\\/30degreeshotels.com\\\/wp-content\\\/uploads\\\/2023\\\/01\\\/30o-LOGO.webp\",\"contentUrl\":\"https:\\\/\\\/30degreeshotels.com\\\/wp-content\\\/uploads\\\/2023\\\/01\\\/30o-LOGO.webp\",\"width\":800,\"height\":800,\"caption\":\"30\u00ba hotels\"},\"image\":{\"@id\":\"https:\\\/\\\/30degreeshotels.com\\\/#\\\/schema\\\/logo\\\/image\\\/\"},\"sameAs\":[\"https:\\\/\\\/www.facebook.com\\\/30degreeshotels\",\"https:\\\/\\\/www.instagram.com\\\/30degreeshotels\\\/\"]}]}<\/script>\n<!-- \/ Yoast SEO plugin. -->","yoast_head_json":{"title":"Note legali - Hotel 30\u00ba","robots":{"index":"index","follow":"follow","max-snippet":"max-snippet:-1","max-image-preview":"max-image-preview:large","max-video-preview":"max-video-preview:-1"},"canonical":"https:\/\/30degreeshotels.com\/it\/aviso-legal\/","og_locale":"it_IT","og_type":"article","og_title":"Aviso Legal - 30\u00ba hotels","og_description":"AVISO LEGAL 1. INFORMACI\u00d3N GENERAL En cumplimiento con el deber de informaci\u00f3n recogido en el art\u00edculo 10 de la Ley 34\/2002, de 11 de julio, de Servicios de la Sociedad de la Informaci\u00f3n y de Comercio Electr\u00f3nico (LSSI-CE), se informa que el presente sitio web https:\/\/www.30degreeshotels.com (en adelante, el sitio web) es una plataforma corporativa [&hellip;]","og_url":"https:\/\/30degreeshotels.com\/it\/aviso-legal\/","og_site_name":"30\u00ba hotels","article_publisher":"https:\/\/www.facebook.com\/30degreeshotels","article_modified_time":"2025-12-21T20:38:57+00:00","twitter_card":"summary_large_image","twitter_misc":{"Tempo di lettura stimato":"3 minuti"},"schema":{"@context":"https:\/\/schema.org","@graph":[{"@type":"WebPage","@id":"https:\/\/30degreeshotels.com\/aviso-legal\/","url":"https:\/\/30degreeshotels.com\/aviso-legal\/","name":"Note legali - Hotel 30\u00ba","isPartOf":{"@id":"https:\/\/30degreeshotels.com\/#website"},"datePublished":"2023-01-18T13:37:46+00:00","dateModified":"2025-12-21T20:38:57+00:00","breadcrumb":{"@id":"https:\/\/30degreeshotels.com\/aviso-legal\/#breadcrumb"},"inLanguage":"it-IT","potentialAction":[{"@type":"ReadAction","target":["https:\/\/30degreeshotels.com\/aviso-legal\/"]}]},{"@type":"BreadcrumbList","@id":"https:\/\/30degreeshotels.com\/aviso-legal\/#breadcrumb","itemListElement":[{"@type":"ListItem","position":1,"name":"30\u00ba hotels &amp; apartments","item":"https:\/\/30degreeshotels.com\/"},{"@type":"ListItem","position":2,"name":"Aviso Legal"}]},{"@type":"WebSite","@id":"https:\/\/30degreeshotels.com\/#website","url":"https:\/\/30degreeshotels.com\/","name":"30\u00ba hotels","description":"Le vacanze non sono facoltative","publisher":{"@id":"https:\/\/30degreeshotels.com\/#organization"},"potentialAction":[{"@type":"SearchAction","target":{"@type":"EntryPoint","urlTemplate":"https:\/\/30degreeshotels.com\/?s={search_term_string}"},"query-input":{"@type":"PropertyValueSpecification","valueRequired":true,"valueName":"search_term_string"}}],"inLanguage":"it-IT"},{"@type":"Organization","@id":"https:\/\/30degreeshotels.com\/#organization","name":"30\u00ba hotels","url":"https:\/\/30degreeshotels.com\/","logo":{"@type":"ImageObject","inLanguage":"it-IT","@id":"https:\/\/30degreeshotels.com\/#\/schema\/logo\/image\/","url":"https:\/\/30degreeshotels.com\/wp-content\/uploads\/2023\/01\/30o-LOGO.webp","contentUrl":"https:\/\/30degreeshotels.com\/wp-content\/uploads\/2023\/01\/30o-LOGO.webp","width":800,"height":800,"caption":"30\u00ba hotels"},"image":{"@id":"https:\/\/30degreeshotels.com\/#\/schema\/logo\/image\/"},"sameAs":["https:\/\/www.facebook.com\/30degreeshotels","https:\/\/www.instagram.com\/30degreeshotels\/"]}]}},"_links":{"self":[{"href":"https:\/\/30degreeshotels.com\/it\/wp-json\/wp\/v2\/pages\/200","targetHints":{"allow":["GET"]}}],"collection":[{"href":"https:\/\/30degreeshotels.com\/it\/wp-json\/wp\/v2\/pages"}],"about":[{"href":"https:\/\/30degreeshotels.com\/it\/wp-json\/wp\/v2\/types\/page"}],"author":[{"embeddable":true,"href":"https:\/\/30degreeshotels.com\/it\/wp-json\/wp\/v2\/users\/2"}],"replies":[{"embeddable":true,"href":"https:\/\/30degreeshotels.com\/it\/wp-json\/wp\/v2\/comments?post=200"}],"version-history":[{"count":13,"href":"https:\/\/30degreeshotels.com\/it\/wp-json\/wp\/v2\/pages\/200\/revisions"}],"predecessor-version":[{"id":12302,"href":"https:\/\/30degreeshotels.com\/it\/wp-json\/wp\/v2\/pages\/200\/revisions\/12302"}],"wp:attachment":[{"href":"https:\/\/30degreeshotels.com\/it\/wp-json\/wp\/v2\/media?parent=200"}],"curies":[{"name":"parola chiave","href":"https:\/\/api.w.org\/{rel}","templated":true}]}}