{"id":207,"date":"2023-01-18T14:39:33","date_gmt":"2023-01-18T13:39:33","guid":{"rendered":"https:\/\/30degreeshotels.com\/?page_id=207"},"modified":"2023-03-09T16:20:11","modified_gmt":"2023-03-09T15:20:11","slug":"politica-de-cookies","status":"publish","type":"page","link":"https:\/\/30degreeshotels.com\/it\/politica-de-cookies\/","title":{"rendered":"Informativa sui cookie"},"content":{"rendered":"<div data-elementor-type=\"wp-page\" data-elementor-id=\"207\" class=\"elementor elementor-207\" data-elementor-post-type=\"page\">\n\t\t\t\t\t\t<section class=\"elementor-section elementor-top-section elementor-element elementor-element-b2eae7d elementor-section-boxed elementor-section-height-default elementor-section-height-default\" data-id=\"b2eae7d\" data-element_type=\"section\" data-e-type=\"section\">\n\t\t\t\t\t\t\t<div class=\"elementor-background-overlay\"><\/div>\n\t\t\t\t\t\t\t<div class=\"elementor-container elementor-column-gap-default\">\n\t\t\t\t\t<div class=\"elementor-column elementor-col-100 elementor-top-column elementor-element elementor-element-98b81ee\" data-id=\"98b81ee\" data-element_type=\"column\" data-e-type=\"column\">\n\t\t\t<div class=\"elementor-widget-wrap elementor-element-populated\">\n\t\t\t\t\t\t<div class=\"elementor-element elementor-element-626b8f2 elementor-widget elementor-widget-heading\" data-id=\"626b8f2\" data-element_type=\"widget\" data-e-type=\"widget\" data-widget_type=\"heading.default\">\n\t\t\t\t<div class=\"elementor-widget-container\">\n\t\t\t\t\t<h2 class=\"elementor-heading-title elementor-size-default\">POLITICA SUI COOKIE<\/h2>\t\t\t\t<\/div>\n\t\t\t\t<\/div>\n\t\t\t\t\t<\/div>\n\t\t<\/div>\n\t\t\t\t\t<\/div>\n\t\t<\/section>\n\t\t\t\t<section class=\"elementor-section elementor-top-section elementor-element elementor-element-499b1db elementor-section-boxed elementor-section-height-default elementor-section-height-default\" data-id=\"499b1db\" data-element_type=\"section\" data-e-type=\"section\">\n\t\t\t\t\t\t<div class=\"elementor-container elementor-column-gap-default\">\n\t\t\t\t\t<div class=\"elementor-column elementor-col-100 elementor-top-column elementor-element elementor-element-8af4ab9\" data-id=\"8af4ab9\" data-element_type=\"column\" data-e-type=\"column\">\n\t\t\t<div class=\"elementor-widget-wrap elementor-element-populated\">\n\t\t\t\t\t\t<div class=\"elementor-element elementor-element-de27102 elementor-widget elementor-widget-text-editor\" data-id=\"de27102\" data-element_type=\"widget\" data-e-type=\"widget\" data-widget_type=\"text-editor.default\">\n\t\t\t\t<div class=\"elementor-widget-container\">\n\t\t\t\t\t\t\t\t\t<p><strong>Informativa sui cookie<\/strong><\/p><p>L&#039;accesso al Sito Web pu\u00f2 comportare l&#039;utilizzo di cookie, sebbene la pagina possa funzionare anche senza di essi. I cookie sono piccoli file che memorizzano informazioni nel browser di ciascun utente in modo che il server possa riconoscere determinate informazioni che solo il server pu\u00f2 leggere. I cookie hanno una durata limitata. Nessun cookie rivela alcun numero di telefono, indirizzo email o altri dettagli identificativi. I cookie non possono estrarre alcuna informazione dal disco rigido dell&#039;utente n\u00e9 ottenere informazioni personali su di lui. L&#039;unico modo in cui le informazioni personali di un utente possono essere incluse in un file cookie \u00e8 se l&#039;utente stesso fornisce personalmente tali informazioni al server. Sebbene i cookie ci aiutino a ottimizzare il processo di prenotazione, gli utenti che non desiderano ricevere cookie o che non desiderano essere informati della loro visita possono configurare il proprio browser di conseguenza. Tutti i browser Internet dispongono di opzioni disponibili nelle impostazioni che consentono di bloccare o consentire i cookie da siti web specifici.<\/p><table><tbody><tr><td colspan=\"3\"><p><strong>I nostri cookie<\/strong><\/p><\/td><\/tr><tr><td><p><strong>Categoria \/ Tipo<\/strong><\/p><\/td><td><p><strong>Nome del cookie<\/strong><\/p><\/td><td><p><strong>Scopo<\/strong><\/p><\/td><\/tr><tr><td><p>Come funziona il sito web<\/p><\/td><td><p>DispoParams<\/p><\/td><td><p>Memorizza le informazioni necessarie per la ricerca della disponibilit\u00e0.<\/p><\/td><\/tr><tr><td><p>Come funziona il sito web<\/p><\/td><td><p>no_show_bannernew<\/p><\/td><td><p>Impedisce che il banner informativo venga nuovamente visualizzato.<\/p><\/td><\/tr><tr><td><p>Sicurezza<\/p><\/td><td><p>crsftoken<\/p><\/td><td><p>Impedisce a terze parti di eseguire azioni sui siti in cui abbiamo effettuato l&#039;accesso senza la nostra conoscenza.<\/p><\/td><\/tr><tr><td colspan=\"3\"><p><strong>Cookie di terze parti<\/strong><\/p><\/td><\/tr><tr><td><p><strong>Categoria \/ Tipo<\/strong><\/p><\/td><td><p><strong>Terzo<\/strong><\/p><\/td><td><p><strong>Scopo \/ Informazioni aggiuntive<\/strong><\/p><\/td><\/tr><tr><td><p>Analisi del sito<\/p><\/td><td><p>Google<\/p><\/td><td><p>Monitorare la navigazione degli utenti sul sito web per analizzarne l&#039;utilizzo, rilevare incidenti e migliorarne l&#039;usabilit\u00e0.<\/p><\/td><\/tr><tr><td><p>Gestione dei preferiti e dei link<\/p><\/td><td><p>AddThis, Facebook, Google+, Twitter<\/p><\/td><td><p>Permettono di condividere link sui social network e sui siti web pi\u00f9 popolari.<\/p><\/td><\/tr><tr><td colspan=\"3\"><p><strong>Cookie di marketing di terze parti<\/strong><\/p><\/td><\/tr><tr><td><p><strong>Categoria \/ Tipo<\/strong><\/p><\/td><td><p><strong>Terzo<\/strong><\/p><\/td><td><p><strong>Scopo \/ Informazioni aggiuntive<\/strong><\/p><\/td><\/tr><tr><td><p>Marketing \u2013 Retargeting.<\/p><\/td><td><p>Zanox, Ve Interactive, TripAdvisor<\/p><\/td><td><p>Gestisci i tuoi annunci con le migliori offerte in base alle localit\u00e0 che hai cercato in precedenza.<\/p><\/td><\/tr><tr><td><p>Marketing \u2013 Retargeting.<\/p><\/td><td><p>Affilinet, Google Adwords, Sociomantic, TripAdvisor<\/p><\/td><td><p>Monitorare l&#039;efficacia delle campagne pubblicitarie per visualizzare messaggi pertinenti.<\/p><\/td><\/tr><\/tbody><\/table><p class=\"translation-block\"><br>Il nostro sito web e le email in formato HTML possono utilizzare beacon e\/o cookie per compilare statistiche sull&#039;utilizzo del nostro sito web. Un web beacon \u00e8 un&#039;immagine inserita nel messaggio per informarci che il messaggio \u00e8 stato visualizzato, con il solo scopo di compilare statistiche di utilizzo. Per ulteriori informazioni su come bloccare l&#039;uso dei cookie tramite il browser Chrome, clicca <a href=\"https:\/\/support.google.com\/chrome\/answer\/95647?hl=es&amp;co=GENIE.Platform=Desktop\" target=\"_self\">qui.<\/a> Per ulteriori informazioni su come bloccare l&#039;uso dei cookie tramite il browser Explorer, clicca qui. Per ulteriori informazioni su come bloccare l&#039;uso dei cookie tramite il browser Firefox, clicca <a href=\"https:\/\/support.microsoft.com\/es-es\/help\/17442\/windows-internet-explorer-delete-manage-cookies\" target=\"_self\">qui<\/a> <a href=\"https:\/\/support.mozilla.org\/es\/kb\/habilitar-y-deshabilitar-cookies-sitios-web-rastrear-preferencias?redirectlocale=es&amp;redirectslug=habilitar-y-deshabilitar-cookies-que-los-sitios-we\" target=\"_self\">.<\/a> Per ulteriori informazioni su come bloccare l&#039;uso dei cookie tramite il browser Safari, clicca <a href=\"https:\/\/support.apple.com\/kb\/ph5042?locale=es_LA\" target=\"_self\">qui.<\/a><\/p><p>\u00a0<\/p><p>\u00a0<\/p>\t\t\t\t\t\t\t\t<\/div>\n\t\t\t\t<\/div>\n\t\t\t\t\t<\/div>\n\t\t<\/div>\n\t\t\t\t\t<\/div>\n\t\t<\/section>\n\t\t\t\t<\/div>","protected":false},"excerpt":{"rendered":"<p>POL\u00cdTICA DE COOKIES Pol\u00edtica de Cookies El acceso a la Web puede implicar el uso de cookies, aunque la p\u00e1gina puede funcionar sin su uso. Las cookies son archivos peque\u00f1os que almacenan informaci\u00f3n en el navegador de cada usuario de modo que el servidor pueda reconocer cierta informaci\u00f3n que solamente el servidor pueda leer. Las [&hellip;]<\/p>\n","protected":false},"author":2,"featured_media":0,"parent":0,"menu_order":0,"comment_status":"closed","ping_status":"closed","template":"","meta":{"footnotes":""},"class_list":["post-207","page","type-page","status-publish","hentry"],"yoast_head":"<!-- This site is optimized with the Yoast SEO plugin v27.3 - https:\/\/yoast.com\/product\/yoast-seo-wordpress\/ -->\n<title>Pol\u00edtica de Cookies - 30\u00ba hotels<\/title>\n<meta name=\"robots\" content=\"index, follow, max-snippet:-1, max-image-preview:large, max-video-preview:-1\" \/>\n<link rel=\"canonical\" href=\"https:\/\/30degreeshotels.com\/it\/politica-de-cookies\/\" \/>\n<meta property=\"og:locale\" content=\"it_IT\" \/>\n<meta property=\"og:type\" content=\"article\" \/>\n<meta property=\"og:title\" content=\"Pol\u00edtica de Cookies - 30\u00ba hotels\" \/>\n<meta property=\"og:description\" content=\"POL\u00cdTICA DE COOKIES Pol\u00edtica de Cookies El acceso a la Web puede implicar el uso de cookies, aunque la p\u00e1gina puede funcionar sin su uso. Las cookies son archivos peque\u00f1os que almacenan informaci\u00f3n en el navegador de cada usuario de modo que el servidor pueda reconocer cierta informaci\u00f3n que solamente el servidor pueda leer. Las [&hellip;]\" \/>\n<meta property=\"og:url\" content=\"https:\/\/30degreeshotels.com\/it\/politica-de-cookies\/\" \/>\n<meta property=\"og:site_name\" content=\"30\u00ba hotels\" \/>\n<meta property=\"article:publisher\" content=\"https:\/\/www.facebook.com\/30degreeshotels\" \/>\n<meta property=\"article:modified_time\" content=\"2023-03-09T15:20:11+00:00\" \/>\n<meta name=\"twitter:card\" content=\"summary_large_image\" \/>\n<meta name=\"twitter:label1\" content=\"Tempo di lettura stimato\" \/>\n\t<meta name=\"twitter:data1\" content=\"3 minuti\" \/>\n<script type=\"application\/ld+json\" class=\"yoast-schema-graph\">{\"@context\":\"https:\\\/\\\/schema.org\",\"@graph\":[{\"@type\":\"WebPage\",\"@id\":\"https:\\\/\\\/30degreeshotels.com\\\/politica-de-cookies\\\/\",\"url\":\"https:\\\/\\\/30degreeshotels.com\\\/politica-de-cookies\\\/\",\"name\":\"Pol\u00edtica de Cookies - 30\u00ba hotels\",\"isPartOf\":{\"@id\":\"https:\\\/\\\/30degreeshotels.com\\\/#website\"},\"datePublished\":\"2023-01-18T13:39:33+00:00\",\"dateModified\":\"2023-03-09T15:20:11+00:00\",\"breadcrumb\":{\"@id\":\"https:\\\/\\\/30degreeshotels.com\\\/politica-de-cookies\\\/#breadcrumb\"},\"inLanguage\":\"it-IT\",\"potentialAction\":[{\"@type\":\"ReadAction\",\"target\":[\"https:\\\/\\\/30degreeshotels.com\\\/politica-de-cookies\\\/\"]}]},{\"@type\":\"BreadcrumbList\",\"@id\":\"https:\\\/\\\/30degreeshotels.com\\\/politica-de-cookies\\\/#breadcrumb\",\"itemListElement\":[{\"@type\":\"ListItem\",\"position\":1,\"name\":\"30\u00ba hotels &amp; apartments\",\"item\":\"https:\\\/\\\/30degreeshotels.com\\\/\"},{\"@type\":\"ListItem\",\"position\":2,\"name\":\"Pol\u00edtica de Cookies\"}]},{\"@type\":\"WebSite\",\"@id\":\"https:\\\/\\\/30degreeshotels.com\\\/#website\",\"url\":\"https:\\\/\\\/30degreeshotels.com\\\/\",\"name\":\"30\u00ba hotels\",\"description\":\"Holidays are not optional\",\"publisher\":{\"@id\":\"https:\\\/\\\/30degreeshotels.com\\\/#organization\"},\"potentialAction\":[{\"@type\":\"SearchAction\",\"target\":{\"@type\":\"EntryPoint\",\"urlTemplate\":\"https:\\\/\\\/30degreeshotels.com\\\/?s={search_term_string}\"},\"query-input\":{\"@type\":\"PropertyValueSpecification\",\"valueRequired\":true,\"valueName\":\"search_term_string\"}}],\"inLanguage\":\"it-IT\"},{\"@type\":\"Organization\",\"@id\":\"https:\\\/\\\/30degreeshotels.com\\\/#organization\",\"name\":\"30\u00ba hotels\",\"url\":\"https:\\\/\\\/30degreeshotels.com\\\/\",\"logo\":{\"@type\":\"ImageObject\",\"inLanguage\":\"it-IT\",\"@id\":\"https:\\\/\\\/30degreeshotels.com\\\/#\\\/schema\\\/logo\\\/image\\\/\",\"url\":\"https:\\\/\\\/30degreeshotels.com\\\/wp-content\\\/uploads\\\/2023\\\/01\\\/30o-LOGO.webp\",\"contentUrl\":\"https:\\\/\\\/30degreeshotels.com\\\/wp-content\\\/uploads\\\/2023\\\/01\\\/30o-LOGO.webp\",\"width\":800,\"height\":800,\"caption\":\"30\u00ba hotels\"},\"image\":{\"@id\":\"https:\\\/\\\/30degreeshotels.com\\\/#\\\/schema\\\/logo\\\/image\\\/\"},\"sameAs\":[\"https:\\\/\\\/www.facebook.com\\\/30degreeshotels\",\"https:\\\/\\\/www.instagram.com\\\/30degreeshotels\\\/\"]}]}<\/script>\n<!-- \/ Yoast SEO plugin. -->","yoast_head_json":{"title":"Politica sui cookie - 30\u00ba hotels","robots":{"index":"index","follow":"follow","max-snippet":"max-snippet:-1","max-image-preview":"max-image-preview:large","max-video-preview":"max-video-preview:-1"},"canonical":"https:\/\/30degreeshotels.com\/it\/politica-de-cookies\/","og_locale":"it_IT","og_type":"article","og_title":"Pol\u00edtica de Cookies - 30\u00ba hotels","og_description":"POL\u00cdTICA DE COOKIES Pol\u00edtica de Cookies El acceso a la Web puede implicar el uso de cookies, aunque la p\u00e1gina puede funcionar sin su uso. Las cookies son archivos peque\u00f1os que almacenan informaci\u00f3n en el navegador de cada usuario de modo que el servidor pueda reconocer cierta informaci\u00f3n que solamente el servidor pueda leer. Las [&hellip;]","og_url":"https:\/\/30degreeshotels.com\/it\/politica-de-cookies\/","og_site_name":"30\u00ba hotels","article_publisher":"https:\/\/www.facebook.com\/30degreeshotels","article_modified_time":"2023-03-09T15:20:11+00:00","twitter_card":"summary_large_image","twitter_misc":{"Tempo di lettura stimato":"3 minuti"},"schema":{"@context":"https:\/\/schema.org","@graph":[{"@type":"WebPage","@id":"https:\/\/30degreeshotels.com\/politica-de-cookies\/","url":"https:\/\/30degreeshotels.com\/politica-de-cookies\/","name":"Politica sui cookie - 30\u00ba hotels","isPartOf":{"@id":"https:\/\/30degreeshotels.com\/#website"},"datePublished":"2023-01-18T13:39:33+00:00","dateModified":"2023-03-09T15:20:11+00:00","breadcrumb":{"@id":"https:\/\/30degreeshotels.com\/politica-de-cookies\/#breadcrumb"},"inLanguage":"it-IT","potentialAction":[{"@type":"ReadAction","target":["https:\/\/30degreeshotels.com\/politica-de-cookies\/"]}]},{"@type":"BreadcrumbList","@id":"https:\/\/30degreeshotels.com\/politica-de-cookies\/#breadcrumb","itemListElement":[{"@type":"ListItem","position":1,"name":"30\u00ba hotels &amp; apartments","item":"https:\/\/30degreeshotels.com\/"},{"@type":"ListItem","position":2,"name":"Pol\u00edtica de Cookies"}]},{"@type":"WebSite","@id":"https:\/\/30degreeshotels.com\/#website","url":"https:\/\/30degreeshotels.com\/","name":"30\u00ba hotels","description":"Le vacanze non sono facoltative","publisher":{"@id":"https:\/\/30degreeshotels.com\/#organization"},"potentialAction":[{"@type":"SearchAction","target":{"@type":"EntryPoint","urlTemplate":"https:\/\/30degreeshotels.com\/?s={search_term_string}"},"query-input":{"@type":"PropertyValueSpecification","valueRequired":true,"valueName":"search_term_string"}}],"inLanguage":"it-IT"},{"@type":"Organization","@id":"https:\/\/30degreeshotels.com\/#organization","name":"30\u00ba hotels","url":"https:\/\/30degreeshotels.com\/","logo":{"@type":"ImageObject","inLanguage":"it-IT","@id":"https:\/\/30degreeshotels.com\/#\/schema\/logo\/image\/","url":"https:\/\/30degreeshotels.com\/wp-content\/uploads\/2023\/01\/30o-LOGO.webp","contentUrl":"https:\/\/30degreeshotels.com\/wp-content\/uploads\/2023\/01\/30o-LOGO.webp","width":800,"height":800,"caption":"30\u00ba hotels"},"image":{"@id":"https:\/\/30degreeshotels.com\/#\/schema\/logo\/image\/"},"sameAs":["https:\/\/www.facebook.com\/30degreeshotels","https:\/\/www.instagram.com\/30degreeshotels\/"]}]}},"_links":{"self":[{"href":"https:\/\/30degreeshotels.com\/it\/wp-json\/wp\/v2\/pages\/207","targetHints":{"allow":["GET"]}}],"collection":[{"href":"https:\/\/30degreeshotels.com\/it\/wp-json\/wp\/v2\/pages"}],"about":[{"href":"https:\/\/30degreeshotels.com\/it\/wp-json\/wp\/v2\/types\/page"}],"author":[{"embeddable":true,"href":"https:\/\/30degreeshotels.com\/it\/wp-json\/wp\/v2\/users\/2"}],"replies":[{"embeddable":true,"href":"https:\/\/30degreeshotels.com\/it\/wp-json\/wp\/v2\/comments?post=207"}],"version-history":[{"count":4,"href":"https:\/\/30degreeshotels.com\/it\/wp-json\/wp\/v2\/pages\/207\/revisions"}],"predecessor-version":[{"id":3178,"href":"https:\/\/30degreeshotels.com\/it\/wp-json\/wp\/v2\/pages\/207\/revisions\/3178"}],"wp:attachment":[{"href":"https:\/\/30degreeshotels.com\/it\/wp-json\/wp\/v2\/media?parent=207"}],"curies":[{"name":"parola chiave","href":"https:\/\/api.w.org\/{rel}","templated":true}]}}