{"id":1959,"date":"2023-02-23T23:50:08","date_gmt":"2023-02-23T22:50:08","guid":{"rendered":"https:\/\/30degreeshotels.com\/?page_id=1959"},"modified":"2025-12-21T21:37:57","modified_gmt":"2025-12-21T20:37:57","slug":"condiciones-generales","status":"publish","type":"page","link":"https:\/\/30degreeshotels.com\/nl\/condiciones-generales\/","title":{"rendered":"Algemene voorwaarden"},"content":{"rendered":"<div data-elementor-type=\"wp-page\" data-elementor-id=\"1959\" class=\"elementor elementor-1959\" data-elementor-post-type=\"page\">\n\t\t\t\t\t\t<section class=\"elementor-section elementor-top-section elementor-element elementor-element-9b8e26e elementor-section-boxed elementor-section-height-default elementor-section-height-default\" data-id=\"9b8e26e\" data-element_type=\"section\" data-e-type=\"section\">\n\t\t\t\t\t\t<div class=\"elementor-container elementor-column-gap-default\">\n\t\t\t\t\t<div class=\"elementor-column elementor-col-100 elementor-top-column elementor-element elementor-element-6b3bde5\" data-id=\"6b3bde5\" data-element_type=\"column\" data-e-type=\"column\">\n\t\t\t<div class=\"elementor-widget-wrap elementor-element-populated\">\n\t\t\t\t\t\t<div class=\"elementor-element elementor-element-6bf689c elementor-widget__width-initial elementor-widget elementor-widget-text-editor\" data-id=\"6bf689c\" data-element_type=\"widget\" data-e-type=\"widget\" data-widget_type=\"text-editor.default\">\n\t\t\t\t<div class=\"elementor-widget-container\">\n\t\t\t\t\t\t\t\t\t<h3 data-start=\"469\" data-end=\"504\">1. INFORMATIE VOOR GEBRUIKERS<\/h3>\n<p data-start=\"505\" data-end=\"1005\">Dit document regelt de algemene voorwaarden die van toepassing zijn op de aankoop van toeristische diensten en hotelreserveringen via de website. <strong data-start=\"683\" data-end=\"718\"><a class=\"decorated-link\" href=\"https:\/\/30degreeshotels.com\/nl\/\" target=\"_new\" rel=\"noopener\" data-start=\"685\" data-end=\"716\">https:\/\/www.30degreeshotels.com<\/a><\/strong>, in overeenstemming met de bepalingen van Wet 34\/2002, betreffende diensten van de informatiemaatschappij en elektronische handel, en Wet 3\/2014, tot wijziging van de geconsolideerde tekst van de algemene wet ter bescherming van consumenten en gebruikers (Koninklijk wetsbesluit 1\/2007).<\/p>\n<p data-start=\"1007\" data-end=\"1136\">Door gebruik te maken van een van de aangeboden diensten, accepteert u deze voorwaarden volledig en zonder voorbehoud.<\/p><p data-start=\"1007\" data-end=\"1136\"><br><\/p>\n<h3 data-start=\"1143\" data-end=\"1181\">2. ACCEPTATIE VAN DE VOORWAARDEN<\/h3>\n<p data-start=\"1182\" data-end=\"1237\">Door dit document te accepteren, verklaart de klant het volgende:<\/p>\n<p data-start=\"1239\" data-end=\"1430\">a) Hij\/zij heeft de inhoud gelezen, begrepen en doorgrond.<br data-start=\"1286\" data-end=\"1289\">b) Hij\/zij is een persoon met voldoende rechtsbevoegdheid om een contract aan te gaan.<br data-start=\"1353\" data-end=\"1356\">c) Hij\/zij aanvaardt uitdrukkelijk alle verplichtingen die daaruit voortvloeien.<\/p>\n<p data-start=\"1432\" data-end=\"1719\">Deze omstandigheden zullen hebben <strong data-start=\"1466\" data-end=\"1489\">onbepaalde geldigheid<\/strong> Deze algemene voorwaarden zijn van toepassing op alle boekingen die via de website worden gemaakt. De aanbieder behoudt zich het recht voor deze voorwaarden eenzijdig te wijzigen, zonder dat dit gevolgen heeft voor boekingen die v\u00f3\u00f3r de wijziging zijn gemaakt.<\/p>\n<h3 data-start=\"1726\" data-end=\"1758\"><br><\/h3><h3 data-start=\"1726\" data-end=\"1758\">3. IDENTITEIT VAN DE PARTIJEN<\/h3>\n<p data-start=\"972\" data-end=\"1462\">In overeenstemming met de bepalingen van de huidige wetgeving, en in het bijzonder met de bepalingen van de <strong data-start=\"1071\" data-end=\"1176\">Wet 34\/2002 van 11 juli betreffende diensten van de informatiemaatschappij en elektronische handel<\/strong>, de accommodatie- en hotelboekingsdiensten die via de website worden aangeboden <strong data-start=\"1259\" data-end=\"1294\"><a class=\"decorated-link\" href=\"https:\/\/30degreeshotels.com\/nl\/\" target=\"_new\" rel=\"noopener\" data-start=\"1261\" data-end=\"1292\">https:\/\/www.30degreeshotels.com<\/a><\/strong> Ze worden verstrekt door de entiteiten die eigenaar zijn van of het beheer voeren over de vestigingen die onder het handelsmerk opereren. <strong data-start=\"1407\" data-end=\"1427\">Hotels met 30 graden<\/strong>, en die hieronder nader worden toegelicht:<\/p>\n<ul data-start=\"1467\" data-end=\"1929\">\n<li data-start=\"1467\" data-end=\"1616\">\n<p data-start=\"1469\" data-end=\"1616\"><strong data-start=\"1469\" data-end=\"1503\">GESTIHOTELS COSTA C\u00c1LIDA, SL.<\/strong>, met <strong data-start=\"1509\" data-end=\"1529\">NIF B66570441<\/strong>, eigenaar en\/of manager van <strong data-start=\"1554\" data-end=\"1574\">Hotel Dos Playas<\/strong>, <strong data-start=\"1576\" data-end=\"1595\">Hotel Playa Sol<\/strong> En <strong data-start=\"1598\" data-end=\"1613\">Bahia Hotel<\/strong>.<\/p>\n<\/li>\n<li data-start=\"1619\" data-end=\"1737\">\n<p data-start=\"1621\" data-end=\"1737\"><strong data-start=\"1621\" data-end=\"1653\">EHOGA HOTELMANAGEMENT, SL.<\/strong>, met <strong data-start=\"1659\" data-end=\"1679\">NIF B67508606<\/strong>, eigenaar en\/of manager van <strong data-start=\"1704\" data-end=\"1734\">Binivell Park Appartementen<\/strong>.<\/p>\n<\/li>\n<li data-start=\"1740\" data-end=\"1829\">\n<p data-start=\"1742\" data-end=\"1829\"><strong data-start=\"1742\" data-end=\"1758\">OLIHER, SL.<\/strong>, met <strong data-start=\"1764\" data-end=\"1784\">NIF B58465857<\/strong>, eigenaar en\/of manager van <strong data-start=\"1809\" data-end=\"1826\">Hotel Spanje<\/strong>.<\/p>\n<\/li>\n<li data-start=\"1832\" data-end=\"1927\">\n<p data-start=\"1834\" data-end=\"1927\"><strong data-start=\"1834\" data-end=\"1852\">FRINGIAN, SL.<\/strong>, met <strong data-start=\"1858\" data-end=\"1878\">NIF B66451402<\/strong>, eigenaar en\/of manager van <strong data-start=\"1903\" data-end=\"1926\">Appartementen Beatrix<\/strong>.<\/p>\n<\/li>\n<\/ul>\n<p data-start=\"1932\" data-end=\"2018\">Vanaf nu worden ze allemaal gezamenlijk aangeduid als de <strong data-start=\"1991\" data-end=\"2017\">dienstverlener<\/strong>.<\/p>\n<p data-start=\"2023\" data-end=\"2357\">Het boekings- en contracteringsproces verloopt via een <strong data-start=\"2086\" data-end=\"2175\">Online boekingssysteem aangeboden door een externe technologieleverancier (WITBOOKING).<\/strong>, die uitsluitend fungeert als <strong data-start=\"2207\" data-end=\"2247\">technisch bemiddelingsplatform<\/strong>, zonder tussenkomst in de levering van de accommodatiedienst of het aanvaarden van enige verantwoordelijkheid daarvoor.<\/p>\n<p data-start=\"2023\" data-end=\"2357\"><br><\/p>\n<h3 data-start=\"2980\" data-end=\"3008\">4. ONDERWERP VAN HET CONTRACT<\/h3>\n<p data-start=\"3009\" data-end=\"3280\">Deze voorwaarden regelen de contractuele relatie tussen de aanbieder en de klant vanaf het moment dat de klant de voorwaarden accepteert tijdens het online boekingsproces. De overeenkomst komt tot stand overeenkomstig artikel 1.258 en 1.262 van het Burgerlijk Wetboek.<\/p>\n<p data-start=\"3009\" data-end=\"3280\"><br><\/p>\n<h3 data-start=\"3287\" data-end=\"3315\">5. AANGEBODEN DIENSTEN<\/h3>\n<p data-start=\"3316\" data-end=\"3489\">De aanbieder biedt aan <strong data-start=\"3336\" data-end=\"3395\">Diensten voor toeristische accommodaties en hotelreserveringen<\/strong>, inclusief eventuele extra diensten die tijdens het contracteringsproces kunnen worden toegevoegd.<\/p>\n<h3 data-start=\"3496\" data-end=\"3512\"><br><\/h3>\n<h3 data-start=\"3496\" data-end=\"3512\">6. PRIJZEN<\/h3>\n<p data-start=\"3513\" data-end=\"3720\">De prijzen die op de website worden weergegeven zijn <strong data-start=\"3555\" data-end=\"3574\">definitieve prijzen<\/strong>, inclusief belastingen, met uitzondering van typografische fouten.<br data-start=\"3625\" data-end=\"3628\">De <strong data-start=\"3631\" data-end=\"3666\">Toeristenbelasting niet inbegrepen<\/strong> en dient direct bij de vestiging te worden betaald.<\/p>\n<p data-start=\"3722\" data-end=\"3875\">Bij boekingen vanuit het buitenland zijn eventuele extra bankkosten voor rekening van de klant. De aanbieder is niet verantwoordelijk voor deze kosten.<\/p>\n<p data-start=\"3877\" data-end=\"3980\">Prijzen kunnen in realtime vari\u00ebren en worden altijd weergegeven voordat de boeking wordt bevestigd.<\/p>\n<p data-start=\"3877\" data-end=\"3980\"><br><\/p>\n<h3 data-start=\"3987\" data-end=\"4002\">7. TAAL<\/h3>\n<p data-start=\"4003\" data-end=\"4074\">Het aanwervingsproces kan worden uitgevoerd in <strong data-start=\"4050\" data-end=\"4073\">Spaans, Engels of de talen die beschikbaar zijn op het Witbooking-platform.<\/strong>.<\/p>\n<h3 data-start=\"4081\" data-end=\"4113\"><br><\/h3>\n<h3 data-start=\"4081\" data-end=\"4113\">8. CONTRACTPROCES<\/h3>\n<p data-start=\"4114\" data-end=\"4177\">Het boekingsproces verloopt volledig online en omvat:<\/p>\n<ol data-start=\"4179\" data-end=\"4464\">\n<li data-start=\"4179\" data-end=\"4213\">\n<p data-start=\"4182\" data-end=\"4213\">Hotelkeuze en data.<\/p>\n<\/li>\n<li data-start=\"4214\" data-end=\"4252\">\n<p data-start=\"4217\" data-end=\"4252\">Keuze van accommodatietype.<\/p>\n<\/li>\n<li data-start=\"4253\" data-end=\"4306\">\n<p data-start=\"4256\" data-end=\"4306\">Keuze van aanvullende diensten (indien van toepassing).<\/p>\n<\/li>\n<li data-start=\"4307\" data-end=\"4350\">\n<p data-start=\"4310\" data-end=\"4350\">Gegevensinvoer voor gasten.<\/p>\n<\/li>\n<li data-start=\"4351\" data-end=\"4376\">\n<p data-start=\"4354\" data-end=\"4376\">Bevestiging en betaling.<\/p>\n<\/li>\n<li data-start=\"4377\" data-end=\"4464\">\n<p data-start=\"4380\" data-end=\"4464\">Automatisch verzenden van de <strong data-start=\"4403\" data-end=\"4430\">Boekingsbevestiging<\/strong> naar het opgegeven e-mailadres.<\/p>\n<\/li>\n<\/ol>\n<p>Het aanwervingsproces verloopt via een <strong data-start=\"2527\" data-end=\"2598\">Online boekingssysteem, technologisch beheerd door WITBOOKING.<\/strong>, De gebruiker wordt tijdens het boekingsproces naar dit platform doorgestuurd. Het gebruik van dit platform wijzigt de contractuele relatie niet; deze relatie is uitsluitend tussen de klant en de aanbieder van de betreffende accommodatie tot stand gekomen.<\/p>\n<p><br><\/p>\n<h3 data-start=\"4471\" data-end=\"4494\">9. BETALINGSMETHODEN<\/h3>\n<p data-start=\"4495\" data-end=\"4599\">De betaling zal plaatsvinden via <strong data-start=\"4525\" data-end=\"4556\">creditcard of betaalpas<\/strong> via een beveiligd betalingsplatform.<\/p>\n<p data-start=\"4601\" data-end=\"4705\">De aanbieder is niet verantwoordelijk voor fouten die voortvloeien uit onjuiste gegevens die door de klant zijn ingevoerd.<\/p>\n<h3 data-start=\"4712\" data-end=\"4743\"><br><\/h3>\n<h3 data-start=\"4712\" data-end=\"4743\">10. ANNULERING EN NIET VERSCHIJNEN<\/h3>\n<p data-start=\"4745\" data-end=\"4812\">Het annuleringsbeleid is afhankelijk van de <strong data-start=\"4788\" data-end=\"4811\">geselecteerde prijs<\/strong>:<\/p>\n<h4 data-start=\"4814\" data-end=\"4837\">Standaardtarieven<\/h4>\n<ul data-start=\"4838\" data-end=\"5057\">\n<li data-start=\"4838\" data-end=\"4911\">\n<p data-start=\"4840\" data-end=\"4911\">Gratis annulering tot <strong data-start=\"4867\" data-end=\"4885\">24 uur van tevoren<\/strong> van de aankomstdatum.<\/p>\n<\/li>\n<li data-start=\"4912\" data-end=\"5057\">\n<p data-start=\"4914\" data-end=\"5057\">Annulering buiten de deadline of niet komen opdagen: <strong data-start=\"4970\" data-end=\"5025\">100% van de kosten voor de eerste nacht of reservering.<\/strong>, afhankelijk van specifieke voorwaarden.<\/p>\n<\/li>\n<\/ul>\n<h4 data-start=\"5059\" data-end=\"5100\">Vooruitbetaalde \/ niet-restitueerbare tarieven<\/h4>\n<ul data-start=\"5101\" data-end=\"5270\">\n<li data-start=\"5101\" data-end=\"5183\">\n<p data-start=\"5103\" data-end=\"5183\">Het totale bedrag kan op elk moment na het maken van de reservering in rekening worden gebracht.<\/p>\n<\/li>\n<li data-start=\"5184\" data-end=\"5224\">\n<p data-start=\"5186\" data-end=\"5224\">Annuleren of terugbetaling is niet mogelijk.<\/p>\n<\/li>\n<li data-start=\"5225\" data-end=\"5270\">\n<p data-start=\"5227\" data-end=\"5270\">NIET VERSCHENEN: <strong data-start=\"5236\" data-end=\"5269\">100% van de reserveringskosten<\/strong>.<\/p>\n<\/li>\n<\/ul>\n<p data-start=\"5272\" data-end=\"5342\">Inclusief btw.<br data-start=\"5285\" data-end=\"5288\">De toeristenbelasting wordt direct in het hotel betaald.<\/p>\n<h3 data-start=\"5349\" data-end=\"5383\"><br><\/h3>\n<h3 data-start=\"5349\" data-end=\"5383\">11. HERROEPINGSRECHT<\/h3>\n<p data-start=\"5384\" data-end=\"5585\">Volgens de geldende regelgeving is het herroepingsrecht niet van toepassing op accommodatiediensten voor specifieke data, onverminderd de bepalingen van de boekingsbevestiging.<\/p>\n<h3 data-start=\"5592\" data-end=\"5615\"><br><\/h3><h3 data-start=\"5592\" data-end=\"5615\">12. CLAIMS<\/h3>\n<p data-start=\"5616\" data-end=\"5776\">Klanten kunnen klachten indienen door rechtstreeks contact op te nemen met de betreffende vestiging via e-mail, telefoon of persoonlijk.<\/p><p data-start=\"5616\" data-end=\"5776\"><br><\/p>\n<h3 data-start=\"5783\" data-end=\"5805\">13. JURISDICTIE<\/h3>\n<p data-start=\"5806\" data-end=\"5935\">De partijen onderwerpen zich uitdrukkelijk aan de <strong data-start=\"5847\" data-end=\"5893\">Rechtbanken en gerechtshoven van de hoofdstad Barcelona<\/strong>, tenzij anders bepaald door de wet.<\/p>\n<h3 data-start=\"5942\" data-end=\"5973\"><br><\/h3><h3 data-start=\"5942\" data-end=\"5973\">14. TOEPASSELIJKE WETGEVING<\/h3>\n<p data-start=\"5974\" data-end=\"6041\">Deze voorwaarden worden beheerst door de <strong data-start=\"6008\" data-end=\"6040\">huidige Spaanse wetgeving.<\/strong><\/p>\t\t\t\t\t\t\t\t<\/div>\n\t\t\t\t<\/div>\n\t\t\t\t\t<\/div>\n\t\t<\/div>\n\t\t\t\t\t<\/div>\n\t\t<\/section>\n\t\t\t\t<\/div>","protected":false},"excerpt":{"rendered":"<p>1. INFORMACI\u00d3N A LOS USUARIOS El presente documento regula las condiciones generales de contrataci\u00f3n aplicables a la adquisici\u00f3n de servicios tur\u00edsticos y reservas hoteleras realizadas a trav\u00e9s del sitio web https:\/\/www.30degreeshotels.com, de conformidad con lo dispuesto en la Ley 34\/2002, de Servicios de la Sociedad de la Informaci\u00f3n y de Comercio Electr\u00f3nico, y en la [&hellip;]<\/p>\n","protected":false},"author":2,"featured_media":0,"parent":0,"menu_order":0,"comment_status":"closed","ping_status":"closed","template":"","meta":{"footnotes":""},"class_list":["post-1959","page","type-page","status-publish","hentry"],"yoast_head":"<!-- This site is optimized with the Yoast SEO plugin v27.4 - https:\/\/yoast.com\/product\/yoast-seo-wordpress\/ -->\n<title>Condiciones Generales - 30\u00ba hotels<\/title>\n<meta name=\"robots\" content=\"index, follow, max-snippet:-1, max-image-preview:large, max-video-preview:-1\" \/>\n<link rel=\"canonical\" href=\"https:\/\/30degreeshotels.com\/nl\/condiciones-generales\/\" \/>\n<meta property=\"og:locale\" content=\"nl_NL\" \/>\n<meta property=\"og:type\" content=\"article\" \/>\n<meta property=\"og:title\" content=\"Condiciones Generales - 30\u00ba hotels\" \/>\n<meta property=\"og:description\" content=\"1. INFORMACI\u00d3N A LOS USUARIOS El presente documento regula las condiciones generales de contrataci\u00f3n aplicables a la adquisici\u00f3n de servicios tur\u00edsticos y reservas hoteleras realizadas a trav\u00e9s del sitio web https:\/\/www.30degreeshotels.com, de conformidad con lo dispuesto en la Ley 34\/2002, de Servicios de la Sociedad de la Informaci\u00f3n y de Comercio Electr\u00f3nico, y en la [&hellip;]\" \/>\n<meta property=\"og:url\" content=\"https:\/\/30degreeshotels.com\/nl\/condiciones-generales\/\" \/>\n<meta property=\"og:site_name\" content=\"30\u00ba hotels\" \/>\n<meta property=\"article:publisher\" content=\"https:\/\/www.facebook.com\/30degreeshotels\" \/>\n<meta property=\"article:modified_time\" content=\"2025-12-21T20:37:57+00:00\" \/>\n<meta name=\"twitter:card\" content=\"summary_large_image\" \/>\n<meta name=\"twitter:label1\" content=\"Geschatte leestijd\" \/>\n\t<meta name=\"twitter:data1\" content=\"4 minuten\" \/>\n<script type=\"application\/ld+json\" class=\"yoast-schema-graph\">{\"@context\":\"https:\\\/\\\/schema.org\",\"@graph\":[{\"@type\":\"WebPage\",\"@id\":\"https:\\\/\\\/30degreeshotels.com\\\/condiciones-generales\\\/\",\"url\":\"https:\\\/\\\/30degreeshotels.com\\\/condiciones-generales\\\/\",\"name\":\"Condiciones Generales - 30\u00ba hotels\",\"isPartOf\":{\"@id\":\"https:\\\/\\\/30degreeshotels.com\\\/#website\"},\"datePublished\":\"2023-02-23T22:50:08+00:00\",\"dateModified\":\"2025-12-21T20:37:57+00:00\",\"breadcrumb\":{\"@id\":\"https:\\\/\\\/30degreeshotels.com\\\/condiciones-generales\\\/#breadcrumb\"},\"inLanguage\":\"nl-NL\",\"potentialAction\":[{\"@type\":\"ReadAction\",\"target\":[\"https:\\\/\\\/30degreeshotels.com\\\/condiciones-generales\\\/\"]}]},{\"@type\":\"BreadcrumbList\",\"@id\":\"https:\\\/\\\/30degreeshotels.com\\\/condiciones-generales\\\/#breadcrumb\",\"itemListElement\":[{\"@type\":\"ListItem\",\"position\":1,\"name\":\"30\u00ba hotels &amp; apartments\",\"item\":\"https:\\\/\\\/30degreeshotels.com\\\/\"},{\"@type\":\"ListItem\",\"position\":2,\"name\":\"Condiciones Generales\"}]},{\"@type\":\"WebSite\",\"@id\":\"https:\\\/\\\/30degreeshotels.com\\\/#website\",\"url\":\"https:\\\/\\\/30degreeshotels.com\\\/\",\"name\":\"30\u00ba hotels\",\"description\":\"Holidays are not optional\",\"publisher\":{\"@id\":\"https:\\\/\\\/30degreeshotels.com\\\/#organization\"},\"potentialAction\":[{\"@type\":\"SearchAction\",\"target\":{\"@type\":\"EntryPoint\",\"urlTemplate\":\"https:\\\/\\\/30degreeshotels.com\\\/?s={search_term_string}\"},\"query-input\":{\"@type\":\"PropertyValueSpecification\",\"valueRequired\":true,\"valueName\":\"search_term_string\"}}],\"inLanguage\":\"nl-NL\"},{\"@type\":\"Organization\",\"@id\":\"https:\\\/\\\/30degreeshotels.com\\\/#organization\",\"name\":\"30\u00ba hotels\",\"url\":\"https:\\\/\\\/30degreeshotels.com\\\/\",\"logo\":{\"@type\":\"ImageObject\",\"inLanguage\":\"nl-NL\",\"@id\":\"https:\\\/\\\/30degreeshotels.com\\\/#\\\/schema\\\/logo\\\/image\\\/\",\"url\":\"https:\\\/\\\/30degreeshotels.com\\\/wp-content\\\/uploads\\\/2023\\\/01\\\/30o-LOGO.webp\",\"contentUrl\":\"https:\\\/\\\/30degreeshotels.com\\\/wp-content\\\/uploads\\\/2023\\\/01\\\/30o-LOGO.webp\",\"width\":800,\"height\":800,\"caption\":\"30\u00ba hotels\"},\"image\":{\"@id\":\"https:\\\/\\\/30degreeshotels.com\\\/#\\\/schema\\\/logo\\\/image\\\/\"},\"sameAs\":[\"https:\\\/\\\/www.facebook.com\\\/30degreeshotels\",\"https:\\\/\\\/www.instagram.com\\\/30degreeshotels\\\/\"]}]}<\/script>\n<!-- \/ Yoast SEO plugin. -->","yoast_head_json":{"title":"Algemene voorwaarden - 30\u00ba hotels","robots":{"index":"index","follow":"follow","max-snippet":"max-snippet:-1","max-image-preview":"max-image-preview:large","max-video-preview":"max-video-preview:-1"},"canonical":"https:\/\/30degreeshotels.com\/nl\/condiciones-generales\/","og_locale":"nl_NL","og_type":"article","og_title":"Condiciones Generales - 30\u00ba hotels","og_description":"1. INFORMACI\u00d3N A LOS USUARIOS El presente documento regula las condiciones generales de contrataci\u00f3n aplicables a la adquisici\u00f3n de servicios tur\u00edsticos y reservas hoteleras realizadas a trav\u00e9s del sitio web https:\/\/www.30degreeshotels.com, de conformidad con lo dispuesto en la Ley 34\/2002, de Servicios de la Sociedad de la Informaci\u00f3n y de Comercio Electr\u00f3nico, y en la [&hellip;]","og_url":"https:\/\/30degreeshotels.com\/nl\/condiciones-generales\/","og_site_name":"30\u00ba hotels","article_publisher":"https:\/\/www.facebook.com\/30degreeshotels","article_modified_time":"2025-12-21T20:37:57+00:00","twitter_card":"summary_large_image","twitter_misc":{"Geschatte leestijd":"4 minuten"},"schema":{"@context":"https:\/\/schema.org","@graph":[{"@type":"WebPage","@id":"https:\/\/30degreeshotels.com\/condiciones-generales\/","url":"https:\/\/30degreeshotels.com\/condiciones-generales\/","name":"Algemene voorwaarden - 30\u00ba hotels","isPartOf":{"@id":"https:\/\/30degreeshotels.com\/#website"},"datePublished":"2023-02-23T22:50:08+00:00","dateModified":"2025-12-21T20:37:57+00:00","breadcrumb":{"@id":"https:\/\/30degreeshotels.com\/condiciones-generales\/#breadcrumb"},"inLanguage":"nl-NL","potentialAction":[{"@type":"ReadAction","target":["https:\/\/30degreeshotels.com\/condiciones-generales\/"]}]},{"@type":"BreadcrumbList","@id":"https:\/\/30degreeshotels.com\/condiciones-generales\/#breadcrumb","itemListElement":[{"@type":"ListItem","position":1,"name":"30\u00ba hotels &amp; apartments","item":"https:\/\/30degreeshotels.com\/"},{"@type":"ListItem","position":2,"name":"Condiciones Generales"}]},{"@type":"WebSite","@id":"https:\/\/30degreeshotels.com\/#website","url":"https:\/\/30degreeshotels.com\/","name":"30\u00ba hotels","description":"Vakanties zijn niet optioneel","publisher":{"@id":"https:\/\/30degreeshotels.com\/#organization"},"potentialAction":[{"@type":"SearchAction","target":{"@type":"EntryPoint","urlTemplate":"https:\/\/30degreeshotels.com\/?s={search_term_string}"},"query-input":{"@type":"PropertyValueSpecification","valueRequired":true,"valueName":"search_term_string"}}],"inLanguage":"nl-NL"},{"@type":"Organization","@id":"https:\/\/30degreeshotels.com\/#organization","name":"30\u00ba hotels","url":"https:\/\/30degreeshotels.com\/","logo":{"@type":"ImageObject","inLanguage":"nl-NL","@id":"https:\/\/30degreeshotels.com\/#\/schema\/logo\/image\/","url":"https:\/\/30degreeshotels.com\/wp-content\/uploads\/2023\/01\/30o-LOGO.webp","contentUrl":"https:\/\/30degreeshotels.com\/wp-content\/uploads\/2023\/01\/30o-LOGO.webp","width":800,"height":800,"caption":"30\u00ba hotels"},"image":{"@id":"https:\/\/30degreeshotels.com\/#\/schema\/logo\/image\/"},"sameAs":["https:\/\/www.facebook.com\/30degreeshotels","https:\/\/www.instagram.com\/30degreeshotels\/"]}]}},"_links":{"self":[{"href":"https:\/\/30degreeshotels.com\/nl\/wp-json\/wp\/v2\/pages\/1959","targetHints":{"allow":["GET"]}}],"collection":[{"href":"https:\/\/30degreeshotels.com\/nl\/wp-json\/wp\/v2\/pages"}],"about":[{"href":"https:\/\/30degreeshotels.com\/nl\/wp-json\/wp\/v2\/types\/page"}],"author":[{"embeddable":true,"href":"https:\/\/30degreeshotels.com\/nl\/wp-json\/wp\/v2\/users\/2"}],"replies":[{"embeddable":true,"href":"https:\/\/30degreeshotels.com\/nl\/wp-json\/wp\/v2\/comments?post=1959"}],"version-history":[{"count":26,"href":"https:\/\/30degreeshotels.com\/nl\/wp-json\/wp\/v2\/pages\/1959\/revisions"}],"predecessor-version":[{"id":12299,"href":"https:\/\/30degreeshotels.com\/nl\/wp-json\/wp\/v2\/pages\/1959\/revisions\/12299"}],"wp:attachment":[{"href":"https:\/\/30degreeshotels.com\/nl\/wp-json\/wp\/v2\/media?parent=1959"}],"curies":[{"name":"wp","href":"https:\/\/api.w.org\/{rel}","templated":true}]}}