{"id":200,"date":"2023-01-18T14:37:46","date_gmt":"2023-01-18T13:37:46","guid":{"rendered":"https:\/\/30degreeshotels.com\/?page_id=200"},"modified":"2025-12-21T21:38:57","modified_gmt":"2025-12-21T20:38:57","slug":"juridische-waarschuwing","status":"publish","type":"page","link":"https:\/\/30degreeshotels.com\/nl\/aviso-legal\/","title":{"rendered":"Juridische waarschuwing"},"content":{"rendered":"<div data-elementor-type=\"wp-page\" data-elementor-id=\"200\" class=\"elementor elementor-200\" data-elementor-post-type=\"page\">\n\t\t\t\t\t\t<section class=\"elementor-section elementor-top-section elementor-element elementor-element-b2eae7d elementor-section-boxed elementor-section-height-default elementor-section-height-default\" data-id=\"b2eae7d\" data-element_type=\"section\" data-e-type=\"section\">\n\t\t\t\t\t\t\t<div class=\"elementor-background-overlay\"><\/div>\n\t\t\t\t\t\t\t<div class=\"elementor-container elementor-column-gap-default\">\n\t\t\t\t\t<div class=\"elementor-column elementor-col-100 elementor-top-column elementor-element elementor-element-98b81ee\" data-id=\"98b81ee\" data-element_type=\"column\" data-e-type=\"column\">\n\t\t\t<div class=\"elementor-widget-wrap elementor-element-populated\">\n\t\t\t\t\t\t<div class=\"elementor-element elementor-element-626b8f2 elementor-widget elementor-widget-heading\" data-id=\"626b8f2\" data-element_type=\"widget\" data-e-type=\"widget\" data-widget_type=\"heading.default\">\n\t\t\t\t<div class=\"elementor-widget-container\">\n\t\t\t\t\t<h2 class=\"elementor-heading-title elementor-size-default\">JURIDISCHE WAARSCHUWING<\/h2>\t\t\t\t<\/div>\n\t\t\t\t<\/div>\n\t\t\t\t\t<\/div>\n\t\t<\/div>\n\t\t\t\t\t<\/div>\n\t\t<\/section>\n\t\t\t\t<section class=\"elementor-section elementor-top-section elementor-element elementor-element-499b1db elementor-section-boxed elementor-section-height-default elementor-section-height-default\" data-id=\"499b1db\" data-element_type=\"section\" data-e-type=\"section\">\n\t\t\t\t\t\t<div class=\"elementor-container elementor-column-gap-default\">\n\t\t\t\t\t<div class=\"elementor-column elementor-col-100 elementor-top-column elementor-element elementor-element-8af4ab9\" data-id=\"8af4ab9\" data-element_type=\"column\" data-e-type=\"column\">\n\t\t\t<div class=\"elementor-widget-wrap elementor-element-populated\">\n\t\t\t\t\t\t<div class=\"elementor-element elementor-element-de27102 elementor-widget elementor-widget-text-editor\" data-id=\"de27102\" data-element_type=\"widget\" data-e-type=\"widget\" data-widget_type=\"text-editor.default\">\n\t\t\t\t<div class=\"elementor-widget-container\">\n\t\t\t\t\t\t\t\t\t<h2 data-start=\"283\" data-end=\"308\">1. ALGEMENE INFORMATIE<\/h2>\n<p data-start=\"310\" data-end=\"729\">In overeenstemming met de informatieplicht zoals vastgelegd in artikel 10 van de <strong data-start=\"387\" data-end=\"501\">Wet 34\/2002 van 11 juli betreffende diensten van de informatiemaatschappij en elektronische handel (LSSI-CE)<\/strong>, Deze website informeert u dat <strong data-start=\"540\" data-end=\"575\"><a class=\"decorated-link\" href=\"https:\/\/30degreeshotels.com\/nl\/\" target=\"_new\" rel=\"noopener\" data-start=\"542\" data-end=\"573\">https:\/\/www.30degreeshotels.com<\/a><\/strong> (hierna, de <em data-start=\"593\" data-end=\"604\">website<\/em>) is een bedrijfsplatform voor informatie en marketing van toeristische diensten onder het merk <strong data-start=\"708\" data-end=\"728\">Hotels met 30 graden<\/strong>.<\/p>\n<p data-start=\"310\" data-end=\"729\"><br><\/p>\n<h2 data-start=\"736\" data-end=\"767\">2. EIGENDOM VAN DE WEBSITE<\/h2>\n<p data-start=\"769\" data-end=\"1029\">De website <strong data-start=\"782\" data-end=\"805\">30degreeshotels.com<\/strong> Het fungeert als een gezamenlijk marketingplatform voor de verschillende vestigingen die onder het merk opereren. <strong data-start=\"916\" data-end=\"936\">Hotels met 30 graden<\/strong>, De volgende entiteiten zijn de eigenaren en\/of beheerders van de accommodatiediensten:<\/p>\n<ul data-start=\"1031\" data-end=\"1451\">\n<li data-start=\"1031\" data-end=\"1165\">\n<p data-start=\"1033\" data-end=\"1165\"><strong data-start=\"1033\" data-end=\"1067\">GESTIHOTELS COSTA C\u00c1LIDA, SL.<\/strong><br data-start=\"1067\" data-end=\"1070\">NIF: <strong data-start=\"1080\" data-end=\"1093\">B66570441<\/strong><br data-start=\"1093\" data-end=\"1096\">Vestigingen: Hotel Dos Playas, Hotel Playa Sol en Hotel Bah\u00eda<\/p>\n<\/li>\n<li data-start=\"1167\" data-end=\"1277\">\n<p data-start=\"1169\" data-end=\"1277\"><strong data-start=\"1169\" data-end=\"1201\">EHOGA HOTELMANAGEMENT, SL.<\/strong><br data-start=\"1201\" data-end=\"1204\">NIF: <strong data-start=\"1214\" data-end=\"1227\">B67508606<\/strong><br data-start=\"1227\" data-end=\"1230\">Vestiging: Binivell Park Apartments<\/p>\n<\/li>\n<li data-start=\"1279\" data-end=\"1360\">\n<p data-start=\"1281\" data-end=\"1360\"><strong data-start=\"1281\" data-end=\"1297\">OLIHER, SL.<\/strong><br data-start=\"1297\" data-end=\"1300\">NIF: <strong data-start=\"1310\" data-end=\"1323\">B58465857<\/strong><br data-start=\"1323\" data-end=\"1326\">Vestiging: Hotel Espanya<\/p>\n<\/li>\n<li data-start=\"1362\" data-end=\"1451\">\n<p data-start=\"1364\" data-end=\"1451\"><strong data-start=\"1364\" data-end=\"1382\">FRINGIAN, SL.<\/strong><br data-start=\"1382\" data-end=\"1385\">NIF: <strong data-start=\"1395\" data-end=\"1408\">B66451402<\/strong><br data-start=\"1408\" data-end=\"1411\">Vestiging: Appartementen Beatrix<\/p>\n<\/li>\n<\/ul>\n<p data-start=\"1453\" data-end=\"1613\">Vanaf nu worden ze allemaal gezamenlijk aangeduid als de <strong data-start=\"1512\" data-end=\"1523\">houder<\/strong> o <strong data-start=\"1526\" data-end=\"1552\">dienstverlener<\/strong>, afhankelijk van de door de gebruiker gekozen vestiging.<\/p>\n<p data-start=\"1453\" data-end=\"1613\"><br><\/p>\n<h2 data-start=\"1620\" data-end=\"1646\">3. GEBRUIKERSSTATUS<\/h2>\n<p data-start=\"1648\" data-end=\"1892\">Door de website te bezoeken, te bekijken en te gebruiken, verkrijgt u de status van <strong data-start=\"1715\" data-end=\"1726\">gebruiker<\/strong>, Dit impliceert de volledige en onvoorwaardelijke aanvaarding van alle bepalingen in deze juridische kennisgeving, alsmede in de overige juridische teksten van de website.<\/p>\n<p data-start=\"1648\" data-end=\"1892\"><br><\/p>\n<h2 data-start=\"1899\" data-end=\"1922\">4. GEBRUIK VAN DE WEBSITE<\/h2>\n<p data-start=\"1924\" data-end=\"2118\">De gebruiker stemt ermee in om de inhoud, diensten en functionaliteiten van de website op gepaste wijze te gebruiken, in overeenstemming met de wet, goede trouw, de openbare orde en deze juridische kennisgeving.<\/p>\n<p data-start=\"2120\" data-end=\"2312\">Het gebruik van de website voor illegale doeleinden, die schadelijk zijn voor de rechten of belangen van derden, of die op enigerlei wijze de website kunnen beschadigen, uitschakelen of overbelasten, is uitdrukkelijk verboden.<\/p>\n<h2 data-start=\"2319\" data-end=\"2359\"><br><\/h2>\n<h2 data-start=\"2319\" data-end=\"2359\">5. INTELLECTUEEL EN INDUSTRIEEL EIGENDOM<\/h2>\n<p data-start=\"2361\" data-end=\"2745\">Alle websitecontent, inclusief maar niet beperkt tot tekst, afbeeldingen, foto&#039;s, logo&#039;s, handelsmerken, handelsnamen, ontwerpen, broncode en andere elementen, is eigendom van de dienstverlener of van derden die toestemming hebben gegeven voor het gebruik ervan, en wordt beschermd door de geldende wetgeving inzake intellectuele en industri\u00eble eigendom.<\/p>\n<p data-start=\"2747\" data-end=\"2909\">Het reproduceren, verspreiden, openbaar maken of bewerken van de genoemde inhoud is verboden zonder de uitdrukkelijke toestemming van de rechthebbende.<\/p>\n<h2 data-start=\"2916\" data-end=\"2937\"><br><\/h2><h2 data-start=\"2916\" data-end=\"2937\">6. VERANTWOORDELIJKHEID<\/h2>\n<p data-start=\"2939\" data-end=\"3040\">De dienstverlener is niet aansprakelijk voor schade of verliezen die voortvloeien uit:<\/p>\n<ul data-start=\"3042\" data-end=\"3251\">\n<li data-start=\"3042\" data-end=\"3093\">\n<p data-start=\"3044\" data-end=\"3093\">Serviceonderbrekingen of technische fouten.<\/p>\n<\/li>\n<li data-start=\"3094\" data-end=\"3143\">\n<p data-start=\"3096\" data-end=\"3143\">Virussen of andere schadelijke computerelementen.<\/p>\n<\/li>\n<li data-start=\"3144\" data-end=\"3197\">\n<p data-start=\"3146\" data-end=\"3197\">Misbruik van de website door de gebruiker.<\/p>\n<\/li>\n<li data-start=\"3198\" data-end=\"3251\">\n<p data-start=\"3200\" data-end=\"3251\">Inhoud van derden die toegankelijk is via links.<\/p>\n<\/li>\n<\/ul>\n<h2 data-start=\"3258\" data-end=\"3281\"><br><\/h2><h2 data-start=\"3258\" data-end=\"3281\">7. BOEKINGSSYSTEEM<\/h2>\n<p data-start=\"3283\" data-end=\"3473\">Het boekings- en contracteringsproces voor accommodatiediensten verloopt via een <strong data-start=\"3378\" data-end=\"3472\">Online boekingssysteem dat technologisch wordt beheerd door een externe aanbieder (WITBOOKING).<\/strong>.<\/p>\n<p data-start=\"3475\" data-end=\"3681\">WITBOOKING treedt uitsluitend op als <strong data-start=\"3512\" data-end=\"3537\">technologieaanbieder<\/strong>, niet verantwoordelijk zijn voor het leveren van accommodatiediensten, wat in elk geval de verantwoordelijkheid is van de eigenaar van de gereserveerde accommodatie.<\/p>\n<h2 data-start=\"3688\" data-end=\"3712\"><br><\/h2><h2 data-start=\"3688\" data-end=\"3712\">8. LINKS NAAR DERDE PARTIJEN<\/h2>\n<p data-start=\"3714\" data-end=\"3892\">De website kan links naar websites van derden bevatten. De aanbieder is niet verantwoordelijk voor de inhoud, het beleid of de werkwijze van deze externe sites.<\/p><p data-start=\"3714\" data-end=\"3892\"><br><\/p>\n<h2 data-start=\"3899\" data-end=\"3924\">9. GEGEVENSBESCHERMING<\/h2>\n<p data-start=\"3926\" data-end=\"4119\">De verwerking van de persoonsgegevens van de gebruiker zal worden geregeld door de bepalingen van de <strong data-start=\"4010\" data-end=\"4036\">Privacybeleid<\/strong>, beschikbaar op de website, die de gebruiker zelfstandig dient te raadplegen.<\/p>\n<h2 data-start=\"4126\" data-end=\"4147\"><br><\/h2><h2 data-start=\"4126\" data-end=\"4147\">10. WIJZIGINGEN<\/h2>\n<p data-start=\"4149\" data-end=\"4316\">De aanbieder behoudt zich het recht voor om de inhoud van deze juridische kennisgeving te allen tijde te wijzigen, en het is de verantwoordelijkheid van de gebruiker om deze periodiek te raadplegen.<\/p>\n<h2 data-start=\"4323\" data-end=\"4366\"><br><\/h2><h2 data-start=\"4323\" data-end=\"4366\">11. TOEPASSELIJK RECHT EN JURISDICTIE<\/h2>\n<p data-start=\"4368\" data-end=\"4670\">Deze juridische kennisgeving is onderworpen aan de <strong data-start=\"4407\" data-end=\"4439\">huidige Spaanse wetgeving<\/strong>.<br data-start=\"4440\" data-end=\"4443\">Voor de oplossing van eventuele geschillen die voortvloeien uit de toegang tot of het gebruik van de website, onderwerpen de partijen zich aan de <strong data-start=\"4570\" data-end=\"4616\">Rechtbanken en gerechtshoven van de hoofdstad Barcelona<\/strong>, tenzij anders bepaald in de toepasselijke regelgeving.<\/p>\t\t\t\t\t\t\t\t<\/div>\n\t\t\t\t<\/div>\n\t\t\t\t\t<\/div>\n\t\t<\/div>\n\t\t\t\t\t<\/div>\n\t\t<\/section>\n\t\t\t\t<\/div>","protected":false},"excerpt":{"rendered":"<p>AVISO LEGAL 1. INFORMACI\u00d3N GENERAL En cumplimiento con el deber de informaci\u00f3n recogido en el art\u00edculo 10 de la Ley 34\/2002, de 11 de julio, de Servicios de la Sociedad de la Informaci\u00f3n y de Comercio Electr\u00f3nico (LSSI-CE), se informa que el presente sitio web https:\/\/www.30degreeshotels.com (en adelante, el sitio web) es una plataforma corporativa [&hellip;]<\/p>\n","protected":false},"author":2,"featured_media":0,"parent":0,"menu_order":0,"comment_status":"closed","ping_status":"closed","template":"","meta":{"footnotes":""},"class_list":["post-200","page","type-page","status-publish","hentry"],"yoast_head":"<!-- This site is optimized with the Yoast SEO plugin v27.4 - https:\/\/yoast.com\/product\/yoast-seo-wordpress\/ -->\n<title>Aviso Legal - 30\u00ba hotels<\/title>\n<meta name=\"robots\" content=\"index, follow, max-snippet:-1, max-image-preview:large, max-video-preview:-1\" \/>\n<link rel=\"canonical\" href=\"https:\/\/30degreeshotels.com\/nl\/juridische-waarschuwing\/\" \/>\n<meta property=\"og:locale\" content=\"nl_NL\" \/>\n<meta property=\"og:type\" content=\"article\" \/>\n<meta property=\"og:title\" content=\"Aviso Legal - 30\u00ba hotels\" \/>\n<meta property=\"og:description\" content=\"AVISO LEGAL 1. INFORMACI\u00d3N GENERAL En cumplimiento con el deber de informaci\u00f3n recogido en el art\u00edculo 10 de la Ley 34\/2002, de 11 de julio, de Servicios de la Sociedad de la Informaci\u00f3n y de Comercio Electr\u00f3nico (LSSI-CE), se informa que el presente sitio web https:\/\/www.30degreeshotels.com (en adelante, el sitio web) es una plataforma corporativa [&hellip;]\" \/>\n<meta property=\"og:url\" content=\"https:\/\/30degreeshotels.com\/nl\/juridische-waarschuwing\/\" \/>\n<meta property=\"og:site_name\" content=\"30\u00ba hotels\" \/>\n<meta property=\"article:publisher\" content=\"https:\/\/www.facebook.com\/30degreeshotels\" \/>\n<meta property=\"article:modified_time\" content=\"2025-12-21T20:38:57+00:00\" \/>\n<meta name=\"twitter:card\" content=\"summary_large_image\" \/>\n<meta name=\"twitter:label1\" content=\"Geschatte leestijd\" \/>\n\t<meta name=\"twitter:data1\" content=\"3 minuten\" \/>\n<script type=\"application\/ld+json\" class=\"yoast-schema-graph\">{\"@context\":\"https:\\\/\\\/schema.org\",\"@graph\":[{\"@type\":\"WebPage\",\"@id\":\"https:\\\/\\\/30degreeshotels.com\\\/aviso-legal\\\/\",\"url\":\"https:\\\/\\\/30degreeshotels.com\\\/aviso-legal\\\/\",\"name\":\"Aviso Legal - 30\u00ba hotels\",\"isPartOf\":{\"@id\":\"https:\\\/\\\/30degreeshotels.com\\\/#website\"},\"datePublished\":\"2023-01-18T13:37:46+00:00\",\"dateModified\":\"2025-12-21T20:38:57+00:00\",\"breadcrumb\":{\"@id\":\"https:\\\/\\\/30degreeshotels.com\\\/aviso-legal\\\/#breadcrumb\"},\"inLanguage\":\"nl-NL\",\"potentialAction\":[{\"@type\":\"ReadAction\",\"target\":[\"https:\\\/\\\/30degreeshotels.com\\\/aviso-legal\\\/\"]}]},{\"@type\":\"BreadcrumbList\",\"@id\":\"https:\\\/\\\/30degreeshotels.com\\\/aviso-legal\\\/#breadcrumb\",\"itemListElement\":[{\"@type\":\"ListItem\",\"position\":1,\"name\":\"30\u00ba hotels &amp; apartments\",\"item\":\"https:\\\/\\\/30degreeshotels.com\\\/\"},{\"@type\":\"ListItem\",\"position\":2,\"name\":\"Aviso Legal\"}]},{\"@type\":\"WebSite\",\"@id\":\"https:\\\/\\\/30degreeshotels.com\\\/#website\",\"url\":\"https:\\\/\\\/30degreeshotels.com\\\/\",\"name\":\"30\u00ba hotels\",\"description\":\"Holidays are not optional\",\"publisher\":{\"@id\":\"https:\\\/\\\/30degreeshotels.com\\\/#organization\"},\"potentialAction\":[{\"@type\":\"SearchAction\",\"target\":{\"@type\":\"EntryPoint\",\"urlTemplate\":\"https:\\\/\\\/30degreeshotels.com\\\/?s={search_term_string}\"},\"query-input\":{\"@type\":\"PropertyValueSpecification\",\"valueRequired\":true,\"valueName\":\"search_term_string\"}}],\"inLanguage\":\"nl-NL\"},{\"@type\":\"Organization\",\"@id\":\"https:\\\/\\\/30degreeshotels.com\\\/#organization\",\"name\":\"30\u00ba hotels\",\"url\":\"https:\\\/\\\/30degreeshotels.com\\\/\",\"logo\":{\"@type\":\"ImageObject\",\"inLanguage\":\"nl-NL\",\"@id\":\"https:\\\/\\\/30degreeshotels.com\\\/#\\\/schema\\\/logo\\\/image\\\/\",\"url\":\"https:\\\/\\\/30degreeshotels.com\\\/wp-content\\\/uploads\\\/2023\\\/01\\\/30o-LOGO.webp\",\"contentUrl\":\"https:\\\/\\\/30degreeshotels.com\\\/wp-content\\\/uploads\\\/2023\\\/01\\\/30o-LOGO.webp\",\"width\":800,\"height\":800,\"caption\":\"30\u00ba hotels\"},\"image\":{\"@id\":\"https:\\\/\\\/30degreeshotels.com\\\/#\\\/schema\\\/logo\\\/image\\\/\"},\"sameAs\":[\"https:\\\/\\\/www.facebook.com\\\/30degreeshotels\",\"https:\\\/\\\/www.instagram.com\\\/30degreeshotels\\\/\"]}]}<\/script>\n<!-- \/ Yoast SEO plugin. -->","yoast_head_json":{"title":"Juridische kennisgeving - 30\u00ba hotels","robots":{"index":"index","follow":"follow","max-snippet":"max-snippet:-1","max-image-preview":"max-image-preview:large","max-video-preview":"max-video-preview:-1"},"canonical":"https:\/\/30degreeshotels.com\/nl\/juridische-waarschuwing\/","og_locale":"nl_NL","og_type":"article","og_title":"Aviso Legal - 30\u00ba hotels","og_description":"AVISO LEGAL 1. INFORMACI\u00d3N GENERAL En cumplimiento con el deber de informaci\u00f3n recogido en el art\u00edculo 10 de la Ley 34\/2002, de 11 de julio, de Servicios de la Sociedad de la Informaci\u00f3n y de Comercio Electr\u00f3nico (LSSI-CE), se informa que el presente sitio web https:\/\/www.30degreeshotels.com (en adelante, el sitio web) es una plataforma corporativa [&hellip;]","og_url":"https:\/\/30degreeshotels.com\/nl\/juridische-waarschuwing\/","og_site_name":"30\u00ba hotels","article_publisher":"https:\/\/www.facebook.com\/30degreeshotels","article_modified_time":"2025-12-21T20:38:57+00:00","twitter_card":"summary_large_image","twitter_misc":{"Geschatte leestijd":"3 minuten"},"schema":{"@context":"https:\/\/schema.org","@graph":[{"@type":"WebPage","@id":"https:\/\/30degreeshotels.com\/aviso-legal\/","url":"https:\/\/30degreeshotels.com\/aviso-legal\/","name":"Juridische kennisgeving - 30\u00ba hotels","isPartOf":{"@id":"https:\/\/30degreeshotels.com\/#website"},"datePublished":"2023-01-18T13:37:46+00:00","dateModified":"2025-12-21T20:38:57+00:00","breadcrumb":{"@id":"https:\/\/30degreeshotels.com\/aviso-legal\/#breadcrumb"},"inLanguage":"nl-NL","potentialAction":[{"@type":"ReadAction","target":["https:\/\/30degreeshotels.com\/aviso-legal\/"]}]},{"@type":"BreadcrumbList","@id":"https:\/\/30degreeshotels.com\/aviso-legal\/#breadcrumb","itemListElement":[{"@type":"ListItem","position":1,"name":"30\u00ba hotels &amp; apartments","item":"https:\/\/30degreeshotels.com\/"},{"@type":"ListItem","position":2,"name":"Aviso Legal"}]},{"@type":"WebSite","@id":"https:\/\/30degreeshotels.com\/#website","url":"https:\/\/30degreeshotels.com\/","name":"30\u00ba hotels","description":"Vakanties zijn niet optioneel","publisher":{"@id":"https:\/\/30degreeshotels.com\/#organization"},"potentialAction":[{"@type":"SearchAction","target":{"@type":"EntryPoint","urlTemplate":"https:\/\/30degreeshotels.com\/?s={search_term_string}"},"query-input":{"@type":"PropertyValueSpecification","valueRequired":true,"valueName":"search_term_string"}}],"inLanguage":"nl-NL"},{"@type":"Organization","@id":"https:\/\/30degreeshotels.com\/#organization","name":"30\u00ba hotels","url":"https:\/\/30degreeshotels.com\/","logo":{"@type":"ImageObject","inLanguage":"nl-NL","@id":"https:\/\/30degreeshotels.com\/#\/schema\/logo\/image\/","url":"https:\/\/30degreeshotels.com\/wp-content\/uploads\/2023\/01\/30o-LOGO.webp","contentUrl":"https:\/\/30degreeshotels.com\/wp-content\/uploads\/2023\/01\/30o-LOGO.webp","width":800,"height":800,"caption":"30\u00ba hotels"},"image":{"@id":"https:\/\/30degreeshotels.com\/#\/schema\/logo\/image\/"},"sameAs":["https:\/\/www.facebook.com\/30degreeshotels","https:\/\/www.instagram.com\/30degreeshotels\/"]}]}},"_links":{"self":[{"href":"https:\/\/30degreeshotels.com\/nl\/wp-json\/wp\/v2\/pages\/200","targetHints":{"allow":["GET"]}}],"collection":[{"href":"https:\/\/30degreeshotels.com\/nl\/wp-json\/wp\/v2\/pages"}],"about":[{"href":"https:\/\/30degreeshotels.com\/nl\/wp-json\/wp\/v2\/types\/page"}],"author":[{"embeddable":true,"href":"https:\/\/30degreeshotels.com\/nl\/wp-json\/wp\/v2\/users\/2"}],"replies":[{"embeddable":true,"href":"https:\/\/30degreeshotels.com\/nl\/wp-json\/wp\/v2\/comments?post=200"}],"version-history":[{"count":13,"href":"https:\/\/30degreeshotels.com\/nl\/wp-json\/wp\/v2\/pages\/200\/revisions"}],"predecessor-version":[{"id":12302,"href":"https:\/\/30degreeshotels.com\/nl\/wp-json\/wp\/v2\/pages\/200\/revisions\/12302"}],"wp:attachment":[{"href":"https:\/\/30degreeshotels.com\/nl\/wp-json\/wp\/v2\/media?parent=200"}],"curies":[{"name":"wp","href":"https:\/\/api.w.org\/{rel}","templated":true}]}}