{"id":207,"date":"2023-01-18T14:39:33","date_gmt":"2023-01-18T13:39:33","guid":{"rendered":"https:\/\/30degreeshotels.com\/?page_id=207"},"modified":"2023-03-09T16:20:11","modified_gmt":"2023-03-09T15:20:11","slug":"politica-de-cookies","status":"publish","type":"page","link":"https:\/\/30degreeshotels.com\/nl\/politica-de-cookies\/","title":{"rendered":"Cookiebeleid"},"content":{"rendered":"<div data-elementor-type=\"wp-page\" data-elementor-id=\"207\" class=\"elementor elementor-207\" data-elementor-post-type=\"page\">\n\t\t\t\t\t\t<section class=\"elementor-section elementor-top-section elementor-element elementor-element-b2eae7d elementor-section-boxed elementor-section-height-default elementor-section-height-default\" data-id=\"b2eae7d\" data-element_type=\"section\" data-e-type=\"section\">\n\t\t\t\t\t\t\t<div class=\"elementor-background-overlay\"><\/div>\n\t\t\t\t\t\t\t<div class=\"elementor-container elementor-column-gap-default\">\n\t\t\t\t\t<div class=\"elementor-column elementor-col-100 elementor-top-column elementor-element elementor-element-98b81ee\" data-id=\"98b81ee\" data-element_type=\"column\" data-e-type=\"column\">\n\t\t\t<div class=\"elementor-widget-wrap elementor-element-populated\">\n\t\t\t\t\t\t<div class=\"elementor-element elementor-element-626b8f2 elementor-widget elementor-widget-heading\" data-id=\"626b8f2\" data-element_type=\"widget\" data-e-type=\"widget\" data-widget_type=\"heading.default\">\n\t\t\t\t<div class=\"elementor-widget-container\">\n\t\t\t\t\t<h2 class=\"elementor-heading-title elementor-size-default\">COOKIESBELEID<\/h2>\t\t\t\t<\/div>\n\t\t\t\t<\/div>\n\t\t\t\t\t<\/div>\n\t\t<\/div>\n\t\t\t\t\t<\/div>\n\t\t<\/section>\n\t\t\t\t<section class=\"elementor-section elementor-top-section elementor-element elementor-element-499b1db elementor-section-boxed elementor-section-height-default elementor-section-height-default\" data-id=\"499b1db\" data-element_type=\"section\" data-e-type=\"section\">\n\t\t\t\t\t\t<div class=\"elementor-container elementor-column-gap-default\">\n\t\t\t\t\t<div class=\"elementor-column elementor-col-100 elementor-top-column elementor-element elementor-element-8af4ab9\" data-id=\"8af4ab9\" data-element_type=\"column\" data-e-type=\"column\">\n\t\t\t<div class=\"elementor-widget-wrap elementor-element-populated\">\n\t\t\t\t\t\t<div class=\"elementor-element elementor-element-de27102 elementor-widget elementor-widget-text-editor\" data-id=\"de27102\" data-element_type=\"widget\" data-e-type=\"widget\" data-widget_type=\"text-editor.default\">\n\t\t\t\t<div class=\"elementor-widget-container\">\n\t\t\t\t\t\t\t\t\t<p><strong>Cookiebeleid<\/strong><\/p><p>Toegang tot de website kan het gebruik van cookies met zich meebrengen, hoewel de pagina ook zonder het gebruik ervan kan functioneren. Cookies zijn kleine bestanden die informatie opslaan in de browser van elke gebruiker, zodat de server bepaalde informatie kan herkennen die alleen de server kan lezen. Cookies zijn slechts een beperkte tijd geldig. Met geen enkele cookie kunt u telefoon-, e-mail- of andere identificerende gegevens prijsgeven. Cookies kunnen geen informatie van de harde schijf van de gebruiker halen of er persoonlijke informatie over verkrijgen. De enige manier waarop de persoonlijke informatie van een gebruiker onderdeel kan worden van een cookiebestand is als de gebruiker deze informatie persoonlijk aan de server doorgeeft. Hoewel cookies ons helpen uw reserveringsproces te optimaliseren, kunnen gebruikers die geen cookies willen ontvangen of niet op de hoogte willen worden gesteld van hun bezoek, hun browser hiervoor configureren. Alle internetbrowsers hebben opties beschikbaar in hun instellingen waarmee u cookies van specifieke websites kunt blokkeren of toestaan.<\/p><table><tbody><tr><td colspan=\"3\"><p><strong>Onze koekjes<\/strong><\/p><\/td><\/tr><tr><td><p><strong>Categorie\/Type<\/strong><\/p><\/td><td><p><strong>Cookie-naam<\/strong><\/p><\/td><td><p><strong>Doel<\/strong><\/p><\/td><\/tr><tr><td><p>Website-werking<\/p><\/td><td><p>DispoParams<\/p><\/td><td><p>Slaat informatie op die nodig is voor het zoeken naar beschikbaarheid.<\/p><\/td><\/tr><tr><td><p>Website-werking<\/p><\/td><td><p>no_show_banernew<\/p><\/td><td><p>Voorkomt dat de informatiebanner opnieuw verschijnt.<\/p><\/td><\/tr><tr><td><p>Beveiliging<\/p><\/td><td><p>crsftoken<\/p><\/td><td><p>Voorkomt dat derden zonder ons medeweten acties uitvoeren op de sites waarop wij hebben ingelogd.<\/p><\/td><\/tr><tr><td colspan=\"3\"><p><strong>Cookies van derden<\/strong><\/p><\/td><\/tr><tr><td><p><strong>Categorie\/Type<\/strong><\/p><\/td><td><p><strong>Derde<\/strong><\/p><\/td><td><p><strong>Doel\/aanvullende informatie<\/strong><\/p><\/td><\/tr><tr><td><p>Site analyse<\/p><\/td><td><p>Googlen<\/p><\/td><td><p>Monitor de gebruikersnavigatie op de website om het gebruik ervan te analyseren, incidenten op te sporen en de bruikbaarheid te verbeteren.<\/p><\/td><\/tr><tr><td><p>Beheer van favorieten en links<\/p><\/td><td><p>AddThis, Facebook, Google+, Twitter<\/p><\/td><td><p>Hiermee kunt u links delen op de populairste sociale netwerken en websites.<\/p><\/td><\/tr><tr><td colspan=\"3\"><p><strong>Cookies van derden voor marketing<\/strong><\/p><\/td><\/tr><tr><td><p><strong>Categorie\/Type<\/strong><\/p><\/td><td><p><strong>Derde<\/strong><\/p><\/td><td><p><strong>Doel\/aanvullende informatie<\/strong><\/p><\/td><\/tr><tr><td><p>Marketing \u2013 Retargeting.<\/p><\/td><td><p>Zanox, Ve Interactive, TripAdvisor<\/p><\/td><td><p>Beheer van advertenties met de beste aanbiedingen op basis van de locaties waar u eerder heeft gezocht.<\/p><\/td><\/tr><tr><td><p>Marketing \u2013 Retargeting.<\/p><\/td><td><p>Affilinet, Google Adwords. Sociomantisch, TripAdvisor<\/p><\/td><td><p>Monitor de effectiviteit van reclamecampagnes, om boodschappen te tonen die relevant zijn.<\/p><\/td><\/tr><\/tbody><\/table><p class=\"translation-block\"><br>Onze pagina en e-mails in HTML-formaat kunnen gebruik maken van bakens en\/of cookies om statistieken op te stellen over het gebruik van onze website. Een webbaken is een afbeelding die in het bericht wordt geplaatst om ons te informeren over de weergave van het bericht, met als enig doel het verzamelen van gebruiksstatistieken. Voor meer informatie over hoe u het gebruik van cookies via de Chrome-browser kunt blokkeren, klik <a href=\"https:\/\/support.google.com\/chrome\/answer\/95647?hl=es&amp;co=GENIE.Platform=Desktop\" target=\"_self\">hier<\/a> Voor meer informatie over hoe u het gebruik van cookies via de Explorer-browser kunt blokkeren, klik <a href=\"https:\/\/support.microsoft.com\/es-es\/help\/17442\/windows-internet-explorer-delete-manage-cookies\" target=\"_self\">hier<\/a> Voor meer informatie over hoe u het gebruik van cookies via de Firefox-browser kunt blokkeren, klik hier <a href=\"https:\/\/support.mozilla.org\/es\/kb\/habilitar-y-deshabilitar-cookies-sitios-web-rastrear-preferencias?redirectlocale=es&amp;redirectslug=habilitar-y-deshabilitar-cookies-que-los-sitios-we\" target=\"_self\">hier<\/a> Voor meer informatie over hoe u het gebruik van cookies via de Safari-browser kunt blokkeren, klik <a href=\"https:\/\/support.apple.com\/kb\/ph5042?locale=es_LA\" target=\"_self\">hier<\/a><\/p><p>\u00a0<\/p><p>\u00a0<\/p>\t\t\t\t\t\t\t\t<\/div>\n\t\t\t\t<\/div>\n\t\t\t\t\t<\/div>\n\t\t<\/div>\n\t\t\t\t\t<\/div>\n\t\t<\/section>\n\t\t\t\t<\/div>","protected":false},"excerpt":{"rendered":"<p>POL\u00cdTICA DE COOKIES Pol\u00edtica de Cookies El acceso a la Web puede implicar el uso de cookies, aunque la p\u00e1gina puede funcionar sin su uso. Las cookies son archivos peque\u00f1os que almacenan informaci\u00f3n en el navegador de cada usuario de modo que el servidor pueda reconocer cierta informaci\u00f3n que solamente el servidor pueda leer. Las [&hellip;]<\/p>\n","protected":false},"author":2,"featured_media":0,"parent":0,"menu_order":0,"comment_status":"closed","ping_status":"closed","template":"","meta":{"footnotes":""},"class_list":["post-207","page","type-page","status-publish","hentry"],"yoast_head":"<!-- This site is optimized with the Yoast SEO plugin v27.3 - https:\/\/yoast.com\/product\/yoast-seo-wordpress\/ -->\n<title>Pol\u00edtica de Cookies - 30\u00ba hotels<\/title>\n<meta name=\"robots\" content=\"index, follow, max-snippet:-1, max-image-preview:large, max-video-preview:-1\" \/>\n<link rel=\"canonical\" href=\"https:\/\/30degreeshotels.com\/nl\/politica-de-cookies\/\" \/>\n<meta property=\"og:locale\" content=\"nl_NL\" \/>\n<meta property=\"og:type\" content=\"article\" \/>\n<meta property=\"og:title\" content=\"Pol\u00edtica de Cookies - 30\u00ba hotels\" \/>\n<meta property=\"og:description\" content=\"POL\u00cdTICA DE COOKIES Pol\u00edtica de Cookies El acceso a la Web puede implicar el uso de cookies, aunque la p\u00e1gina puede funcionar sin su uso. Las cookies son archivos peque\u00f1os que almacenan informaci\u00f3n en el navegador de cada usuario de modo que el servidor pueda reconocer cierta informaci\u00f3n que solamente el servidor pueda leer. Las [&hellip;]\" \/>\n<meta property=\"og:url\" content=\"https:\/\/30degreeshotels.com\/nl\/politica-de-cookies\/\" \/>\n<meta property=\"og:site_name\" content=\"30\u00ba hotels\" \/>\n<meta property=\"article:publisher\" content=\"https:\/\/www.facebook.com\/30degreeshotels\" \/>\n<meta property=\"article:modified_time\" content=\"2023-03-09T15:20:11+00:00\" \/>\n<meta name=\"twitter:card\" content=\"summary_large_image\" \/>\n<meta name=\"twitter:label1\" content=\"Geschatte leestijd\" \/>\n\t<meta name=\"twitter:data1\" content=\"3 minuten\" \/>\n<script type=\"application\/ld+json\" class=\"yoast-schema-graph\">{\"@context\":\"https:\\\/\\\/schema.org\",\"@graph\":[{\"@type\":\"WebPage\",\"@id\":\"https:\\\/\\\/30degreeshotels.com\\\/politica-de-cookies\\\/\",\"url\":\"https:\\\/\\\/30degreeshotels.com\\\/politica-de-cookies\\\/\",\"name\":\"Pol\u00edtica de Cookies - 30\u00ba hotels\",\"isPartOf\":{\"@id\":\"https:\\\/\\\/30degreeshotels.com\\\/#website\"},\"datePublished\":\"2023-01-18T13:39:33+00:00\",\"dateModified\":\"2023-03-09T15:20:11+00:00\",\"breadcrumb\":{\"@id\":\"https:\\\/\\\/30degreeshotels.com\\\/politica-de-cookies\\\/#breadcrumb\"},\"inLanguage\":\"nl-NL\",\"potentialAction\":[{\"@type\":\"ReadAction\",\"target\":[\"https:\\\/\\\/30degreeshotels.com\\\/politica-de-cookies\\\/\"]}]},{\"@type\":\"BreadcrumbList\",\"@id\":\"https:\\\/\\\/30degreeshotels.com\\\/politica-de-cookies\\\/#breadcrumb\",\"itemListElement\":[{\"@type\":\"ListItem\",\"position\":1,\"name\":\"30\u00ba hotels &amp; apartments\",\"item\":\"https:\\\/\\\/30degreeshotels.com\\\/\"},{\"@type\":\"ListItem\",\"position\":2,\"name\":\"Pol\u00edtica de Cookies\"}]},{\"@type\":\"WebSite\",\"@id\":\"https:\\\/\\\/30degreeshotels.com\\\/#website\",\"url\":\"https:\\\/\\\/30degreeshotels.com\\\/\",\"name\":\"30\u00ba hotels\",\"description\":\"Holidays are not optional\",\"publisher\":{\"@id\":\"https:\\\/\\\/30degreeshotels.com\\\/#organization\"},\"potentialAction\":[{\"@type\":\"SearchAction\",\"target\":{\"@type\":\"EntryPoint\",\"urlTemplate\":\"https:\\\/\\\/30degreeshotels.com\\\/?s={search_term_string}\"},\"query-input\":{\"@type\":\"PropertyValueSpecification\",\"valueRequired\":true,\"valueName\":\"search_term_string\"}}],\"inLanguage\":\"nl-NL\"},{\"@type\":\"Organization\",\"@id\":\"https:\\\/\\\/30degreeshotels.com\\\/#organization\",\"name\":\"30\u00ba hotels\",\"url\":\"https:\\\/\\\/30degreeshotels.com\\\/\",\"logo\":{\"@type\":\"ImageObject\",\"inLanguage\":\"nl-NL\",\"@id\":\"https:\\\/\\\/30degreeshotels.com\\\/#\\\/schema\\\/logo\\\/image\\\/\",\"url\":\"https:\\\/\\\/30degreeshotels.com\\\/wp-content\\\/uploads\\\/2023\\\/01\\\/30o-LOGO.webp\",\"contentUrl\":\"https:\\\/\\\/30degreeshotels.com\\\/wp-content\\\/uploads\\\/2023\\\/01\\\/30o-LOGO.webp\",\"width\":800,\"height\":800,\"caption\":\"30\u00ba hotels\"},\"image\":{\"@id\":\"https:\\\/\\\/30degreeshotels.com\\\/#\\\/schema\\\/logo\\\/image\\\/\"},\"sameAs\":[\"https:\\\/\\\/www.facebook.com\\\/30degreeshotels\",\"https:\\\/\\\/www.instagram.com\\\/30degreeshotels\\\/\"]}]}<\/script>\n<!-- \/ Yoast SEO plugin. -->","yoast_head_json":{"title":"Cookiebeleid - 30\u00ba hotels","robots":{"index":"index","follow":"follow","max-snippet":"max-snippet:-1","max-image-preview":"max-image-preview:large","max-video-preview":"max-video-preview:-1"},"canonical":"https:\/\/30degreeshotels.com\/nl\/politica-de-cookies\/","og_locale":"nl_NL","og_type":"article","og_title":"Pol\u00edtica de Cookies - 30\u00ba hotels","og_description":"POL\u00cdTICA DE COOKIES Pol\u00edtica de Cookies El acceso a la Web puede implicar el uso de cookies, aunque la p\u00e1gina puede funcionar sin su uso. Las cookies son archivos peque\u00f1os que almacenan informaci\u00f3n en el navegador de cada usuario de modo que el servidor pueda reconocer cierta informaci\u00f3n que solamente el servidor pueda leer. Las [&hellip;]","og_url":"https:\/\/30degreeshotels.com\/nl\/politica-de-cookies\/","og_site_name":"30\u00ba hotels","article_publisher":"https:\/\/www.facebook.com\/30degreeshotels","article_modified_time":"2023-03-09T15:20:11+00:00","twitter_card":"summary_large_image","twitter_misc":{"Geschatte leestijd":"3 minuten"},"schema":{"@context":"https:\/\/schema.org","@graph":[{"@type":"WebPage","@id":"https:\/\/30degreeshotels.com\/politica-de-cookies\/","url":"https:\/\/30degreeshotels.com\/politica-de-cookies\/","name":"Cookiebeleid - 30\u00ba hotels","isPartOf":{"@id":"https:\/\/30degreeshotels.com\/#website"},"datePublished":"2023-01-18T13:39:33+00:00","dateModified":"2023-03-09T15:20:11+00:00","breadcrumb":{"@id":"https:\/\/30degreeshotels.com\/politica-de-cookies\/#breadcrumb"},"inLanguage":"nl-NL","potentialAction":[{"@type":"ReadAction","target":["https:\/\/30degreeshotels.com\/politica-de-cookies\/"]}]},{"@type":"BreadcrumbList","@id":"https:\/\/30degreeshotels.com\/politica-de-cookies\/#breadcrumb","itemListElement":[{"@type":"ListItem","position":1,"name":"30\u00ba hotels &amp; apartments","item":"https:\/\/30degreeshotels.com\/"},{"@type":"ListItem","position":2,"name":"Pol\u00edtica de Cookies"}]},{"@type":"WebSite","@id":"https:\/\/30degreeshotels.com\/#website","url":"https:\/\/30degreeshotels.com\/","name":"30\u00ba hotels","description":"Vakanties zijn niet optioneel","publisher":{"@id":"https:\/\/30degreeshotels.com\/#organization"},"potentialAction":[{"@type":"SearchAction","target":{"@type":"EntryPoint","urlTemplate":"https:\/\/30degreeshotels.com\/?s={search_term_string}"},"query-input":{"@type":"PropertyValueSpecification","valueRequired":true,"valueName":"search_term_string"}}],"inLanguage":"nl-NL"},{"@type":"Organization","@id":"https:\/\/30degreeshotels.com\/#organization","name":"30\u00ba hotels","url":"https:\/\/30degreeshotels.com\/","logo":{"@type":"ImageObject","inLanguage":"nl-NL","@id":"https:\/\/30degreeshotels.com\/#\/schema\/logo\/image\/","url":"https:\/\/30degreeshotels.com\/wp-content\/uploads\/2023\/01\/30o-LOGO.webp","contentUrl":"https:\/\/30degreeshotels.com\/wp-content\/uploads\/2023\/01\/30o-LOGO.webp","width":800,"height":800,"caption":"30\u00ba hotels"},"image":{"@id":"https:\/\/30degreeshotels.com\/#\/schema\/logo\/image\/"},"sameAs":["https:\/\/www.facebook.com\/30degreeshotels","https:\/\/www.instagram.com\/30degreeshotels\/"]}]}},"_links":{"self":[{"href":"https:\/\/30degreeshotels.com\/nl\/wp-json\/wp\/v2\/pages\/207","targetHints":{"allow":["GET"]}}],"collection":[{"href":"https:\/\/30degreeshotels.com\/nl\/wp-json\/wp\/v2\/pages"}],"about":[{"href":"https:\/\/30degreeshotels.com\/nl\/wp-json\/wp\/v2\/types\/page"}],"author":[{"embeddable":true,"href":"https:\/\/30degreeshotels.com\/nl\/wp-json\/wp\/v2\/users\/2"}],"replies":[{"embeddable":true,"href":"https:\/\/30degreeshotels.com\/nl\/wp-json\/wp\/v2\/comments?post=207"}],"version-history":[{"count":4,"href":"https:\/\/30degreeshotels.com\/nl\/wp-json\/wp\/v2\/pages\/207\/revisions"}],"predecessor-version":[{"id":3178,"href":"https:\/\/30degreeshotels.com\/nl\/wp-json\/wp\/v2\/pages\/207\/revisions\/3178"}],"wp:attachment":[{"href":"https:\/\/30degreeshotels.com\/nl\/wp-json\/wp\/v2\/media?parent=207"}],"curies":[{"name":"wp","href":"https:\/\/api.w.org\/{rel}","templated":true}]}}